{"id":74081,"date":"2025-07-29T09:08:20","date_gmt":"2025-07-29T09:08:20","guid":{"rendered":"https:\/\/fv6qoy3ls0.wpdns.site\/product\/starblitz-filtro-cpl-polarizador-39mm\/"},"modified":"2026-02-12T11:14:43","modified_gmt":"2026-02-12T11:14:43","slug":"starblitz-filtro-cpl-polarizador-39mm","status":"publish","type":"product","link":"https:\/\/hi-techwonder.com\/es\/producto\/starblitz-filtro-cpl-polarizador-39mm\/","title":{"rendered":"STARBLITZ Filtro CPL (Polarizador) 39mm"},"content":{"rendered":"<p style=\"box-sizing: inherit; margin-top: 0px; margin-bottom: 1rem; font-size: 15px; color: #7a7a7a; font-family: 'Noto Sans', sans-serif; background-color: #ffffff;\">Este filtro polarizador circular Starblitz se atornilla en la lente frontal de la lente. Este filtro tiene dos funciones principales: la primera es proteger la lente, la segunda es hacer el efecto polarizador. <\/p>\n<p style=\"box-sizing: inherit; margin-top: 0px; margin-bottom: 1rem; font-size: 15px; color: #7a7a7a; font-family: 'Noto Sans', sans-serif; background-color: #ffffff;\">El filtro polarizador circular es m\u00e1s \u00fatil durante todo el d\u00eda, cuando la intensidad de la luz natural es m\u00e1s importante. Tambi\u00e9n se puede utilizar por la noche, siempre que ajuste correctamente las variables (velocidad \/ apertura). <\/p>\n<p style=\"box-sizing: inherit; margin-top: 0px; margin-bottom: 1rem; font-size: 15px; color: #7a7a7a; font-family: 'Noto Sans', sans-serif; background-color: #ffffff;\">Para comprobar el di\u00e1metro correcto del filtro, basta con mirar el manual del objetivo, o ver el di\u00e1metro marcado en el propio objetivo.&nbsp;<\/p>\n<p style=\"box-sizing: inherit; margin-top: 0px; margin-bottom: 1rem; font-size: 15px; color: #7a7a7a; font-family: 'Noto Sans', sans-serif; background-color: #ffffff;\">El filtro polarizador Starblitz se utiliza para eliminar los reflejos de superficies no met\u00e1licas como vidrio, m\u00e1rmol y toboganes de agua. Tambi\u00e9n se utilizan para producir un oscurecimiento significativo del cielo azul y para acentuar los contrastes entre colores, especialmente en fotograf\u00edas bajo la luz solar directa. Los efectos de un filtro polarizador no se pueden reproducir con la edici\u00f3n de software como Phostoshop.  <\/p>\n","protected":false},"excerpt":{"rendered":"<p>Este filtro polarizador circular Starblitz se atornilla en la lente frontal de la lente. Este filtro tiene dos funciones principales:<\/p>\n","protected":false},"featured_media":45294,"comment_status":"closed","ping_status":"closed","template":"","meta":{"_acf_changed":false},"product_brand":[2583],"product_cat":[1051],"product_tag":[],"class_list":{"0":"post-74081","1":"product","2":"type-product","3":"status-publish","4":"has-post-thumbnail","6":"product_brand-starblitz-es","7":"product_cat-polarizadores-es","8":"pa_diametro-39mm-es","10":"first","11":"instock","12":"taxable","13":"shipping-taxable","14":"purchasable","15":"product-type-simple"},"bundled_by":[],"bundle_stock_status":"instock","bundle_stock_quantity":2,"bundle_virtual":false,"bundle_layout":"","bundle_add_to_cart_form_location":"","bundle_editable_in_cart":false,"bundle_sold_individually_context":"","bundle_item_grouping":"","bundle_min_size":"","bundle_max_size":"","bundle_price":[],"bundled_items":[],"bundle_sell_ids":[],"acf":[],"_links":{"self":[{"href":"https:\/\/hi-techwonder.com\/es\/wp-json\/wp\/v2\/product\/74081","targetHints":{"allow":["GET"]}}],"collection":[{"href":"https:\/\/hi-techwonder.com\/es\/wp-json\/wp\/v2\/product"}],"about":[{"href":"https:\/\/hi-techwonder.com\/es\/wp-json\/wp\/v2\/types\/product"}],"replies":[{"embeddable":true,"href":"https:\/\/hi-techwonder.com\/es\/wp-json\/wp\/v2\/comments?post=74081"}],"wp:featuredmedia":[{"embeddable":true,"href":"https:\/\/hi-techwonder.com\/es\/wp-json\/wp\/v2\/media\/45294"}],"wp:attachment":[{"href":"https:\/\/hi-techwonder.com\/es\/wp-json\/wp\/v2\/media?parent=74081"}],"wp:term":[{"taxonomy":"product_brand","embeddable":true,"href":"https:\/\/hi-techwonder.com\/es\/wp-json\/wp\/v2\/product_brand?post=74081"},{"taxonomy":"product_cat","embeddable":true,"href":"https:\/\/hi-techwonder.com\/es\/wp-json\/wp\/v2\/product_cat?post=74081"},{"taxonomy":"product_tag","embeddable":true,"href":"https:\/\/hi-techwonder.com\/es\/wp-json\/wp\/v2\/product_tag?post=74081"}],"curies":[{"name":"wp","href":"https:\/\/api.w.org\/{rel}","templated":true}]}}