{"id":74088,"date":"2025-07-29T09:47:21","date_gmt":"2025-07-29T09:47:21","guid":{"rendered":"https:\/\/fv6qoy3ls0.wpdns.site\/product\/sony-vario-tessar-t-sel-fe-24-70mm-f4-za-oss\/"},"modified":"2026-01-30T09:13:06","modified_gmt":"2026-01-30T09:13:06","slug":"sony-vario-tessar-t-sel-fe-24-70mm-f4-za-oss","status":"publish","type":"product","link":"https:\/\/hi-techwonder.com\/es\/producto\/sony-vario-tessar-t-sel-fe-24-70mm-f4-za-oss\/","title":{"rendered":"SONY Vario-Tessar T SEL FE 24-70mm f4 ZA OSS"},"content":{"rendered":"<p><span style=\"font-size: small;\"><strong>SONY Vario-Tessar T SEL FE 24-70mm f4 ZA OSS<\/strong><\/span><\/p>\n<p><strong>SEL2470Z<\/strong><\/p>\n<p><strong>Un zoom vers\u00e1til para disparar todos los d\u00edas<\/strong><\/p>\n<p>El rendimiento \u00f3ptico y el rango de 24 a 70 mm de este objetivo ZEISS con dise\u00f1o Vario-Tessar\u00ae crean la combinaci\u00f3n perfecta para cuerpos compactos\u00ae con montura E de fotograma completo. No solo ofrece una calidad de imagen superior constante en todas las distancias focales, sino que tambi\u00e9n ofrece un rango de zoom vers\u00e1til en un objetivo compacto que puede sacar lo mejor de los cuerpos de la Serie 7 para una amplia gama de sujetos. <\/p>\n<p><strong>Un objetivo refinado que ofrece im\u00e1genes impresionantes<\/strong><\/p>\n<p>Cinco elementos asf\u00e9ricos y un elemento de vidrio ED en una trayectoria \u00f3ptica de \u00faltima generaci\u00f3n eliminan los errores para una claridad asombrosa y una representaci\u00f3n asombrosa en toda la gama. El aclamado revestimiento ZEISS\u00ae T* controla los reflejos para un contraste superior, y la apertura circular contribuye a un bokeh de fondo suave con reflejos naturales. <\/p>\n<p><strong>Exposici\u00f3n constante con cualquier ajuste de zoom<\/strong><\/p>\n<p>Una apertura F4 constante en todas las distancias focales significa que puede hacer zoom y disparar en cualquier apertura sin tener que preocuparse por los cambios en la configuraci\u00f3n de exposici\u00f3n o la profundidad de campo, centr\u00e1ndose en la imagen en lugar de en los detalles t\u00e9cnicos.<\/p>\n<p><strong>Elemento de vidrio de dispersi\u00f3n ultrabaja (ED)<\/strong><\/p>\n<p>Las lentes compuestas de vidrio \u00f3ptico convencional tienen que lidiar con la aberraci\u00f3n crom\u00e1tica a medida que aumenta la distancia focal. El cristal de dispersi\u00f3n ultrabaja (ED) combate estos problemas, ofreciendo un contraste y una calidad de color superiores en toda la distancia focal, incluso con ajustes de gran apertura. <\/p>\n<p><strong>Color y contraste extraordinarios<\/strong><\/p>\n<p>El recubrimiento ZEISS T* es un factor importante, ya que elimina eficazmente los falsos reflejos que pueden degradar la calidad general de la imagen. Los destellos y las im\u00e1genes fantasma se reducen para mejorar el color y el contraste que le dan a la imagen un toque de profundidad tridimensional. <\/p>\n<p><strong>Im\u00e1genes siempre n\u00edtidas y claras<\/strong><\/p>\n<p>La estabilizaci\u00f3n de imagen SteadyShot \u00f3ptico incorporado compensa las sacudidas de la c\u00e1mara que pueden desenfocar las im\u00e1genes al disparar sin tr\u00edpode. Capture escenas nocturnas o interiores n\u00edtidos y claros en condiciones de poca luz sin la necesidad de aumentar la sensibilidad ISO y arriesgarse a un aumento del ruido. <\/p>\n<p><strong>Fiable y f\u00e1cil en cualquier condici\u00f3n<\/strong><\/p>\n<p>El funcionamiento fiable en una amplia variedad de condiciones est\u00e1 garantizado por un dise\u00f1o que evita que el polvo y la humedad entren en el objetivo.<\/p>\n<p><strong>Apertura circular de 7 hojas<\/strong><\/p>\n<p>La apertura circular de 7 hojas permite un desenfoque m\u00e1s suave y natural en sus im\u00e1genes. Sea creativo con el desenfoque art\u00edstico o el bokeh y un mayor control sobre la profundidad de campo. <\/p>\n<p><strong>Caracter\u00edsticas t\u00e9cnicas:<\/strong><\/p>\n<table style=\"box-sizing: border-box; font-size: 12px; border: 0px none; vertical-align: baseline; margin: 0px 0px 35px; padding: 0px; border-collapse: collapse; border-spacing: 0px; font-style: normal; font-variant: normal; font-weight: normal; font-stretch: inherit; line-height: 20px; clear: both; width: 866.667px; color: #595959; letter-spacing: normal; text-align: left; text-indent: 0px; text-transform: none; white-space: normal; widows: 1; word-spacing: 0px; background: transparent none repeat scroll 0% 0%;\" border=\"1\">\n<tbody style=\"box-sizing: border-box; font-size: inherit; border: 0px none; vertical-align: baseline; margin: 0px; padding: 0px; font-style: inherit; font-variant: inherit; font-weight: inherit; font-stretch: inherit; line-height: inherit; background: transparent none repeat scroll 0% 0%;\">\n<tr style=\"box-sizing: border-box; font-size: inherit; border-width: 0px 0px 1px; border-bottom: 1px solid #e4e5e4; vertical-align: baseline; margin: 0px; padding: 0px; font-style: inherit; font-variant: inherit; font-weight: inherit; font-stretch: inherit; line-height: inherit; background: transparent none repeat scroll 0% 0%;\">\n<th style=\"box-sizing: border-box; border: 0px none; vertical-align: baseline; margin: 0px; padding: 0px 0px 5px; text-align: left; font-style: inherit; font-variant: inherit; font-weight: inherit; font-stretch: inherit; line-height: inherit; text-indent: 0px; background: transparent none repeat scroll 0% 0%;\" colspan=\"2\"><a name=\"11011\"><\/a><\/th>\n<\/tr>\n<tr style=\"box-sizing: border-box; font-size: inherit; border-width: 0px 0px 1px; border-bottom: 1px solid #e4e5e4; vertical-align: baseline; margin: 0px; padding: 0px; font-style: inherit; font-variant: inherit; font-weight: inherit; font-stretch: inherit; line-height: inherit; background: transparent none repeat scroll 0% 0%;\">\n<td style=\"box-sizing: border-box; border: 0px none; vertical-align: baseline; margin: 0px; padding: 10px 0px 10px 10px; font-style: inherit; font-variant: inherit; font-weight: bold; font-stretch: inherit; line-height: 21px; color: #464646; text-align: left; width: 175px; background: transparent none repeat scroll 0% 0%;\">Distancia focal<\/td>\n<td style=\"box-sizing: border-box; border: 0px none; vertical-align: baseline; margin: 0px; padding: 10px 0px 10px 10px; font-style: inherit; font-variant: inherit; font-weight: inherit; font-stretch: inherit; line-height: 21px; color: #464646; text-align: left; background: transparent none repeat scroll 0% 0%;\">24 &#8211; 70 mm<br style=\"box-sizing: border-box;\">Distancia focal APS-C comparable: 36 &#8211; 105 mm<\/td>\n<\/tr>\n<tr style=\"box-sizing: border-box; font-size: inherit; border-width: 0px 0px 1px; border-bottom: 1px solid #e4e5e4; vertical-align: baseline; margin: 0px; padding: 0px; font-style: inherit; font-variant: inherit; font-weight: inherit; font-stretch: inherit; line-height: inherit; background: transparent none repeat scroll 0% 0%;\">\n<td style=\"box-sizing: border-box; border: 0px none; vertical-align: baseline; margin: 0px; padding: 10px 0px 10px 10px; font-style: inherit; font-variant: inherit; font-weight: bold; font-stretch: inherit; line-height: 21px; color: #464646; text-align: left; width: 175px; background: transparent none repeat scroll 0% 0%;\">Abertura<\/td>\n<td style=\"box-sizing: border-box; border: 0px none; vertical-align: baseline; margin: 0px; padding: 10px 0px 10px 10px; font-style: inherit; font-variant: inherit; font-weight: inherit; font-stretch: inherit; line-height: 21px; color: #464646; text-align: left; background: transparent none repeat scroll 0% 0%;\">M\u00e1ximo: f\/4<br style=\"box-sizing: border-box;\">M\u00ednimo: f\/22<\/td>\n<\/tr>\n<tr style=\"box-sizing: border-box; font-size: inherit; border-width: 0px 0px 1px; border-bottom: 1px solid #e4e5e4; vertical-align: baseline; margin: 0px; padding: 0px; font-style: inherit; font-variant: inherit; font-weight: inherit; font-stretch: inherit; line-height: inherit; background: transparent none repeat scroll 0% 0%;\">\nTipo <\/p>\n<td style=\"box-sizing: border-box; border: 0px none; vertical-align: baseline; margin: 0px; padding: 10px 0px 10px 10px; font-style: inherit; font-variant: inherit; font-weight: bold; font-stretch: inherit; line-height: 21px; color: #464646; text-align: left; width: 175px; background: transparent none repeat scroll 0% 0%;\">de montaje de c\u00e1mara<\/td>\n<td style=\"box-sizing: border-box; border: 0px none; vertical-align: baseline; margin: 0px; padding: 10px 0px 10px 10px; font-style: inherit; font-variant: inherit; font-weight: inherit; font-stretch: inherit; line-height: 21px; color: #464646; text-align: left; background: transparent none repeat scroll 0% 0%;\">Sony E (fotograma completo)<\/td>\n<\/tr>\n<tr style=\"box-sizing: border-box; font-size: inherit; border-width: 0px 0px 1px; border-bottom: 1px solid #e4e5e4; vertical-align: baseline; margin: 0px; padding: 0px; font-style: inherit; font-variant: inherit; font-weight: inherit; font-stretch: inherit; line-height: inherit; background: transparent none repeat scroll 0% 0%;\">\n<td style=\"box-sizing: border-box; border: 0px none; vertical-align: baseline; margin: 0px; padding: 10px 0px 10px 10px; font-style: inherit; font-variant: inherit; font-weight: bold; font-stretch: inherit; line-height: 21px; color: #464646; text-align: left; width: 175px; background: transparent none repeat scroll 0% 0%;\">Compatibilidad de<\/td>\n<p> formatos<\/p>\n<td style=\"box-sizing: border-box; border: 0px none; vertical-align: baseline; margin: 0px; padding: 10px 0px 10px 10px; font-style: inherit; font-variant: inherit; font-weight: inherit; font-stretch: inherit; line-height: 21px; color: #464646; text-align: left; background: transparent none repeat scroll 0% 0%;\">Pel\u00edcula de 35 mm \/ sensor digital de fotograma completo<\/td>\n<\/tr>\n<tr style=\"box-sizing: border-box; font-size: inherit; border-width: 0px 0px 1px; border-bottom: 1px solid #e4e5e4; vertical-align: baseline; margin: 0px; padding: 0px; font-style: inherit; font-variant: inherit; font-weight: inherit; font-stretch: inherit; line-height: inherit; background: transparent none repeat scroll 0% 0%;\">\n<td style=\"box-sizing: border-box; border: 0px none; vertical-align: baseline; margin: 0px; padding: 10px 0px 10px 10px; font-style: inherit; font-variant: inherit; font-weight: bold; font-stretch: inherit; line-height: 21px; color: #464646; text-align: left; width: 175px; background: transparent none repeat scroll 0% 0%;\">\u00c1ngulo de visi\u00f3n<\/td>\n<td style=\"box-sizing: border-box; border: 0px none; vertical-align: baseline; margin: 0px; padding: 10px 0px 10px 10px; font-style: inherit; font-variant: inherit; font-weight: inherit; font-stretch: inherit; line-height: 21px; color: #464646; text-align: left; background: transparent none repeat scroll 0% 0%;\">84,1\u00b0 &#8211; 34,3\u00b0<\/td>\n<\/tr>\n<tr style=\"box-sizing: border-box; font-size: inherit; border-width: 0px 0px 1px; border-bottom: 1px solid #e4e5e4; vertical-align: baseline; margin: 0px; padding: 0px; font-style: inherit; font-variant: inherit; font-weight: inherit; font-stretch: inherit; line-height: inherit; background: transparent none repeat scroll 0% 0%;\">\nDistancia <\/p>\n<td style=\"box-sizing: border-box; border: 0px none; vertical-align: baseline; margin: 0px; padding: 10px 0px 10px 10px; font-style: inherit; font-variant: inherit; font-weight: bold; font-stretch: inherit; line-height: 21px; color: #464646; text-align: left; width: 175px; background: transparent none repeat scroll 0% 0%;\">m\u00ednima de enfoque<\/td>\n<td style=\"box-sizing: border-box; border: 0px none; vertical-align: baseline; margin: 0px; padding: 10px 0px 10px 10px; font-style: inherit; font-variant: inherit; font-weight: inherit; font-stretch: inherit; line-height: 21px; color: #464646; text-align: left; background: transparent none repeat scroll 0% 0%;\">1,31&#8242; (40 cm)<\/td>\n<\/tr>\n<tr style=\"box-sizing: border-box; font-size: inherit; border-width: 0px 0px 1px; border-bottom: 1px solid #e4e5e4; vertical-align: baseline; margin: 0px; padding: 0px; font-style: inherit; font-variant: inherit; font-weight: inherit; font-stretch: inherit; line-height: inherit; background: transparent none repeat scroll 0% 0%;\">\n<td style=\"box-sizing: border-box; border: 0px none; vertical-align: baseline; margin: 0px; padding: 10px 0px 10px 10px; font-style: inherit; font-variant: inherit; font-weight: bold; font-stretch: inherit; line-height: 21px; color: #464646; text-align: left; width: 175px; background: transparent none repeat scroll 0% 0%;\">Magnificaci\u00f3n<\/td>\n<td style=\"box-sizing: border-box; border: 0px none; vertical-align: baseline; margin: 0px; padding: 10px 0px 10px 10px; font-style: inherit; font-variant: inherit; font-weight: inherit; font-stretch: inherit; line-height: 21px; color: #464646; text-align: left; background: transparent none repeat scroll 0% 0%;\">0,2 veces<\/td>\n<\/tr>\n<tr style=\"box-sizing: border-box; font-size: inherit; border-width: 0px 0px 1px; border-bottom: 1px solid #e4e5e4; vertical-align: baseline; margin: 0px; padding: 0px; font-style: inherit; font-variant: inherit; font-weight: inherit; font-stretch: inherit; line-height: inherit; background: transparent none repeat scroll 0% 0%;\">\n<td style=\"box-sizing: border-box; border: 0px none; vertical-align: baseline; margin: 0px; padding: 10px 0px 10px 10px; font-style: inherit; font-variant: inherit; font-weight: bold; font-stretch: inherit; line-height: 21px; color: #464646; text-align: left; width: 175px; background: transparent none repeat scroll 0% 0%;\">Elementos\/Grupos<\/td>\n<td style=\"box-sizing: border-box; border: 0px none; vertical-align: baseline; margin: 0px; padding: 10px 0px 10px 10px; font-style: inherit; font-variant: inherit; font-weight: inherit; font-stretch: inherit; line-height: 21px; color: #464646; text-align: left; background: transparent none repeat scroll 0% 0%;\">12\/10<\/td>\n<\/tr>\n<\/tbody>\n<\/table>\n<table style=\"box-sizing: border-box; font-size: 12px; border: 0px none; vertical-align: baseline; margin: 0px 0px 35px; padding: 0px; border-collapse: collapse; border-spacing: 0px; font-style: normal; font-variant: normal; font-weight: normal; font-stretch: inherit; line-height: 20px; clear: both; width: 866.667px; color: #595959; letter-spacing: normal; text-align: left; text-indent: 0px; text-transform: none; white-space: normal; widows: 1; word-spacing: 0px; background: transparent none repeat scroll 0% 0%;\" border=\"1\">\n<tbody style=\"box-sizing: border-box; font-size: inherit; border: 0px none; vertical-align: baseline; margin: 0px; padding: 0px; font-style: inherit; font-variant: inherit; font-weight: inherit; font-stretch: inherit; line-height: inherit; background: transparent none repeat scroll 0% 0%;\">\n<tr style=\"box-sizing: border-box; font-size: inherit; border-width: 0px 0px 1px; border-bottom: 1px solid #e4e5e4; vertical-align: baseline; margin: 0px; padding: 0px; font-style: inherit; font-variant: inherit; font-weight: inherit; font-stretch: inherit; line-height: inherit; background: transparent none repeat scroll 0% 0%;\">\n<th style=\"box-sizing: border-box; border: 0px none; vertical-align: baseline; margin: 0px; padding: 0px 0px 5px; text-align: left; font-style: inherit; font-variant: inherit; font-weight: inherit; font-stretch: inherit; line-height: inherit; text-indent: 0px; background: transparent none repeat scroll 0% 0%;\" colspan=\"2\"><a name=\"23001\"><\/a><\/th>\n<\/tr>\n<tr style=\"box-sizing: border-box; font-size: inherit; border-width: 0px 0px 1px; border-bottom: 1px solid #e4e5e4; vertical-align: baseline; margin: 0px; padding: 0px; font-style: inherit; font-variant: inherit; font-weight: inherit; font-stretch: inherit; line-height: inherit; background: transparent none repeat scroll 0% 0%;\">\n<td style=\"box-sizing: border-box; border: 0px none; vertical-align: baseline; margin: 0px; padding: 10px 0px 10px 10px; font-style: inherit; font-variant: inherit; font-weight: bold; font-stretch: inherit; line-height: 21px; color: #464646; text-align: left; width: 175px; background: transparent none repeat scroll 0% 0%;\">Estabilizaci\u00f3n de<\/td>\n<p> imagen<\/p>\n<td style=\"box-sizing: border-box; border: 0px none; vertical-align: baseline; margin: 0px; padding: 10px 0px 10px 10px; font-style: inherit; font-variant: inherit; font-weight: inherit; font-stretch: inherit; line-height: 21px; color: #464646; text-align: left; background: transparent none repeat scroll 0% 0%;\">S\u00ed<\/td>\n<\/tr>\n<tr style=\"box-sizing: border-box; font-size: inherit; border-width: 0px 0px 1px; border-bottom: 1px solid #e4e5e4; vertical-align: baseline; margin: 0px; padding: 0px; font-style: inherit; font-variant: inherit; font-weight: inherit; font-stretch: inherit; line-height: inherit; background: transparent none repeat scroll 0% 0%;\">\n<td style=\"box-sizing: border-box; border: 0px none; vertical-align: baseline; margin: 0px; padding: 10px 0px 10px 10px; font-style: inherit; font-variant: inherit; font-weight: bold; font-stretch: inherit; line-height: 21px; color: #464646; text-align: left; width: 175px; background: transparent none repeat scroll 0% 0%;\">Enfoque<\/td>\n<p> autom\u00e1tico<\/p>\n<td style=\"box-sizing: border-box; border: 0px none; vertical-align: baseline; margin: 0px; padding: 10px 0px 10px 10px; font-style: inherit; font-variant: inherit; font-weight: inherit; font-stretch: inherit; line-height: 21px; color: #464646; text-align: left; background: transparent none repeat scroll 0% 0%;\">S\u00ed<\/td>\n<\/tr>\n<\/tbody>\n<\/table>\n<table style=\"box-sizing: border-box; font-size: 12px; border: 0px none; vertical-align: baseline; margin: 0px 0px 35px; padding: 0px; border-collapse: collapse; border-spacing: 0px; font-style: normal; font-variant: normal; font-weight: normal; font-stretch: inherit; line-height: 20px; clear: both; width: 866.667px; color: #595959; letter-spacing: normal; text-align: left; text-indent: 0px; text-transform: none; white-space: normal; widows: 1; word-spacing: 0px; background: transparent none repeat scroll 0% 0%;\" border=\"1\">\n<tbody style=\"box-sizing: border-box; font-size: inherit; border: 0px none; vertical-align: baseline; margin: 0px; padding: 0px; font-style: inherit; font-variant: inherit; font-weight: inherit; font-stretch: inherit; line-height: inherit; background: transparent none repeat scroll 0% 0%;\">\n<tr style=\"box-sizing: border-box; font-size: inherit; border-width: 0px 0px 1px; border-bottom: 1px solid #e4e5e4; vertical-align: baseline; margin: 0px; padding: 0px; font-style: inherit; font-variant: inherit; font-weight: inherit; font-stretch: inherit; line-height: inherit; background: transparent none repeat scroll 0% 0%;\">\n<th style=\"box-sizing: border-box; border: 0px none; vertical-align: baseline; margin: 0px; padding: 0px 0px 5px; text-align: left; font-style: inherit; font-variant: inherit; font-weight: inherit; font-stretch: inherit; line-height: inherit; text-indent: 0px; background: transparent none repeat scroll 0% 0%;\" colspan=\"2\"><a name=\"11501\"><\/a><\/th>\n<\/tr>\n<tr style=\"box-sizing: border-box; font-size: inherit; border-width: 0px 0px 1px; border-bottom: 1px solid #e4e5e4; vertical-align: baseline; margin: 0px; padding: 0px; font-style: inherit; font-variant: inherit; font-weight: inherit; font-stretch: inherit; line-height: inherit; background: transparent none repeat scroll 0% 0%;\">\n<td style=\"box-sizing: border-box; border: 0px none; vertical-align: baseline; margin: 0px; padding: 10px 0px 10px 10px; font-style: inherit; font-variant: inherit; font-weight: bold; font-stretch: inherit; line-height: 21px; color: #464646; text-align: left; width: 175px; background: transparent none repeat scroll 0% 0%;\">Rosca<\/td>\n<p> de filtro<\/p>\n<td style=\"box-sizing: border-box; border: 0px none; vertical-align: baseline; margin: 0px; padding: 10px 0px 10px 10px; font-style: inherit; font-variant: inherit; font-weight: inherit; font-stretch: inherit; line-height: 21px; color: #464646; text-align: left; background: transparent none repeat scroll 0% 0%;\">Frontal: 67 mm<\/td>\n<\/tr>\n<tr style=\"box-sizing: border-box; font-size: inherit; border-width: 0px 0px 1px; border-bottom: 1px solid #e4e5e4; vertical-align: baseline; margin: 0px; padding: 0px; font-style: inherit; font-variant: inherit; font-weight: inherit; font-stretch: inherit; line-height: inherit; background: transparent none repeat scroll 0% 0%;\">\n<td style=\"box-sizing: border-box; border: 0px none; vertical-align: baseline; margin: 0px; padding: 10px 0px 10px 10px; font-style: inherit; font-variant: inherit; font-weight: bold; font-stretch: inherit; line-height: 21px; color: #464646; text-align: left; width: 175px; background: transparent none repeat scroll 0% 0%;\">Dimensiones (DxL)<\/td>\n<td style=\"box-sizing: border-box; border: 0px none; vertical-align: baseline; margin: 0px; padding: 10px 0px 10px 10px; font-style: inherit; font-variant: inherit; font-weight: inherit; font-stretch: inherit; line-height: 21px; color: #464646; text-align: left; background: transparent none repeat scroll 0% 0%;\">Aprox. 2,87 x 3,72&#8243; (73 x 94,5 mm) <\/td>\n<\/tr>\n<tr style=\"box-sizing: border-box; font-size: inherit; border-width: 0px 0px 1px; border-bottom: 1px solid #e4e5e4; vertical-align: baseline; margin: 0px; padding: 0px; font-style: inherit; font-variant: inherit; font-weight: inherit; font-stretch: inherit; line-height: inherit; background: transparent none repeat scroll 0% 0%;\">\n<td style=\"box-sizing: border-box; border: 0px none; vertical-align: baseline; margin: 0px; padding: 10px 0px 10px 10px; font-style: inherit; font-variant: inherit; font-weight: bold; font-stretch: inherit; line-height: 21px; color: #464646; text-align: left; width: 175px; background: transparent none repeat scroll 0% 0%;\">Peso<\/td>\n<td style=\"box-sizing: border-box; border: 0px none; vertical-align: baseline; margin: 0px; padding: 10px 0px 10px 10px; font-style: inherit; font-variant: inherit; font-weight: inherit; font-stretch: inherit; line-height: 21px; color: #464646; text-align: left; background: transparent none repeat scroll 0% 0%;\">430 g (15,17 oz)<\/td>\n<\/tr>\n<\/tbody>\n<\/table>\n","protected":false},"excerpt":{"rendered":"<p>SONY Vario-Tessar T SEL FE 24-70mm f4 ZA OSS SEL2470Z Un zoom vers\u00e1til para disparar todos los d\u00edas El rendimiento<\/p>\n","protected":false},"featured_media":54215,"comment_status":"closed","ping_status":"open","template":"","meta":{"_acf_changed":false},"product_brand":[2537],"product_cat":[1062],"product_tag":[],"class_list":{"0":"post-74088","1":"product","2":"type-product","3":"status-publish","4":"has-post-thumbnail","6":"product_brand-sony-es","7":"product_cat-mirrorless-objectivos","8":"pa_abertura-maxima-f-4-es","10":"first","11":"onbackorder","12":"taxable","13":"shipping-taxable","14":"purchasable","15":"product-type-simple"},"bundled_by":[],"bundle_stock_status":"onbackorder","bundle_stock_quantity":null,"bundle_virtual":false,"bundle_layout":"","bundle_add_to_cart_form_location":"","bundle_editable_in_cart":false,"bundle_sold_individually_context":"","bundle_item_grouping":"","bundle_min_size":"","bundle_max_size":"","bundle_price":[],"bundled_items":[],"bundle_sell_ids":[],"acf":[],"_links":{"self":[{"href":"https:\/\/hi-techwonder.com\/es\/wp-json\/wp\/v2\/product\/74088","targetHints":{"allow":["GET"]}}],"collection":[{"href":"https:\/\/hi-techwonder.com\/es\/wp-json\/wp\/v2\/product"}],"about":[{"href":"https:\/\/hi-techwonder.com\/es\/wp-json\/wp\/v2\/types\/product"}],"replies":[{"embeddable":true,"href":"https:\/\/hi-techwonder.com\/es\/wp-json\/wp\/v2\/comments?post=74088"}],"wp:featuredmedia":[{"embeddable":true,"href":"https:\/\/hi-techwonder.com\/es\/wp-json\/wp\/v2\/media\/54215"}],"wp:attachment":[{"href":"https:\/\/hi-techwonder.com\/es\/wp-json\/wp\/v2\/media?parent=74088"}],"wp:term":[{"taxonomy":"product_brand","embeddable":true,"href":"https:\/\/hi-techwonder.com\/es\/wp-json\/wp\/v2\/product_brand?post=74088"},{"taxonomy":"product_cat","embeddable":true,"href":"https:\/\/hi-techwonder.com\/es\/wp-json\/wp\/v2\/product_cat?post=74088"},{"taxonomy":"product_tag","embeddable":true,"href":"https:\/\/hi-techwonder.com\/es\/wp-json\/wp\/v2\/product_tag?post=74088"}],"curies":[{"name":"wp","href":"https:\/\/api.w.org\/{rel}","templated":true}]}}