{"id":74089,"date":"2025-07-29T09:49:08","date_gmt":"2025-07-29T09:49:08","guid":{"rendered":"https:\/\/fv6qoy3ls0.wpdns.site\/product\/sony-selp1635g-fe-pz-16-35mm-f-4-g\/"},"modified":"2026-01-30T09:13:56","modified_gmt":"2026-01-30T09:13:56","slug":"sony-selp1635g-fe-pz-16-35mm-f-4-g","status":"publish","type":"product","link":"https:\/\/hi-techwonder.com\/es\/producto\/sony-selp1635g-fe-pz-16-35mm-f-4-g\/","title":{"rendered":"SONY SELP1635G FE PZ 16-35mm f\/4 G"},"content":{"rendered":"<p><strong>Creado para creadores<\/strong><\/p>\n<p>Un dise\u00f1o compacto con una \u00f3ptica excelente y una funci\u00f3n de zoom motorizado hacen que el Sony PZ 16-35mm f\/4 G sea una opci\u00f3n ideal para todo tipo de creadores, ya sea que eso signifique grabar videos, im\u00e1genes fijas o ambos. Este objetivo ultra gran angular se encuentra entre los m\u00e1s ligeros de su clase, y la apertura constante de f\/4 logra un equilibrio ideal que es lo suficientemente brillante como para disparar con la luz disponible, sin dejar de ser port\u00e1til para disparar durante todo el d\u00eda. <\/p>\n<h2 class=\"western\" style=\"font-style: normal; font-weight: normal;\"><strong><span style=\"font-family: OpenSans, Segoe UI, Helvetica, Roboto, Arial, sans-serif;\"><span style=\"font-size: medium;\">Sony FE PZ 16-35mm F\/4 G Ficha Tecnica<\/span><\/span><\/strong><\/h2>\n<table border=\"0\" width=\"353\" cellspacing=\"0\" cellpadding=\"2\">\n<colgroup>\n<col width=\"168\">\n<col width=\"177\"> <\/colgroup>\n<tbody>\n<tr>\n<td width=\"168\">\n<p style=\"border: none; padding: 0cm; font-weight: normal;\" align=\"LEFT\">Distancia focal<\/p>\n<\/td>\n<td width=\"177\">\n<p style=\"border: none; padding: 0cm; font-weight: normal;\">De 16 a 35 mm<\/p>\n<\/td>\n<\/tr>\n<tr>\n<td width=\"168\">\n<p style=\"border: none; padding: 0cm; font-weight: normal;\" align=\"LEFT\">Apertura m\u00e1xima<\/p>\n<\/td>\n<td width=\"177\">\n<p style=\"border: none; padding: 0cm; font-weight: normal;\">f\/4<\/p>\n<\/td>\n<\/tr>\n<tr>\n<td width=\"168\">\n<p style=\"border: none; padding: 0cm; font-weight: normal;\" align=\"LEFT\">Apertura m\u00ednima<\/p>\n<\/td>\n<td width=\"177\">\n<p style=\"border: none; padding: 0cm; font-weight: normal;\">f\/22<\/p>\n<\/td>\n<\/tr>\n<tr>\n<td width=\"168\">\n<p style=\"border: none; padding: 0cm; font-weight: normal;\" align=\"LEFT\">Montura de lente<\/p>\n<\/td>\n<td width=\"177\">\n<p style=\"border: none; padding: 0cm; font-weight: normal;\">Sony E<\/p>\n<\/td>\n<\/tr>\n<tr>\n<td width=\"168\">\n<p style=\"border: none; padding: 0cm; font-weight: normal;\" align=\"LEFT\">Cobertura del formato de la lente<\/p>\n<\/td>\n<td width=\"177\">\n<p style=\"border: none; padding: 0cm; font-weight: normal;\">Fotograma completo<\/p>\n<\/td>\n<\/tr>\n<tr>\n<td width=\"168\">\n<p style=\"border: none; padding: 0cm; font-weight: normal;\" align=\"LEFT\">\u00c1ngulo de visi\u00f3n<\/p>\n<\/td>\n<td width=\"177\">\n<p style=\"border: none; padding: 0cm; font-weight: normal;\">De 107\u00b0 a 63\u00b0<\/p>\n<\/td>\n<\/tr>\n<tr>\n<td width=\"168\">\n<p style=\"border: none; padding: 0cm; font-weight: normal;\" align=\"LEFT\">Distancia m\u00ednima de enfoque<\/p>\n<\/td>\n<td width=\"177\">\n<p style=\"border: none; padding: 0cm; font-weight: normal;\">9,4&#8243; \/ 24 cm<\/p>\n<\/td>\n<\/tr>\n<tr>\n<td width=\"168\">\n<p style=\"border: none; padding: 0cm; font-weight: normal;\" align=\"LEFT\">Aumento m\u00e1ximo<\/p>\n<\/td>\n<td width=\"177\">\n<p style=\"border: none; padding: 0cm; font-weight: normal;\">0,23 veces<\/p>\n<\/td>\n<\/tr>\n<tr>\n<td width=\"168\">\n<p style=\"border: none; padding: 0cm; font-weight: normal;\" align=\"LEFT\">Dise\u00f1o \u00f3ptico<\/p>\n<\/td>\n<td width=\"177\">\n<p style=\"border: none; padding: 0cm; font-weight: normal;\">13 elementos en 12 grupos<\/p>\n<\/td>\n<\/tr>\n<tr>\n<td width=\"168\">\n<p style=\"border: none; padding: 0cm; font-weight: normal;\" align=\"LEFT\">Hojas de diafragma<\/p>\n<\/td>\n<td width=\"177\">\n<p style=\"border: none; padding: 0cm; font-weight: normal;\">7, redondeado<\/p>\n<\/td>\n<\/tr>\n<tr>\n<td width=\"168\">\n<p style=\"border: none; padding: 0cm; font-weight: normal;\" align=\"LEFT\">Tipo de enfoque<\/p>\n<\/td>\n<td width=\"177\">\n<p style=\"border: none; padding: 0cm; font-weight: normal;\">Enfoque autom\u00e1tico<\/p>\n<\/td>\n<\/tr>\n<tr>\n<td width=\"168\">\n<p style=\"border: none; padding: 0cm; font-weight: normal;\" align=\"LEFT\">Estabilizaci\u00f3n de imagen<\/p>\n<\/td>\n<td width=\"177\">\n<p style=\"border: none; padding: 0cm; font-weight: normal;\">En<\/p>\n<\/td>\n<\/tr>\n<tr>\n<td width=\"168\">\n<p style=\"border: none; padding: 0cm; font-weight: normal;\" align=\"LEFT\">Tama\u00f1o del filtro<\/p>\n<\/td>\n<td width=\"177\">\n<p style=\"border: none; padding: 0cm; font-weight: normal;\">72 mm (Frontal)<\/p>\n<\/td>\n<\/tr>\n<tr>\n<td width=\"168\">\n<p style=\"border: none; padding: 0cm; font-weight: normal;\" align=\"LEFT\">Dimensiones (\u00f8 x L)<\/p>\n<\/td>\n<td width=\"177\">\n<p style=\"border: none; padding: 0cm; font-weight: normal;\">3,2 x 3,5&#8243; \/ 80,5 x 88,1 mm<\/p>\n<\/td>\n<\/tr>\n<tr>\n<td width=\"168\">\n<p style=\"border: none; padding: 0cm; font-weight: normal;\" align=\"LEFT\">Peso<\/p>\n<\/td>\n<td width=\"177\">\n<p style=\"border: none; padding: 0cm; font-weight: normal;\">12.5 oz \/ 353 g<\/p>\n<\/td>\n<\/tr>\n<\/tbody>\n<\/table>\n","protected":false},"excerpt":{"rendered":"<p>Creado para creadores Un dise\u00f1o compacto con una \u00f3ptica excelente y una funci\u00f3n de zoom motorizado hacen que el Sony<\/p>\n","protected":false},"featured_media":54405,"comment_status":"closed","ping_status":"open","template":"","meta":{"_acf_changed":false},"product_brand":[2537],"product_cat":[1062],"product_tag":[],"class_list":{"0":"post-74089","1":"product","2":"type-product","3":"status-publish","4":"has-post-thumbnail","6":"product_brand-sony-es","7":"product_cat-mirrorless-objectivos","8":"pa_abertura-maxima-f-4-es","10":"first","11":"onbackorder","12":"taxable","13":"shipping-taxable","14":"purchasable","15":"product-type-simple"},"bundled_by":[],"bundle_stock_status":"onbackorder","bundle_stock_quantity":null,"bundle_virtual":false,"bundle_layout":"","bundle_add_to_cart_form_location":"","bundle_editable_in_cart":false,"bundle_sold_individually_context":"","bundle_item_grouping":"","bundle_min_size":"","bundle_max_size":"","bundle_price":[],"bundled_items":[],"bundle_sell_ids":[],"acf":[],"_links":{"self":[{"href":"https:\/\/hi-techwonder.com\/es\/wp-json\/wp\/v2\/product\/74089","targetHints":{"allow":["GET"]}}],"collection":[{"href":"https:\/\/hi-techwonder.com\/es\/wp-json\/wp\/v2\/product"}],"about":[{"href":"https:\/\/hi-techwonder.com\/es\/wp-json\/wp\/v2\/types\/product"}],"replies":[{"embeddable":true,"href":"https:\/\/hi-techwonder.com\/es\/wp-json\/wp\/v2\/comments?post=74089"}],"wp:featuredmedia":[{"embeddable":true,"href":"https:\/\/hi-techwonder.com\/es\/wp-json\/wp\/v2\/media\/54405"}],"wp:attachment":[{"href":"https:\/\/hi-techwonder.com\/es\/wp-json\/wp\/v2\/media?parent=74089"}],"wp:term":[{"taxonomy":"product_brand","embeddable":true,"href":"https:\/\/hi-techwonder.com\/es\/wp-json\/wp\/v2\/product_brand?post=74089"},{"taxonomy":"product_cat","embeddable":true,"href":"https:\/\/hi-techwonder.com\/es\/wp-json\/wp\/v2\/product_cat?post=74089"},{"taxonomy":"product_tag","embeddable":true,"href":"https:\/\/hi-techwonder.com\/es\/wp-json\/wp\/v2\/product_tag?post=74089"}],"curies":[{"name":"wp","href":"https:\/\/api.w.org\/{rel}","templated":true}]}}