{"id":74090,"date":"2025-07-29T09:47:37","date_gmt":"2025-07-29T09:47:37","guid":{"rendered":"https:\/\/fv6qoy3ls0.wpdns.site\/product\/sony-vario-tessar-e-16-70mm-f-4-za-oss\/"},"modified":"2026-01-30T09:13:18","modified_gmt":"2026-01-30T09:13:18","slug":"sony-vario-tessar-e-16-70mm-f-4-za-oss","status":"publish","type":"product","link":"https:\/\/hi-techwonder.com\/es\/producto\/sony-vario-tessar-e-16-70mm-f-4-za-oss\/","title":{"rendered":"SONY Vario-Tessar E 16-70mm f\/4 ZA OSS"},"content":{"rendered":"<p><span style=\"font-size: small;\"><strong>ASPECTOS DESTACADOS DEL PRODUCTO<\/strong><\/p>\n<p><\/span><\/p>\n<ul>\n<li> <span style=\"font-size: small;\">Soporte t\u00e9cnico de Sony E<\/span><\/li>\n<li> <span style=\"font-size: small;\">24-105 mm (equivalente a 35 mm)<\/span><\/li>\n<li> <span style=\"font-size: small;\">Rango de apertura: f\/4 a f\/22<\/span><\/li>\n<li> <span style=\"font-size: small;\">Estabilizaci\u00f3n de imagen \u00f3ptica SteadyShot<\/span><\/li>\n<li> <span style=\"font-size: small;\">Cuatro elementos asf\u00e9ricos<\/span><\/li>\n<li> <span style=\"font-size: small;\">Revestimiento antirreflectante Carl Zeiss T*<\/span><\/li>\n<li> <span style=\"font-size: small;\">Apertura m\u00e1xima constante de f\/4<\/span><\/li>\n<li> <span style=\"font-size: small;\">Dise\u00f1o de apertura circular<\/span><\/li>\n<li> <span style=\"font-size: small;\">Tambor de lente de metal<\/span><\/li>\n<\/ul>\n<p><span style=\"font-size: small;\"><br \/><\/span><\/p>\n<p> <span style=\"font-size: small;\">El objetivo Sony Vario-Tessar T* E 16-70mm f\/4 ZA OSS es un objetivo zoom de gama media que proporciona un rango de distancia focal equivalente a 35 mm de 24-105 mm, que cubre perspectivas de gran angular a teleobjetivo corto. Una apertura m\u00e1xima constante de f\/4 proporciona un rendimiento constante en todo el rango de zoom y es especialmente beneficiosa cuando se trabaja con aumentos de zoom m\u00e1s altos en condiciones de poca luz. Tambi\u00e9n beneficia el trabajo con poca luz o en el extremo largo del rango de zoom la estabilizaci\u00f3n de imagen Optical SteadyShot, que sirve para minimizar la apariencia de movimiento de la c\u00e1mara hasta en cuatro pasos de velocidad de obturaci\u00f3n.  <\/span><\/p>\n<p> <span style=\"font-size: small;\"><br \/>La construcci\u00f3n \u00f3ptica incorpora cuatro elementos asf\u00e9ricos para ayudar a reducir las aberraciones crom\u00e1ticas en todo el rango del zoom, adem\u00e1s de contribuir a un factor de forma compacto general. Se ha aplicado un revestimiento antirreflectante Carl Zeiss T* a los elementos de la lente para minimizar los destellos y las im\u00e1genes fantasma de la lente, lo que proporciona un mayor contraste, claridad y fidelidad de color. <\/span><\/p>\n<p><span style=\"font-size: small;\"><br \/><\/span><\/p>\n<ul>\n<li> <span style=\"font-size: small;\">El objetivo zoom de gama media proporciona un rango de distancia focal equivalente a 35 mm de 24-105 mm, que cubre perspectivas de gran angular a teleobjetivo corto.<\/span><\/li>\n<li> <span style=\"font-size: small;\">La apertura m\u00e1xima constante de f\/4 permite una mayor consistencia en todo el rango del zoom y beneficia el trabajo en condiciones de poca luz con distancias focales m\u00e1s largas.<\/span><\/li>\n<li> <span style=\"font-size: small;\">La estabilizaci\u00f3n de imagen SteadyShot \u00f3ptica funciona para minimizar la apariencia de movimiento de la c\u00e1mara hasta en cuatro pasos de velocidad de obturaci\u00f3n para beneficiar el disparo manual con poca luz y con aumentos de zoom m\u00e1s altos.<\/span><\/li>\n<li> <span style=\"font-size: small;\">Cuatro elementos asf\u00e9ricos ayudan a reducir las aberraciones crom\u00e1ticas en todo el rango de zoom mientras mantienen un factor de forma compacto.<\/span><\/li>\n<li> <span style=\"font-size: small;\">El revestimiento antirreflectante Carl Zeiss T* mejora el contraste, la claridad y la reproducci\u00f3n del color al combatir los efectos de los destellos y las im\u00e1genes fantasma de la lente.<\/span><\/li>\n<li> <span style=\"font-size: small;\">El cilindro de la lente de metal aumenta la durabilidad y agrega una apariencia est\u00e9tica refinada.<\/span><\/li>\n<\/ul>\n<p><span style=\"font-size: small;\"><br \/><\/span><\/p>\n<p><span style=\"font-size: small;\"><br \/><\/span><\/p>\n<p style=\"margin-bottom: 0cm;\"> <span style=\"font-size: small;\">&nbsp;<\/span><\/p>\n<p><span style=\"font-size: small;\"> <\/span><\/p>\n<table style=\"width: 643px;\" border=\"0\" cellspacing=\"0\" cellpadding=\"2\">\n<colgroup>\n<col width=\"223\"><\/col>\n<\/colgroup>\n<colgroup>\n<col width=\"412\"><\/col>\n<\/colgroup>\n<tbody>\n<tr>\n<th colspan=\"2\" width=\"639\">\n<p style=\"border: medium none; padding: 0cm; font-style: normal; font-weight: normal;\"> <span style=\"font-size: small;\"><a name=\"11011\"><\/a><span style=\"font-size: x-large;\">interino<\/span><\/span> <\/p>\n<\/th>\n<\/tr>\n<tr>\n<td width=\"223\">\n<p style=\"padding: 0cm 0cm 0.53cm; border: medium medium 1px none none solid -moz-use-text-color -moz-use-text-color #e6e7e8;\"> <span style=\"font-size: small;\">Distancia focal<\/span> <\/p>\n<\/td>\n<td width=\"412\">\n<p style=\"padding: 0cm 0cm 0.53cm; border: medium medium 1px none none solid -moz-use-text-color -moz-use-text-color #e6e7e8;\"> <span style=\"font-size: small;\">16 &#8211; 70 mm<br \/> Distancia focal comparable de 35 mm: 24 &#8211; 105 mm<\/span> <\/p>\n<\/td>\n<\/tr>\n<tr>\n<td width=\"223\">\n<p style=\"padding: 0cm 0cm 0.53cm; border: medium medium 1px none none solid -moz-use-text-color -moz-use-text-color #e6e7e8;\"> <span style=\"font-size: small;\">Abertura<\/span> <\/p>\n<\/td>\n<td width=\"412\">\n<p style=\"padding: 0cm 0cm 0.53cm; border: medium medium 1px none none solid -moz-use-text-color -moz-use-text-color #e6e7e8;\"> <span style=\"font-size: small;\">M\u00e1ximo: f\/4<br \/> M\u00ednimo: f\/22<\/span> <\/p>\n<\/td>\n<\/tr>\n<tr>\n<td width=\"223\">\n<p style=\"padding: 0cm 0cm 0.53cm; border: medium medium 1px none none solid -moz-use-text-color -moz-use-text-color #e6e7e8;\"> <span style=\"font-size: small;\">Tipo de montaje de la c\u00e1mara<\/span> <\/p>\n<\/td>\n<td width=\"412\">\n<p style=\"padding: 0cm 0cm 0.53cm; border: medium medium 1px none none solid -moz-use-text-color -moz-use-text-color #e6e7e8;\"> <span style=\"font-size: small;\">Sony (montura E para NEX)<\/span> <\/p>\n<\/td>\n<\/tr>\n<tr>\n<td width=\"223\">\n<p style=\"padding: 0cm 0cm 0.53cm; border: medium medium 1px none none solid -moz-use-text-color -moz-use-text-color #e6e7e8;\"> <span style=\"font-size: small;\">Compatibilidad de formatos<\/span> <\/p>\n<\/td>\n<td width=\"412\">\n<p style=\"padding: 0cm 0cm 0.53cm; border: medium medium 1px none none solid -moz-use-text-color -moz-use-text-color #e6e7e8;\"> <span style=\"font-size: small;\">APS-C<\/span> <\/p>\n<\/td>\n<\/tr>\n<tr>\n<td width=\"223\">\n<p style=\"padding: 0cm 0cm 0.53cm; border: medium medium 1px none none solid -moz-use-text-color -moz-use-text-color #e6e7e8;\"> <span style=\"font-size: small;\">\u00c1ngulo<\/span> <\/p>\n<\/td>\n<td width=\"412\">\n<p style=\"padding: 0cm 0cm 0.53cm; border: medium medium 1px none none solid -moz-use-text-color -moz-use-text-color #e6e7e8;\"> <span style=\"font-size: small;\">83\u00b0 &#8211; 23\u00b0<\/span> <\/p>\n<\/td>\n<\/tr>\n<tr>\n<td width=\"223\">\n<p style=\"padding: 0cm 0cm 0.53cm; border: medium medium 1px none none solid -moz-use-text-color -moz-use-text-color #e6e7e8;\"> <span style=\"font-size: small;\">Distancia m\u00ednima de enfoque<\/span> <\/p>\n<\/td>\n<td width=\"412\">\n<p style=\"padding: 0cm 0cm 0.53cm; border: medium medium 1px none none solid -moz-use-text-color -moz-use-text-color #e6e7e8;\"> <span style=\"font-size: small;\">1,15&#8242; (35 cm)<\/span> <\/p>\n<\/td>\n<\/tr>\n<tr>\n<td width=\"223\">\n<p style=\"padding: 0cm 0cm 0.53cm; border: medium medium 1px none none solid -moz-use-text-color -moz-use-text-color #e6e7e8;\"> <span style=\"font-size: small;\">Ampliaci\u00f3n<\/span> <\/p>\n<\/td>\n<td width=\"412\">\n<p style=\"padding: 0cm 0cm 0.53cm; border: medium medium 1px none none solid -moz-use-text-color -moz-use-text-color #e6e7e8;\"> <span style=\"font-size: small;\">0,23 veces<\/span> <\/p>\n<\/td>\n<\/tr>\n<tr>\n<td width=\"223\">\n<p style=\"padding: 0cm 0cm 0.53cm; border: medium medium 1px none none solid -moz-use-text-color -moz-use-text-color #e6e7e8;\"> <span style=\"font-size: small;\">Elementos\/Grupos<\/span> <\/p>\n<\/td>\n<td width=\"412\">\n<p style=\"padding: 0cm 0cm 0.53cm; border: medium medium 1px none none solid -moz-use-text-color -moz-use-text-color #e6e7e8;\"> <span style=\"font-size: small;\">16\/12<\/span><\/p>\n<\/td>\n<\/tr>\n<\/tbody>\n<\/table>\n<p><span style=\"font-size: small;\"> <\/span><\/p>\n<table style=\"width: 220px;\" border=\"0\" cellspacing=\"0\" cellpadding=\"2\">\n<colgroup>\n<col width=\"177\"><\/col>\n<\/colgroup>\n<colgroup>\n<col width=\"35\"><\/col>\n<\/colgroup>\n<tbody>\n<tr>\n<th colspan=\"2\" width=\"216\">\n<p style=\"border: medium none; padding: 0cm; font-style: normal; font-weight: normal;\"> <span style=\"font-size: small;\"><a name=\"23001\"><\/a><span style=\"font-size: x-large;\">Recursos<\/span><\/span> <\/p>\n<\/th>\n<\/tr>\n<tr>\n<td width=\"177\">\n<p style=\"padding: 0cm 0cm 0.53cm; border: medium medium 1px none none solid -moz-use-text-color -moz-use-text-color #e6e7e8;\"> <span style=\"font-size: small;\">Estabilizaci\u00f3n de imagen<\/span> <\/p>\n<\/td>\n<td width=\"35\">\n<p style=\"padding: 0cm 0cm 0.53cm; border: medium medium 1px none none solid -moz-use-text-color -moz-use-text-color #e6e7e8;\"> <span style=\"font-size: small;\">S\u00ed<\/span> <\/p>\n<\/td>\n<\/tr>\n<tr>\n<td width=\"177\">\n<p style=\"padding: 0cm 0cm 0.53cm; border: medium medium 1px none none solid -moz-use-text-color -moz-use-text-color #e6e7e8;\"> <span style=\"font-size: small;\">Autom\u00e1tico<\/span> <\/p>\n<\/td>\n<td width=\"35\">\n<p style=\"padding: 0cm 0cm 0.53cm; border: medium medium 1px none none solid -moz-use-text-color -moz-use-text-color #e6e7e8;\"> <span style=\"font-size: small;\">S\u00ed<\/span><\/p>\n<\/td>\n<\/tr>\n<\/tbody>\n<\/table>\n<p><span style=\"font-size: small;\"> <\/span><\/p>\n<table style=\"width: 508px;\" border=\"0\" cellspacing=\"0\" cellpadding=\"2\">\n<colgroup>\n<col width=\"163\"><\/col>\n<\/colgroup>\n<colgroup>\n<col width=\"337\"><\/col>\n<\/colgroup>\n<tbody>\n<tr>\n<th colspan=\"2\" width=\"504\">\n<p style=\"border: medium none; padding: 0cm; font-style: normal; font-weight: normal;\"> <span style=\"font-size: small;\"><a name=\"11501\"><\/a><span style=\"font-size: x-large;\">F\u00edsico<\/span><\/span> <\/p>\n<\/th>\n<\/tr>\n<tr>\n<td width=\"163\">\n<p style=\"padding: 0cm 0cm 0.53cm; border: medium medium 1px none none solid -moz-use-text-color -moz-use-text-color #e6e7e8;\"> <span style=\"font-size: small;\">Tema de filtro<\/span> <\/p>\n<\/td>\n<td width=\"337\">\n<p style=\"padding: 0cm 0cm 0.53cm; border: medium medium 1px none none solid -moz-use-text-color -moz-use-text-color #e6e7e8;\"> <span style=\"font-size: small;\">Frontal: 55 mm<\/span> <\/p>\n<\/td>\n<\/tr>\n<tr>\n<td width=\"163\">\n<p style=\"padding: 0cm 0cm 0.53cm; border: medium medium 1px none none solid -moz-use-text-color -moz-use-text-color #e6e7e8;\"> <span style=\"font-size: small;\">Dimensiones (DxL)<\/span> <\/p>\n<\/td>\n<td width=\"337\">\n<p style=\"padding: 0cm 0cm 0.53cm; border: medium medium 1px none none solid -moz-use-text-color -moz-use-text-color #e6e7e8;\"> <span style=\"font-size: small;\">Aproximadamente. 2,62 x 2,95&#8243; (66,6 x 75 mm) <\/span> <\/p>\n<\/td>\n<\/tr>\n<tr>\n<td width=\"163\">\n<p style=\"padding: 0cm 0cm 0.53cm; border: medium medium 1px none none solid -moz-use-text-color -moz-use-text-color #e6e7e8;\"> <span style=\"font-size: small;\">Peso<\/span> <\/p>\n<\/td>\n<td width=\"337\">\n<p style=\"padding: 0cm 0cm 0.53cm; border: medium medium 1px none none solid -moz-use-text-color -moz-use-text-color #e6e7e8;\"> <span style=\"font-size: small;\">308 g (10,86 oz)<\/span><\/p>\n<\/td>\n<\/tr>\n<\/tbody>\n<\/table>\n<p><span style=\"font-size: small;\"> <\/span><\/p>\n<p style=\"margin-bottom: 0cm;\"><span style=\"font-size: small;\">&nbsp;<\/span><\/p>\n<p><span style=\"font-size: small;\"><br \/><\/span><\/p>\n","protected":false},"excerpt":{"rendered":"<p>ASPECTOS DESTACADOS DEL PRODUCTO Soporte t\u00e9cnico de Sony E 24-105 mm (equivalente a 35 mm) Rango de apertura: f\/4 a<\/p>\n","protected":false},"featured_media":54245,"comment_status":"closed","ping_status":"open","template":"","meta":{"_acf_changed":false},"product_brand":[2537],"product_cat":[1062],"product_tag":[],"class_list":{"0":"post-74090","1":"product","2":"type-product","3":"status-publish","4":"has-post-thumbnail","6":"product_brand-sony-es","7":"product_cat-mirrorless-objectivos","8":"pa_abertura-maxima-f-4-es","10":"first","11":"onbackorder","12":"taxable","13":"shipping-taxable","14":"purchasable","15":"product-type-simple"},"bundled_by":[],"bundle_stock_status":"onbackorder","bundle_stock_quantity":null,"bundle_virtual":false,"bundle_layout":"","bundle_add_to_cart_form_location":"","bundle_editable_in_cart":false,"bundle_sold_individually_context":"","bundle_item_grouping":"","bundle_min_size":"","bundle_max_size":"","bundle_price":[],"bundled_items":[],"bundle_sell_ids":[],"acf":[],"_links":{"self":[{"href":"https:\/\/hi-techwonder.com\/es\/wp-json\/wp\/v2\/product\/74090","targetHints":{"allow":["GET"]}}],"collection":[{"href":"https:\/\/hi-techwonder.com\/es\/wp-json\/wp\/v2\/product"}],"about":[{"href":"https:\/\/hi-techwonder.com\/es\/wp-json\/wp\/v2\/types\/product"}],"replies":[{"embeddable":true,"href":"https:\/\/hi-techwonder.com\/es\/wp-json\/wp\/v2\/comments?post=74090"}],"wp:featuredmedia":[{"embeddable":true,"href":"https:\/\/hi-techwonder.com\/es\/wp-json\/wp\/v2\/media\/54245"}],"wp:attachment":[{"href":"https:\/\/hi-techwonder.com\/es\/wp-json\/wp\/v2\/media?parent=74090"}],"wp:term":[{"taxonomy":"product_brand","embeddable":true,"href":"https:\/\/hi-techwonder.com\/es\/wp-json\/wp\/v2\/product_brand?post=74090"},{"taxonomy":"product_cat","embeddable":true,"href":"https:\/\/hi-techwonder.com\/es\/wp-json\/wp\/v2\/product_cat?post=74090"},{"taxonomy":"product_tag","embeddable":true,"href":"https:\/\/hi-techwonder.com\/es\/wp-json\/wp\/v2\/product_tag?post=74090"}],"curies":[{"name":"wp","href":"https:\/\/api.w.org\/{rel}","templated":true}]}}