{"id":74091,"date":"2025-07-29T09:48:07","date_gmt":"2025-07-29T09:48:07","guid":{"rendered":"https:\/\/fv6qoy3ls0.wpdns.site\/product\/sony-sonnar-t-fe-55mm-f-1-8-za\/"},"modified":"2026-01-30T09:13:28","modified_gmt":"2026-01-30T09:13:28","slug":"sony-sonnar-t-fe-55mm-f-1-8-za","status":"publish","type":"product","link":"https:\/\/hi-techwonder.com\/es\/producto\/sony-sonnar-t-fe-55mm-f-1-8-za\/","title":{"rendered":"SONY Sonnar T FE 55mm f\/1.8 ZA"},"content":{"rendered":"<p><span style=\"font-size: small;\"><strong>ASPECTOS DESTACADOS DEL PRODUCTO<\/strong><\/p>\n<p><\/span><\/p>\n<ul>\n<li> <span style=\"font-size: small;\">Montura de fotograma completo Sony E<\/span><\/li>\n<li> <span style=\"font-size: small;\">Rango de apertura: f\/1.8 a f\/22<\/span><\/li>\n<li> <span style=\"font-size: small;\">Revestimiento antirreflectante Carl Zeiss T*<\/span><\/li>\n<li> <span style=\"font-size: small;\">Diafragma circular de nueve hojas<\/span><\/li>\n<li> <span style=\"font-size: small;\">Construcci\u00f3n resistente al polvo y la humedad<\/span><\/li>\n<\/ul>\n<p> <span style=\"font-size: small;\">&nbsp;<\/span><\/p>\n<p> <span style=\"font-size: small;\">El objetivo Sony Sonnar T* FE 55mm f\/1.8 ZA es un objetivo fijo de distancia focal normal con una apertura m\u00e1xima de f\/1,8 muy r\u00e1pida y brillante para facilitar el trabajo en condiciones de poca luz y para un mayor control sobre el enfoque para im\u00e1genes de poca profundidad de campo. El sofisticado dise\u00f1o \u00f3ptico de Sonnar permite una alta resoluci\u00f3n y nitidez con capacidades optimizadas de fotograf\u00eda con poca luz. Tambi\u00e9n se ha aplicado un revestimiento antirreflectante Carl Zeiss T* a los elementos de la lente para reducir el destello de la lente y las im\u00e1genes fantasma para mejorar el contraste y la fidelidad del color.  <br \/><\/span><\/p>\n<p> <span style=\"font-size: small;\">Adem\u00e1s, una construcci\u00f3n resistente al polvo y la humedad garantiza el uso de este objetivo en condiciones ambientales dif\u00edciles.<br \/><\/span><\/p>\n<ul>\n<li> <span style=\"font-size: small;\">Este objetivo fijo de cuerpo entero cuenta con una apertura m\u00e1xima brillante de f\/1,8 para mejorar el trabajo en condiciones de poca luz y para un mayor control sobre el plano de enfoque.<\/span><\/li>\n<li> <span style=\"font-size: small;\">El revestimiento antirreflectante Carl Zeiss T* reduce los destellos de la lente y las im\u00e1genes fantasma para obtener im\u00e1genes ricas en contraste con neutralidad de color sostenida.<\/span><\/li>\n<li> <span style=\"font-size: small;\">El dise\u00f1o resistente al polvo y la humedad permite un rendimiento garantizado cuando se trabaja en condiciones ambientales adversas.<\/span><\/li>\n<li> <span style=\"font-size: small;\">El diafragma circular de nueve hojas permite una calidad de desenfoque suave que es adecuada para im\u00e1genes de poca profundidad de campo.<\/span><\/li>\n<\/ul>\n<p> <span style=\"font-size: small;\">&nbsp;<\/span><\/p>\n<p style=\"margin-bottom: 0cm;\"> <span style=\"font-size: small;\">&nbsp;<\/span><\/p>\n<p><span style=\"font-size: small;\"> <\/span><\/p>\n<table style=\"width: 567px;\" border=\"0\" cellspacing=\"0\" cellpadding=\"2\">\n<colgroup>\n<col width=\"206\"><\/colgroup>\n<colgroup>\n<col width=\"353\"><\/colgroup>\n<tbody>\n<tr>\n<th colspan=\"2\" width=\"563\">\n<p style=\"padding: 0cm; font-style: normal; font-weight: normal;\"> <span style=\"font-size: small;\"><a name=\"11011\"><\/a><span style=\"font-size: x-large;\">interino<\/span><\/span> <\/p>\n<\/th>\n<\/tr>\n<tr>\n<td width=\"206\">\n<p style=\"padding: 0cm 0cm 0.53cm; border: medium medium 1px none none solid currentcolor currentcolor #e6e7e8;\"> <span style=\"font-size: small;\">Distancia focal<\/span> <\/p>\n<\/td>\n<td width=\"353\">\n<p style=\"padding: 0cm 0cm 0.53cm; border: medium medium 1px none none solid currentcolor currentcolor #e6e7e8;\"> <span style=\"font-size: small;\">55 mm<br \/> Distancia focal APS-C comparable: 82,5 mm<\/span> <\/p>\n<\/td>\n<\/tr>\n<tr>\n<td width=\"206\">\n<p style=\"padding: 0cm 0cm 0.53cm; border: medium medium 1px none none solid currentcolor currentcolor #e6e7e8;\"> <span style=\"font-size: small;\">Abertura<\/span> <\/p>\n<\/td>\n<td width=\"353\">\n<p style=\"padding: 0cm 0cm 0.53cm; border: medium medium 1px none none solid currentcolor currentcolor #e6e7e8;\"> <span style=\"font-size: small;\">M\u00e1ximo: f\/1.8<br \/> M\u00ednimo: f\/22<\/span> <\/p>\n<\/td>\n<\/tr>\n<tr>\n<td width=\"206\">\n<p style=\"padding: 0cm 0cm 0.53cm; border: medium medium 1px none none solid currentcolor currentcolor #e6e7e8;\"> <span style=\"font-size: small;\">Tipo de montaje de la c\u00e1mara<\/span> <\/p>\n<\/td>\n<td width=\"353\">\n<p style=\"padding: 0cm 0cm 0.53cm; border: medium medium 1px none none solid currentcolor currentcolor #e6e7e8;\"> <span style=\"font-size: small;\">Sony E (fotograma completo)<\/span> <\/p>\n<\/td>\n<\/tr>\n<tr>\n<td width=\"206\">\n<p style=\"padding: 0cm 0cm 0.53cm; border: medium medium 1px none none solid currentcolor currentcolor #e6e7e8;\"> <span style=\"font-size: small;\">Compatibilidad de formatos<\/span> <\/p>\n<\/td>\n<td width=\"353\">\n<p style=\"padding: 0cm 0cm 0.53cm; border: medium medium 1px none none solid currentcolor currentcolor #e6e7e8;\"> <span style=\"font-size: small;\">Pel\u00edcula de 35 mm \/ sensor digital de fotograma completo<\/span> <\/p>\n<\/td>\n<\/tr>\n<tr>\n<td width=\"206\">\n<p style=\"padding: 0cm 0cm 0.53cm; border: medium medium 1px none none solid currentcolor currentcolor #e6e7e8;\"> <span style=\"font-size: small;\">\u00c1ngulo<\/span> <\/p>\n<\/td>\n<td width=\"353\">\n<p style=\"padding: 0cm 0cm 0.53cm; border: medium medium 1px none none solid currentcolor currentcolor #e6e7e8;\"> <span style=\"font-size: small;\">42,9\u00b0<\/span> <\/p>\n<\/td>\n<\/tr>\n<tr>\n<td width=\"206\">\n<p style=\"padding: 0cm 0cm 0.53cm; border: medium medium 1px none none solid currentcolor currentcolor #e6e7e8;\"> <span style=\"font-size: small;\">Distancia m\u00ednima de enfoque<\/span> <\/p>\n<\/td>\n<td width=\"353\">\n<p style=\"padding: 0cm 0cm 0.53cm; border: medium medium 1px none none solid currentcolor currentcolor #e6e7e8;\"> <span style=\"font-size: small;\">1,64&#8242; (50 cm)<\/span> <\/p>\n<\/td>\n<\/tr>\n<tr>\n<td width=\"206\">\n<p style=\"padding: 0cm 0cm 0.53cm; border: medium medium 1px none none solid currentcolor currentcolor #e6e7e8;\"> <span style=\"font-size: small;\">Ampliaci\u00f3n<\/span> <\/p>\n<\/td>\n<td width=\"353\">\n<p style=\"padding: 0cm 0cm 0.53cm; border: medium medium 1px none none solid currentcolor currentcolor #e6e7e8;\"> <span style=\"font-size: small;\">0,14 veces<\/span> <\/p>\n<\/td>\n<\/tr>\n<tr>\n<td width=\"206\">\n<p style=\"padding: 0cm 0cm 0.53cm; border: medium medium 1px none none solid currentcolor currentcolor #e6e7e8;\"> <span style=\"font-size: small;\">Elementos\/Grupos<\/span> <\/p>\n<\/td>\n<td width=\"353\">\n<p style=\"padding: 0cm 0cm 0.53cm; border: medium medium 1px none none solid currentcolor currentcolor #e6e7e8;\"> <span style=\"font-size: small;\">7\/5<\/span> <\/p>\n<\/td>\n<\/tr>\n<tr>\n<td width=\"206\">\n<p style=\"padding: 0cm 0cm 0.53cm; border: medium medium 1px none none solid currentcolor currentcolor #e6e7e8;\"> <span style=\"font-size: small;\">Hojas de diafragma<\/span> <\/p>\n<\/td>\n<td width=\"353\">\n<p style=\"padding: 0cm 0cm 0.53cm; border: medium medium 1px none none solid currentcolor currentcolor #e6e7e8;\"> <span style=\"font-size: small;\">9<\/span><\/p>\n<\/td>\n<\/tr>\n<\/tbody>\n<\/table>\n<p><span style=\"font-size: small;\"> <\/span><\/p>\n<table style=\"width: 137px;\" border=\"0\" cellspacing=\"0\" cellpadding=\"2\">\n<colgroup>\n<col width=\"90\"><\/colgroup>\n<colgroup>\n<col width=\"40\"><\/colgroup>\n<tbody>\n<tr>\n<th colspan=\"2\" width=\"133\">\n<p style=\"padding: 0cm; font-style: normal; font-weight: normal;\"> <span style=\"font-size: small;\"><a name=\"23001\"><\/a><span style=\"font-size: x-large;\">Recursos<\/span><\/span> <\/p>\n<\/th>\n<\/tr>\n<tr>\n<td width=\"90\">\n<p style=\"padding: 0cm 0cm 0.53cm; border: medium medium 1px none none solid currentcolor currentcolor #e6e7e8;\"> <span style=\"font-size: small;\">Autom\u00e1tico<\/span> <\/p>\n<\/td>\n<td width=\"40\">\n<p style=\"padding: 0cm 0cm 0.53cm; border: medium medium 1px none none solid currentcolor currentcolor #e6e7e8;\"> <span style=\"font-size: small;\">S\u00ed<\/span><\/p>\n<\/td>\n<\/tr>\n<\/tbody>\n<\/table>\n<p><span style=\"font-size: small;\"> <\/span><\/p>\n<table style=\"width: 464px;\" border=\"0\" cellspacing=\"0\" cellpadding=\"2\">\n<colgroup>\n<col width=\"147\"><\/colgroup>\n<colgroup>\n<col width=\"309\"><\/colgroup>\n<tbody>\n<tr>\n<th colspan=\"2\" width=\"460\">\n<p style=\"padding: 0cm; font-style: normal; font-weight: normal;\"> <span style=\"font-size: small;\"><a name=\"11501\"><\/a><span style=\"font-size: x-large;\">F\u00edsico<\/span><\/span> <\/p>\n<\/th>\n<\/tr>\n<tr>\n<td width=\"147\">\n<p style=\"padding: 0cm 0cm 0.53cm; border: medium medium 1px none none solid currentcolor currentcolor #e6e7e8;\"> <span style=\"font-size: small;\">Tema de filtro<\/span> <\/p>\n<\/td>\n<td width=\"309\">\n<p style=\"padding: 0cm 0cm 0.53cm; border: medium medium 1px none none solid currentcolor currentcolor #e6e7e8;\"> <span style=\"font-size: small;\">Delantero: 49 mm<\/span> <\/p>\n<\/td>\n<\/tr>\n<tr>\n<td width=\"147\">\n<p style=\"padding: 0cm 0cm 0.53cm; border: medium medium 1px none none solid currentcolor currentcolor #e6e7e8;\"> <span style=\"font-size: small;\">Dimensiones (DxL)<\/span> <\/p>\n<\/td>\n<td width=\"309\">\n<p style=\"padding: 0cm 0cm 0.53cm; border: medium medium 1px none none solid currentcolor currentcolor #e6e7e8;\"> <span style=\"font-size: small;\">Aproximadamente. 2,54 x 2,78&#8243; (64,4 x 70,5 mm) <\/span> <\/p>\n<\/td>\n<\/tr>\n<tr>\n<td width=\"147\">\n<p style=\"padding: 0cm 0cm 0.53cm; border: medium medium 1px none none solid currentcolor currentcolor #e6e7e8;\"> <span style=\"font-size: small;\">Peso<\/span> <\/p>\n<\/td>\n<td width=\"309\">\n<p style=\"padding: 0cm 0cm 0.53cm; border: medium medium 1px none none solid currentcolor currentcolor #e6e7e8;\"> <span style=\"font-size: small;\">281 g (9,9 oz)<\/span><\/p>\n<\/td>\n<\/tr>\n<\/tbody>\n<\/table>\n<p><span style=\"font-size: small;\"> <\/span><\/p>\n<p style=\"margin-bottom: 0cm;\"><span style=\"font-size: small;\">&nbsp;<\/span><\/p>\n","protected":false},"excerpt":{"rendered":"<p>ASPECTOS DESTACADOS DEL PRODUCTO Montura de fotograma completo Sony E Rango de apertura: f\/1.8 a f\/22 Revestimiento antirreflectante Carl Zeiss<\/p>\n","protected":false},"featured_media":54275,"comment_status":"closed","ping_status":"open","template":"","meta":{"_acf_changed":false},"product_brand":[2537],"product_cat":[1062],"product_tag":[],"class_list":{"0":"post-74091","1":"product","2":"type-product","3":"status-publish","4":"has-post-thumbnail","6":"product_brand-sony-es","7":"product_cat-mirrorless-objectivos","8":"pa_abertura-maxima-f-1-8-es","10":"first","11":"onbackorder","12":"taxable","13":"shipping-taxable","14":"purchasable","15":"product-type-simple"},"bundled_by":[],"bundle_stock_status":"onbackorder","bundle_stock_quantity":null,"bundle_virtual":false,"bundle_layout":"","bundle_add_to_cart_form_location":"","bundle_editable_in_cart":false,"bundle_sold_individually_context":"","bundle_item_grouping":"","bundle_min_size":"","bundle_max_size":"","bundle_price":[],"bundled_items":[],"bundle_sell_ids":[],"acf":[],"_links":{"self":[{"href":"https:\/\/hi-techwonder.com\/es\/wp-json\/wp\/v2\/product\/74091","targetHints":{"allow":["GET"]}}],"collection":[{"href":"https:\/\/hi-techwonder.com\/es\/wp-json\/wp\/v2\/product"}],"about":[{"href":"https:\/\/hi-techwonder.com\/es\/wp-json\/wp\/v2\/types\/product"}],"replies":[{"embeddable":true,"href":"https:\/\/hi-techwonder.com\/es\/wp-json\/wp\/v2\/comments?post=74091"}],"wp:featuredmedia":[{"embeddable":true,"href":"https:\/\/hi-techwonder.com\/es\/wp-json\/wp\/v2\/media\/54275"}],"wp:attachment":[{"href":"https:\/\/hi-techwonder.com\/es\/wp-json\/wp\/v2\/media?parent=74091"}],"wp:term":[{"taxonomy":"product_brand","embeddable":true,"href":"https:\/\/hi-techwonder.com\/es\/wp-json\/wp\/v2\/product_brand?post=74091"},{"taxonomy":"product_cat","embeddable":true,"href":"https:\/\/hi-techwonder.com\/es\/wp-json\/wp\/v2\/product_cat?post=74091"},{"taxonomy":"product_tag","embeddable":true,"href":"https:\/\/hi-techwonder.com\/es\/wp-json\/wp\/v2\/product_tag?post=74091"}],"curies":[{"name":"wp","href":"https:\/\/api.w.org\/{rel}","templated":true}]}}