{"id":74092,"date":"2025-07-29T09:47:24","date_gmt":"2025-07-29T09:47:24","guid":{"rendered":"https:\/\/fv6qoy3ls0.wpdns.site\/product\/sony-sonnar-t-fe-35mm-f-2-8-za\/"},"modified":"2026-01-30T09:13:12","modified_gmt":"2026-01-30T09:13:12","slug":"sony-sonnar-t-fe-35mm-f-2-8-za","status":"publish","type":"product","link":"https:\/\/hi-techwonder.com\/es\/producto\/sony-sonnar-t-fe-35mm-f-2-8-za\/","title":{"rendered":"SONY Sonnar T FE 35mm f\/2.8 ZA"},"content":{"rendered":"<p><span style=\"font-size: small;\"><strong>ASPECTOS DESTACADOS DEL PRODUCTO<\/strong><\/p>\n<p><\/span><\/p>\n<ul>\n<li> <span style=\"font-size: small;\">Montura de fotograma completo Sony E<\/span><\/li>\n<li> <span style=\"font-size: small;\">Rango de apertura: f\/2.8 a f\/22<\/span><\/li>\n<li> <span style=\"font-size: small;\">Tres elementos asf\u00e9ricos de doble cara<\/span><\/li>\n<li> <span style=\"font-size: small;\">Revestimiento antirreflectante Carl Zeiss T*<\/span><\/li>\n<li> <span style=\"font-size: small;\">Mecanismo de enfoque interno<\/span><\/li>\n<li> <span style=\"font-size: small;\">Diafragma circular de siete hojas<\/span><\/li>\n<li> <span style=\"font-size: small;\">Construcci\u00f3n resistente al polvo y la humedad<\/span><\/li>\n<\/ul>\n<p> <span style=\"font-size: small;\"><br \/>El objetivo Sony Sonnar T* FE 35mm f\/2.8 ZA es un objetivo gran angular que cuenta con una apertura m\u00e1xima r\u00e1pida y brillante de f\/2,8 para admitir un rendimiento mejorado con poca luz y un mayor control sobre el enfoque para obtener poca profundidad de campo e im\u00e1genes enfocadas. Tres elementos asf\u00e9ricos de doble cara, con un total de seis superficies asf\u00e9ricas, trabajan para minimizar las aberraciones esf\u00e9ricas y contribuyen a una claridad de imagen notable. Tambi\u00e9n se ha aplicado un revestimiento antirreflectante Carl Zeiss T* a los elementos de la lente para reducir el destello de la lente y las im\u00e1genes fantasma para mejorar el contraste y la fidelidad del color.  <\/p>\n<p>  Un mecanismo de enfoque interno mantiene el tama\u00f1o total de la lente durante el enfoque y ayuda a un rendimiento m\u00e1s r\u00e1pido y receptivo. Adem\u00e1s, una construcci\u00f3n resistente al polvo y la humedad garantiza el uso de este objetivo en condiciones ambientales dif\u00edciles. <\/p>\n<p><\/span><\/p>\n<ul>\n<li> <span style=\"font-size: small;\">Este objetivo gran angular de primera calidad cuenta con una brillante apertura m\u00e1xima de f\/2,8 para mejorar el trabajo en condiciones de poca luz y para un mayor control sobre el plano de enfoque.<\/span><\/li>\n<li> <span style=\"font-size: small;\">Tres elementos asf\u00e9ricos de doble cara, para un total de seis superficies asf\u00e9ricas, ayudan a reducir las aberraciones esf\u00e9ricas al tiempo que contribuyen a una alta nitidez y claridad de la imagen.<\/span><\/li>\n<li> <span style=\"font-size: small;\">El revestimiento antirreflectante Carl Zeiss T* reduce los destellos de la lente y las im\u00e1genes fantasma para obtener im\u00e1genes ricas en contraste con neutralidad de color sostenida.<\/span><\/li>\n<li> <span style=\"font-size: small;\">Un mecanismo de enfoque interno mantiene toda la longitud de la lente durante el enfoque para una mayor consistencia y un rendimiento m\u00e1s r\u00e1pido.<\/span><\/li>\n<li> <span style=\"font-size: small;\">El dise\u00f1o resistente al polvo y la humedad permite un rendimiento garantizado cuando se trabaja en condiciones ambientales adversas.<\/span><\/li>\n<li> <span style=\"font-size: small;\">El diafragma circular de siete hojas permite una calidad de desenfoque suave que es adecuada para im\u00e1genes de poca profundidad de campo.<\/span><\/li>\n<\/ul>\n<p><span style=\"font-size: small;\"><br \/><\/span> <\/p>\n<table style=\"box-sizing: border-box; font-size: 12px; border: 0px none; vertical-align: baseline; margin: 0px 0px 35px; padding: 0px; border-collapse: collapse; border-spacing: 0px; font-style: normal; font-variant: normal; font-weight: normal; font-stretch: inherit; line-height: 20px; clear: both; width: 866.667px; color: #595959; letter-spacing: normal; text-align: left; text-indent: 0px; text-transform: none; white-space: normal; widows: 1; word-spacing: 0px; background: transparent none repeat scroll 0% 0%;\" border=\"1\">\n<tbody style=\"box-sizing: border-box; font-size: inherit; border: 0px none; vertical-align: baseline; margin: 0px; padding: 0px; font-style: inherit; font-variant: inherit; font-weight: inherit; font-stretch: inherit; line-height: inherit; background: transparent none repeat scroll 0% 0%;\">\n<tr style=\"box-sizing: border-box; font-size: inherit; border-width: 0px 0px 1px; border-bottom: 1px solid #e4e5e4; vertical-align: baseline; margin: 0px; padding: 0px; font-style: inherit; font-variant: inherit; font-weight: inherit; font-stretch: inherit; line-height: inherit; background: transparent none repeat scroll 0% 0%;\">\n<th style=\"box-sizing: border-box; border: 0px none; vertical-align: baseline; margin: 0px; padding: 0px 0px 5px; text-align: left; font-style: inherit; font-variant: inherit; font-weight: inherit; font-stretch: inherit; line-height: inherit; text-indent: 0px; background: transparent none repeat scroll 0% 0%;\" colspan=\"2\"> <span style=\"font-size: small;\"><a id=\"11011\" style=\"box-sizing: border-box; font-size: 22px; border: 0px none; vertical-align: baseline; margin: 0px; padding: 0px; font-style: inherit; font-variant: inherit; font-weight: inherit; font-stretch: inherit; line-height: inherit; color: #707171; background: transparent none repeat scroll 0% 0%;\" name=\"11011\">interino<\/a><\/span> <\/th>\n<\/tr>\n<tr style=\"box-sizing: border-box; font-size: inherit; border-width: 0px 0px 1px; border-bottom: 1px solid #e4e5e4; vertical-align: baseline; margin: 0px; padding: 0px; font-style: inherit; font-variant: inherit; font-weight: inherit; font-stretch: inherit; line-height: inherit; background: transparent none repeat scroll 0% 0%;\">\n<td style=\"box-sizing: border-box; border: 0px none; vertical-align: baseline; margin: 0px; padding: 10px 0px 10px 10px; font-style: inherit; font-variant: inherit; font-weight: 700; font-stretch: inherit; line-height: 21px; text-align: left; width: 175px; background: transparent none repeat scroll 0% 0%;\"> <span style=\"font-size: small;\">Distancia focal<\/span> <\/td>\n<td style=\"box-sizing: border-box; border: 0px none; vertical-align: baseline; margin: 0px; padding: 10px 0px 10px 10px; font-style: inherit; font-variant: inherit; font-weight: inherit; font-stretch: inherit; line-height: 21px; text-align: left; background: transparent none repeat scroll 0% 0%;\"> <span style=\"font-size: small;\">35 mm<br style=\"box-sizing: border-box;\"> Distancia focal APS-C comparable: 52,5 mm<\/span> <\/td>\n<\/tr>\n<tr style=\"box-sizing: border-box; font-size: inherit; border-width: 0px 0px 1px; border-bottom: 1px solid #e4e5e4; vertical-align: baseline; margin: 0px; padding: 0px; font-style: inherit; font-variant: inherit; font-weight: inherit; font-stretch: inherit; line-height: inherit; background: transparent none repeat scroll 0% 0%;\">\n<td style=\"box-sizing: border-box; border: 0px none; vertical-align: baseline; margin: 0px; padding: 10px 0px 10px 10px; font-style: inherit; font-variant: inherit; font-weight: 700; font-stretch: inherit; line-height: 21px; text-align: left; width: 175px; background: transparent none repeat scroll 0% 0%;\"> <span style=\"font-size: small;\">Abertura<\/span> <\/td>\n<td style=\"box-sizing: border-box; border: 0px none; vertical-align: baseline; margin: 0px; padding: 10px 0px 10px 10px; font-style: inherit; font-variant: inherit; font-weight: inherit; font-stretch: inherit; line-height: 21px; text-align: left; background: transparent none repeat scroll 0% 0%;\"> <span style=\"font-size: small;\">M\u00e1ximo: f\/2.8<br style=\"box-sizing: border-box;\"> M\u00ednimo: f\/22<\/span> <\/td>\n<\/tr>\n<tr style=\"box-sizing: border-box; font-size: inherit; border-width: 0px 0px 1px; border-bottom: 1px solid #e4e5e4; vertical-align: baseline; margin: 0px; padding: 0px; font-style: inherit; font-variant: inherit; font-weight: inherit; font-stretch: inherit; line-height: inherit; background: transparent none repeat scroll 0% 0%;\">\n<td style=\"box-sizing: border-box; border: 0px none; vertical-align: baseline; margin: 0px; padding: 10px 0px 10px 10px; font-style: inherit; font-variant: inherit; font-weight: 700; font-stretch: inherit; line-height: 21px; text-align: left; width: 175px; background: transparent none repeat scroll 0% 0%;\"><span style=\"font-size: small;\">Tipo de montaje de la c\u00e1mara<\/span> <\/td>\n<td style=\"box-sizing: border-box; border: 0px none; vertical-align: baseline; margin: 0px; padding: 10px 0px 10px 10px; font-style: inherit; font-variant: inherit; font-weight: inherit; font-stretch: inherit; line-height: 21px; text-align: left; background: transparent none repeat scroll 0% 0%;\"> <span style=\"font-size: small;\">Sony E (fotograma completo)<\/span> <\/td>\n<\/tr>\n<tr style=\"box-sizing: border-box; font-size: inherit; border-width: 0px 0px 1px; border-bottom: 1px solid #e4e5e4; vertical-align: baseline; margin: 0px; padding: 0px; font-style: inherit; font-variant: inherit; font-weight: inherit; font-stretch: inherit; line-height: inherit; background: transparent none repeat scroll 0% 0%;\">\n<td style=\"box-sizing: border-box; border: 0px none; vertical-align: baseline; margin: 0px; padding: 10px 0px 10px 10px; font-style: inherit; font-variant: inherit; font-weight: 700; font-stretch: inherit; line-height: 21px; text-align: left; width: 175px; background: transparent none repeat scroll 0% 0%;\"><span style=\"font-size: small;\">Compatibilidad de formatos<\/span> <\/td>\n<td style=\"box-sizing: border-box; border: 0px none; vertical-align: baseline; margin: 0px; padding: 10px 0px 10px 10px; font-style: inherit; font-variant: inherit; font-weight: inherit; font-stretch: inherit; line-height: 21px; text-align: left; background: transparent none repeat scroll 0% 0%;\"> <span style=\"font-size: small;\">Pel\u00edcula de 35 mm \/ sensor digital de fotograma completo<\/span> <\/td>\n<\/tr>\n<tr style=\"box-sizing: border-box; font-size: inherit; border-width: 0px 0px 1px; border-bottom: 1px solid #e4e5e4; vertical-align: baseline; margin: 0px; padding: 0px; font-style: inherit; font-variant: inherit; font-weight: inherit; font-stretch: inherit; line-height: inherit; background: transparent none repeat scroll 0% 0%;\">\n<td style=\"box-sizing: border-box; border: 0px none; vertical-align: baseline; margin: 0px; padding: 10px 0px 10px 10px; font-style: inherit; font-variant: inherit; font-weight: 700; font-stretch: inherit; line-height: 21px; text-align: left; width: 175px; background: transparent none repeat scroll 0% 0%;\"><span style=\"font-size: small;\">\u00c1ngulo<\/span> <\/td>\n<td style=\"box-sizing: border-box; border: 0px none; vertical-align: baseline; margin: 0px; padding: 10px 0px 10px 10px; font-style: inherit; font-variant: inherit; font-weight: inherit; font-stretch: inherit; line-height: 21px; text-align: left; background: transparent none repeat scroll 0% 0%;\"> <span style=\"font-size: small;\">63,4\u00b0<\/span> <\/td>\n<\/tr>\n<tr style=\"box-sizing: border-box; font-size: inherit; border-width: 0px 0px 1px; border-bottom: 1px solid #e4e5e4; vertical-align: baseline; margin: 0px; padding: 0px; font-style: inherit; font-variant: inherit; font-weight: inherit; font-stretch: inherit; line-height: inherit; background: transparent none repeat scroll 0% 0%;\">\n<td style=\"box-sizing: border-box; border: 0px none; vertical-align: baseline; margin: 0px; padding: 10px 0px 10px 10px; font-style: inherit; font-variant: inherit; font-weight: 700; font-stretch: inherit; line-height: 21px; text-align: left; width: 175px; background: transparent none repeat scroll 0% 0%;\"><span style=\"font-size: small;\">Distancia m\u00ednima de enfoque<\/span> <\/td>\n<td style=\"box-sizing: border-box; border: 0px none; vertical-align: baseline; margin: 0px; padding: 10px 0px 10px 10px; font-style: inherit; font-variant: inherit; font-weight: inherit; font-stretch: inherit; line-height: 21px; text-align: left; background: transparent none repeat scroll 0% 0%;\"> <span style=\"font-size: small;\">1,15&#8242; (35 cm)<\/span> <\/td>\n<\/tr>\n<tr style=\"box-sizing: border-box; font-size: inherit; border-width: 0px 0px 1px; border-bottom: 1px solid #e4e5e4; vertical-align: baseline; margin: 0px; padding: 0px; font-style: inherit; font-variant: inherit; font-weight: inherit; font-stretch: inherit; line-height: inherit; background: transparent none repeat scroll 0% 0%;\">\n<td style=\"box-sizing: border-box; border: 0px none; vertical-align: baseline; margin: 0px; padding: 10px 0px 10px 10px; font-style: inherit; font-variant: inherit; font-weight: 700; font-stretch: inherit; line-height: 21px; text-align: left; width: 175px; background: transparent none repeat scroll 0% 0%;\"><span style=\"font-size: small;\">Ampliaci\u00f3n<\/span> <\/td>\n<td style=\"box-sizing: border-box; border: 0px none; vertical-align: baseline; margin: 0px; padding: 10px 0px 10px 10px; font-style: inherit; font-variant: inherit; font-weight: inherit; font-stretch: inherit; line-height: 21px; text-align: left; background: transparent none repeat scroll 0% 0%;\"> <span style=\"font-size: small;\">0,12 veces<\/span> <\/td>\n<\/tr>\n<tr style=\"box-sizing: border-box; font-size: inherit; border-width: 0px 0px 1px; border-bottom: 1px solid #e4e5e4; vertical-align: baseline; margin: 0px; padding: 0px; font-style: inherit; font-variant: inherit; font-weight: inherit; font-stretch: inherit; line-height: inherit; background: transparent none repeat scroll 0% 0%;\">\n<td style=\"box-sizing: border-box; border: 0px none; vertical-align: baseline; margin: 0px; padding: 10px 0px 10px 10px; font-style: inherit; font-variant: inherit; font-weight: 700; font-stretch: inherit; line-height: 21px; text-align: left; width: 175px; background: transparent none repeat scroll 0% 0%;\"><span style=\"font-size: small;\">Elementos\/Grupos<\/span> <\/td>\n<td style=\"box-sizing: border-box; border: 0px none; vertical-align: baseline; margin: 0px; padding: 10px 0px 10px 10px; font-style: inherit; font-variant: inherit; font-weight: inherit; font-stretch: inherit; line-height: 21px; text-align: left; background: transparent none repeat scroll 0% 0%;\"> <span style=\"font-size: small;\">7\/5<\/span> <\/td>\n<\/tr>\n<tr style=\"box-sizing: border-box; font-size: inherit; border-width: 0px 0px 1px; border-bottom: 1px solid #e4e5e4; vertical-align: baseline; margin: 0px; padding: 0px; font-style: inherit; font-variant: inherit; font-weight: inherit; font-stretch: inherit; line-height: inherit; background: transparent none repeat scroll 0% 0%;\">\n<td style=\"box-sizing: border-box; border: 0px none; vertical-align: baseline; margin: 0px; padding: 10px 0px 10px 10px; font-style: inherit; font-variant: inherit; font-weight: inherit; font-stretch: inherit; line-height: 21px; text-align: left; background: transparent none repeat scroll 0% 0%;\"> <span style=\"font-size: small;\">Hojas de<\/span><\/td>\n<td style=\"box-sizing: border-box; border: 0px none; vertical-align: baseline; margin: 0px; padding: 10px 0px 10px 10px; font-style: inherit; font-variant: inherit; font-weight: 700; font-stretch: inherit; line-height: 21px; text-align: left; width: 175px; background: transparent none repeat scroll 0% 0%;\"> <span style=\"font-size: small;\">diafragma<\/span> <\/td>\n<p> 7<\/tr>\n<\/tbody>\n<\/table>\n<p><span style=\"font-size: small;\"> <\/span><\/p>\n<table style=\"box-sizing: border-box; font-size: 12px; border: 0px none; vertical-align: baseline; margin: 0px 0px 35px; padding: 0px; border-collapse: collapse; border-spacing: 0px; font-style: normal; font-variant: normal; font-weight: normal; font-stretch: inherit; line-height: 20px; clear: both; width: 866.667px; color: #595959; letter-spacing: normal; text-align: left; text-indent: 0px; text-transform: none; white-space: normal; widows: 1; word-spacing: 0px; background: transparent none repeat scroll 0% 0%;\" border=\"1\">\n<tbody style=\"box-sizing: border-box; font-size: inherit; border: 0px none; vertical-align: baseline; margin: 0px; padding: 0px; font-style: inherit; font-variant: inherit; font-weight: inherit; font-stretch: inherit; line-height: inherit; background: transparent none repeat scroll 0% 0%;\">\n<tr style=\"box-sizing: border-box; font-size: inherit; border-width: 0px 0px 1px; border-bottom: 1px solid #e4e5e4; vertical-align: baseline; margin: 0px; padding: 0px; font-style: inherit; font-variant: inherit; font-weight: inherit; font-stretch: inherit; line-height: inherit; background: transparent none repeat scroll 0% 0%;\">\n<th style=\"box-sizing: border-box; border: 0px none; vertical-align: baseline; margin: 0px; padding: 0px 0px 5px; text-align: left; font-style: inherit; font-variant: inherit; font-weight: inherit; font-stretch: inherit; line-height: inherit; text-indent: 0px; background: transparent none repeat scroll 0% 0%;\" colspan=\"2\"><span style=\"font-size: small;\"><a id=\"23001\" style=\"box-sizing: border-box; font-size: 22px; border: 0px none; vertical-align: baseline; margin: 0px; padding: 0px; font-style: inherit; font-variant: inherit; font-weight: inherit; font-stretch: inherit; line-height: inherit; color: #707171; background: transparent none repeat scroll 0% 0%;\" name=\"23001\">Recursos<\/a><\/span> <\/th>\n<\/tr>\n<tr style=\"box-sizing: border-box; font-size: inherit; border-width: 0px 0px 1px; border-bottom: 1px solid #e4e5e4; vertical-align: baseline; margin: 0px; padding: 0px; font-style: inherit; font-variant: inherit; font-weight: inherit; font-stretch: inherit; line-height: inherit; background: transparent none repeat scroll 0% 0%;\">\n<td style=\"box-sizing: border-box; border: 0px none; vertical-align: baseline; margin: 0px; padding: 10px 0px 10px 10px; font-style: inherit; font-variant: inherit; font-weight: 700; font-stretch: inherit; line-height: 21px; text-align: left; width: 175px; background: transparent none repeat scroll 0% 0%;\"> <span style=\"font-size: small;\">Enfoque autom\u00e1tico<\/span> <\/td>\n<td style=\"box-sizing: border-box; border: 0px none; vertical-align: baseline; margin: 0px; padding: 10px 0px 10px 10px; font-style: inherit; font-variant: inherit; font-weight: inherit; font-stretch: inherit; line-height: 21px; text-align: left; background: transparent none repeat scroll 0% 0%;\"> <span style=\"font-size: small;\">S\u00ed<\/span><\/td>\n<\/tr>\n<\/tbody>\n<\/table>\n<p><span style=\"font-size: small;\"> <\/span><\/p>\n<table style=\"box-sizing: border-box; font-size: 12px; border: 0px none; vertical-align: baseline; margin: 0px 0px 35px; padding: 0px; border-collapse: collapse; border-spacing: 0px; font-style: normal; font-variant: normal; font-weight: normal; font-stretch: inherit; line-height: 20px; clear: both; width: 866.667px; color: #595959; letter-spacing: normal; text-align: left; text-indent: 0px; text-transform: none; white-space: normal; widows: 1; word-spacing: 0px; background: transparent none repeat scroll 0% 0%;\" border=\"1\">\n<tbody style=\"box-sizing: border-box; font-size: inherit; border: 0px none; vertical-align: baseline; margin: 0px; padding: 0px; font-style: inherit; font-variant: inherit; font-weight: inherit; font-stretch: inherit; line-height: inherit; background: transparent none repeat scroll 0% 0%;\">\n<tr style=\"box-sizing: border-box; font-size: inherit; border-width: 0px 0px 1px; border-bottom: 1px solid #e4e5e4; vertical-align: baseline; margin: 0px; padding: 0px; font-style: inherit; font-variant: inherit; font-weight: inherit; font-stretch: inherit; line-height: inherit; background: transparent none repeat scroll 0% 0%;\">\n<th style=\"box-sizing: border-box; border: 0px none; vertical-align: baseline; margin: 0px; padding: 0px 0px 5px; text-align: left; font-style: inherit; font-variant: inherit; font-weight: inherit; font-stretch: inherit; line-height: inherit; text-indent: 0px; background: transparent none repeat scroll 0% 0%;\" colspan=\"2\"><span style=\"font-size: small;\"><a id=\"11501\" style=\"box-sizing: border-box; font-size: 22px; border: 0px none; vertical-align: baseline; margin: 0px; padding: 0px; font-style: inherit; font-variant: inherit; font-weight: inherit; font-stretch: inherit; line-height: inherit; color: #707171; background: transparent none repeat scroll 0% 0%;\" name=\"11501\">F\u00edsico<\/a><\/span> <\/th>\n<\/tr>\n<tr style=\"box-sizing: border-box; font-size: inherit; border-width: 0px 0px 1px; border-bottom: 1px solid #e4e5e4; vertical-align: baseline; margin: 0px; padding: 0px; font-style: inherit; font-variant: inherit; font-weight: inherit; font-stretch: inherit; line-height: inherit; background: transparent none repeat scroll 0% 0%;\">\n<td style=\"box-sizing: border-box; border: 0px none; vertical-align: baseline; margin: 0px; padding: 10px 0px 10px 10px; font-style: inherit; font-variant: inherit; font-weight: 700; font-stretch: inherit; line-height: 21px; text-align: left; width: 175px; background: transparent none repeat scroll 0% 0%;\"> <span style=\"font-size: small;\">Rosca<\/span> <\/td>\n<td style=\"box-sizing: border-box; border: 0px none; vertical-align: baseline; margin: 0px; padding: 10px 0px 10px 10px; font-style: inherit; font-variant: inherit; font-weight: inherit; font-stretch: inherit; line-height: 21px; text-align: left; background: transparent none repeat scroll 0% 0%;\"> <span style=\"font-size: small;\">del filtro frontal: 49 mm<\/span> <\/td>\n<\/tr>\n<tr style=\"box-sizing: border-box; font-size: inherit; border-width: 0px 0px 1px; border-bottom: 1px solid #e4e5e4; vertical-align: baseline; margin: 0px; padding: 0px; font-style: inherit; font-variant: inherit; font-weight: inherit; font-stretch: inherit; line-height: inherit; background: transparent none repeat scroll 0% 0%;\">\n<td style=\"box-sizing: border-box; border: 0px none; vertical-align: baseline; margin: 0px; padding: 10px 0px 10px 10px; font-style: inherit; font-variant: inherit; font-weight: 700; font-stretch: inherit; line-height: 21px; text-align: left; width: 175px; background: transparent none repeat scroll 0% 0%;\"> <span style=\"font-size: small;\">Dimensiones (DxL)<\/span> <\/td>\n<td style=\"box-sizing: border-box; border: 0px none; vertical-align: baseline; margin: 0px; padding: 10px 0px 10px 10px; font-style: inherit; font-variant: inherit; font-weight: inherit; font-stretch: inherit; line-height: 21px; text-align: left; background: transparent none repeat scroll 0% 0%;\"> <span style=\"font-size: small;\">Aproximadamente. 2,42 x 1,44&#8243; (61,5 x 36,5 mm) <\/span> <\/td>\n<\/tr>\n<tr style=\"box-sizing: border-box; font-size: inherit; border-width: 0px 0px 1px; border-bottom: 1px solid #e4e5e4; vertical-align: baseline; margin: 0px; padding: 0px; font-style: inherit; font-variant: inherit; font-weight: inherit; font-stretch: inherit; line-height: inherit; background: transparent none repeat scroll 0% 0%;\">\n<td style=\"box-sizing: border-box; border: 0px none; vertical-align: baseline; margin: 0px; padding: 10px 0px 10px 10px; font-style: inherit; font-variant: inherit; font-weight: 700; font-stretch: inherit; line-height: 21px; text-align: left; width: 175px; background: transparent none repeat scroll 0% 0%;\"> <span style=\"font-size: small;\">Peso<\/span> <\/td>\n<td style=\"box-sizing: border-box; border: 0px none; vertical-align: baseline; margin: 0px; padding: 10px 0px 10px 10px; font-style: inherit; font-variant: inherit; font-weight: inherit; font-stretch: inherit; line-height: 21px; text-align: left; background: transparent none repeat scroll 0% 0%;\"> <span style=\"font-size: small;\">: 4,23 oz (120 g)<\/span><\/td>\n<\/tr>\n<\/tbody>\n<\/table>\n<p> <span style=\"font-size: small;\">&nbsp;<\/span><\/p>\n","protected":false},"excerpt":{"rendered":"<p>ASPECTOS DESTACADOS DEL PRODUCTO Montura de fotograma completo Sony E Rango de apertura: f\/2.8 a f\/22 Tres elementos asf\u00e9ricos de<\/p>\n","protected":false},"featured_media":54227,"comment_status":"closed","ping_status":"open","template":"","meta":{"_acf_changed":false},"product_brand":[2537],"product_cat":[1062],"product_tag":[],"class_list":{"0":"post-74092","1":"product","2":"type-product","3":"status-publish","4":"has-post-thumbnail","6":"product_brand-sony-es","7":"product_cat-mirrorless-objectivos","8":"pa_abertura-maxima-f-2-8-es","10":"first","11":"onbackorder","12":"taxable","13":"shipping-taxable","14":"purchasable","15":"product-type-simple"},"bundled_by":[],"bundle_stock_status":"onbackorder","bundle_stock_quantity":null,"bundle_virtual":false,"bundle_layout":"","bundle_add_to_cart_form_location":"","bundle_editable_in_cart":false,"bundle_sold_individually_context":"","bundle_item_grouping":"","bundle_min_size":"","bundle_max_size":"","bundle_price":[],"bundled_items":[],"bundle_sell_ids":[],"acf":[],"_links":{"self":[{"href":"https:\/\/hi-techwonder.com\/es\/wp-json\/wp\/v2\/product\/74092","targetHints":{"allow":["GET"]}}],"collection":[{"href":"https:\/\/hi-techwonder.com\/es\/wp-json\/wp\/v2\/product"}],"about":[{"href":"https:\/\/hi-techwonder.com\/es\/wp-json\/wp\/v2\/types\/product"}],"replies":[{"embeddable":true,"href":"https:\/\/hi-techwonder.com\/es\/wp-json\/wp\/v2\/comments?post=74092"}],"wp:featuredmedia":[{"embeddable":true,"href":"https:\/\/hi-techwonder.com\/es\/wp-json\/wp\/v2\/media\/54227"}],"wp:attachment":[{"href":"https:\/\/hi-techwonder.com\/es\/wp-json\/wp\/v2\/media?parent=74092"}],"wp:term":[{"taxonomy":"product_brand","embeddable":true,"href":"https:\/\/hi-techwonder.com\/es\/wp-json\/wp\/v2\/product_brand?post=74092"},{"taxonomy":"product_cat","embeddable":true,"href":"https:\/\/hi-techwonder.com\/es\/wp-json\/wp\/v2\/product_cat?post=74092"},{"taxonomy":"product_tag","embeddable":true,"href":"https:\/\/hi-techwonder.com\/es\/wp-json\/wp\/v2\/product_tag?post=74092"}],"curies":[{"name":"wp","href":"https:\/\/api.w.org\/{rel}","templated":true}]}}