{"id":74095,"date":"2025-07-29T09:17:08","date_gmt":"2025-07-29T09:17:08","guid":{"rendered":"https:\/\/fv6qoy3ls0.wpdns.site\/product\/tapa-de-lente-starblitz-86mm\/"},"modified":"2026-01-31T02:30:19","modified_gmt":"2026-01-31T02:30:19","slug":"starblitz-tapa-de-lente-starblitz-86mm","status":"publish","type":"product","link":"https:\/\/hi-techwonder.com\/es\/producto\/starblitz-tapa-de-lente-starblitz-86mm\/","title":{"rendered":"Tapa de lente STARBLITZ 86mm"},"content":{"rendered":"<p>Esta tapa Starblitz se utiliza para proteger su lente frontal.<\/p>\n<p>Para comprobar el di\u00e1metro de la tapa que necesitas, busca en el manual de tu objetivo o comprueba si est\u00e1 inscrito en el propio objetivo. (ejemplo: 49 mm, 52 mm, 55 mm) <\/p>\n<p>Ya sea que tu lente sea Canon, Nikon, Sigma, Tamron, Samyang, Pentax, Sony o cualquier otra marca, desde el momento en que confirmes el di\u00e1metro necesario, se ajustar\u00e1 a tu lente, ya que esta tapa es Universal y compatible.<\/p>\n<p>Si ha perdido su tapa o compr\u00f3 una lente de segunda mano sin tapa, la tapa de clip lateral \u00abStarblitz\u00bb mantendr\u00e1 su lente a salvo de ca\u00eddas o rasgu\u00f1os.<\/p>\n","protected":false},"excerpt":{"rendered":"<p>Esta tapa Starblitz se utiliza para proteger su lente frontal. Para comprobar el di\u00e1metro de la tapa que necesitas, busca<\/p>\n","protected":false},"featured_media":47032,"comment_status":"closed","ping_status":"open","template":"","meta":{"_acf_changed":false},"product_brand":[2583],"product_cat":[1040],"product_tag":[],"class_list":{"0":"post-74095","1":"product","2":"type-product","3":"status-publish","4":"has-post-thumbnail","6":"product_brand-starblitz-es","7":"product_cat-tapas","9":"first","10":"instock","11":"taxable","12":"shipping-taxable","13":"purchasable","14":"product-type-simple"},"bundled_by":[],"bundle_stock_status":"instock","bundle_stock_quantity":2,"bundle_virtual":false,"bundle_layout":"","bundle_add_to_cart_form_location":"","bundle_editable_in_cart":false,"bundle_sold_individually_context":"","bundle_item_grouping":"","bundle_min_size":"","bundle_max_size":"","bundle_price":[],"bundled_items":[],"bundle_sell_ids":[],"acf":[],"_links":{"self":[{"href":"https:\/\/hi-techwonder.com\/es\/wp-json\/wp\/v2\/product\/74095","targetHints":{"allow":["GET"]}}],"collection":[{"href":"https:\/\/hi-techwonder.com\/es\/wp-json\/wp\/v2\/product"}],"about":[{"href":"https:\/\/hi-techwonder.com\/es\/wp-json\/wp\/v2\/types\/product"}],"replies":[{"embeddable":true,"href":"https:\/\/hi-techwonder.com\/es\/wp-json\/wp\/v2\/comments?post=74095"}],"wp:featuredmedia":[{"embeddable":true,"href":"https:\/\/hi-techwonder.com\/es\/wp-json\/wp\/v2\/media\/47032"}],"wp:attachment":[{"href":"https:\/\/hi-techwonder.com\/es\/wp-json\/wp\/v2\/media?parent=74095"}],"wp:term":[{"taxonomy":"product_brand","embeddable":true,"href":"https:\/\/hi-techwonder.com\/es\/wp-json\/wp\/v2\/product_brand?post=74095"},{"taxonomy":"product_cat","embeddable":true,"href":"https:\/\/hi-techwonder.com\/es\/wp-json\/wp\/v2\/product_cat?post=74095"},{"taxonomy":"product_tag","embeddable":true,"href":"https:\/\/hi-techwonder.com\/es\/wp-json\/wp\/v2\/product_tag?post=74095"}],"curies":[{"name":"wp","href":"https:\/\/api.w.org\/{rel}","templated":true}]}}