{"id":74099,"date":"2025-07-29T10:04:51","date_gmt":"2025-07-29T10:04:51","guid":{"rendered":"https:\/\/fv6qoy3ls0.wpdns.site\/product\/kit-de-vlogger-starblitz-anillo-de-luz-led-kvl120\/"},"modified":"2026-02-16T15:02:07","modified_gmt":"2026-02-16T15:02:07","slug":"starblitz-kit-de-vlogger-starblitz-anillo-de-luz-led-kvl120","status":"publish","type":"product","link":"https:\/\/hi-techwonder.com\/es\/producto\/starblitz-kit-de-vlogger-starblitz-anillo-de-luz-led-kvl120\/","title":{"rendered":"Kit de Vlogger STARBLITZ Anillo de luz LED KVL120"},"content":{"rendered":"<p><strong>Accesorios:<\/strong> Tr\u00edpode \/ Estabilizador | Soporte para smartphone | Anel de led D\u00e9clencheur bluetooth<\/p>\n<p><strong>Otra informaci\u00f3n:<\/strong> Kit dedicado a vloggers y teletrabajadores<\/p>\n<p><strong>Dimensiones: <\/strong>Di\u00e1metro del anillo: 20 cm | Altura de elevaci\u00f3n: 80 cm m\u00e1x.,<\/p>\n<p><strong>Otras caracter\u00edsticas: <\/strong>10 niveles de intensidad | 3 Tipos de luz: luz ligera, fr\u00eda y neutra y luz c\u00e1lida | N\u00famero de LED: 120 PCS<\/p>\n<p><strong>Potencia: <\/strong>9 vatios<\/p>\n","protected":false},"excerpt":{"rendered":"<p>Accesorios: Tr\u00edpode \/ Estabilizador | Soporte para smartphone | Anel de led D\u00e9clencheur bluetooth Otra informaci\u00f3n: Kit dedicado a vloggers<\/p>\n","protected":false},"featured_media":58044,"comment_status":"closed","ping_status":"open","template":"","meta":{"_acf_changed":false},"product_brand":[2583],"product_cat":[994],"product_tag":[],"class_list":{"0":"post-74099","1":"product","2":"type-product","3":"status-publish","4":"has-post-thumbnail","6":"product_brand-starblitz-es","7":"product_cat-compactos-es","9":"first","10":"instock","11":"taxable","12":"shipping-taxable","13":"purchasable","14":"product-type-simple"},"bundled_by":[],"bundle_stock_status":"instock","bundle_stock_quantity":1,"bundle_virtual":false,"bundle_layout":"","bundle_add_to_cart_form_location":"","bundle_editable_in_cart":false,"bundle_sold_individually_context":"","bundle_item_grouping":"","bundle_min_size":"","bundle_max_size":"","bundle_price":[],"bundled_items":[],"bundle_sell_ids":[],"acf":[],"_links":{"self":[{"href":"https:\/\/hi-techwonder.com\/es\/wp-json\/wp\/v2\/product\/74099","targetHints":{"allow":["GET"]}}],"collection":[{"href":"https:\/\/hi-techwonder.com\/es\/wp-json\/wp\/v2\/product"}],"about":[{"href":"https:\/\/hi-techwonder.com\/es\/wp-json\/wp\/v2\/types\/product"}],"replies":[{"embeddable":true,"href":"https:\/\/hi-techwonder.com\/es\/wp-json\/wp\/v2\/comments?post=74099"}],"wp:featuredmedia":[{"embeddable":true,"href":"https:\/\/hi-techwonder.com\/es\/wp-json\/wp\/v2\/media\/58044"}],"wp:attachment":[{"href":"https:\/\/hi-techwonder.com\/es\/wp-json\/wp\/v2\/media?parent=74099"}],"wp:term":[{"taxonomy":"product_brand","embeddable":true,"href":"https:\/\/hi-techwonder.com\/es\/wp-json\/wp\/v2\/product_brand?post=74099"},{"taxonomy":"product_cat","embeddable":true,"href":"https:\/\/hi-techwonder.com\/es\/wp-json\/wp\/v2\/product_cat?post=74099"},{"taxonomy":"product_tag","embeddable":true,"href":"https:\/\/hi-techwonder.com\/es\/wp-json\/wp\/v2\/product_tag?post=74099"}],"curies":[{"name":"wp","href":"https:\/\/api.w.org\/{rel}","templated":true}]}}