{"id":74100,"date":"2025-07-28T23:35:11","date_gmt":"2025-07-28T23:35:11","guid":{"rendered":"https:\/\/fv6qoy3ls0.wpdns.site\/product\/studioking-parte-inferior-plegable-gris-verde-150x400cm\/"},"modified":"2026-02-11T16:35:41","modified_gmt":"2026-02-11T16:35:41","slug":"studioking-parte-inferior-plegable-gris-verde-150x400cm","status":"publish","type":"product","link":"https:\/\/hi-techwonder.com\/es\/producto\/studioking-parte-inferior-plegable-gris-verde-150x400cm\/","title":{"rendered":"STUDIOKING Parte inferior plegable gris\/verde 150x400cm"},"content":{"rendered":"<p><span style=\"font-size: small;\">El fondo se puede utilizar en interiores o exteriores y es ideal para retratos, primeros planos, naturaleza, fotograf\u00eda de productos, etc.  <br \/>Ideal para fotograf\u00eda anal\u00f3gica, digital y de v\u00eddeo.<br \/><strong>&nbsp;<\/strong><\/span><\/p>\n<p><span style=\"font-size: small;\"><strong>Contenido de la caja:<\/strong><br \/><\/span><\/p>\n<ul>\n<li><span style=\"font-size: small;\">1x Gris \/ Verde Fondo de Tela Plegable 150x400cm Ovalado<\/span><\/li>\n<li><span style=\"font-size: small;\">1x bolsa de transporte<\/span><\/li>\n<\/ul>\n<p><span style=\"font-size: small;\">&nbsp;<\/span><\/p>\n<table style=\"border-collapse: collapse; border-spacing: 0px; color: #434343; font-size: 14px; font-style: normal; font-variant-ligatures: normal; font-variant-caps: normal; font-weight: normal; letter-spacing: normal; text-align: start; text-indent: 0px; text-transform: none; white-space: normal; word-spacing: 0px; -webkit-text-stroke-width: 0px; background-color: #ffffff; text-decoration-style: initial; text-decoration-color: initial; width: 800px;\" border=\"0\">\n<tbody>\n<tr style=\"border: 1px solid #b8b8b8;\">\n<td style=\"border: 1px solid #b8b8b8; padding: 5px;\" width=\"165\" height=\"26\"><span style=\"font-size: small;\">Di\u00e1metro abierto\/cerrado:<\/span><\/td>\n<td style=\"border: 1px solid #b8b8b8; padding: 5px;\" width=\"525\"><span style=\"font-size: small;\">150x400cm\/64cm<\/span><\/td>\n<\/tr>\n<tr style=\"border: 1px solid #b8b8b8;\">\n<td style=\"border: 1px solid #b8b8b8; padding: 5px;\"><span style=\"font-size: small;\">Material:<\/span><\/td>\n<td style=\"border: 1px solid #b8b8b8; padding: 5px;\"><span style=\"font-size: small;\"><span id=\"result_box\" lang=\"pt\">Fibra sint\u00e9tica, metal<\/span><\/span><\/td>\n<\/tr>\n<\/tbody>\n<\/table>\n","protected":false},"excerpt":{"rendered":"<p>El fondo se puede utilizar en interiores o exteriores y es ideal para retratos, primeros planos, naturaleza, fotograf\u00eda de productos,<\/p>\n","protected":false},"featured_media":24429,"comment_status":"closed","ping_status":"open","template":"","meta":{"_acf_changed":false},"product_brand":[2551],"product_cat":[948],"product_tag":[],"class_list":{"0":"post-74100","1":"product","2":"type-product","3":"status-publish","4":"has-post-thumbnail","6":"product_brand-studioking-es","7":"product_cat-plegables","9":"first","10":"instock","11":"taxable","12":"shipping-taxable","13":"purchasable","14":"product-type-simple"},"bundled_by":[],"bundle_stock_status":"instock","bundle_stock_quantity":1,"bundle_virtual":false,"bundle_layout":"","bundle_add_to_cart_form_location":"","bundle_editable_in_cart":false,"bundle_sold_individually_context":"","bundle_item_grouping":"","bundle_min_size":"","bundle_max_size":"","bundle_price":[],"bundled_items":[],"bundle_sell_ids":[],"acf":[],"_links":{"self":[{"href":"https:\/\/hi-techwonder.com\/es\/wp-json\/wp\/v2\/product\/74100","targetHints":{"allow":["GET"]}}],"collection":[{"href":"https:\/\/hi-techwonder.com\/es\/wp-json\/wp\/v2\/product"}],"about":[{"href":"https:\/\/hi-techwonder.com\/es\/wp-json\/wp\/v2\/types\/product"}],"replies":[{"embeddable":true,"href":"https:\/\/hi-techwonder.com\/es\/wp-json\/wp\/v2\/comments?post=74100"}],"wp:featuredmedia":[{"embeddable":true,"href":"https:\/\/hi-techwonder.com\/es\/wp-json\/wp\/v2\/media\/24429"}],"wp:attachment":[{"href":"https:\/\/hi-techwonder.com\/es\/wp-json\/wp\/v2\/media?parent=74100"}],"wp:term":[{"taxonomy":"product_brand","embeddable":true,"href":"https:\/\/hi-techwonder.com\/es\/wp-json\/wp\/v2\/product_brand?post=74100"},{"taxonomy":"product_cat","embeddable":true,"href":"https:\/\/hi-techwonder.com\/es\/wp-json\/wp\/v2\/product_cat?post=74100"},{"taxonomy":"product_tag","embeddable":true,"href":"https:\/\/hi-techwonder.com\/es\/wp-json\/wp\/v2\/product_tag?post=74100"}],"curies":[{"name":"wp","href":"https:\/\/api.w.org\/{rel}","templated":true}]}}