{"id":74101,"date":"2025-07-29T09:06:06","date_gmt":"2025-07-29T09:06:06","guid":{"rendered":"https:\/\/fv6qoy3ls0.wpdns.site\/product\/filtro-uv-ultravioleta-y-de-proteccion-starblitz-62mm\/"},"modified":"2026-04-02T11:22:00","modified_gmt":"2026-04-02T10:22:00","slug":"starblitz-filtro-uv-ultravioleta-y-de-proteccion-starblitz-62mm","status":"publish","type":"product","link":"https:\/\/hi-techwonder.com\/es\/producto\/starblitz-filtro-uv-ultravioleta-y-de-proteccion-starblitz-62mm\/","title":{"rendered":"Filtro UV (Ultravioleta) y de Protecci\u00f3n STARBLITZ 62mm"},"content":{"rendered":"<p>Cuando se coloca en la lente, este filtro sirve como protecci\u00f3n contra salpicaduras de agua, part\u00edculas de polvo, peque\u00f1os golpes y ara\u00f1azos accidentales. En fotos al aire libre, este filtro con tratamiento ultravioleta incoloro absorbe la radiaci\u00f3n UV y los rayos de onda corta. <\/p>\n<p>Incluso cuando se usa, este filtro no impide el uso de un parasol en la lente. Los filtros UV tienen como objetivo filtrar la radiaci\u00f3n ultravioleta, a pesar de ser invisibles para el ojo humano, los rayos UV son los responsables de producir el efecto de velo atmosf\u00e9rico <\/p>\n<p>Para comprobar el di\u00e1metro correcto del filtro, basta con mirar el manual del objetivo, o ver el di\u00e1metro marcado en el propio objetivo. (ejemplo: 49 mm, 52 mm, 55 mm) <\/p>\n<p>Este filtro tiene dos funciones esenciales:<\/p>\n<ul>\n<li>Tratamiento anti-UV<\/li>\n<\/ul>\n<p>El uso del filtro UV reduce este efecto en entornos donde hay exceso de radiaci\u00f3n UV, produciendo im\u00e1genes m\u00e1s n\u00edtidas, y se recomienda para fotograf\u00edas junto al mar y paisajes de monta\u00f1a.<\/p>\n<ul>\n<li>Protecci\u00f3n<\/li>\n<\/ul>\n<p>El filtro uv, sirve como protector permanente para la lente de la lente, salpicaduras de agua, contra ara\u00f1azos, polvo y grasa de los dedos.<\/p>\n<p>Fijado permanentemente al objetivo, este filtro proteger\u00e1 eficazmente el objetivo frontal de su objetivo.<\/p>\n","protected":false},"excerpt":{"rendered":"<p>Cuando se coloca en la lente, este filtro sirve como protecci\u00f3n contra salpicaduras de agua, part\u00edculas de polvo, peque\u00f1os golpes<\/p>\n","protected":false},"featured_media":44939,"comment_status":"closed","ping_status":"closed","template":"","meta":{"_acf_changed":false},"product_brand":[2583],"product_cat":[1052],"product_tag":[],"class_list":{"0":"post-74101","1":"product","2":"type-product","3":"status-publish","4":"has-post-thumbnail","6":"product_brand-starblitz-es","7":"product_cat-proteccion-uv","8":"pa_diametro-62mm-es","10":"first","11":"instock","12":"taxable","13":"shipping-taxable","14":"purchasable","15":"product-type-simple"},"bundled_by":[],"bundle_stock_status":"instock","bundle_stock_quantity":3,"bundle_virtual":false,"bundle_layout":"","bundle_add_to_cart_form_location":"","bundle_editable_in_cart":false,"bundle_sold_individually_context":"","bundle_item_grouping":"","bundle_min_size":"","bundle_max_size":"","bundle_price":[],"bundled_items":[],"bundle_sell_ids":[],"acf":[],"_links":{"self":[{"href":"https:\/\/hi-techwonder.com\/es\/wp-json\/wp\/v2\/product\/74101","targetHints":{"allow":["GET"]}}],"collection":[{"href":"https:\/\/hi-techwonder.com\/es\/wp-json\/wp\/v2\/product"}],"about":[{"href":"https:\/\/hi-techwonder.com\/es\/wp-json\/wp\/v2\/types\/product"}],"replies":[{"embeddable":true,"href":"https:\/\/hi-techwonder.com\/es\/wp-json\/wp\/v2\/comments?post=74101"}],"wp:featuredmedia":[{"embeddable":true,"href":"https:\/\/hi-techwonder.com\/es\/wp-json\/wp\/v2\/media\/44939"}],"wp:attachment":[{"href":"https:\/\/hi-techwonder.com\/es\/wp-json\/wp\/v2\/media?parent=74101"}],"wp:term":[{"taxonomy":"product_brand","embeddable":true,"href":"https:\/\/hi-techwonder.com\/es\/wp-json\/wp\/v2\/product_brand?post=74101"},{"taxonomy":"product_cat","embeddable":true,"href":"https:\/\/hi-techwonder.com\/es\/wp-json\/wp\/v2\/product_cat?post=74101"},{"taxonomy":"product_tag","embeddable":true,"href":"https:\/\/hi-techwonder.com\/es\/wp-json\/wp\/v2\/product_tag?post=74101"}],"curies":[{"name":"wp","href":"https:\/\/api.w.org\/{rel}","templated":true}]}}