{"id":74138,"date":"2025-07-28T23:35:36","date_gmt":"2025-07-28T23:35:36","guid":{"rendered":"https:\/\/fv6qoy3ls0.wpdns.site\/product\/superior-papel-inferior-06-nassau-1-35x11m\/"},"modified":"2025-12-03T10:59:47","modified_gmt":"2025-12-03T10:59:47","slug":"superior-papel-inferior-06-nassau-1-35x11m","status":"publish","type":"product","link":"https:\/\/hi-techwonder.com\/es\/producto\/superior-papel-inferior-06-nassau-1-35x11m\/","title":{"rendered":"SUPERIOR Fondo de Papel  06 NASSAU &#8211; 1.35X11M"},"content":{"rendered":"<div>\n<p><strong>Fondo de papel SUPERIOR <\/strong><strong>#06 NASSAU &#8211; 1.35X11M<\/strong><\/p>\n<p>Los fondos de papel tienen una superficie mate, evitando as\u00ed reflejos o deslumbramientos en las im\u00e1genes. El papel es de alta resistencia con un gramaje de 158gr\/m\u00b2. La base de papel viene con un n\u00facleo interior de cart\u00f3n que evita la deformaci\u00f3n de la parte inferior.<\/p>\n<p><strong>Datos ambientales:<\/strong><\/p>\n<ul>\n<li>Papel fabricado en bosques bien gestionados y certificados<\/li>\n<li>Fabricado con energ\u00eda 100% hidroel\u00e9ctrica<\/li>\n<li>Libre de cloro elemental<\/li>\n<li>Contiene fibra reciclada<\/li>\n<li>100% reciclable<\/li>\n<\/ul>\n<p><strong>Contenido de la caja:<\/strong><\/p>\n<ul>\n<li>1x Fondo de papel TOP #06 NASSAU &#8211; 1.35X11M<\/li>\n<\/ul>\n<p><video controls=\"controls\" width=\"1000\" height=\"500\"><source src=\"http:\/\/superiorseam.wpengine.com\/wp-content\/uploads\/2020\/Superior-Seamless-Paper-Video.mp4\" type=\"video\/mp4\" \/><\/video><\/p>\n<\/div>\n<div><\/div>\n","protected":false},"excerpt":{"rendered":"<p>Fondo de papel SUPERIOR #06 NASSAU &#8211; 1.35X11M Los fondos de papel tienen una superficie mate, evitando as\u00ed reflejos o<\/p>\n","protected":false},"featured_media":24540,"comment_status":"closed","ping_status":"closed","template":"","meta":{"_acf_changed":false},"product_brand":[2585],"product_cat":[949],"product_tag":[],"class_list":{"0":"post-74138","1":"product","2":"type-product","3":"status-publish","4":"has-post-thumbnail","6":"product_brand-superior-es","7":"product_cat-papel-13-m","8":"pa_cor-azul-es","10":"first","11":"outofstock","12":"taxable","13":"shipping-taxable","14":"purchasable","15":"product-type-simple"},"bundled_by":[],"bundle_stock_status":"outofstock","bundle_stock_quantity":null,"bundle_virtual":false,"bundle_layout":"","bundle_add_to_cart_form_location":"","bundle_editable_in_cart":false,"bundle_sold_individually_context":"","bundle_item_grouping":"","bundle_min_size":"","bundle_max_size":"","bundle_price":[],"bundled_items":[],"bundle_sell_ids":[],"acf":[],"_links":{"self":[{"href":"https:\/\/hi-techwonder.com\/es\/wp-json\/wp\/v2\/product\/74138","targetHints":{"allow":["GET"]}}],"collection":[{"href":"https:\/\/hi-techwonder.com\/es\/wp-json\/wp\/v2\/product"}],"about":[{"href":"https:\/\/hi-techwonder.com\/es\/wp-json\/wp\/v2\/types\/product"}],"replies":[{"embeddable":true,"href":"https:\/\/hi-techwonder.com\/es\/wp-json\/wp\/v2\/comments?post=74138"}],"wp:featuredmedia":[{"embeddable":true,"href":"https:\/\/hi-techwonder.com\/es\/wp-json\/wp\/v2\/media\/24540"}],"wp:attachment":[{"href":"https:\/\/hi-techwonder.com\/es\/wp-json\/wp\/v2\/media?parent=74138"}],"wp:term":[{"taxonomy":"product_brand","embeddable":true,"href":"https:\/\/hi-techwonder.com\/es\/wp-json\/wp\/v2\/product_brand?post=74138"},{"taxonomy":"product_cat","embeddable":true,"href":"https:\/\/hi-techwonder.com\/es\/wp-json\/wp\/v2\/product_cat?post=74138"},{"taxonomy":"product_tag","embeddable":true,"href":"https:\/\/hi-techwonder.com\/es\/wp-json\/wp\/v2\/product_tag?post=74138"}],"curies":[{"name":"wp","href":"https:\/\/api.w.org\/{rel}","templated":true}]}}