{"id":74141,"date":"2025-07-29T09:00:51","date_gmt":"2025-07-29T09:00:51","guid":{"rendered":"https:\/\/fv6qoy3ls0.wpdns.site\/product\/funda-de-silicona-sunnylife-para-dji-mini-3-pro-rc-gris\/"},"modified":"2026-01-31T02:48:59","modified_gmt":"2026-01-31T02:48:59","slug":"sunnylife-funda-de-silicona-sunnylife-para-dji-mini-3-pro-rc-gris","status":"publish","type":"product","link":"https:\/\/hi-techwonder.com\/es\/producto\/sunnylife-funda-de-silicona-sunnylife-para-dji-mini-3-pro-rc-gris\/","title":{"rendered":"Funda de silicona SUNNYLIFE para DJI MINI 3 PRO RC (gris)"},"content":{"rendered":"<p><strong>Funda protectora de silicona para el controlador SUNNYLIFE DJI MINI 3 PRO RC (gris)<\/strong><\/p>\n<p><strong>Caracter\u00edsticas principales:<\/strong><\/p>\n<ul>\n<li>Funda protectora para controlador DJI MINI 3 PRO RC.<\/li>\n<li>Con parasol para bloquear la luz.<\/li>\n<li>A prueba de golpes, ara\u00f1azos y polvo.<\/li>\n<li>Tira antideslizante en ambos lados.<\/li>\n<li>No bloquea la se\u00f1al de la antena.<\/li>\n<li>Material: Silicona suave.<\/li>\n<li style=\"text-align: justify\">Color gris.<\/li>\n<\/ul>\n<p style=\"text-align: justify\">Protege tu controlador DJI MINI 3 PRO RC con esta funda de silicona de Sunnylife. Protecci\u00f3n contra ara\u00f1azos, ca\u00eddas y polvo. Viene incorporado con un parasol para bloquear las luces no deseadas y permitir una mejor visibilidad de la pantalla de su controlador. El parasol de lente suave lo hace compatible con el joystick del controlador. F\u00e1cil de lavar y limpiar y dif\u00edcil de deformar. Permite el uso de correas y se puede guardar con el controlador en su estuche original.     &nbsp;<\/p>\n<p style=\"text-align: justify\"><strong>Caracter\u00edsticas t\u00e9cnicas<\/strong><\/p>\n<p style=\"text-align: justify\"><strong>Nombre:<\/strong> Funda de silicona Sunnylife<\/p>\n<p style=\"text-align: justify\"><strong>Modelo compatible:<\/strong> DJI RC<\/p>\n<p style=\"text-align: justify\"><strong>Material:<\/strong> Silicona<\/p>\n<p style=\"text-align: justify\"><strong>Caracter\u00edsticas t\u00e9cnicas:<\/strong> Con sombrilla<\/p>\n<p style=\"text-align: justify\"><strong>Peso:<\/strong> 94g<\/p>\n","protected":false},"excerpt":{"rendered":"<p>Funda protectora de silicona para el controlador SUNNYLIFE DJI MINI 3 PRO RC (gris) Caracter\u00edsticas principales: Funda protectora para controlador<\/p>\n","protected":false},"featured_media":43978,"comment_status":"closed","ping_status":"open","template":"","meta":{"_acf_changed":false},"product_brand":[2672],"product_cat":[936],"product_tag":[],"class_list":{"0":"post-74141","1":"product","2":"type-product","3":"status-publish","4":"has-post-thumbnail","6":"product_brand-sunnylife-es","7":"product_cat-accesorios-drones","9":"first","10":"instock","11":"taxable","12":"shipping-taxable","13":"purchasable","14":"product-type-simple"},"bundled_by":[],"bundle_stock_status":"instock","bundle_stock_quantity":1,"bundle_virtual":false,"bundle_layout":"","bundle_add_to_cart_form_location":"","bundle_editable_in_cart":false,"bundle_sold_individually_context":"","bundle_item_grouping":"","bundle_min_size":"","bundle_max_size":"","bundle_price":[],"bundled_items":[],"bundle_sell_ids":[],"acf":[],"_links":{"self":[{"href":"https:\/\/hi-techwonder.com\/es\/wp-json\/wp\/v2\/product\/74141","targetHints":{"allow":["GET"]}}],"collection":[{"href":"https:\/\/hi-techwonder.com\/es\/wp-json\/wp\/v2\/product"}],"about":[{"href":"https:\/\/hi-techwonder.com\/es\/wp-json\/wp\/v2\/types\/product"}],"replies":[{"embeddable":true,"href":"https:\/\/hi-techwonder.com\/es\/wp-json\/wp\/v2\/comments?post=74141"}],"wp:featuredmedia":[{"embeddable":true,"href":"https:\/\/hi-techwonder.com\/es\/wp-json\/wp\/v2\/media\/43978"}],"wp:attachment":[{"href":"https:\/\/hi-techwonder.com\/es\/wp-json\/wp\/v2\/media?parent=74141"}],"wp:term":[{"taxonomy":"product_brand","embeddable":true,"href":"https:\/\/hi-techwonder.com\/es\/wp-json\/wp\/v2\/product_brand?post=74141"},{"taxonomy":"product_cat","embeddable":true,"href":"https:\/\/hi-techwonder.com\/es\/wp-json\/wp\/v2\/product_cat?post=74141"},{"taxonomy":"product_tag","embeddable":true,"href":"https:\/\/hi-techwonder.com\/es\/wp-json\/wp\/v2\/product_tag?post=74141"}],"curies":[{"name":"wp","href":"https:\/\/api.w.org\/{rel}","templated":true}]}}