{"id":74191,"date":"2025-07-28T23:36:56","date_gmt":"2025-07-28T23:36:56","guid":{"rendered":"https:\/\/fv6qoy3ls0.wpdns.site\/product\/papel-superior-inferior-93-arctic-white-2-72x11m\/"},"modified":"2026-01-31T03:43:35","modified_gmt":"2026-01-31T03:43:35","slug":"superior-papel-superior-inferior-93-arctic-white-2-72x11m","status":"publish","type":"product","link":"https:\/\/hi-techwonder.com\/es\/producto\/superior-papel-superior-inferior-93-arctic-white-2-72x11m\/","title":{"rendered":"SUPERIOR Fondo de Papel 93 ARCTIC WHITE &#8211; 2.72X11M"},"content":{"rendered":"<div id=\"ContentPlaceHolder1_divProductDescription\" class=\"description detail-panel\"><\/div>\n<p><strong>Fondo de papel TOP <\/strong><strong>#<\/strong><strong>93 ARCTIC WHITE &#8211; 2.72X11M<\/strong><\/p>\n<p><strong>IMPORTANTE: ESTE ART\u00cdCULO SOLO EST\u00c1 DISPONIBLE PARA RECOGER EN LA TIENDA. LOS PEDIDOS DE ENV\u00cdO SER\u00c1N NULOS. <\/strong><\/p>\n<p>Los fondos de papel tienen una superficie mate, evitando as\u00ed reflejos o deslumbramientos en las im\u00e1genes. El papel es de alta resistencia con un gramaje de 158gr\/m\u00b2. La base de papel viene con un n\u00facleo interior de cart\u00f3n que evita la deformaci\u00f3n del fondo, sin embargo, en \u00e1reas de alta humedad, recomendamos el uso de un n\u00facleo de aluminio.  &nbsp;<\/p>\n<p><strong>Datos ambientales:<\/strong><\/p>\n<ul>\n<li>Papel fabricado en bosques bien gestionados y certificados<\/li>\n<li>Fabricado con energ\u00eda 100% hidroel\u00e9ctrica<\/li>\n<li>Libre de cloro elemental<\/li>\n<li>Contiene fibra reciclada<\/li>\n<li>100% reciclable<\/li>\n<\/ul>\n<p><strong>Contenido de la caja:<\/strong><\/p>\n<ul>\n<li>1x Fondo de papel TOP #93 ARCTIC WHITE &#8211; 2.72X11M<\/li>\n<\/ul>\n<p><video controls=\"controls\" width=\"1000\" height=\"500\"><br \/>\n<\/video><\/p>\n","protected":false},"excerpt":{"rendered":"<p>Debido al tama\u00f1o de este art\u00edculo, solo se env\u00eda una vez por semana, los viernes, y el transporte puede tardar m\u00e1s de 24 horas.<\/p>\n","protected":false},"featured_media":24740,"comment_status":"closed","ping_status":"closed","template":"","meta":{"_acf_changed":false},"product_brand":[2585],"product_cat":[951],"product_tag":[],"class_list":{"0":"post-74191","1":"product","2":"type-product","3":"status-publish","4":"has-post-thumbnail","6":"product_brand-superior-es","7":"product_cat-papel-27m-es","8":"pa_cor-blanco","10":"first","11":"outofstock","12":"taxable","13":"shipping-taxable","14":"purchasable","15":"product-type-simple"},"bundled_by":[],"bundle_stock_status":"outofstock","bundle_stock_quantity":null,"bundle_virtual":false,"bundle_layout":"","bundle_add_to_cart_form_location":"","bundle_editable_in_cart":false,"bundle_sold_individually_context":"","bundle_item_grouping":"","bundle_min_size":"","bundle_max_size":"","bundle_price":[],"bundled_items":[],"bundle_sell_ids":[],"acf":[],"_links":{"self":[{"href":"https:\/\/hi-techwonder.com\/es\/wp-json\/wp\/v2\/product\/74191","targetHints":{"allow":["GET"]}}],"collection":[{"href":"https:\/\/hi-techwonder.com\/es\/wp-json\/wp\/v2\/product"}],"about":[{"href":"https:\/\/hi-techwonder.com\/es\/wp-json\/wp\/v2\/types\/product"}],"replies":[{"embeddable":true,"href":"https:\/\/hi-techwonder.com\/es\/wp-json\/wp\/v2\/comments?post=74191"}],"wp:featuredmedia":[{"embeddable":true,"href":"https:\/\/hi-techwonder.com\/es\/wp-json\/wp\/v2\/media\/24740"}],"wp:attachment":[{"href":"https:\/\/hi-techwonder.com\/es\/wp-json\/wp\/v2\/media?parent=74191"}],"wp:term":[{"taxonomy":"product_brand","embeddable":true,"href":"https:\/\/hi-techwonder.com\/es\/wp-json\/wp\/v2\/product_brand?post=74191"},{"taxonomy":"product_cat","embeddable":true,"href":"https:\/\/hi-techwonder.com\/es\/wp-json\/wp\/v2\/product_cat?post=74191"},{"taxonomy":"product_tag","embeddable":true,"href":"https:\/\/hi-techwonder.com\/es\/wp-json\/wp\/v2\/product_tag?post=74191"}],"curies":[{"name":"wp","href":"https:\/\/api.w.org\/{rel}","templated":true}]}}