{"id":74234,"date":"2025-07-29T09:50:59","date_gmt":"2025-07-29T09:50:59","guid":{"rendered":"https:\/\/fv6qoy3ls0.wpdns.site\/product\/tamron-70-180mm-f-2-8-di-iii-vc-vxd-g2-sony-e\/"},"modified":"2026-04-10T16:45:03","modified_gmt":"2026-04-10T15:45:03","slug":"tamron-70-180mm-f-2-8-di-iii-vc-vxd-g2-sony-e","status":"publish","type":"product","link":"https:\/\/hi-techwonder.com\/es\/producto\/tamron-70-180mm-f-2-8-di-iii-vc-vxd-g2-sony-e\/","title":{"rendered":"TAMRON 70-180mm F\/2.8 Di III VC VXD G2 Sony E"},"content":{"rendered":"<h3>TAMRON 70-180mm F\/2.8 Di III VC VXD G2 &#8211; Sony E<\/h3>\n<ul>\n<li>Fotograma completo | f\/2.8 a f\/22<\/li>\n<li>Zoom de rango medio r\u00e1pido y compacto<\/li>\n<li>Compensaci\u00f3n de vibraciones IS<\/li>\n<li>Mecanismo de enfoque de motor lineal VXD<\/li>\n<li>Construcci\u00f3n resistente a la humedad<\/li>\n<li>Recubrimiento de fl\u00faor<\/li>\n<\/ul>\n<p><iframe loading=\"lazy\" style=\"min-height: 500px; width: 100%; height: auto;\" src=\"https:\/\/www.youtube.com\/embed\/7lXiFGcx7qE\" width=\"560\" height=\"314\" allowfullscreen=\"allowfullscreen\"><\/iframe><\/p>\n<h4>El m\u00e1s peque\u00f1o y ligero del mundo con una r\u00e1pida apertura F2.8 y un rendimiento excepcional<\/h4>\n<p>El objetivo Tamron 70-180mm F\/2.8 Di III VC VXD G2 (modelo A065) es el sucesor \u00abG2\u00bb de segunda generaci\u00f3n del aclamado A056. El nuevo modelo conserva la r\u00e1pida apertura F2.8 y el teleobjetivo de 180 mm, al tiempo que logra el tama\u00f1o m\u00e1s peque\u00f1o del mundo y el peso m\u00e1s liviano de su clase. El dise\u00f1o \u00f3ptico se ha redise\u00f1ado por completo para mantener el m\u00e1s alto nivel de movilidad. La combinaci\u00f3n precisa de vidrio especial, incluidos los elementos de lente XLD y LD, ofrece un rendimiento \u00f3ptico sin concesiones en todo el rango del zoom. Con el 70-180 mm F2.8 G2, TAMRON ha llevado el rendimiento de renderizado y la miniaturizaci\u00f3n al l\u00edmite, avances que mejoran el disfrute de capturar el mundo que lo rodea.    <\/p>\n<p><img loading=\"lazy\" decoding=\"async\" src=\"https:\/\/a.storyblok.com\/f\/141583\/1800x1200\/2b74334d49\/a065_kazuyuki_omori_small_portrait3_20230809.jpg\/m\/\" alt=\"\" width=\"600\" height=\"400\"><\/p>\n<h4>AF r\u00e1pido y preciso y rendimiento de seguimiento mejorado m\u00e1s mecanismo VC<\/h4>\n<p>La unidad AF contin\u00faa utilizando el mecanismo de enfoque de motor lineal VXD4, que combina velocidad y precisi\u00f3n l\u00edderes en su clase para un enfoque r\u00e1pido y preciso. Los c\u00e1lculos precisos utilizados para actualizar el 50-400 mm F4.5-6.3 (A067) y el 150-500 mm F5-6.7 (A057) se han reelaborado para mejorar el seguimiento de sujetos en movimiento, lo que garantiza que nunca se pierda la acci\u00f3n, ya sea que est\u00e9 tomando fotograf\u00edas o videos. Adem\u00e1s, el 70-180 mm F2.8 G2 est\u00e1 equipado con el mecanismo VC5 de TAMRON. Este mecanismo suprime el movimiento de la c\u00e1mara, que tiende a ocurrir cuando se dispara con el teleobjetivo, durante el enfoque cercano o con poca luz para obtener resultados m\u00e1s n\u00edtidos.   <\/p>\n<h4>El MOD de 0,3 m abre nuevas posibilidades<\/h4>\n<p>Disparar a corta distancia, que solo era posible con el enfoque manual en el modelo de 1\u00aa generaci\u00f3n, ahora es posible con el enfoque autom\u00e1tico del 70-180 mm F2.8 G2. TAMRON pudo reducir el MOD de 0,3 m a 70 mm. A 70 mm, la distancia de trabajo es de 12 cm y la relaci\u00f3n de aumento m\u00e1xima es de 1:2,6. Esto ampl\u00eda las posibilidades de expresi\u00f3n con una sola lente.   <\/p>\n<p><img loading=\"lazy\" decoding=\"async\" src=\"https:\/\/a.storyblok.com\/f\/141583\/1800x1200\/012bb2db13\/a065_ian_plant_small_indonesia6_20230809.jpg\/m\/\" alt=\"\" width=\"600\" height=\"400\"><\/p>\n<h4>Compatible con el software TAMRON Lens Utility<\/h4>\n<p>El 70-180 mm F2.8 G2 es compatible con el software TAMRON Lens Utility desarrollado por TAMRON. La utilidad de lentes TAMRON permite a los usuarios cambiar la configuraci\u00f3n de la lente, asignar funciones al cuerpo de la c\u00e1mara y actualizar el firmware cuando sea necesario. Los usuarios pueden personalizar las funciones para diferentes estilos de disparo en im\u00e1genes fijas y videos para una experiencia de disparo m\u00e1s personalizada y gratificante.  <\/p>\n<h4>M\u00e1s caracter\u00edsticas<\/h4>\n<ul>\n<li>Sistema de enfoque interno (IF): Enfoque interno: el enfoque interno evita que el tambor se extienda y gire durante el enfoque. La lente es m\u00e1s f\u00e1cil de manejar y es adecuada para su uso con filtros polarizadores o de gradaci\u00f3n. <\/li>\n<li>Recubrimiento de fl\u00faor: El recubrimiento de fl\u00faor protege la lente frontal de la contaminaci\u00f3n. Evita que las gotas de aceite y agua se adhieran a la superficie. Las huellas dactilares y la suciedad son m\u00e1s f\u00e1ciles de eliminar.  <\/li>\n<li>Construcci\u00f3n resistente a la humedad: La lente es resistente a las salpicaduras. Todas las \u00e1reas cr\u00edticas tienen sellos especiales. Las lentes con esta caracter\u00edstica son ideales para uso en exteriores con mal tiempo.  <\/li>\n<li>Bloqueo de zoom: El mecanismo ZL evita la extensi\u00f3n no deseada del tubo durante el transporte. El bloqueo, que se activa mediante un interruptor, protege la lente de da\u00f1os y, al mismo tiempo, garantiza que est\u00e9 lista para su uso r\u00e1pidamente. <\/li>\n<li>Vidrio XLD (dispersi\u00f3n ultrabaja): Elementos de dispersi\u00f3n ultrabaja: XLD tiene un \u00edndice de dispersi\u00f3n de color particularmente bajo. Reducen las aberraciones crom\u00e1ticas que aparecen como franjas de color en los bordes de contraste y reducen la nitidez de la imagen. <\/li>\n<li>Accionamiento de par extremo de bobina de voz: El enfoque autom\u00e1tico VXD garantiza un enfoque r\u00e1pido y preciso de objetos cercanos y lejanos. El motor de enfoque silencioso responde a la velocidad de la luz y es especialmente adecuado para im\u00e1genes de sujetos en movimiento. <\/li>\n<li>Baja dispersi\u00f3n: Los elementos LD tienen un \u00edndice de dispersi\u00f3n de color particularmente bajo. Reducen las aberraciones crom\u00e1ticas que aparecen como franjas de color en los bordes de contraste y reducen la nitidez de la imagen. <\/li>\n<li>VC (Compensaci\u00f3n de vibraci\u00f3n): Estabilizaci\u00f3n de imagen desarrollada por Tamron que compensa el movimiento no deseado de la c\u00e1mara para obtener im\u00e1genes m\u00e1s n\u00edtidas. Con el estabilizador de imagen VC son posibles velocidades de obturaci\u00f3n hasta 5 EV m\u00e1s lentas. <\/li>\n<li>TAMRON Lens Utility: El nuevo software TAMRON Lens Utility ha sido desarrollado por nosotros para configurar nuestros propios lentes TAMRON. Despu\u00e9s de instalar el programa en una computadora, se pueden conectar lentes compatibles a la computadora a trav\u00e9s de un cable de conexi\u00f3n para personalizar varias funciones de la lente o para actualizar el firmware de la lente. <\/li>\n<li>BBAR G2 Wideband Anti-Glare: El revestimiento m\u00faltiple BBAR garantiza im\u00e1genes brillantes con colores naturales. Reduce el reflejo de los rayos de luz que inciden en la superficie de la lente. Desde 2019 se utiliza el recubrimiento BBAR G2 m\u00e1s avanzado.  <\/li>\n<\/ul>\n<h4>Caracter\u00edsticas t\u00e9cnicas<\/h4>\n<table style=\"border-collapse: collapse; width: 99.9842%; height: 454.333px;\" border=\"1\">\n<tbody>\n<tr style=\"height: 22.3958px;\">\n<td style=\"width: 49.3554%; height: 22.3958px;\">Distancia<\/td>\n<p> focal<\/p>\n<td style=\"width: 49.3554%; height: 22.3958px;\">70-180 mil\u00edmetros<\/td>\n<\/tr>\n<tr>\n<td style=\"width: 49.3554%;\">Cobertura de la forma de la lente <\/td>\n<td style=\"width: 49.3554%;\">Fotograma completo<\/td>\n<\/tr>\n<tr style=\"height: 22.3958px;\">\n<td style=\"width: 49.3554%; height: 22.3958px;\">Apertura (m\u00e1x.-m\u00edn.)<\/td>\n<td style=\"width: 49.3554%; height: 22.3958px;\">f\/2.8-f\/22<\/td>\n<\/tr>\n<tr style=\"height: 92.7917px;\">\n<td style=\"width: 49.3554%; height: 92.7917px;\">Distancia m\u00ednima de enfoque<\/td>\n<td style=\"width: 49.3554%; height: 92.7917px;\">\n<p>0,3 m (70 mm)<\/p>\n<p>0,85 m (180 mm)<\/p>\n<\/td>\n<\/tr>\n<tr style=\"height: 92.7917px;\">\n<td style=\"width: 49.3554%; height: 92.7917px;\">Relaci\u00f3n de aumento m\u00e1xima<\/td>\n<td style=\"width: 49.3554%; height: 92.7917px;\">\n<p>1:2,6 (70 mm)<\/p>\n<p>1:4.7 (180 mm)<\/p>\n<\/td>\n<\/tr>\n<tr style=\"height: 22.3958px;\">\n<td style=\"width: 49.3554%; height: 22.3958px;\">Tama\u00f1o del filtro<\/td>\n<td style=\"width: 49.3554%; height: 22.3958px;\">67 mil\u00edmetros<\/td>\n<\/tr>\n<tr style=\"height: 22.3958px;\">\n<td style=\"width: 49.3554%; height: 22.3958px;\">Peso<\/td>\n<td style=\"width: 49.3554%; height: 22.3958px;\">855 gramos<\/td>\n<\/tr>\n<tr style=\"height: 22.3958px;\">\nN\u00famero <\/p>\n<td style=\"width: 49.3554%; height: 22.3958px;\">de modelo<\/td>\n<td style=\"width: 49.3554%; height: 22.3958px;\">A065<\/td>\n<\/tr>\n<tr style=\"height: 22.3958px;\">\n<td style=\"width: 49.3554%; height: 22.3958px;\">Dise\u00f1o \u00f3ptico<\/td>\n<td style=\"width: 49.3554%; height: 22.3958px;\">15 grupos y 20 elementos<\/td>\n<\/tr>\n<tr style=\"height: 22.3958px;\">\n<td style=\"width: 49.3554%; height: 22.3958px;\">\u00c1ngulo de visi\u00f3n<\/td>\n<td style=\"width: 49.3554%; height: 22.3958px;\">34\u00b021&#8242; (70mm) -13\u00b042&#8242; (180mm)<\/td>\n<\/tr>\n<tr style=\"height: 22.3958px;\">\n<td style=\"width: 49.3554%; height: 22.3958px;\">Hojas de diafragma<\/td>\n<td style=\"width: 49.3554%; height: 22.3958px;\">9<\/td>\n<\/tr>\n<tr style=\"height: 22.3958px;\">\n<td style=\"width: 49.3554%; height: 22.3958px;\">Dimensiones (D x L)<\/td>\n<td style=\"width: 49.3554%; height: 22.3958px;\">83 mm x 156,5 mm<\/td>\n<\/tr>\n<tr style=\"height: 22.3958px;\">\n<td style=\"width: 49.3554%; height: 22.3958px;\">Color<\/td>\n<td style=\"width: 49.3554%; height: 22.3958px;\">Negro<\/td>\n<\/tr>\n<\/tbody>\n<\/table>\n","protected":false},"excerpt":{"rendered":"<p>TAMRON 70-180mm F\/2.8 Di III VC VXD G2 &#8211; Sony E Fotograma completo | f\/2.8 a f\/22 Zoom de rango<\/p>\n","protected":false},"featured_media":54969,"comment_status":"closed","ping_status":"open","template":"","meta":{"_acf_changed":false},"product_brand":[2681],"product_cat":[1062],"product_tag":[],"class_list":{"0":"post-74234","1":"product","2":"type-product","3":"status-publish","4":"has-post-thumbnail","6":"product_brand-tamron-es","7":"product_cat-mirrorless-objectivos","8":"pa_abertura-maxima-f-2-8-es","10":"first","11":"instock","12":"taxable","13":"shipping-taxable","14":"purchasable","15":"product-type-simple"},"bundled_by":[],"bundle_stock_status":"instock","bundle_stock_quantity":1,"bundle_virtual":false,"bundle_layout":"","bundle_add_to_cart_form_location":"","bundle_editable_in_cart":false,"bundle_sold_individually_context":"","bundle_item_grouping":"","bundle_min_size":"","bundle_max_size":"","bundle_price":[],"bundled_items":[],"bundle_sell_ids":[],"acf":[],"_links":{"self":[{"href":"https:\/\/hi-techwonder.com\/es\/wp-json\/wp\/v2\/product\/74234","targetHints":{"allow":["GET"]}}],"collection":[{"href":"https:\/\/hi-techwonder.com\/es\/wp-json\/wp\/v2\/product"}],"about":[{"href":"https:\/\/hi-techwonder.com\/es\/wp-json\/wp\/v2\/types\/product"}],"replies":[{"embeddable":true,"href":"https:\/\/hi-techwonder.com\/es\/wp-json\/wp\/v2\/comments?post=74234"}],"wp:featuredmedia":[{"embeddable":true,"href":"https:\/\/hi-techwonder.com\/es\/wp-json\/wp\/v2\/media\/54969"}],"wp:attachment":[{"href":"https:\/\/hi-techwonder.com\/es\/wp-json\/wp\/v2\/media?parent=74234"}],"wp:term":[{"taxonomy":"product_brand","embeddable":true,"href":"https:\/\/hi-techwonder.com\/es\/wp-json\/wp\/v2\/product_brand?post=74234"},{"taxonomy":"product_cat","embeddable":true,"href":"https:\/\/hi-techwonder.com\/es\/wp-json\/wp\/v2\/product_cat?post=74234"},{"taxonomy":"product_tag","embeddable":true,"href":"https:\/\/hi-techwonder.com\/es\/wp-json\/wp\/v2\/product_tag?post=74234"}],"curies":[{"name":"wp","href":"https:\/\/api.w.org\/{rel}","templated":true}]}}