{"id":74235,"date":"2025-07-29T09:50:50","date_gmt":"2025-07-29T09:50:50","guid":{"rendered":"https:\/\/fv6qoy3ls0.wpdns.site\/product\/tamron-28-75mm-f-2-8-di-iii-vxd-g2-sony-e\/"},"modified":"2026-04-23T11:07:44","modified_gmt":"2026-04-23T10:07:44","slug":"tamron-28-75mm-f-2-8-di-iii-vxd-g2-sony-e","status":"publish","type":"product","link":"https:\/\/hi-techwonder.com\/es\/producto\/tamron-28-75mm-f-2-8-di-iii-vxd-g2-sony-e\/","title":{"rendered":"TAMRON 28-75mm f\/2.8 Di III VXD G2 Sony E"},"content":{"rendered":"<p>El 28-75mm F\/2.8 Di III VXD G2 es un objetivo zoom est\u00e1ndar de apertura r\u00e1pida para c\u00e1maras mirrorless de fotograma completo con montura E de Sony. Es el sucesor del popular 28-75 mm F\/2.8 Di III RXD, un objetivo que ha dado un vuelco al pensamiento convencional sobre los objetivos zoom invertidos est\u00e1ndar. La alta definici\u00f3n y la calidad de imagen espectacular son \u00e1reas clave de avance.  <\/p>\n<p><iframe loading=\"lazy\" style=\"width: 100%;\" src=\"https:\/\/www.youtube.com\/embed\/GJ-sfYj1bpE?t=4s\" width=\"560\" height=\"314\" allowfullscreen=\"allowfullscreen\"><\/iframe><\/p>\n<p><strong>Caracter\u00edsticas principales:<\/strong><\/p>\n<ul>\n<li>Lente con montura E\/formato de fotograma completo<\/li>\n<li>Apertura m\u00e1xima: f\/2.8<\/li>\n<li>Dise\u00f1o \u00f3ptico actualizado<\/li>\n<li>Mecanismo de enfoque de motor lineal VXD<\/li>\n<li>Distancia m\u00ednima de enfoque: 18 cm<\/li>\n<li>Puerto de conector de utilidad de lente Tamron<\/li>\n<\/ul>\n<p>Con un dise\u00f1o \u00f3ptico actualizado y un sistema de enfoque refinado, el Tamron 28-75mm f\/2.8 Di III VXD G2 es un zoom con montura E de Sony que ofrece un rango vers\u00e1til desde gran longitud hasta retrato y una apertura m\u00e1xima brillante de f\/2.8. La \u00f3ptica renovada ofrece una mayor resoluci\u00f3n y una nitidez mejorada con respecto a la generaci\u00f3n anterior, y el sistema de enfoque ha sido reemplazado por un mecanismo VXD (Voice-coil eXtreme-torque Drive) que logra un rendimiento m\u00e1s r\u00e1pido y preciso para adaptarse tanto a aplicaciones fijas como de video. Como segunda generaci\u00f3n de este popular objetivo, esta versi\u00f3n actualizada tambi\u00e9n presenta mejoras en el dise\u00f1o exterior del objetivo, una distancia m\u00ednima de enfoque m\u00e1s cercana de 18 cm y un nuevo puerto de conector para agilizar el proceso de trabajo con el software Tamron Lens Utility para ajustar la configuraci\u00f3n del objetivo.  <\/p>\n<ul>\n<li>Zoom est\u00e1ndar vers\u00e1til dise\u00f1ado para c\u00e1maras sin espejo sin espejo con montura E de Sony, pero tambi\u00e9n se puede usar con modelos APS-C, donde proporcionar\u00e1 un rango de distancia focal equivalente a 42-112,5 mm.<\/li>\n<li>La apertura m\u00e1xima brillante y constante de f\/2.8 proporciona una iluminaci\u00f3n constante en todo el rango de zoom y tambi\u00e9n le brinda un mayor control sobre la profundidad de campo para trabajar con t\u00e9cnicas de enfoque selectivo.<\/li>\n<li>El dise\u00f1o \u00f3ptico mejorado aumenta la resoluci\u00f3n y mejora el rendimiento de la imagen.<\/li>\n<li>El mecanismo de enfoque de motor lineal VXD (Voice-coil eXtreme-torque Drive) proporciona un rendimiento de enfoque autom\u00e1tico r\u00e1pido, silencioso y preciso en todo el rango del zoom.<\/li>\n<li>Distancia m\u00ednima de enfoque de solo 18 cm y un aumento m\u00e1ximo de 1:2,7 para trabajar con sujetos en primer plano.<\/li>\n<li>Dise\u00f1o ergon\u00f3mico actualizado para una mejor operatividad.<\/li>\n<li>El puerto del conector funciona junto con el software Tamron Lens Utility para personalizar las funciones de la lente y actualizar el firmware a trav\u00e9s de la lente en lugar de la c\u00e1mara.<\/li>\n<\/ul>\n<div class=\"title_1tNQ83iPOOgJ6m5fVkxmSw\" style=\"box-sizing: inherit; padding: 2.8125rem 0px; text-transform: capitalize; font-family: OpenSans, 'Segoe UI', Helvetica, Roboto, Arial, sans-serif; font-size: 16px; background-color: #ffffff;\">\n<h2 class=\"text_2iIiQM2M98BvhYsiaXaYuw comfy_3Tv67P0yhL_J6BIUitJ2zo sizeTitle1_1zfM7_vQc3Dj448B46wR81 weightNormal_SF-rc73z4mkRlFO4x_Sh4 primary_ELb2ysditdCtk24iMBTUs\" style=\"box-sizing: inherit; margin: 0px; font-size: 2rem; font-weight: 400; line-height: 2.5rem;\" data-selenium=\"specsItemTitle\"><strong><span style=\"font-size: 12pt;\">Caracter\u00edsticas t\u00e9cnicas<\/strong><\/span><\/h2>\n<\/div>\n<div class=\"group_K7YrQottgVsRZ4B6zAaGG\" style=\"box-sizing: inherit; margin-bottom: 2.1875rem; background-color: #ffffff;\">\n<table class=\"table_o418fscimQZEg1oshu4aX\" style=\"font-family: OpenSans, 'Segoe UI', Helvetica, Roboto, Arial, sans-serif; font-size: 16px; box-sizing: inherit; width: 981.75px;\" data-selenium=\"specsItemGroupTable\">\n<tbody style=\"box-sizing: inherit;\">\n<tr class=\"pair_3u9fnESIQrtuEu6ye_zM4k\" style=\"box-sizing: inherit; border-bottom: 0.0625rem solid #e7e7e7;\" data-selenium=\"specsItemGroupTableRow\">\n<td class=\"label_3bLwbW8ibvYc5tUwpKVQsL firstSpecWhenNoGroupName_2L9ob5rxYHNpmiwoNrY0FE\" style=\"box-sizing: inherit; width: 373.062px; padding: 0px 0px 1.25rem; border-top: none; vertical-align: baseline; font-size: 1.125rem; color: #666666; line-height: 1.375rem;\" data-selenium=\"specsItemGroupTableColumnLabel\">Distancia focal<\/td>\n<td class=\"value_11Av1yGkVYn9TX48mQeu9v firstSpecWhenNoGroupName_2L9ob5rxYHNpmiwoNrY0FE\" style=\"box-sizing: inherit; vertical-align: baseline; font-size: 1.125rem; color: #666666; line-height: 1.375rem; padding: 0px 0px 1.25rem 2.5rem;\" data-selenium=\"specsItemGroupTableColumnValue\">De 28 a 75 mm<\/td>\n<\/tr>\n<tr class=\"pair_3u9fnESIQrtuEu6ye_zM4k\" style=\"box-sizing: inherit; border-bottom: 0.0625rem solid #e7e7e7;\" data-selenium=\"specsItemGroupTableRow\">\n<td class=\"label_3bLwbW8ibvYc5tUwpKVQsL\" style=\"box-sizing: inherit; width: 373.062px; padding: 1.25rem 0px; border-top: none; vertical-align: baseline; font-size: 1.125rem; color: #666666; line-height: 1.375rem;\" data-selenium=\"specsItemGroupTableColumnLabel\">M\u00e1xima<\/td>\n<p> apertura<\/p>\n<td class=\"value_11Av1yGkVYn9TX48mQeu9v\" style=\"box-sizing: inherit; vertical-align: baseline; font-size: 1.125rem; color: #666666; line-height: 1.375rem; padding: 1.25rem 0px 1.25rem 2.5rem;\" data-selenium=\"specsItemGroupTableColumnValue\">f\/2.8<\/td>\n<\/tr>\n<tr class=\"pair_3u9fnESIQrtuEu6ye_zM4k\" style=\"box-sizing: inherit; border-bottom: 0.0625rem solid #e7e7e7;\" data-selenium=\"specsItemGroupTableRow\">\n<td class=\"label_3bLwbW8ibvYc5tUwpKVQsL\" style=\"box-sizing: inherit; width: 373.062px; padding: 1.25rem 0px; border-top: none; vertical-align: baseline; font-size: 1.125rem; color: #666666; line-height: 1.375rem;\" data-selenium=\"specsItemGroupTableColumnLabel\">Apertura<\/td>\n<p> m\u00ednima<\/p>\n<td class=\"value_11Av1yGkVYn9TX48mQeu9v\" style=\"box-sizing: inherit; vertical-align: baseline; font-size: 1.125rem; color: #666666; line-height: 1.375rem; padding: 1.25rem 0px 1.25rem 2.5rem;\" data-selenium=\"specsItemGroupTableColumnValue\">No especificado por el fabricante<\/td>\n<\/tr>\n<tr class=\"pair_3u9fnESIQrtuEu6ye_zM4k\" style=\"box-sizing: inherit; border-bottom: 0.0625rem solid #e7e7e7;\" data-selenium=\"specsItemGroupTableRow\">\n<td class=\"label_3bLwbW8ibvYc5tUwpKVQsL\" style=\"box-sizing: inherit; width: 373.062px; padding: 1.25rem 0px; border-top: none; vertical-align: baseline; font-size: 1.125rem; color: #666666; line-height: 1.375rem;\" data-selenium=\"specsItemGroupTableColumnLabel\">Montura de lente<\/td>\n<td class=\"value_11Av1yGkVYn9TX48mQeu9v\" style=\"box-sizing: inherit; vertical-align: baseline; font-size: 1.125rem; color: #666666; line-height: 1.375rem; padding: 1.25rem 0px 1.25rem 2.5rem;\" data-selenium=\"specsItemGroupTableColumnValue\">Sony E<\/td>\n<\/tr>\n<tr class=\"pair_3u9fnESIQrtuEu6ye_zM4k\" style=\"box-sizing: inherit; border-bottom: 0.0625rem solid #e7e7e7;\" data-selenium=\"specsItemGroupTableRow\">\n<td class=\"label_3bLwbW8ibvYc5tUwpKVQsL\" style=\"box-sizing: inherit; width: 373.062px; padding: 1.25rem 0px; border-top: none; vertical-align: baseline; font-size: 1.125rem; color: #666666; line-height: 1.375rem;\" data-selenium=\"specsItemGroupTableColumnLabel\">Compatibilidad de formatos<\/td>\n<td class=\"value_11Av1yGkVYn9TX48mQeu9v\" style=\"box-sizing: inherit; vertical-align: baseline; font-size: 1.125rem; color: #666666; line-height: 1.375rem; padding: 1.25rem 0px 1.25rem 2.5rem;\" data-selenium=\"specsItemGroupTableColumnValue\">Imagen completa<\/td>\n<\/tr>\n<tr class=\"pair_3u9fnESIQrtuEu6ye_zM4k\" style=\"box-sizing: inherit; border-bottom: 0.0625rem solid #e7e7e7;\" data-selenium=\"specsItemGroupTableRow\">\n<td class=\"label_3bLwbW8ibvYc5tUwpKVQsL\" style=\"box-sizing: inherit; width: 373.062px; padding: 1.25rem 0px; border-top: none; vertical-align: baseline; font-size: 1.125rem; color: #666666; line-height: 1.375rem;\" data-selenium=\"specsItemGroupTableColumnLabel\">Distancia m\u00ednima de enfoque<\/td>\n<td class=\"value_11Av1yGkVYn9TX48mQeu9v\" style=\"box-sizing: inherit; vertical-align: baseline; font-size: 1.125rem; color: #666666; line-height: 1.375rem; padding: 1.25rem 0px 1.25rem 2.5rem;\" data-selenium=\"specsItemGroupTableColumnValue\">18 cm<\/td>\n<\/tr>\n<tr class=\"pair_3u9fnESIQrtuEu6ye_zM4k\" style=\"box-sizing: inherit; border-bottom: 0.0625rem solid #e7e7e7;\" data-selenium=\"specsItemGroupTableRow\">\n<td class=\"label_3bLwbW8ibvYc5tUwpKVQsL\" style=\"box-sizing: inherit; width: 373.062px; padding: 1.25rem 0px; border-top: none; vertical-align: baseline; font-size: 1.125rem; color: #666666; line-height: 1.375rem;\" data-selenium=\"specsItemGroupTableColumnLabel\">Aumento de<\/td>\n<p> primer plano<\/p>\n<td class=\"value_11Av1yGkVYn9TX48mQeu9v\" style=\"box-sizing: inherit; vertical-align: baseline; font-size: 1.125rem; color: #666666; line-height: 1.375rem; padding: 1.25rem 0px 1.25rem 2.5rem;\" data-selenium=\"specsItemGroupTableColumnValue\">De 1 a 2,7 veces<\/td>\n<\/tr>\n<tr class=\"pair_3u9fnESIQrtuEu6ye_zM4k\" style=\"box-sizing: inherit; border-bottom: 0.0625rem solid #e7e7e7;\" data-selenium=\"specsItemGroupTableRow\">\n<td class=\"label_3bLwbW8ibvYc5tUwpKVQsL\" style=\"box-sizing: inherit; width: 373.062px; padding: 1.25rem 0px; border-top: none; vertical-align: baseline; font-size: 1.125rem; color: #666666; line-height: 1.375rem;\" data-selenium=\"specsItemGroupTableColumnLabel\">Tipo de enfoque<\/td>\n<td class=\"value_11Av1yGkVYn9TX48mQeu9v\" style=\"box-sizing: inherit; vertical-align: baseline; font-size: 1.125rem; color: #666666; line-height: 1.375rem; padding: 1.25rem 0px 1.25rem 2.5rem;\" data-selenium=\"specsItemGroupTableColumnValue\">Autom\u00e1tico<\/td>\n<\/tr>\n<tr class=\"pair_3u9fnESIQrtuEu6ye_zM4k\" style=\"box-sizing: inherit; border-bottom: 0.0625rem solid #e7e7e7;\" data-selenium=\"specsItemGroupTableRow\">\n<td class=\"label_3bLwbW8ibvYc5tUwpKVQsL\" style=\"box-sizing: inherit; width: 373.062px; padding: 1.25rem 0px; border-top: none; vertical-align: baseline; font-size: 1.125rem; color: #666666; line-height: 1.375rem;\" data-selenium=\"specsItemGroupTableColumnLabel\">Estabilizaci\u00f3n de imagen<\/td>\n<td class=\"value_11Av1yGkVYn9TX48mQeu9v\" style=\"box-sizing: inherit; vertical-align: baseline; font-size: 1.125rem; color: #666666; line-height: 1.375rem; padding: 1.25rem 0px 1.25rem 2.5rem;\" data-selenium=\"specsItemGroupTableColumnValue\">No<\/td>\n<\/tr>\n<tr class=\"pair_3u9fnESIQrtuEu6ye_zM4k\" style=\"box-sizing: inherit; border-bottom: 0.0625rem solid #e7e7e7;\" data-selenium=\"specsItemGroupTableRow\">\n<td class=\"label_3bLwbW8ibvYc5tUwpKVQsL\" style=\"box-sizing: inherit; width: 373.062px; padding: 1.25rem 0px; border-top: none; vertical-align: baseline; font-size: 1.125rem; color: #666666; line-height: 1.375rem;\" data-selenium=\"specsItemGroupTableColumnLabel\">Tama\u00f1o del filtro<\/td>\n<td class=\"value_11Av1yGkVYn9TX48mQeu9v\" style=\"box-sizing: inherit; vertical-align: baseline; font-size: 1.125rem; color: #666666; line-height: 1.375rem; padding: 1.25rem 0px 1.25rem 2.5rem;\" data-selenium=\"specsItemGroupTableColumnValue\">67 mm (Frontal)<\/td>\n<\/tr>\n<\/tbody>\n<\/table>\n<p><strong>En la caja:<\/strong><\/p>\n<ul>\n<li>Lente Tamron 28-75mm f\/2.8 Di III VXD G2 para Sony E<\/li>\n<\/ul>\n<\/div>\n","protected":false},"excerpt":{"rendered":"<p>El 28-75mm F\/2.8 Di III VXD G2 es un objetivo zoom est\u00e1ndar de apertura r\u00e1pida para c\u00e1maras mirrorless de fotograma<\/p>\n","protected":false},"featured_media":54891,"comment_status":"closed","ping_status":"open","template":"","meta":{"_acf_changed":false},"product_brand":[2681],"product_cat":[1062],"product_tag":[],"class_list":{"0":"post-74235","1":"product","2":"type-product","3":"status-publish","4":"has-post-thumbnail","6":"product_brand-tamron-es","7":"product_cat-mirrorless-objectivos","8":"pa_abertura-maxima-f-2-8-es","10":"first","11":"instock","12":"taxable","13":"shipping-taxable","14":"purchasable","15":"product-type-simple"},"bundled_by":[],"bundle_stock_status":"instock","bundle_stock_quantity":1,"bundle_virtual":false,"bundle_layout":"","bundle_add_to_cart_form_location":"","bundle_editable_in_cart":false,"bundle_sold_individually_context":"","bundle_item_grouping":"","bundle_min_size":"","bundle_max_size":"","bundle_price":[],"bundled_items":[],"bundle_sell_ids":[],"acf":[],"_links":{"self":[{"href":"https:\/\/hi-techwonder.com\/es\/wp-json\/wp\/v2\/product\/74235","targetHints":{"allow":["GET"]}}],"collection":[{"href":"https:\/\/hi-techwonder.com\/es\/wp-json\/wp\/v2\/product"}],"about":[{"href":"https:\/\/hi-techwonder.com\/es\/wp-json\/wp\/v2\/types\/product"}],"replies":[{"embeddable":true,"href":"https:\/\/hi-techwonder.com\/es\/wp-json\/wp\/v2\/comments?post=74235"}],"wp:featuredmedia":[{"embeddable":true,"href":"https:\/\/hi-techwonder.com\/es\/wp-json\/wp\/v2\/media\/54891"}],"wp:attachment":[{"href":"https:\/\/hi-techwonder.com\/es\/wp-json\/wp\/v2\/media?parent=74235"}],"wp:term":[{"taxonomy":"product_brand","embeddable":true,"href":"https:\/\/hi-techwonder.com\/es\/wp-json\/wp\/v2\/product_brand?post=74235"},{"taxonomy":"product_cat","embeddable":true,"href":"https:\/\/hi-techwonder.com\/es\/wp-json\/wp\/v2\/product_cat?post=74235"},{"taxonomy":"product_tag","embeddable":true,"href":"https:\/\/hi-techwonder.com\/es\/wp-json\/wp\/v2\/product_tag?post=74235"}],"curies":[{"name":"wp","href":"https:\/\/api.w.org\/{rel}","templated":true}]}}