{"id":74244,"date":"2025-07-29T09:50:50","date_gmt":"2025-07-29T09:50:50","guid":{"rendered":"https:\/\/fv6qoy3ls0.wpdns.site\/product\/tamron-17-70mm-f-2-8-di-iii-a-vc-rxd-para-fujifilm-x\/"},"modified":"2026-04-23T10:42:11","modified_gmt":"2026-04-23T09:42:11","slug":"tamron-17-70mm-f-2-8-di-iii-a-vc-rxd-para-fujifilm-x","status":"publish","type":"product","link":"https:\/\/hi-techwonder.com\/es\/producto\/tamron-17-70mm-f-2-8-di-iii-a-vc-rxd-para-fujifilm-x\/","title":{"rendered":"TAMRON 17-70mm f\/2.8 Di III-A VC RXD para Fujifilm X"},"content":{"rendered":"<p>Con un rango de zoom vers\u00e1til y caracterizado por su brillante dise\u00f1o, el Tamron 17-70 mm f\/2.8 Di III-A VC RXD es un lente equivalente a 25.5-105 mm para c\u00e1maras sin espejo con montura X de FUJIFILM en formato APS-C. El rango de teleobjetivo amplio a corto es ideal para disparar todos los d\u00edas y la r\u00e1pida apertura m\u00e1xima constante de f\/2.8 funciona en condiciones de iluminaci\u00f3n dif\u00edciles y le brinda un control mejorado sobre la profundidad de campo. Complementando este dise\u00f1o hay una serie de \u00f3pticas especializadas, que incluyen elementos asf\u00e9ricos y de baja dispersi\u00f3n, que producen im\u00e1genes bien corregidas con alta nitidez, claridad y precisi\u00f3n de color. Los elementos individuales tambi\u00e9n cuentan con el revestimiento BBAR de Tamron, que suprime los destellos y las im\u00e1genes fantasma para agregar contraste cuando se trabaja a contraluz y en condiciones adversas.   <\/p>\n<p>Adem\u00e1s de la versatilidad del dise\u00f1o del zoom, hay un sistema de estabilizaci\u00f3n de imagen de compensaci\u00f3n de vibraci\u00f3n, que reduce la apariencia del movimiento de la c\u00e1mara para una grabaci\u00f3n de fotos y videos m\u00e1s estable en condiciones de poca luz. Tambi\u00e9n beneficiando el manejo, un motor paso a paso RXD permite un rendimiento de enfoque autom\u00e1tico r\u00e1pido y casi silencioso, junto con la anulaci\u00f3n del enfoque manual a tiempo completo y una distancia m\u00ednima de enfoque de 7.5 &#8220;. Adecuado para el uso de este objetivo en condiciones clim\u00e1ticas adversas, tambi\u00e9n cuenta con una construcci\u00f3n resistente a la humedad junto con un elemento frontal recubierto de fl\u00faor para proteger contra huellas dactilares y manchas.  <\/p>\n<ul>\n<li>El zoom vers\u00e1til est\u00e1 dise\u00f1ado para c\u00e1maras sin espejo con montura X de FUJIFILM en formato APS-C y cubre campos de visi\u00f3n desde gran angular hasta teleobjetivo corto con su rango de distancia focal equivalente a 25,5-105 mm.<\/li>\n<li>La apertura m\u00e1xima constante de f\/2.8 ofrece un brillo constante en todo el rango de zoom y le brinda un control mejorado sobre la profundidad de campo.<\/li>\n<li>Dos elementos asf\u00e9ricos de vidrio moldeado y un elemento asf\u00e9rico h\u00edbrido ayudan a corregir las distorsiones y aberraciones esf\u00e9ricas para lograr un alto grado de nitidez y una representaci\u00f3n precisa.<\/li>\n<li>Dos elementos LD (baja dispersi\u00f3n) reducen en gran medida las franjas de color y las aberraciones crom\u00e1ticas en todo el rango de zoom para una mayor claridad y precisi\u00f3n de color.<\/li>\n<li>El recubrimiento BBAR (antirreflejo de banda ancha) se ha aplicado a elementos individuales para suprimir los reflejos internos, los destellos y las im\u00e1genes fantasma para un mayor contraste y fidelidad de color cuando se trabaja en condiciones de iluminaci\u00f3n intensa.<\/li>\n<li>El motor de enfoque autom\u00e1tico RXD (Rapid eXtra-silent stepping Drive) ofrece un rendimiento de enfoque impresionantemente silencioso, r\u00e1pido y suave para adaptarse tanto a aplicaciones fijas como de v\u00eddeo. Este sistema de enfoque tambi\u00e9n ofrece una distancia m\u00ednima de enfoque de solo 7,5&#8243; y un aumento m\u00e1ximo de 1:4,8 para trabajar con sujetos en primer plano. La anulaci\u00f3n del enfoque manual a tiempo completo tambi\u00e9n es posible y es compatible con la funci\u00f3n de enfoque manual directo de Sony o con el control manual ajustado.  <\/li>\n<li>La estabilizaci\u00f3n de imagen VC ayuda a minimizar la apariencia de movimiento de la c\u00e1mara para disparar con la mano de manera m\u00e1s efectiva en condiciones de iluminaci\u00f3n dif\u00edciles.<\/li>\n<li>Una construcci\u00f3n resistente a la humedad beneficia el uso de esta lente en condiciones adversas, y tambi\u00e9n se ha aplicado un revestimiento de fl\u00faor al elemento frontal de la lente para proteger contra el polvo, la suciedad y las manchas.<\/li>\n<li>El diafragma redondeado de nueve hojas contribuye a una agradable calidad de bokeh.<\/li>\n<\/ul>\n<p><strong>Especificaciones Tamron 17-70mm f\/2.8 Di III-A VC RXD<\/strong><\/p>\n<p>Distancia focal de 17 a 70 mm (distancia focal equivalente a 35 mm: 25,5 a 105 mm)<\/p>\n<p>Apertura m\u00e1xima f\/2.8<\/p>\n<p>Apertura m\u00ednima f\/16<\/p>\n<p>Montura de lente FUJIFILM X<\/p>\n<p>Cobertura del formato de lente APS-C<\/p>\n<p>\u00c1ngulo de visi\u00f3n 79\u00b0 55&#8242; a 23\u00b0 0&#8242;<\/p>\n<p>Distancia m\u00ednima de enfoque 7.5&#8243; \/ 19cm<\/p>\n<p>Aumento m\u00e1ximo 0.21x<\/p>\n<p>Dise\u00f1o \u00f3ptico 16 elementos en 12 grupos<\/p>\n<p>9 hojas de diafragma, redondeadas<\/p>\n<p>Tipo de enfoque Enfoque autom\u00e1tico<\/p>\n<p>Estabilizaci\u00f3n de imagen: S\u00ed<\/p>\n<p>Tama\u00f1o del filtro 67 mm (frontal)<\/p>\n<p>Dimensiones (\u00f8 x L) 2,9 x 4,7&#8243; \/ 74,6 x 119,3 mm<\/p>\n<p>Longitud con extensi\u00f3n m\u00e1xima 5,77&#8243; \/ 146,5 mm<\/p>\n<p>Peso 1.2 lb \/ 525 g<\/p>\n","protected":false},"excerpt":{"rendered":"<p>Con un rango de zoom vers\u00e1til y caracterizado por su brillante dise\u00f1o, el Tamron 17-70 mm f\/2.8 Di III-A VC<\/p>\n","protected":false},"featured_media":54894,"comment_status":"closed","ping_status":"open","template":"","meta":{"_acf_changed":false},"product_brand":[2681],"product_cat":[1062],"product_tag":[],"class_list":{"0":"post-74244","1":"product","2":"type-product","3":"status-publish","4":"has-post-thumbnail","6":"product_brand-tamron-es","7":"product_cat-mirrorless-objectivos","8":"pa_abertura-maxima-f-2-8-es","10":"first","11":"instock","12":"taxable","13":"shipping-taxable","14":"purchasable","15":"product-type-simple"},"bundled_by":[],"bundle_stock_status":"instock","bundle_stock_quantity":2,"bundle_virtual":false,"bundle_layout":"","bundle_add_to_cart_form_location":"","bundle_editable_in_cart":false,"bundle_sold_individually_context":"","bundle_item_grouping":"","bundle_min_size":"","bundle_max_size":"","bundle_price":[],"bundled_items":[],"bundle_sell_ids":[],"acf":[],"_links":{"self":[{"href":"https:\/\/hi-techwonder.com\/es\/wp-json\/wp\/v2\/product\/74244","targetHints":{"allow":["GET"]}}],"collection":[{"href":"https:\/\/hi-techwonder.com\/es\/wp-json\/wp\/v2\/product"}],"about":[{"href":"https:\/\/hi-techwonder.com\/es\/wp-json\/wp\/v2\/types\/product"}],"replies":[{"embeddable":true,"href":"https:\/\/hi-techwonder.com\/es\/wp-json\/wp\/v2\/comments?post=74244"}],"wp:featuredmedia":[{"embeddable":true,"href":"https:\/\/hi-techwonder.com\/es\/wp-json\/wp\/v2\/media\/54894"}],"wp:attachment":[{"href":"https:\/\/hi-techwonder.com\/es\/wp-json\/wp\/v2\/media?parent=74244"}],"wp:term":[{"taxonomy":"product_brand","embeddable":true,"href":"https:\/\/hi-techwonder.com\/es\/wp-json\/wp\/v2\/product_brand?post=74244"},{"taxonomy":"product_cat","embeddable":true,"href":"https:\/\/hi-techwonder.com\/es\/wp-json\/wp\/v2\/product_cat?post=74244"},{"taxonomy":"product_tag","embeddable":true,"href":"https:\/\/hi-techwonder.com\/es\/wp-json\/wp\/v2\/product_tag?post=74244"}],"curies":[{"name":"wp","href":"https:\/\/api.w.org\/{rel}","templated":true}]}}