{"id":74255,"date":"2025-07-29T00:04:10","date_gmt":"2025-07-29T00:04:10","guid":{"rendered":"https:\/\/fv6qoy3ls0.wpdns.site\/product\/tonino-lamborghini-1102-bolso-compacto\/"},"modified":"2026-02-20T18:20:31","modified_gmt":"2026-02-20T18:20:31","slug":"tonino-lamborghini-1102-bolso-compacto","status":"publish","type":"product","link":"https:\/\/hi-techwonder.com\/es\/producto\/tonino-lamborghini-1102-bolso-compacto\/","title":{"rendered":"TONINO LAMBORGHINI 1102 Bolso compacto"},"content":{"rendered":"<p><strong>TONINO LAMBORGHINI 1102 Bolso compacto<\/strong><\/p>\n<p><strong>Contenido del paquete:<\/strong><\/p>\n<ul>\n<li>Bolso Tonino Lamborghini 1102<\/li>\n<li>Cintur\u00f3n para el transporte<\/li>\n<\/ul>\n<p><strong>Caracter\u00edsticas t\u00e9cnicas:<\/strong><\/p>\n<table border=\"0\" width=\"100%\" cellspacing=\"0\" cellpadding=\"2\">\n<colgroup>\n<col width=\"120*\">\n<col width=\"136*\"> <\/colgroup>\n<tbody>\n<tr>\n<td width=\"47%\"> <span style=\"font-size: medium;\">Marca <\/span><\/td>\n<td width=\"53%\"> <span style=\"font-size: medium;\">Tonino Lamborghini <\/span><\/td>\n<\/tr>\n<tr>\n<td width=\"47%\"> <span style=\"font-size: medium;\">Modelo <\/span><\/td>\n<td width=\"53%\"> <span style=\"font-size: medium;\">A\u00d1O 1102 <\/span><\/td>\n<\/tr>\n<tr>\n<td width=\"47%\"> <span style=\"font-size: medium;\">Tipo de cierre <\/span><\/td>\n<td width=\"53%\"> <span style=\"font-size: medium;\">Cremallera <\/span><\/td>\n<\/tr>\n<tr>\n<td width=\"47%\"> <span style=\"font-size: medium;\">Dimensiones interiores (ancho x alto x fondo):<br \/><\/span><\/td>\n<td width=\"53%\"><span style=\"font-size: medium;\">9,5 x 15 x 4 cm <\/span><\/td>\n<\/tr>\n<tr>\n<td width=\"47%\"> <span style=\"font-size: medium;\">Dimensiones exteriores (ancho x alto x fondo):<br \/><\/span><\/td>\n<td width=\"53%\"><span style=\"font-size: medium;\">10 x 16 x 7 cm <\/span><\/td>\n<\/tr>\n<tr>\n<td width=\"47%\"> <span style=\"font-size: medium;\">Peso: <\/span><\/td>\n<td width=\"53%\"> <span style=\"font-size: medium;\">0,165 kg <\/span><\/td>\n<\/tr>\n<\/tbody>\n<\/table>\n","protected":false},"excerpt":{"rendered":"<p>TONINO LAMBORGHINI 1102 Bolso compacto Contenido del paquete: Bolso Tonino Lamborghini 1102 Cintur\u00f3n para el transporte Caracter\u00edsticas t\u00e9cnicas: Marca Tonino<\/p>\n","protected":false},"featured_media":32885,"comment_status":"closed","ping_status":"open","template":"","meta":{"_acf_changed":false},"product_brand":[2646],"product_cat":[910],"product_tag":[],"class_list":{"0":"post-74255","1":"product","2":"type-product","3":"status-publish","4":"has-post-thumbnail","6":"product_brand-tonino-lamborghini-es","7":"product_cat-para-compactas-es","9":"first","10":"instock","11":"taxable","12":"shipping-taxable","13":"purchasable","14":"product-type-simple"},"bundled_by":[],"bundle_stock_status":"instock","bundle_stock_quantity":4,"bundle_virtual":false,"bundle_layout":"","bundle_add_to_cart_form_location":"","bundle_editable_in_cart":false,"bundle_sold_individually_context":"","bundle_item_grouping":"","bundle_min_size":"","bundle_max_size":"","bundle_price":[],"bundled_items":[],"bundle_sell_ids":[],"acf":[],"_links":{"self":[{"href":"https:\/\/hi-techwonder.com\/es\/wp-json\/wp\/v2\/product\/74255","targetHints":{"allow":["GET"]}}],"collection":[{"href":"https:\/\/hi-techwonder.com\/es\/wp-json\/wp\/v2\/product"}],"about":[{"href":"https:\/\/hi-techwonder.com\/es\/wp-json\/wp\/v2\/types\/product"}],"replies":[{"embeddable":true,"href":"https:\/\/hi-techwonder.com\/es\/wp-json\/wp\/v2\/comments?post=74255"}],"wp:featuredmedia":[{"embeddable":true,"href":"https:\/\/hi-techwonder.com\/es\/wp-json\/wp\/v2\/media\/32885"}],"wp:attachment":[{"href":"https:\/\/hi-techwonder.com\/es\/wp-json\/wp\/v2\/media?parent=74255"}],"wp:term":[{"taxonomy":"product_brand","embeddable":true,"href":"https:\/\/hi-techwonder.com\/es\/wp-json\/wp\/v2\/product_brand?post=74255"},{"taxonomy":"product_cat","embeddable":true,"href":"https:\/\/hi-techwonder.com\/es\/wp-json\/wp\/v2\/product_cat?post=74255"},{"taxonomy":"product_tag","embeddable":true,"href":"https:\/\/hi-techwonder.com\/es\/wp-json\/wp\/v2\/product_tag?post=74255"}],"curies":[{"name":"wp","href":"https:\/\/api.w.org\/{rel}","templated":true}]}}