{"id":74263,"date":"2025-07-29T10:47:31","date_gmt":"2025-07-29T10:47:31","guid":{"rendered":"https:\/\/fv6qoy3ls0.wpdns.site\/product\/ventilador-de-enfriamiento-ulanzi-para-sony-canon-fuji-nikon\/"},"modified":"2026-01-31T01:27:02","modified_gmt":"2026-01-31T01:27:02","slug":"ulanzi-ventilador-de-enfriamiento-ulanzi-para-sony-canon-fuji-nikon","status":"publish","type":"product","link":"https:\/\/hi-techwonder.com\/es\/producto\/ulanzi-ventilador-de-enfriamiento-ulanzi-para-sony-canon-fuji-nikon\/","title":{"rendered":"Ventilador de enfriamiento ULANZI para Sony \/ Canon \/ Fuji \/ Nikon"},"content":{"rendered":"<p><strong>Ventilador de enfriamiento de c\u00e1mara<\/strong> <strong>ULANZI C072GBB2 <\/strong> &#8211; <strong>Ventilador de<\/strong><strong> enfriamiento <\/strong> negro <strong> para <\/strong><strong>Sony \/ Canon \/ Fujifilm \/ Nikon<\/strong><\/p>\n<p><strong>Funciones:<\/strong><\/p>\n<ul>\n<li>Compatible con c\u00e1maras Sony\/Canon\/Fujifilm\/Nikon<\/li>\n<li>Dos modos de funcionamiento<\/li>\n<li>F\u00e1cil instalaci\u00f3n<\/li>\n<li>Duraci\u00f3n de la bater\u00eda sin preocupaciones con carga sobre la marcha<\/li>\n<li>Monitoreo en tiempo real de la temperatura y velocidad del ventilador<\/li>\n<li>Ligero y port\u00e1til<\/li>\n<\/ul>\n<p><strong>Contenido del paquete:<\/strong><\/p>\n<ul>\n<li>ULANZI C072GBB2 Ventilador de enfriamiento (negro)<\/li>\n<li>Cable de carga USB-C<\/li>\n<\/ul>\n<p><strong>Refrigeraci\u00f3n de rango completo eficiente y estable<\/strong><\/p>\n<p>Alta eficiencia de enfriamiento con ruta de enfriamiento optimizada para una amplia cobertura de rango.<\/p>\n<p><img loading=\"lazy\" decoding=\"async\" src=\"https:\/\/cdn.shopify.com\/s\/files\/1\/0136\/3119\/3188\/files\/03_3.webp?v=1704943694\" alt=\"Ventilador de enfriamiento de c\u00e1mara Ulanzi\" width=\"933\" height=\"500\"><\/p>\n<p><strong>Compatible con c\u00e1maras Sony\/Canon\/Fujifilm\/Nikon<\/strong><\/p>\n<ul>\n<li><strong>Sony: <\/strong>ZV-E1 \/ ZV-1F \/ ZV-1 \/ ZV-E10L \/ a7RV \/ a7 IV (A7M4) \/ a7S III (A7S3) \/ A7C \/ FX30 \/ A6700<\/li>\n<li><strong>Can\u00f3nigo:<\/strong> R10 \/ R8 \/ R7 \/ R6 Mark II \/ R5 \/ 90D<\/li>\n<li><strong>Fujifilm: <\/strong>XS10\/XT4\/X-H2S\/X-S20\/X-H2<\/li>\n<li><strong>Nikon:<\/strong> Z30<\/li>\n<\/ul>\n<p><img loading=\"lazy\" decoding=\"async\" src=\"https:\/\/cdn.shopify.com\/s\/files\/1\/0136\/3119\/3188\/files\/01_1.webp?v=1704943647\" alt=\"Ventilador de enfriamiento de c\u00e1mara Ulanzi para Sony\/Canon\/FUJIFILM\/Nikon\" width=\"934\" height=\"500\"><\/p>\n<p><strong>Dos modos de funcionamiento<\/strong><\/p>\n<p>Obtiene 2 niveles de velocidad diferentes para diferentes necesidades de enfriamiento, disfrutando de un funcionamiento silencioso y eficiente.<\/p>\n<p><img loading=\"lazy\" decoding=\"async\" src=\"https:\/\/cdn.shopify.com\/s\/files\/1\/0136\/3119\/3188\/files\/04_4.webp?v=1704943715\" alt=\"Ventilador de enfriamiento de c\u00e1mara para Sony \/ Canon \/ FUJIFILM \/ Nikon\" width=\"934\" height=\"500\"><\/p>\n<p><strong>F\u00e1cil instalaci\u00f3n<\/strong><\/p>\n<p>Presione el resorte hasta que encaje perfectamente en su c\u00e1mara.&nbsp;<\/p>\n<p><img loading=\"lazy\" decoding=\"async\" src=\"https:\/\/cdn.shopify.com\/s\/files\/1\/0136\/3119\/3188\/files\/05_5.webp?v=1704943732\" alt=\"Ventilador de enfriamiento Ulanzi\" width=\"933\" height=\"500\"><\/p>\n<p><strong>Duraci\u00f3n de la bater\u00eda sin preocupaciones con carga sobre la marcha<\/strong><\/p>\n<p>Bater\u00eda incorporada de 200 mAh, puerto USB-C y la opci\u00f3n de conectarse a un banco de energ\u00eda externo para cargar mientras est\u00e1 en uso.<\/p>\n<p>Duraci\u00f3n de la bater\u00eda del modo 1: hasta 85 minutos<\/p>\n<p>Duraci\u00f3n de la bater\u00eda del modo 2: hasta 70 minutos<\/p>\n<p><img loading=\"lazy\" decoding=\"async\" src=\"https:\/\/cdn.shopify.com\/s\/files\/1\/0136\/3119\/3188\/files\/06_6.webp?v=1704943752\" alt=\"Ventilador de enfriamiento de c\u00e1mara Ulanzi para Sony\/Canon\/FUJIFILM\/Nikon\" width=\"934\" height=\"500\"><\/p>\n<p><strong>Monitoreo en tiempo real de la temperatura y velocidad del ventilador<\/strong><\/p>\n<p>Dise\u00f1o de pantalla OLED de 0,46 pulgadas, visualizaci\u00f3n clara de la temperatura de la c\u00e1mara y los niveles de velocidad del ventilador.<\/p>\n<p><img loading=\"lazy\" decoding=\"async\" src=\"https:\/\/cdn.shopify.com\/s\/files\/1\/0136\/3119\/3188\/files\/07_7.webp?v=1704943773\" alt=\"Ventilador de enfriamiento de c\u00e1mara Ulanzi\" width=\"933\" height=\"500\"><\/p>\n<p><strong>Ligero y port\u00e1til<\/strong><\/p>\n<p>Pesa solo 78 g, cabe en la palma de la mano, lo que facilita su almacenamiento y transporte.<\/p>\n<p><img loading=\"lazy\" decoding=\"async\" src=\"https:\/\/cdn.shopify.com\/s\/files\/1\/0136\/3119\/3188\/files\/08_8.webp?v=1704943791\" alt=\"Ventilador de enfriamiento de la c\u00e1mara\" width=\"933\" height=\"500\"><\/p>\n<p><strong>Disponible en negro y plateado<\/strong><\/p>\n<p>Aleaci\u00f3n de aluminio construida para una disipaci\u00f3n de calor eficiente y una mayor durabilidad, con un acabado pulido con chorro de arena para agregar un aspecto premium.<\/p>\n<p><img loading=\"lazy\" decoding=\"async\" src=\"https:\/\/cdn.shopify.com\/s\/files\/1\/0136\/3119\/3188\/files\/09_9.webp?v=1704943810\" alt=\"Ventilador de enfriamiento de c\u00e1mara Ulanzi negro\" width=\"933\" height=\"500\"><\/p>\n<p><strong>Caracter\u00edsticas t\u00e9cnicas:<\/strong><\/p>\n<ul>\n<li>Modelo: CA25<\/li>\n<li>Material: aleaci\u00f3n de aluminio<\/li>\n<li>Peso neto: 78g<\/li>\n<li>Dimensiones (largo x ancho x alto): 92x53x20 mm&nbsp;<\/li>\n<li>Color: Negro<\/li>\n<li>Rango de temperatura: 23 \u00b0C &#8211; 70 \u00b0C<\/li>\n<li>Capacidad de la bater\u00eda: 200 mAh<\/li>\n<li>&#8211; Duraci\u00f3n de la bater\u00eda del modo 1: 85 minutos<\/li>\n<li>Duraci\u00f3n de la bater\u00eda del modo 2: 70 minutos<\/li>\n<li>Compatibles: Sony ZV-E1\/ZV-1F\/ZV-1\/ ZV-E10L\/a7RV\/a7 IV (A7M4)\/a7S III (A7S3)\/A7C\/FX30\/A6700, Canon R10\/R8\/R7\/R6 Mark II\/ R5\/90D, FUJIFILM XS10\/XT4\/X-H2S\/X-S20\/X-H2, Nikon Z30 y m\u00e1s.<\/li>\n<\/ul>\n<p><img loading=\"lazy\" decoding=\"async\" src=\"https:\/\/cdn.shopify.com\/s\/files\/1\/0136\/3119\/3188\/files\/02_2_4fb8d994-3282-4ed7-bee3-4b6f118ae150.webp?v=1704966154\" alt=\"Ventilador de enfriamiento de c\u00e1mara Ulanzi para Sony\/Canon\/FUJIFILM\/Nikon\" width=\"934\" height=\"500\"><\/p>\n","protected":false},"excerpt":{"rendered":"<p>Ventilador de enfriamiento de c\u00e1mara ULANZI C072GBB2 &#8211; Ventilador de enfriamiento negro para Sony \/ Canon \/ Fujifilm \/ Nikon<\/p>\n","protected":false},"featured_media":67596,"comment_status":"closed","ping_status":"open","template":"","meta":{"_acf_changed":false},"product_brand":[2552],"product_cat":[1105],"product_tag":[],"class_list":{"0":"post-74263","1":"product","2":"type-product","3":"status-publish","4":"has-post-thumbnail","6":"product_brand-ulanzi-es","7":"product_cat-cages-cages-es","9":"first","10":"onbackorder","11":"taxable","12":"shipping-taxable","13":"purchasable","14":"product-type-simple"},"bundled_by":[],"bundle_stock_status":"onbackorder","bundle_stock_quantity":0,"bundle_virtual":false,"bundle_layout":"","bundle_add_to_cart_form_location":"","bundle_editable_in_cart":false,"bundle_sold_individually_context":"","bundle_item_grouping":"","bundle_min_size":"","bundle_max_size":"","bundle_price":[],"bundled_items":[],"bundle_sell_ids":[],"acf":[],"_links":{"self":[{"href":"https:\/\/hi-techwonder.com\/es\/wp-json\/wp\/v2\/product\/74263","targetHints":{"allow":["GET"]}}],"collection":[{"href":"https:\/\/hi-techwonder.com\/es\/wp-json\/wp\/v2\/product"}],"about":[{"href":"https:\/\/hi-techwonder.com\/es\/wp-json\/wp\/v2\/types\/product"}],"replies":[{"embeddable":true,"href":"https:\/\/hi-techwonder.com\/es\/wp-json\/wp\/v2\/comments?post=74263"}],"wp:featuredmedia":[{"embeddable":true,"href":"https:\/\/hi-techwonder.com\/es\/wp-json\/wp\/v2\/media\/67596"}],"wp:attachment":[{"href":"https:\/\/hi-techwonder.com\/es\/wp-json\/wp\/v2\/media?parent=74263"}],"wp:term":[{"taxonomy":"product_brand","embeddable":true,"href":"https:\/\/hi-techwonder.com\/es\/wp-json\/wp\/v2\/product_brand?post=74263"},{"taxonomy":"product_cat","embeddable":true,"href":"https:\/\/hi-techwonder.com\/es\/wp-json\/wp\/v2\/product_cat?post=74263"},{"taxonomy":"product_tag","embeddable":true,"href":"https:\/\/hi-techwonder.com\/es\/wp-json\/wp\/v2\/product_tag?post=74263"}],"curies":[{"name":"wp","href":"https:\/\/api.w.org\/{rel}","templated":true}]}}