{"id":74270,"date":"2025-07-28T23:54:37","date_gmt":"2025-07-28T23:54:37","guid":{"rendered":"https:\/\/fv6qoy3ls0.wpdns.site\/product\/auriculares-inalambricos-verdaderos-veho-stix-azul\/"},"modified":"2026-02-20T10:08:49","modified_gmt":"2026-02-20T10:08:49","slug":"veho-auriculares-inalambricos-verdaderos-veho-stix-azul","status":"publish","type":"product","link":"https:\/\/hi-techwonder.com\/es\/producto\/veho-auriculares-inalambricos-verdaderos-veho-stix-azul\/","title":{"rendered":"Auriculares inal\u00e1mbricos verdaderos VEHO Stix &#8211; Azul"},"content":{"rendered":"<p><strong>Auriculares Bluetooth inal\u00e1mbricos verdaderos VEHO Stix <\/strong><strong><strong> &#8211; Azul<\/strong><\/strong><\/p>\n<p><strong>VEP-116-STIX-M<\/strong><\/p>\n<p>Auriculares STIX &#8216;True wireless&#8217; con carcasa recargable a presi\u00f3n que permite m\u00faltiples cargas para extender el tiempo de reproducci\u00f3n de su STIX. Usa el Smart Touch integrado para controlar tu m\u00fasica y llamadas con micr\u00f3fonos duales. Los auriculares STIX son resistentes al agua, lo que los hace ideales para deportes y actividades al aire libre.  <\/p>\n<p><strong>Caracter\u00edsticas t\u00e9cnicas:<\/strong><\/p>\n<ul>\n<li>Tama\u00f1o del altavoz: 6 mm<\/li>\n<li>Frecuencia: 20 Hz a 20 KHz<\/li>\n<li>Bater\u00eda de los auriculares: 40 mAh<\/li>\n<li>Bater\u00eda del estuche: 420 mAh<\/li>\n<li>Bluetooth: V5.0<\/li>\n<li>Distancia de funcionamiento: hasta 10 m<\/li>\n<li>Tiempo de funcionamiento: Hasta 4 horas<\/li>\n<li>Tiempo de conversaci\u00f3n: hasta 5 horas<\/li>\n<li>Carga de auriculares: hasta 1,5 horas<\/li>\n<li>Carga del estuche: hasta 2 horas<\/li>\n<li>Micr\u00f3fono<\/li>\n<li>Resistente al agua: IPX5<\/li>\n<\/ul>\n","protected":false},"excerpt":{"rendered":"<p>Auriculares Bluetooth inal\u00e1mbricos verdaderos VEHO Stix &#8211; Azul VEP-116-STIX-M Auriculares STIX &#8216;True wireless&#8217; con carcasa recargable a presi\u00f3n que permite<\/p>\n","protected":false},"featured_media":29916,"comment_status":"closed","ping_status":"open","template":"","meta":{"_acf_changed":false},"product_brand":[2578],"product_cat":[892],"product_tag":[],"class_list":{"0":"post-74270","1":"product","2":"type-product","3":"status-publish","4":"has-post-thumbnail","6":"product_brand-veho-es","7":"product_cat-comunicacion","9":"first","10":"pre-order","11":"taxable","12":"shipping-taxable","13":"purchasable","14":"product-type-simple"},"bundled_by":[],"bundle_stock_status":"pre-order","bundle_stock_quantity":null,"bundle_virtual":false,"bundle_layout":"","bundle_add_to_cart_form_location":"","bundle_editable_in_cart":false,"bundle_sold_individually_context":"","bundle_item_grouping":"","bundle_min_size":"","bundle_max_size":"","bundle_price":[],"bundled_items":[],"bundle_sell_ids":[],"acf":[],"_links":{"self":[{"href":"https:\/\/hi-techwonder.com\/es\/wp-json\/wp\/v2\/product\/74270","targetHints":{"allow":["GET"]}}],"collection":[{"href":"https:\/\/hi-techwonder.com\/es\/wp-json\/wp\/v2\/product"}],"about":[{"href":"https:\/\/hi-techwonder.com\/es\/wp-json\/wp\/v2\/types\/product"}],"replies":[{"embeddable":true,"href":"https:\/\/hi-techwonder.com\/es\/wp-json\/wp\/v2\/comments?post=74270"}],"wp:featuredmedia":[{"embeddable":true,"href":"https:\/\/hi-techwonder.com\/es\/wp-json\/wp\/v2\/media\/29916"}],"wp:attachment":[{"href":"https:\/\/hi-techwonder.com\/es\/wp-json\/wp\/v2\/media?parent=74270"}],"wp:term":[{"taxonomy":"product_brand","embeddable":true,"href":"https:\/\/hi-techwonder.com\/es\/wp-json\/wp\/v2\/product_brand?post=74270"},{"taxonomy":"product_cat","embeddable":true,"href":"https:\/\/hi-techwonder.com\/es\/wp-json\/wp\/v2\/product_cat?post=74270"},{"taxonomy":"product_tag","embeddable":true,"href":"https:\/\/hi-techwonder.com\/es\/wp-json\/wp\/v2\/product_tag?post=74270"}],"curies":[{"name":"wp","href":"https:\/\/api.w.org\/{rel}","templated":true}]}}