{"id":74272,"date":"2025-07-28T23:33:59","date_gmt":"2025-07-28T23:33:59","guid":{"rendered":"https:\/\/fv6qoy3ls0.wpdns.site\/product\/veho-pebble-pokket-powerbank-usb-tipo-c-1000mah-negro\/"},"modified":"2025-09-04T07:48:43","modified_gmt":"2025-09-04T07:48:43","slug":"veho-pebble-pokket-powerbank-usb-tipo-c-1000mah-negro","status":"publish","type":"product","link":"https:\/\/hi-techwonder.com\/es\/producto\/veho-pebble-pokket-powerbank-usb-tipo-c-1000mah-negro\/","title":{"rendered":"VEHO Pebble Pokket Powerbank USB Tipo-C 1000mAh &#8211; Negro"},"content":{"rendered":"<p><strong>VEHO Pebble Pokket Powerbank (USB Tipo-C) 1000mAh &#8211; Negro<\/strong><br \/><strong>VPP-014-PK-B<\/strong><\/p>\n<p>El Pebble Pokket es un banco de energ\u00eda de emergencia ultradelgado que es lo suficientemente peque\u00f1o como para caber en su bolsillo sin ser notado. O alternativamente, inserta el Pebble Pokket en tu llavero. El banco de energ\u00eda de Pebble Pokket le dar\u00e1 a su dispositivo hasta un 25% de duraci\u00f3n de la bater\u00eda (basado en un tel\u00e9fono inteligente promedio) y es perfecto para cualquier ocasi\u00f3n en la que llevar una bolsa grande no sea conveniente.  <\/p>\n<p><strong>Caracter\u00edsticas t\u00e9cnicas&nbsp;<\/strong><\/p>\n<ul>\n<li>Capacidad: 1000 mAh<\/li>\n<li>Entrada: (USB tipo C) DC5V 1A<\/li>\n<li>Salida: (USB tipo C) DC5V 1A<\/li>\n<li>Tiempo de carga: hasta 1 hora<\/li>\n<\/ul>\n","protected":false},"excerpt":{"rendered":"<p>VEHO Pebble Pokket Powerbank (USB Tipo-C) 1000mAh &#8211; NegroVPP-014-PK-B El Pebble Pokket es un banco de energ\u00eda de emergencia ultradelgado<\/p>\n","protected":false},"featured_media":24075,"comment_status":"closed","ping_status":"open","template":"","meta":{"_acf_changed":false},"product_brand":[2578],"product_cat":[877],"product_tag":[],"class_list":{"0":"post-74272","1":"product","2":"type-product","3":"status-publish","4":"has-post-thumbnail","6":"product_brand-veho-es","7":"product_cat-powerbanks-es","9":"first","10":"instock","11":"taxable","12":"shipping-taxable","13":"purchasable","14":"product-type-simple"},"bundled_by":[],"bundle_stock_status":"instock","bundle_stock_quantity":1,"bundle_virtual":false,"bundle_layout":"","bundle_add_to_cart_form_location":"","bundle_editable_in_cart":false,"bundle_sold_individually_context":"","bundle_item_grouping":"","bundle_min_size":"","bundle_max_size":"","bundle_price":[],"bundled_items":[],"bundle_sell_ids":[],"acf":[],"_links":{"self":[{"href":"https:\/\/hi-techwonder.com\/es\/wp-json\/wp\/v2\/product\/74272","targetHints":{"allow":["GET"]}}],"collection":[{"href":"https:\/\/hi-techwonder.com\/es\/wp-json\/wp\/v2\/product"}],"about":[{"href":"https:\/\/hi-techwonder.com\/es\/wp-json\/wp\/v2\/types\/product"}],"replies":[{"embeddable":true,"href":"https:\/\/hi-techwonder.com\/es\/wp-json\/wp\/v2\/comments?post=74272"}],"wp:featuredmedia":[{"embeddable":true,"href":"https:\/\/hi-techwonder.com\/es\/wp-json\/wp\/v2\/media\/24075"}],"wp:attachment":[{"href":"https:\/\/hi-techwonder.com\/es\/wp-json\/wp\/v2\/media?parent=74272"}],"wp:term":[{"taxonomy":"product_brand","embeddable":true,"href":"https:\/\/hi-techwonder.com\/es\/wp-json\/wp\/v2\/product_brand?post=74272"},{"taxonomy":"product_cat","embeddable":true,"href":"https:\/\/hi-techwonder.com\/es\/wp-json\/wp\/v2\/product_cat?post=74272"},{"taxonomy":"product_tag","embeddable":true,"href":"https:\/\/hi-techwonder.com\/es\/wp-json\/wp\/v2\/product_tag?post=74272"}],"curies":[{"name":"wp","href":"https:\/\/api.w.org\/{rel}","templated":true}]}}