{"id":74280,"date":"2025-07-29T09:01:57","date_gmt":"2025-07-29T09:01:57","guid":{"rendered":"https:\/\/fv6qoy3ls0.wpdns.site\/product\/vortex-viper-hd-10x42-prismaticos\/"},"modified":"2025-07-29T09:01:57","modified_gmt":"2025-07-29T09:01:57","slug":"vortex-viper-hd-10x42-prismaticos","status":"publish","type":"product","link":"https:\/\/hi-techwonder.com\/es\/producto\/vortex-viper-hd-10x42-prismaticos\/","title":{"rendered":"VORTEX Viper HD 10&#215;42 Prism\u00e1ticos"},"content":{"rendered":"<p><strong>Binoculares Viper HD 10&#215;42 Vortex<\/strong><\/p>\n<p>Los prism\u00e1ticos Vortex Viper HD 10&#215;42 se mejoraron en 2018, recibieron un campo de visi\u00f3n m\u00e1s amplio y ahora ofrecen una imagen a\u00fan m\u00e1s c\u00f3moda y tranquila. Los prism\u00e1ticos Viper HD cuentan con el revestimiento antirreflectante XR patentado que mejora el contraste y la reproducci\u00f3n del color de las lentes. El potente aumento de 10x est\u00e1 dise\u00f1ado para observar, por ejemplo, caza mayor a distancias extremas, como en \u00e1reas abiertas. Adem\u00e1s, estos prism\u00e1ticos tienen un gran di\u00e1metro de lente de objetivo de 42 mm para permitir que entre mucha luz en los prism\u00e1ticos, por lo que tambi\u00e9n se puede ver bien en condiciones en las que hay poca luz disponible.   <\/p>\n<p><iframe loading=\"lazy\" style=\"width: 880px; height: 500px;\" title=\"Prism\u00e1ticos Vortex Viper HD\" src=\"https:\/\/www.youtube.com\/embed\/cPByuQgGkM0\" width=\"880\" height=\"500\" frameborder=\"0\" allowfullscreen=\"allowfullscreen\"><\/iframe><\/p>\n<p>Los binoculares Viper HD pueden recibir una paliza, el cuerpo es fuerte y ofrece un buen agarre. El Viper HD est\u00e1 lleno de gas arg\u00f3n y equipado con juntas t\u00f3ricas. Esto lo hace resistente al agua, por lo que si accidentalmente deja caer los binoculares en un charco, saldr\u00e1n ilesos.  <\/p>\n<p>El Vortex Viper HD viene con un estuche de transporte Glasspak que protege sus binoculares cuando no los est\u00e1 usando. El Glasspak tiene un dise\u00f1o \u00fanico, que le permite llevar sus binoculares protegidos en la bolsa de pecho. De esta forma podr\u00e1s llevar tus prism\u00e1ticos c\u00f3modamente, pero siempre a tu alcance por si los necesitas r\u00e1pidamente.  <\/p>\n<p>Con su aumento de 10x, los prism\u00e1ticos Vortex Viper HD 10&#215;42 son perfectos para observaciones a largas distancias. Debido a su gran objetivo de 42 mm, tambi\u00e9n es adecuado para su uso cuando hay poca luz disponible. <\/p>\n<p><strong>Funciones<\/strong><\/p>\n<ul>\n<li>Equipado con vidrio HD de baja dispersi\u00f3n para una m\u00e1xima fidelidad de color y alta resoluci\u00f3n<\/li>\n<li>Equipado con el revestimiento antirreflectante XR patentado de Vortex<\/li>\n<li>El recubrimiento de correcci\u00f3n de fase aumenta la resoluci\u00f3n y el contraste<\/li>\n<li>Construido con prismas de techo BaK4 de alta calidad<\/li>\n<li>A prueba de agua y polvo a trav\u00e9s del sello de junta t\u00f3rica<\/li>\n<li>Lleno de gas para un rendimiento resistente al agua y sin niebla<\/li>\n<li>Acabado con goma antideslizante<\/li>\n<li>Recubrimiento ArmorTek ultraduro y resistente a los ara\u00f1azos<\/li>\n<\/ul>\n<p><strong>En la caja<\/strong><\/p>\n<ul>\n<li>1 x Binoculares nuevos Vortex Viper HD 10&#215;42<\/li>\n<li>1 x Caja de binoculares Glasspak<\/li>\n<li>1 x Arn\u00e9s de caja Glasspak<\/li>\n<li>1 x Tapa de ocular Rainguard<\/li>\n<li>1 x Juego de dos tapas de lentes de objetivo atadas<\/li>\n<li>1 x Correa c\u00f3moda para el cuello<\/li>\n<li>1 x Pa\u00f1o para lentes<\/li>\n<\/ul>\n","protected":false},"excerpt":{"rendered":"<p>Binoculares Viper HD 10&#215;42 Vortex Los prism\u00e1ticos Vortex Viper HD 10&#215;42 se mejoraron en 2018, recibieron un campo de visi\u00f3n<\/p>\n","protected":false},"featured_media":44314,"comment_status":"closed","ping_status":"open","template":"","meta":{"_acf_changed":false},"product_brand":[2673],"product_cat":[1066],"product_tag":[],"class_list":{"0":"post-74280","1":"product","2":"type-product","3":"status-publish","4":"has-post-thumbnail","6":"product_brand-vortex-es","7":"product_cat-prismaticos","9":"first","10":"onbackorder","11":"taxable","12":"shipping-taxable","13":"purchasable","14":"product-type-simple"},"bundled_by":[],"bundle_stock_status":"onbackorder","bundle_stock_quantity":0,"bundle_virtual":false,"bundle_layout":"","bundle_add_to_cart_form_location":"","bundle_editable_in_cart":false,"bundle_sold_individually_context":"","bundle_item_grouping":"","bundle_min_size":"","bundle_max_size":"","bundle_price":[],"bundled_items":[],"bundle_sell_ids":[],"acf":[],"_links":{"self":[{"href":"https:\/\/hi-techwonder.com\/es\/wp-json\/wp\/v2\/product\/74280","targetHints":{"allow":["GET"]}}],"collection":[{"href":"https:\/\/hi-techwonder.com\/es\/wp-json\/wp\/v2\/product"}],"about":[{"href":"https:\/\/hi-techwonder.com\/es\/wp-json\/wp\/v2\/types\/product"}],"replies":[{"embeddable":true,"href":"https:\/\/hi-techwonder.com\/es\/wp-json\/wp\/v2\/comments?post=74280"}],"wp:featuredmedia":[{"embeddable":true,"href":"https:\/\/hi-techwonder.com\/es\/wp-json\/wp\/v2\/media\/44314"}],"wp:attachment":[{"href":"https:\/\/hi-techwonder.com\/es\/wp-json\/wp\/v2\/media?parent=74280"}],"wp:term":[{"taxonomy":"product_brand","embeddable":true,"href":"https:\/\/hi-techwonder.com\/es\/wp-json\/wp\/v2\/product_brand?post=74280"},{"taxonomy":"product_cat","embeddable":true,"href":"https:\/\/hi-techwonder.com\/es\/wp-json\/wp\/v2\/product_cat?post=74280"},{"taxonomy":"product_tag","embeddable":true,"href":"https:\/\/hi-techwonder.com\/es\/wp-json\/wp\/v2\/product_tag?post=74280"}],"curies":[{"name":"wp","href":"https:\/\/api.w.org\/{rel}","templated":true}]}}