{"id":74282,"date":"2025-07-29T09:01:44","date_gmt":"2025-07-29T09:01:44","guid":{"rendered":"https:\/\/fv6qoy3ls0.wpdns.site\/product\/prismaticos-vortex-diamondback-hd-8x42\/"},"modified":"2026-05-05T17:53:00","modified_gmt":"2026-05-05T16:53:00","slug":"vortex-prismaticos-vortex-diamondback-hd-8x42","status":"publish","type":"product","link":"https:\/\/hi-techwonder.com\/es\/producto\/vortex-prismaticos-vortex-diamondback-hd-8x42\/","title":{"rendered":"Prism\u00e1ticos VORTEX Diamondback HD 8&#215;42"},"content":{"rendered":"<p><strong>Vortex Diamondback HD 8&#215;42<\/strong><\/p>\n<p>Con un sistema \u00f3ptico de alta definici\u00f3n, un cuerpo ligero de aleaci\u00f3n de magnesio y un generoso campo de visi\u00f3n, los Vortex Diamondback HD 8&#215;42 NEW son prism\u00e1ticos vers\u00e1tiles adecuados para una amplia gama de aplicaciones.<\/p>\n<p><strong>\u00d3ptica HD<\/strong><\/p>\n<p>Mediante el uso de vidrio de alta definici\u00f3n, el Diamondback HD ofrece una visualizaci\u00f3n excepcionalmente natural y colorida, nitidez de borde a borde y una transmisi\u00f3n de luz \u00f3ptima. Una configuraci\u00f3n de lente de \u00edndice adaptado, recubrimientos de lentes XR Plus y prismas de techo con correcci\u00f3n de fase y recubrimiento diel\u00e9ctrico garantizan una reproducci\u00f3n con una aberraci\u00f3n crom\u00e1tica m\u00ednima. Las lentes est\u00e1n protegidas contra ara\u00f1azos, aceite y polvo por el revestimiento de lentes ArmorTek.  <\/p>\n<p><strong>Carcasa impermeable<\/strong><\/p>\n<p>La carcasa del Vortex Diamondback HD 8&#215;42 est\u00e1 llena de nitr\u00f3geno y sellada con juntas t\u00f3ricas para garantizar una protecci\u00f3n fiable contra el polvo, la suciedad, la niebla y el agua. Est\u00e1 protegido con goma para un agarre antideslizante y una protecci\u00f3n duradera. <\/p>\n<p><strong>F\u00e1cil operaci\u00f3n<\/strong><\/p>\n<p>Los binoculares cuentan con una gran perilla de enfoque moleteada que es f\u00e1cil de operar, incluso con guantes.<\/p>\n<p><strong>Agarre c\u00f3modo<\/strong><\/p>\n<p>Con una forma natural para un ajuste perfecto en sus manos y una mayor comodidad que elimina la fatiga, el Diamondback HD 8&#215;42 ofrece una combinaci\u00f3n ganadora de forma y funci\u00f3n.<\/p>\n<p><strong>Funciones<\/strong><\/p>\n<ul>\n<li>Sistema \u00f3ptico HD<\/li>\n<li>Arn\u00e9s binocular GlassPak con bolsillo para accesorios y cremallera<\/li>\n<li>Rueda de enfoque dentada grande<\/li>\n<li>Blindaje protector de goma para un agarre antideslizante<\/li>\n<li>El puente con bisagras cortas reduce el peso<\/li>\n<li>Campo de visi\u00f3n de 131 m a 1000 m<\/li>\n<li>Prismas de techo con correcci\u00f3n de fase<\/li>\n<li>\u00d3ptica totalmente multicapa<\/li>\n<\/ul>\n<p><strong>En la caja<\/strong><\/p>\n<ul>\n<li>Arn\u00e9s de caja GlassPak<\/li>\n<li>Correa para el cuello<\/li>\n<li>Tapas de lentes<\/li>\n<li>Cubierta del ocular<\/li>\n<li>Pa\u00f1o para lentes<\/li>\n<\/ul>\n","protected":false},"excerpt":{"rendered":"<p>Vortex Diamondback HD 8&#215;42 Con un sistema \u00f3ptico de alta definici\u00f3n, un cuerpo ligero de aleaci\u00f3n de magnesio y un<\/p>\n","protected":false},"featured_media":44247,"comment_status":"closed","ping_status":"open","template":"","meta":{"_acf_changed":false},"product_brand":[2673],"product_cat":[1066],"product_tag":[],"class_list":{"0":"post-74282","1":"product","2":"type-product","3":"status-publish","4":"has-post-thumbnail","6":"product_brand-vortex-es","7":"product_cat-prismaticos","9":"first","10":"instock","11":"taxable","12":"shipping-taxable","13":"purchasable","14":"product-type-simple"},"bundled_by":[],"bundle_stock_status":"instock","bundle_stock_quantity":1,"bundle_virtual":false,"bundle_layout":"","bundle_add_to_cart_form_location":"","bundle_editable_in_cart":false,"bundle_sold_individually_context":"","bundle_item_grouping":"","bundle_min_size":"","bundle_max_size":"","bundle_price":[],"bundled_items":[],"bundle_sell_ids":[],"acf":[],"_links":{"self":[{"href":"https:\/\/hi-techwonder.com\/es\/wp-json\/wp\/v2\/product\/74282","targetHints":{"allow":["GET"]}}],"collection":[{"href":"https:\/\/hi-techwonder.com\/es\/wp-json\/wp\/v2\/product"}],"about":[{"href":"https:\/\/hi-techwonder.com\/es\/wp-json\/wp\/v2\/types\/product"}],"replies":[{"embeddable":true,"href":"https:\/\/hi-techwonder.com\/es\/wp-json\/wp\/v2\/comments?post=74282"}],"wp:featuredmedia":[{"embeddable":true,"href":"https:\/\/hi-techwonder.com\/es\/wp-json\/wp\/v2\/media\/44247"}],"wp:attachment":[{"href":"https:\/\/hi-techwonder.com\/es\/wp-json\/wp\/v2\/media?parent=74282"}],"wp:term":[{"taxonomy":"product_brand","embeddable":true,"href":"https:\/\/hi-techwonder.com\/es\/wp-json\/wp\/v2\/product_brand?post=74282"},{"taxonomy":"product_cat","embeddable":true,"href":"https:\/\/hi-techwonder.com\/es\/wp-json\/wp\/v2\/product_cat?post=74282"},{"taxonomy":"product_tag","embeddable":true,"href":"https:\/\/hi-techwonder.com\/es\/wp-json\/wp\/v2\/product_tag?post=74282"}],"curies":[{"name":"wp","href":"https:\/\/api.w.org\/{rel}","templated":true}]}}