{"id":74283,"date":"2025-07-29T09:01:49","date_gmt":"2025-07-29T09:01:49","guid":{"rendered":"https:\/\/fv6qoy3ls0.wpdns.site\/product\/prismaticos-vortex-crossfire-hd-10x50\/"},"modified":"2026-04-01T12:24:05","modified_gmt":"2026-04-01T11:24:05","slug":"vortex-prismaticos-vortex-crossfire-hd-10x50","status":"publish","type":"product","link":"https:\/\/hi-techwonder.com\/es\/producto\/vortex-prismaticos-vortex-crossfire-hd-10x50\/","title":{"rendered":"Prism\u00e1ticos VORTEX Crossfire HD 10&#215;50"},"content":{"rendered":"<p><strong>Prism\u00e1ticos Vortex Crossfire HD 10&#215;50<\/strong><\/p>\n<p>Los nuevos prism\u00e1ticos Vortex Crossfire HD 10&#215;50 son lo suficientemente potentes como para ver objetos desde la distancia, lo que los convierte en una opci\u00f3n s\u00f3lida para uso general. La distancia m\u00ednima de enfoque de 1,8 metros es ideal para observar aves, animales e insectos cercanos. Viene con un arn\u00e9s Vortex GlassPak para un uso c\u00f3modo durante la observaci\u00f3n prolongada.  <\/p>\n<p><iframe loading=\"lazy\" src=\"https:\/\/www.youtube.com\/embed\/uJjRG25QSew\" width=\"880\" height=\"500\" frameborder=\"0\" allowfullscreen=\"allowfullscreen\"><\/iframe><\/p>\n<p><strong>\u00d3ptica de alta definici\u00f3n<\/strong><\/p>\n<p>El Vortex Crossfire HD ofrece una imagen con una fidelidad de color excepcional, nitidez de borde a borde y una transmisi\u00f3n de luz \u00f3ptima mediante el uso de vidrio de alta definici\u00f3n. Una configuraci\u00f3n de lente de ajuste de \u00edndice, recubrimientos de lentes XR Plus y prismas de techo de correcci\u00f3n de fase garantizan una reproducci\u00f3n con una aberraci\u00f3n crom\u00e1tica m\u00ednima. <\/p>\n<p><strong>Blindado de goma<\/strong><\/p>\n<p>La carcasa llena de nitr\u00f3geno del Vortex Crossfire HD 10&#215;50 NEW est\u00e1 sellada con juntas t\u00f3ricas para una protecci\u00f3n confiable contra el polvo, la suciedad, la niebla y el agua. La carcasa est\u00e1 blindada de goma para un agarre antideslizante y una protecci\u00f3n duradera. <\/p>\n<p><strong>Operaci\u00f3n simple<\/strong><\/p>\n<p>El Vortex Crossfire HD tiene un puente con bisagras cortas, lo que reduce el peso y aumenta la superficie para un mejor manejo. La gran perilla central de enfoque irregular es f\u00e1cil de operar, incluso con guantes. <\/p>\n<p><strong>Girar los oculares hacia abajo<\/strong><\/p>\n<p>Los oculares giratorios son adecuados para los usuarios de gafas.<\/p>\n<p><strong>Funciones<\/strong><\/p>\n<ul>\n<li>Sistema \u00f3ptico de alta definici\u00f3n<\/li>\n<li>Rueda de enfoque central irregular de gran tama\u00f1o<\/li>\n<li>Copas oculares de goma c\u00f3nicas suaves retorcidas<\/li>\n<li>Armadura protectora de goma para un agarre antideslizante<\/li>\n<li>Puente con bisagras cortas para un peso reducido y un mejor manejo<\/li>\n<li>Arn\u00e9s binocular GlassPak con bolsillo para accesorios y cremallera<\/li>\n<li>Los prismas de techo con correcci\u00f3n de fase mejoran el color y el contraste<\/li>\n<li>\u00d3ptica totalmente multicapa para una transmisi\u00f3n \u00f3ptima de la luz<\/li>\n<\/ul>\n<p><strong>En la caja<\/strong><\/p>\n<ul>\n<li>1 x Caja de binoculares Glasspak<\/li>\n<li>1 x Arn\u00e9s de caja Glasspak<\/li>\n<li>1 x Tapa de ocular Rainguard<\/li>\n<li>1 x Correa c\u00f3moda para el cuello<\/li>\n<li>1 x Pa\u00f1o para lentes<\/li>\n<li>1 x tapas de lente atadas<\/li>\n<\/ul>\n","protected":false},"excerpt":{"rendered":"<p>Prism\u00e1ticos Vortex Crossfire HD 10&#215;50 Los nuevos prism\u00e1ticos Vortex Crossfire HD 10&#215;50 son lo suficientemente potentes como para ver objetos<\/p>\n","protected":false},"featured_media":44279,"comment_status":"closed","ping_status":"open","template":"","meta":{"_acf_changed":false},"product_brand":[2673],"product_cat":[1066],"product_tag":[],"class_list":{"0":"post-74283","1":"product","2":"type-product","3":"status-publish","4":"has-post-thumbnail","6":"product_brand-vortex-es","7":"product_cat-prismaticos","9":"first","10":"onbackorder","11":"taxable","12":"shipping-taxable","13":"purchasable","14":"product-type-simple"},"bundled_by":[],"bundle_stock_status":"onbackorder","bundle_stock_quantity":null,"bundle_virtual":false,"bundle_layout":"","bundle_add_to_cart_form_location":"","bundle_editable_in_cart":false,"bundle_sold_individually_context":"","bundle_item_grouping":"","bundle_min_size":"","bundle_max_size":"","bundle_price":[],"bundled_items":[],"bundle_sell_ids":[],"acf":[],"_links":{"self":[{"href":"https:\/\/hi-techwonder.com\/es\/wp-json\/wp\/v2\/product\/74283","targetHints":{"allow":["GET"]}}],"collection":[{"href":"https:\/\/hi-techwonder.com\/es\/wp-json\/wp\/v2\/product"}],"about":[{"href":"https:\/\/hi-techwonder.com\/es\/wp-json\/wp\/v2\/types\/product"}],"replies":[{"embeddable":true,"href":"https:\/\/hi-techwonder.com\/es\/wp-json\/wp\/v2\/comments?post=74283"}],"wp:featuredmedia":[{"embeddable":true,"href":"https:\/\/hi-techwonder.com\/es\/wp-json\/wp\/v2\/media\/44279"}],"wp:attachment":[{"href":"https:\/\/hi-techwonder.com\/es\/wp-json\/wp\/v2\/media?parent=74283"}],"wp:term":[{"taxonomy":"product_brand","embeddable":true,"href":"https:\/\/hi-techwonder.com\/es\/wp-json\/wp\/v2\/product_brand?post=74283"},{"taxonomy":"product_cat","embeddable":true,"href":"https:\/\/hi-techwonder.com\/es\/wp-json\/wp\/v2\/product_cat?post=74283"},{"taxonomy":"product_tag","embeddable":true,"href":"https:\/\/hi-techwonder.com\/es\/wp-json\/wp\/v2\/product_tag?post=74283"}],"curies":[{"name":"wp","href":"https:\/\/api.w.org\/{rel}","templated":true}]}}