{"id":74284,"date":"2025-07-29T09:01:44","date_gmt":"2025-07-29T09:01:44","guid":{"rendered":"https:\/\/fv6qoy3ls0.wpdns.site\/product\/prismaticos-vortex-diamondback-hd-10x50\/"},"modified":"2026-01-31T02:47:11","modified_gmt":"2026-01-31T02:47:11","slug":"vortex-prismaticos-vortex-diamondback-hd-10x50","status":"publish","type":"product","link":"https:\/\/hi-techwonder.com\/es\/producto\/vortex-prismaticos-vortex-diamondback-hd-10x50\/","title":{"rendered":"Prism\u00e1ticos VORTEX Diamondback HD 10&#215;50"},"content":{"rendered":"<p>Con un potente aumento y una generosa lente de objetivo para una visi\u00f3n brillante incluso en condiciones de poca luz, los prism\u00e1ticos 10&#215;50 Diamondback HD de Vortex son una \u00f3ptica vers\u00e1til adecuada para una amplia gama de usos. Se pueden montar en un tr\u00edpode con un adaptador que se vende por separado y vienen con un arn\u00e9s Vortex GlassPak para un uso c\u00f3modo durante las horas de observaci\u00f3n. <\/p>\n<p>Diamondback HD ofrece vistas con una aberraci\u00f3n crom\u00e1tica m\u00ednima, una fidelidad de color excepcional, una nitidez de borde a borde y una transmisi\u00f3n de luz \u00f3ptima mediante el uso de vidrio de ultra alta definici\u00f3n, una configuraci\u00f3n de lentes de \u00edndice adaptado, recubrimientos de lentes XR Plus y recubrimiento diel\u00e9ctrico, prismas de techo con correcci\u00f3n de fase. Las lentes est\u00e1n protegidas contra ara\u00f1azos, aceite y polvo por el revestimiento exterior de la lente ArmorTek. <\/p>\n<p>La carcasa est\u00e1 llena de arg\u00f3n y sellada con juntas t\u00f3ricas para garantizar una protecci\u00f3n confiable y duradera contra el polvo, los escombros, la niebla y el agua. Los binoculares est\u00e1n blindados de goma para una protecci\u00f3n antideslizante y duradera, y est\u00e1n equipados con un bot\u00f3n de enfoque grande que es f\u00e1cil de usar, incluso con guantes. Los oculares giratorios se adaptan a los usuarios que usan anteojos. Con contornos naturales que se ajustan perfectamente a sus manos, promoviendo la comodidad y eliminando la fatiga del usuario, el Diamondback HD incluye una combinaci\u00f3n ganadora de caracter\u00edsticas.   <\/p>\n<p><strong>Rendimiento \u00f3ptico<\/strong><\/p>\n<ul>\n<li>Dise\u00f1o de prisma de techo<\/li>\n<li>Aumento de 10x<\/li>\n<li>Lentes de objetivo de 50 mm<\/li>\n<li>Las lentes totalmente multicapa aumentan la transmisi\u00f3n, la claridad y el brillo<\/li>\n<li>Los prismas de techo con revestimiento diel\u00e9ctrico y correcci\u00f3n de fase mejoran el color real, el contraste y la transmisi\u00f3n<\/li>\n<li>\u00c1ngulo de visi\u00f3n de 6\u00b0<\/li>\n<li>Campo de visi\u00f3n lineal de 315 pies a 1000 yardas<\/li>\n<li>Distancia de enfoque cercano amigable con las aves de 6&#8242;<\/li>\n<li>Pupila de salida: 5 mm<\/li>\n<li>Alivio ocular: 17 mm<\/li>\n<\/ul>\n<p><strong>Uso y manejo<\/strong><\/p>\n<ul>\n<li>El puente de bisagra corto reduce el peso y expone m\u00e1s superficie para el manejo<\/li>\n<li>Distancia interpupilar ajustable: 60-75 mm<\/li>\n<li>Rueda de enfoque central dentada grande<\/li>\n<li>Anillo de dioptr\u00edas texturizado en el ocular derecho<\/li>\n<li>Oculares de goma c\u00f3nicos suaves retorcidos<\/li>\n<\/ul>\n<p><strong>Detalles constructivos<\/strong><\/p>\n<ul>\n<li>Arn\u00e9s para binoculares GlassPak con bolsillo para accesorios con cremallera<\/li>\n<li>La armadura protectora de goma proporciona un agarre antideslizante<\/li>\n<li>Junta t\u00f3rica sellada y rellena de arg\u00f3n para ser impermeable y resistente al empa\u00f1amiento interno cuando se atraviesan temperaturas y condiciones ambientales extremas<\/li>\n<li>Los recubrimientos exteriores de lentes ArmorTek resistentes a los ara\u00f1azos repelen los aceites y materiales corrosivos de las lentes<\/li>\n<\/ul>\n","protected":false},"excerpt":{"rendered":"<p>Con un potente aumento y una generosa lente de objetivo para una visi\u00f3n brillante incluso en condiciones de poca luz,<\/p>\n","protected":false},"featured_media":44265,"comment_status":"closed","ping_status":"open","template":"","meta":{"_acf_changed":false},"product_brand":[2673],"product_cat":[1066],"product_tag":[],"class_list":{"0":"post-74284","1":"product","2":"type-product","3":"status-publish","4":"has-post-thumbnail","6":"product_brand-vortex-es","7":"product_cat-prismaticos","9":"first","10":"instock","11":"taxable","12":"shipping-taxable","13":"purchasable","14":"product-type-simple"},"bundled_by":[],"bundle_stock_status":"instock","bundle_stock_quantity":1,"bundle_virtual":false,"bundle_layout":"","bundle_add_to_cart_form_location":"","bundle_editable_in_cart":false,"bundle_sold_individually_context":"","bundle_item_grouping":"","bundle_min_size":"","bundle_max_size":"","bundle_price":[],"bundled_items":[],"bundle_sell_ids":[],"acf":[],"_links":{"self":[{"href":"https:\/\/hi-techwonder.com\/es\/wp-json\/wp\/v2\/product\/74284","targetHints":{"allow":["GET"]}}],"collection":[{"href":"https:\/\/hi-techwonder.com\/es\/wp-json\/wp\/v2\/product"}],"about":[{"href":"https:\/\/hi-techwonder.com\/es\/wp-json\/wp\/v2\/types\/product"}],"replies":[{"embeddable":true,"href":"https:\/\/hi-techwonder.com\/es\/wp-json\/wp\/v2\/comments?post=74284"}],"wp:featuredmedia":[{"embeddable":true,"href":"https:\/\/hi-techwonder.com\/es\/wp-json\/wp\/v2\/media\/44265"}],"wp:attachment":[{"href":"https:\/\/hi-techwonder.com\/es\/wp-json\/wp\/v2\/media?parent=74284"}],"wp:term":[{"taxonomy":"product_brand","embeddable":true,"href":"https:\/\/hi-techwonder.com\/es\/wp-json\/wp\/v2\/product_brand?post=74284"},{"taxonomy":"product_cat","embeddable":true,"href":"https:\/\/hi-techwonder.com\/es\/wp-json\/wp\/v2\/product_cat?post=74284"},{"taxonomy":"product_tag","embeddable":true,"href":"https:\/\/hi-techwonder.com\/es\/wp-json\/wp\/v2\/product_tag?post=74284"}],"curies":[{"name":"wp","href":"https:\/\/api.w.org\/{rel}","templated":true}]}}