{"id":74285,"date":"2025-07-29T09:01:49","date_gmt":"2025-07-29T09:01:49","guid":{"rendered":"https:\/\/fv6qoy3ls0.wpdns.site\/product\/vortex-crossfire-hd-10x42-prismaticos\/"},"modified":"2025-10-06T14:56:40","modified_gmt":"2025-10-06T14:56:40","slug":"vortex-crossfire-hd-10x42-prismaticos","status":"publish","type":"product","link":"https:\/\/hi-techwonder.com\/es\/producto\/vortex-crossfire-hd-10x42-prismaticos\/","title":{"rendered":"VORTEX Crossfire HD 10&#215;42 Prism\u00e1ticos"},"content":{"rendered":"<p><strong>Binoculares Vortex Crossfire HD 10&#215;42<\/strong><\/p>\n<p>El Vortex Crossfire HD ofrece una imagen con una fidelidad de color excepcional, nitidez de borde a borde y una transmisi\u00f3n de luz \u00f3ptima mediante el uso de vidrio de alta definici\u00f3n. Una configuraci\u00f3n de lente de ajuste de \u00edndice, recubrimientos de lentes XR Plus y prismas de techo de correcci\u00f3n de fase garantizan una reproducci\u00f3n con una aberraci\u00f3n crom\u00e1tica m\u00ednima. <\/p>\n<p><iframe loading=\"lazy\" style=\"width: 889px; height: 500px;\" title=\"Prism\u00e1ticos Vortex Crossfire HD\" src=\"https:\/\/www.youtube.com\/embed\/uJjRG25QSew\" width=\"889\" height=\"500\" frameborder=\"0\" allowfullscreen=\"allowfullscreen\"><\/iframe><\/p>\n<p><strong>F\u00e1cil de usar<\/strong><\/p>\n<p>Los oculares ajustables ?? se puede girar hacia arriba y hacia abajo. Esta c\u00f3moda visualizaci\u00f3n con o sin gafas. La perilla de enfoque central ajusta el enfoque de ambos tubos binoculares simult\u00e1neamente y es f\u00e1cil de operar. La dioptr\u00eda se puede ajustar para cada usuario y se encuentra en el ocular derecho.<\/p>\n<p><strong>Protecci\u00f3n \u00f3ptima<\/strong><\/p>\n<p>El escudo de goma proporciona un agarre firme y antideslizante y una protecci\u00f3n externa duradera.<\/p>\n<p>Los sellos de junta t\u00f3rica evitan que la humedad, el polvo y la suciedad entren en los binoculares para un rendimiento confiable en todos los entornos.<\/p>\n<p>La construcci\u00f3n robusta es a prueba de golpes y lo hace resistente al retroceso y al impacto.<\/p>\n<p>La limpieza con gas nitr\u00f3geno evita el empa\u00f1amiento interno en un amplio rango de temperaturas.<\/p>\n<p>Compatible con un adaptador de tr\u00edpode, lo que permite su uso en un tr\u00edpode o en un soporte para ventanas de autom\u00f3vil.<\/p>\n<p><strong>Funciones<\/strong><\/p>\n<ul>\n<li>Aumento: 10x<\/li>\n<li>Di\u00e1metro de la lente del objetivo: 42 mm<\/li>\n<li>Alivio ocular: 15 mm<\/li>\n<li>Salida de la pupila: 4,2 mm<\/li>\n<li>Campo de visi\u00f3n lineal: 325 pies \/ 1000 yardas<\/li>\n<li>Campo de visi\u00f3n angular: 6,2 grados<\/li>\n<li>Enfoque cercano: 6 pies<\/li>\n<li>Distancia interpupilar: 58-75 mm<\/li>\n<li>Altura: 6&#8243; \/ 15,2 cm<\/li>\n<li>Ancho: 5,2&#8243; \/ 13,2 cm<\/li>\n<li>Peso: 652gr<\/li>\n<\/ul>\n<p><strong>En la caja<\/strong><\/p>\n<ul>\n<li>1 x Caja de binoculares Glasspak<\/li>\n<li>1 x Arn\u00e9s de caja Glasspak<\/li>\n<li>1 x Tapa de ocular Rainguard<\/li>\n<li>1 x Correa c\u00f3moda para el cuello<\/li>\n<li>1 x Pa\u00f1o para lentes<\/li>\n<li>1 x Juego de tapa atada<\/li>\n<\/ul>\n","protected":false},"excerpt":{"rendered":"<p>Binoculares Vortex Crossfire HD 10&#215;42 El Vortex Crossfire HD ofrece una imagen con una fidelidad de color excepcional, nitidez de<\/p>\n","protected":false},"featured_media":44286,"comment_status":"closed","ping_status":"open","template":"","meta":{"_acf_changed":false},"product_brand":[2673],"product_cat":[1066],"product_tag":[],"class_list":{"0":"post-74285","1":"product","2":"type-product","3":"status-publish","4":"has-post-thumbnail","6":"product_brand-vortex-es","7":"product_cat-prismaticos","9":"first","10":"instock","11":"taxable","12":"shipping-taxable","13":"purchasable","14":"product-type-simple"},"bundled_by":[],"bundle_stock_status":"instock","bundle_stock_quantity":1,"bundle_virtual":false,"bundle_layout":"","bundle_add_to_cart_form_location":"","bundle_editable_in_cart":false,"bundle_sold_individually_context":"","bundle_item_grouping":"","bundle_min_size":"","bundle_max_size":"","bundle_price":[],"bundled_items":[],"bundle_sell_ids":[],"acf":[],"_links":{"self":[{"href":"https:\/\/hi-techwonder.com\/es\/wp-json\/wp\/v2\/product\/74285","targetHints":{"allow":["GET"]}}],"collection":[{"href":"https:\/\/hi-techwonder.com\/es\/wp-json\/wp\/v2\/product"}],"about":[{"href":"https:\/\/hi-techwonder.com\/es\/wp-json\/wp\/v2\/types\/product"}],"replies":[{"embeddable":true,"href":"https:\/\/hi-techwonder.com\/es\/wp-json\/wp\/v2\/comments?post=74285"}],"wp:featuredmedia":[{"embeddable":true,"href":"https:\/\/hi-techwonder.com\/es\/wp-json\/wp\/v2\/media\/44286"}],"wp:attachment":[{"href":"https:\/\/hi-techwonder.com\/es\/wp-json\/wp\/v2\/media?parent=74285"}],"wp:term":[{"taxonomy":"product_brand","embeddable":true,"href":"https:\/\/hi-techwonder.com\/es\/wp-json\/wp\/v2\/product_brand?post=74285"},{"taxonomy":"product_cat","embeddable":true,"href":"https:\/\/hi-techwonder.com\/es\/wp-json\/wp\/v2\/product_cat?post=74285"},{"taxonomy":"product_tag","embeddable":true,"href":"https:\/\/hi-techwonder.com\/es\/wp-json\/wp\/v2\/product_tag?post=74285"}],"curies":[{"name":"wp","href":"https:\/\/api.w.org\/{rel}","templated":true}]}}