{"id":74286,"date":"2025-07-29T09:01:44","date_gmt":"2025-07-29T09:01:44","guid":{"rendered":"https:\/\/fv6qoy3ls0.wpdns.site\/product\/vortex-diamondback-hd-10x42-prismaticos\/"},"modified":"2026-04-01T12:24:04","modified_gmt":"2026-04-01T11:24:04","slug":"vortex-diamondback-hd-10x42-prismaticos","status":"publish","type":"product","link":"https:\/\/hi-techwonder.com\/es\/producto\/vortex-diamondback-hd-10x42-prismaticos\/","title":{"rendered":"VORTEX Diamondback HD 10&#215;42 Prism\u00e1ticos"},"content":{"rendered":"<p><strong>Vortex Diamondback HD 10&#215;42<\/strong><\/p>\n<p>Con un sistema \u00f3ptico de alta definici\u00f3n, un cuerpo ligero de aleaci\u00f3n de magnesio y un generoso campo de visi\u00f3n, el Vortex Diamondback HD 10&#215;42 NEW es un prism\u00e1tico vers\u00e1til adecuado para una amplia gama de aplicaciones.<\/p>\n<p><strong>\u00d3ptica HD<\/strong><\/p>\n<p>Mediante el uso de vidrio de alta definici\u00f3n, el Diamondback HD ofrece una visualizaci\u00f3n excepcionalmente natural y colorida, nitidez de borde a borde y una transmisi\u00f3n de luz \u00f3ptima. Una configuraci\u00f3n de lente de \u00edndice adaptado, recubrimientos de lentes XR Plus y prismas de techo con correcci\u00f3n de fase y recubrimiento diel\u00e9ctrico garantizan una reproducci\u00f3n con una aberraci\u00f3n crom\u00e1tica m\u00ednima. Las lentes est\u00e1n protegidas contra ara\u00f1azos, aceite y polvo por el revestimiento de lentes ArmorTek.  <\/p>\n<p><strong>F\u00e1cil de usar<\/strong><\/p>\n<p>Los oculares ajustables ?? se puede girar hacia arriba y hacia abajo. Esto garantiza una visualizaci\u00f3n c\u00f3moda con o sin gafas. La perilla de enfoque central ajusta el enfoque de ambos tubos binoculares simult\u00e1neamente y es f\u00e1cil de operar. La dioptr\u00eda se puede ajustar para cada usuario y se encuentra en el ocular derecho.<\/p>\n<p><strong>Protecci\u00f3n \u00f3ptima<\/strong><\/p>\n<p>El escudo de goma proporciona un agarre firme y antideslizante y una protecci\u00f3n externa duradera.<\/p>\n<p>Los sellos de junta t\u00f3rica evitan que la humedad, el polvo y la suciedad entren en los binoculares para un rendimiento confiable en todos los entornos.<\/p>\n<p>La construcci\u00f3n robusta es a prueba de golpes y lo hace resistente al retroceso y al impacto.<\/p>\n<p>La limpieza con gas nitr\u00f3geno evita el empa\u00f1amiento interno en un amplio rango de temperaturas.<\/p>\n<p><strong>Funciones<\/strong><\/p>\n<ul>\n<li>Aumento: 10x<\/li>\n<li>Di\u00e1metro de la lente del objetivo: 42 mm<\/li>\n<li>Alivio ocular: 15 mm<\/li>\n<li>Salida de la pupila: 4,2 mm<\/li>\n<li>Campo de visi\u00f3n lineal: 110 m \/ 1000 m<\/li>\n<li>Campo de visi\u00f3n angular: 6,3 grados<\/li>\n<li>Enfoque cercano: 1,5 m<\/li>\n<li>Distancia interpupilar: 55-73 mm<\/li>\n<li>Altura: 14,4 cm<\/li>\n<li>Ancho: 12,9 cm<\/li>\n<li>Peso; 604gr<\/li>\n<\/ul>\n<p><strong>En la caja<\/strong><\/p>\n<ul>\n<li>Estuche de lujo<\/li>\n<li>Asa de transporte de lujo<\/li>\n<li>Correa de cuello c\u00f3moda<\/li>\n<li>Cubiertas de lentes de objetivo atadas<\/li>\n<li>Tapa de ocular Rainguard<\/li>\n<li>Pa\u00f1o para lentes<\/li>\n<\/ul>\n","protected":false},"excerpt":{"rendered":"<p>Vortex Diamondback HD 10&#215;42 Con un sistema \u00f3ptico de alta definici\u00f3n, un cuerpo ligero de aleaci\u00f3n de magnesio y un<\/p>\n","protected":false},"featured_media":44256,"comment_status":"closed","ping_status":"open","template":"","meta":{"_acf_changed":false},"product_brand":[2673],"product_cat":[1066],"product_tag":[],"class_list":{"0":"post-74286","1":"product","2":"type-product","3":"status-publish","4":"has-post-thumbnail","6":"product_brand-vortex-es","7":"product_cat-prismaticos","9":"first","10":"onbackorder","11":"taxable","12":"shipping-taxable","13":"purchasable","14":"product-type-simple"},"bundled_by":[],"bundle_stock_status":"onbackorder","bundle_stock_quantity":null,"bundle_virtual":false,"bundle_layout":"","bundle_add_to_cart_form_location":"","bundle_editable_in_cart":false,"bundle_sold_individually_context":"","bundle_item_grouping":"","bundle_min_size":"","bundle_max_size":"","bundle_price":[],"bundled_items":[],"bundle_sell_ids":[],"acf":[],"_links":{"self":[{"href":"https:\/\/hi-techwonder.com\/es\/wp-json\/wp\/v2\/product\/74286","targetHints":{"allow":["GET"]}}],"collection":[{"href":"https:\/\/hi-techwonder.com\/es\/wp-json\/wp\/v2\/product"}],"about":[{"href":"https:\/\/hi-techwonder.com\/es\/wp-json\/wp\/v2\/types\/product"}],"replies":[{"embeddable":true,"href":"https:\/\/hi-techwonder.com\/es\/wp-json\/wp\/v2\/comments?post=74286"}],"wp:featuredmedia":[{"embeddable":true,"href":"https:\/\/hi-techwonder.com\/es\/wp-json\/wp\/v2\/media\/44256"}],"wp:attachment":[{"href":"https:\/\/hi-techwonder.com\/es\/wp-json\/wp\/v2\/media?parent=74286"}],"wp:term":[{"taxonomy":"product_brand","embeddable":true,"href":"https:\/\/hi-techwonder.com\/es\/wp-json\/wp\/v2\/product_brand?post=74286"},{"taxonomy":"product_cat","embeddable":true,"href":"https:\/\/hi-techwonder.com\/es\/wp-json\/wp\/v2\/product_cat?post=74286"},{"taxonomy":"product_tag","embeddable":true,"href":"https:\/\/hi-techwonder.com\/es\/wp-json\/wp\/v2\/product_tag?post=74286"}],"curies":[{"name":"wp","href":"https:\/\/api.w.org\/{rel}","templated":true}]}}