{"id":74288,"date":"2025-07-29T09:01:53","date_gmt":"2025-07-29T09:01:53","guid":{"rendered":"https:\/\/fv6qoy3ls0.wpdns.site\/product\/prismaticos-vortex-crossfire-hd-8x42\/"},"modified":"2026-01-31T02:46:57","modified_gmt":"2026-01-31T02:46:57","slug":"vortex-prismaticos-vortex-crossfire-hd-8x42","status":"publish","type":"product","link":"https:\/\/hi-techwonder.com\/es\/producto\/vortex-prismaticos-vortex-crossfire-hd-8x42\/","title":{"rendered":"Prism\u00e1ticos VORTEX Crossfire HD 8&#215;42"},"content":{"rendered":"<p><strong>Binoculares Vortex Crossfire HD 8&#215;42<\/strong><\/p>\n<p>Los prism\u00e1ticos Vortex Crossfire HD 8&#215;42 son la nueva versi\u00f3n mejorada de los prism\u00e1ticos Crossfire 8&#215;42 anteriores. Estos prism\u00e1ticos est\u00e1n equipados con un mejor sistema \u00f3ptico HD y las lentes est\u00e1n totalmente recubiertas. Esto da como resultado una mayor transmisi\u00f3n de luz, lo que proporciona im\u00e1genes m\u00e1s claras y n\u00edtidas.  <\/p>\n<p><iframe loading=\"lazy\" src=\"https:\/\/www.youtube.com\/embed\/uJjRG25QSew\" width=\"880\" height=\"500\" frameborder=\"0\" allowfullscreen=\"allowfullscreen\"><\/iframe><\/p>\n<p><strong>Arn\u00e9s Glasspak<\/strong><\/p>\n<p>Estos binoculares Crossfire vienen con un arn\u00e9s Vortex Glasspak que protege sus binoculares cuando no los est\u00e1 usando. Puede colgar f\u00e1cilmente la bolsa en su pecho, lo que le permite agarrarla con un movimiento de la mano cuando sea necesario. <\/p>\n<p><strong>Vidrio HD<\/strong><\/p>\n<p>Crossfire HD proporciona im\u00e1genes con una aberraci\u00f3n crom\u00e1tica m\u00ednima, una fidelidad de color excepcional, nitidez de borde a borde y una transmisi\u00f3n de luz \u00f3ptima mediante el uso de vidrio HD.<\/p>\n<p><strong>Relleno de nitr\u00f3geno<\/strong><\/p>\n<p>El cuerpo est\u00e1 lleno de nitr\u00f3geno, lo que hace que la pantalla sea impermeable y evita la condensaci\u00f3n. El revestimiento de goma en el cuerpo proporciona un buen agarre. El puente corto proporciona suficiente espacio para sus manos, y el bot\u00f3n de enfoque grande es f\u00e1cil de usar, incluso con guantes.  <\/p>\n<p><strong>Tr\u00edpode<\/strong><\/p>\n<p>Los oculares giratorios son adecuados para los usuarios de gafas. Para un uso manos libres y mayor estabilidad, los prism\u00e1ticos se pueden montar en un tr\u00edpode. <\/p>\n<p><strong>Funciones<\/strong><\/p>\n<ul>\n<li>Sistema \u00f3ptico HD con elementos de vidrio optimizados<\/li>\n<li>Lentes totalmente multicapa con propiedades antirreflectantes<\/li>\n<li>Mejora de la transmisi\u00f3n de luz, el brillo y la fidelidad del color<\/li>\n<li>La correcci\u00f3n de fase aumenta la resoluci\u00f3n y el contraste<\/li>\n<li>Lleno de gas nitr\u00f3geno y sellado con junta t\u00f3rica<\/li>\n<li>Cuerpo de goma para un mejor agarre y protecci\u00f3n<\/li>\n<li>Ajuste de dioptr\u00edas en el ocular derecho<\/li>\n<li>Dise\u00f1o resistente a los golpes<\/li>\n<li>Oculares giratorios<\/li>\n<\/ul>\n<p><strong>En la caja<\/strong><\/p>\n<ul>\n<li>1 x Caja de binoculares Glasspak<\/li>\n<li>1 x Arn\u00e9s de caja Glasspak<\/li>\n<li>1 x Tapa de ocular Rainguard<\/li>\n<li>1 x Correa c\u00f3moda para el cuello<\/li>\n<li>1 x Pa\u00f1o para lentes<\/li>\n<li>1 x Juego de tapa atada<\/li>\n<\/ul>\n","protected":false},"excerpt":{"rendered":"<p>Binoculares Vortex Crossfire HD 8&#215;42 Los prism\u00e1ticos Vortex Crossfire HD 8&#215;42 son la nueva versi\u00f3n mejorada de los prism\u00e1ticos Crossfire<\/p>\n","protected":false},"featured_media":44293,"comment_status":"closed","ping_status":"open","template":"","meta":{"_acf_changed":false},"product_brand":[2673],"product_cat":[1066],"product_tag":[],"class_list":{"0":"post-74288","1":"product","2":"type-product","3":"status-publish","4":"has-post-thumbnail","6":"product_brand-vortex-es","7":"product_cat-prismaticos","9":"first","10":"instock","11":"taxable","12":"shipping-taxable","13":"purchasable","14":"product-type-simple"},"bundled_by":[],"bundle_stock_status":"instock","bundle_stock_quantity":1,"bundle_virtual":false,"bundle_layout":"","bundle_add_to_cart_form_location":"","bundle_editable_in_cart":false,"bundle_sold_individually_context":"","bundle_item_grouping":"","bundle_min_size":"","bundle_max_size":"","bundle_price":[],"bundled_items":[],"bundle_sell_ids":[],"acf":[],"_links":{"self":[{"href":"https:\/\/hi-techwonder.com\/es\/wp-json\/wp\/v2\/product\/74288","targetHints":{"allow":["GET"]}}],"collection":[{"href":"https:\/\/hi-techwonder.com\/es\/wp-json\/wp\/v2\/product"}],"about":[{"href":"https:\/\/hi-techwonder.com\/es\/wp-json\/wp\/v2\/types\/product"}],"replies":[{"embeddable":true,"href":"https:\/\/hi-techwonder.com\/es\/wp-json\/wp\/v2\/comments?post=74288"}],"wp:featuredmedia":[{"embeddable":true,"href":"https:\/\/hi-techwonder.com\/es\/wp-json\/wp\/v2\/media\/44293"}],"wp:attachment":[{"href":"https:\/\/hi-techwonder.com\/es\/wp-json\/wp\/v2\/media?parent=74288"}],"wp:term":[{"taxonomy":"product_brand","embeddable":true,"href":"https:\/\/hi-techwonder.com\/es\/wp-json\/wp\/v2\/product_brand?post=74288"},{"taxonomy":"product_cat","embeddable":true,"href":"https:\/\/hi-techwonder.com\/es\/wp-json\/wp\/v2\/product_cat?post=74288"},{"taxonomy":"product_tag","embeddable":true,"href":"https:\/\/hi-techwonder.com\/es\/wp-json\/wp\/v2\/product_tag?post=74288"}],"curies":[{"name":"wp","href":"https:\/\/api.w.org\/{rel}","templated":true}]}}