{"id":74290,"date":"2025-07-29T09:01:57","date_gmt":"2025-07-29T09:01:57","guid":{"rendered":"https:\/\/fv6qoy3ls0.wpdns.site\/product\/prismaticos-vortex-viper-hd-8x42\/"},"modified":"2026-01-31T02:46:48","modified_gmt":"2026-01-31T02:46:48","slug":"vortex-prismaticos-vortex-viper-hd-8x42","status":"publish","type":"product","link":"https:\/\/hi-techwonder.com\/es\/producto\/vortex-prismaticos-vortex-viper-hd-8x42\/","title":{"rendered":"Prism\u00e1ticos VORTEX Viper HD 8&#215;42"},"content":{"rendered":"<p><strong>Prism\u00e1ticos Vortex Viper HD 8&#215;42<\/strong><\/p>\n<p>El redise\u00f1ado Vortex Viper HD 8&#215;42 cumple con todas sus expectativas binoculares. La caja est\u00e1 cubierta con una capa de goma para un agarre seguro y antideslizante y una protecci\u00f3n duradera. Las \u00f3pticas est\u00e1n selladas con juntas t\u00f3ricas para evitar la entrada de humedad, polvo y suciedad. Los prism\u00e1ticos tambi\u00e9n est\u00e1n llenos de gas para garantizar un rendimiento resistente al agua y sin condensaci\u00f3n.   <\/p>\n<p><iframe loading=\"lazy\" src=\"https:\/\/www.youtube.com\/embed\/cPByuQgGkM0\" width=\"880\" height=\"500\" frameborder=\"0\" allowfullscreen=\"allowfullscreen\"><\/iframe><\/p>\n<p><strong>Calidad \u00f3ptica<\/strong><\/p>\n<p>El Vortex Viper tiene un aumento de 8x y ofrece una imagen clara y de alto contraste con colores reales. Esto es posible gracias al uso de vidrio HD con dispersi\u00f3n extra baja y recubrimiento diel\u00e9ctrico especial. La transmisi\u00f3n de luz est\u00e1 optimizada por el revestimiento antirreflectante del Vortex. Las lentes cuentan con el revestimiento ArmorTek extremadamente duro y resistente a los ara\u00f1azos, que protege la superficie de ara\u00f1azos, grasa y otra suciedad.   <\/p>\n<p><strong>Apto para todos<\/strong><\/p>\n<p>El amplio alivio ocular de 18 mm y los oculares giratorios facilitan la visi\u00f3n de los usuarios de gafas. Siempre puede ajustar el enfoque del Vortex para que se adapte a sus ojos, gracias a la perilla de enfoque ubicada detr\u00e1s del ocular derecho. Adem\u00e1s, estos prism\u00e1ticos se pueden montar f\u00e1cilmente en un tr\u00edpode con un adaptador disponible por separado.  <\/p>\n<p><strong>Funciones<\/strong><\/p>\n<ul>\n<li>Equipado con vidrio HD de baja dispersi\u00f3n para una m\u00e1xima fidelidad de color y alta resoluci\u00f3n<\/li>\n<li>Equipado con el revestimiento antirreflectante XR patentado de Vortex<\/li>\n<li>El recubrimiento de correcci\u00f3n de fase aumenta la resoluci\u00f3n y el contraste<\/li>\n<li>Construido con prismas de techo BaK4 de alta calidad<\/li>\n<li>A prueba de agua y polvo a trav\u00e9s del sello de junta t\u00f3rica<\/li>\n<li>Lleno de gas para un rendimiento a prueba de agua y niebla<\/li>\n<li>Acabado con goma antideslizante<\/li>\n<li>Recubrimiento ArmorTek ultraduro y resistente a los ara\u00f1azos<\/li>\n<\/ul>\n<p><strong>En la caja<\/strong><\/p>\n<ul>\n<li>1 x Binoculares nuevos Vortex Viper HD 10&#215;42<\/li>\n<li>1 x Caja de binoculares Glasspak<\/li>\n<li>1 x Arn\u00e9s de caja Glasspak<\/li>\n<li>1 x Tapa de ocular Rainguard<\/li>\n<li>1 x Juego de dos tapas de lentes de objetivo atadas<\/li>\n<li>1 x Correa c\u00f3moda para el cuello<\/li>\n<li>1 x Pa\u00f1o para lentes<\/li>\n<\/ul>\n","protected":false},"excerpt":{"rendered":"<p>Prism\u00e1ticos Vortex Viper HD 8&#215;42 El redise\u00f1ado Vortex Viper HD 8&#215;42 cumple con todas sus expectativas binoculares. La caja est\u00e1<\/p>\n","protected":false},"featured_media":44323,"comment_status":"closed","ping_status":"open","template":"","meta":{"_acf_changed":false},"product_brand":[2673],"product_cat":[1066],"product_tag":[],"class_list":{"0":"post-74290","1":"product","2":"type-product","3":"status-publish","4":"has-post-thumbnail","6":"product_brand-vortex-es","7":"product_cat-prismaticos","9":"first","10":"onbackorder","11":"taxable","12":"shipping-taxable","13":"purchasable","14":"product-type-simple"},"bundled_by":[],"bundle_stock_status":"onbackorder","bundle_stock_quantity":0,"bundle_virtual":false,"bundle_layout":"","bundle_add_to_cart_form_location":"","bundle_editable_in_cart":false,"bundle_sold_individually_context":"","bundle_item_grouping":"","bundle_min_size":"","bundle_max_size":"","bundle_price":[],"bundled_items":[],"bundle_sell_ids":[],"acf":[],"_links":{"self":[{"href":"https:\/\/hi-techwonder.com\/es\/wp-json\/wp\/v2\/product\/74290","targetHints":{"allow":["GET"]}}],"collection":[{"href":"https:\/\/hi-techwonder.com\/es\/wp-json\/wp\/v2\/product"}],"about":[{"href":"https:\/\/hi-techwonder.com\/es\/wp-json\/wp\/v2\/types\/product"}],"replies":[{"embeddable":true,"href":"https:\/\/hi-techwonder.com\/es\/wp-json\/wp\/v2\/comments?post=74290"}],"wp:featuredmedia":[{"embeddable":true,"href":"https:\/\/hi-techwonder.com\/es\/wp-json\/wp\/v2\/media\/44323"}],"wp:attachment":[{"href":"https:\/\/hi-techwonder.com\/es\/wp-json\/wp\/v2\/media?parent=74290"}],"wp:term":[{"taxonomy":"product_brand","embeddable":true,"href":"https:\/\/hi-techwonder.com\/es\/wp-json\/wp\/v2\/product_brand?post=74290"},{"taxonomy":"product_cat","embeddable":true,"href":"https:\/\/hi-techwonder.com\/es\/wp-json\/wp\/v2\/product_cat?post=74290"},{"taxonomy":"product_tag","embeddable":true,"href":"https:\/\/hi-techwonder.com\/es\/wp-json\/wp\/v2\/product_tag?post=74290"}],"curies":[{"name":"wp","href":"https:\/\/api.w.org\/{rel}","templated":true}]}}