{"id":74291,"date":"2025-07-29T09:01:53","date_gmt":"2025-07-29T09:01:53","guid":{"rendered":"https:\/\/fv6qoy3ls0.wpdns.site\/product\/vortex-viper-hd-12x50-prismaticos\/"},"modified":"2025-07-29T09:01:53","modified_gmt":"2025-07-29T09:01:53","slug":"vortex-viper-hd-12x50-prismaticos","status":"publish","type":"product","link":"https:\/\/hi-techwonder.com\/es\/producto\/vortex-viper-hd-12x50-prismaticos\/","title":{"rendered":"VORTEX Viper HD 12&#215;50 Prism\u00e1ticos"},"content":{"rendered":"<p><strong>Prism\u00e1ticos Vortex Viper HD 12&#215;50<\/strong><\/p>\n<p>Con un vistazo a los nuevos prism\u00e1ticos Vortex Viper HD 12&#215;50, comprender\u00e1 que este Viper HD tiene todo lo que esperar\u00eda. El cuerpo est\u00e1 cubierto con una capa de goma para un agarre seguro y antideslizante y una protecci\u00f3n duradera. Las \u00f3pticas est\u00e1n selladas con juntas t\u00f3ricas para evitar la entrada de humedad, polvo y suciedad. Los prism\u00e1ticos tambi\u00e9n est\u00e1n llenos de gas arg\u00f3n para garantizar un rendimiento resistente al agua y sin empa\u00f1amiento.   <\/p>\n<p><iframe loading=\"lazy\" style=\"width: 880px; height: 500px;\" title=\"Prism\u00e1ticos Vortex Viper HD\" src=\"https:\/\/www.youtube.com\/embed\/cPByuQgGkM0\" width=\"880\" height=\"500\" frameborder=\"0\" allowfullscreen=\"allowfullscreen\"><\/iframe><\/p>\n<p><strong>Calidad \u00f3ptica<\/strong><\/p>\n<p>El Vortex Viper HD 12&#215;50 tiene un aumento de 12x y ofrece una imagen n\u00edtida y de alto contraste con colores reales. Esto es posible gracias al uso de vidrio de dispersi\u00f3n extra baja y un recubrimiento especial. La transmisi\u00f3n de luz est\u00e1 optimizada por el revestimiento antirreflectante del Vortex. Las lentes tienen un revestimiento extremadamente duro y resistente a los ara\u00f1azos que protege la superficie de ara\u00f1azos, grasa y otra suciedad.   <\/p>\n<p><strong>Funciones<\/strong><\/p>\n<ul>\n<li>Aumento de 12x<\/li>\n<li>Imagen n\u00edtida y de alto contraste con colores reales<\/li>\n<li>Carcasa robusta con agarre antideslizante duradero<\/li>\n<li>Vidrio de dispersi\u00f3n extra baja y revestimiento antirreflectante<\/li>\n<li>Revestimiento resistente a los ara\u00f1azos en las lentes<\/li>\n<li>Rendimiento a prueba de agua y niebla<\/li>\n<\/ul>\n<p><strong>En la caja<\/strong><\/p>\n<ul>\n<li>1 x Prism\u00e1ticos nuevos Vortex Viper HD 12&#215;50<\/li>\n<li>1 x Arn\u00e9s de caja Glasspak<\/li>\n<li>1 x Tapa de ocular Rainguard<\/li>\n<li>1 x Correa c\u00f3moda para el cuello<\/li>\n<li>1 x Pa\u00f1o para lentes<\/li>\n<li>1 x Juego de dos tapas de lentes de objetivo atadas<\/li>\n<\/ul>\n","protected":false},"excerpt":{"rendered":"<p>Prism\u00e1ticos Vortex Viper HD 12&#215;50 Con un vistazo a los nuevos prism\u00e1ticos Vortex Viper HD 12&#215;50, comprender\u00e1 que este Viper<\/p>\n","protected":false},"featured_media":44300,"comment_status":"closed","ping_status":"open","template":"","meta":{"_acf_changed":false},"product_brand":[2673],"product_cat":[1066],"product_tag":[],"class_list":{"0":"post-74291","1":"product","2":"type-product","3":"status-publish","4":"has-post-thumbnail","6":"product_brand-vortex-es","7":"product_cat-prismaticos","9":"first","10":"onbackorder","11":"taxable","12":"shipping-taxable","13":"purchasable","14":"product-type-simple"},"bundled_by":[],"bundle_stock_status":"onbackorder","bundle_stock_quantity":0,"bundle_virtual":false,"bundle_layout":"","bundle_add_to_cart_form_location":"","bundle_editable_in_cart":false,"bundle_sold_individually_context":"","bundle_item_grouping":"","bundle_min_size":"","bundle_max_size":"","bundle_price":[],"bundled_items":[],"bundle_sell_ids":[],"acf":[],"_links":{"self":[{"href":"https:\/\/hi-techwonder.com\/es\/wp-json\/wp\/v2\/product\/74291","targetHints":{"allow":["GET"]}}],"collection":[{"href":"https:\/\/hi-techwonder.com\/es\/wp-json\/wp\/v2\/product"}],"about":[{"href":"https:\/\/hi-techwonder.com\/es\/wp-json\/wp\/v2\/types\/product"}],"replies":[{"embeddable":true,"href":"https:\/\/hi-techwonder.com\/es\/wp-json\/wp\/v2\/comments?post=74291"}],"wp:featuredmedia":[{"embeddable":true,"href":"https:\/\/hi-techwonder.com\/es\/wp-json\/wp\/v2\/media\/44300"}],"wp:attachment":[{"href":"https:\/\/hi-techwonder.com\/es\/wp-json\/wp\/v2\/media?parent=74291"}],"wp:term":[{"taxonomy":"product_brand","embeddable":true,"href":"https:\/\/hi-techwonder.com\/es\/wp-json\/wp\/v2\/product_brand?post=74291"},{"taxonomy":"product_cat","embeddable":true,"href":"https:\/\/hi-techwonder.com\/es\/wp-json\/wp\/v2\/product_cat?post=74291"},{"taxonomy":"product_tag","embeddable":true,"href":"https:\/\/hi-techwonder.com\/es\/wp-json\/wp\/v2\/product_tag?post=74291"}],"curies":[{"name":"wp","href":"https:\/\/api.w.org\/{rel}","templated":true}]}}