{"id":74292,"date":"2025-07-29T09:01:53","date_gmt":"2025-07-29T09:01:53","guid":{"rendered":"https:\/\/fv6qoy3ls0.wpdns.site\/product\/vortex-viper-hd-10x50-prismaticos\/"},"modified":"2025-07-29T09:01:53","modified_gmt":"2025-07-29T09:01:53","slug":"vortex-viper-hd-10x50-prismaticos","status":"publish","type":"product","link":"https:\/\/hi-techwonder.com\/es\/producto\/vortex-viper-hd-10x50-prismaticos\/","title":{"rendered":"VORTEX Viper HD 10&#215;50 Prism\u00e1ticos"},"content":{"rendered":"<p><strong>Prism\u00e1ticos Vortex Viper HD 10&#215;50<\/strong><\/p>\n<p>Un vistazo al Vortex Viper HD 10&#215;50 y comprender\u00e1 que este galardonado binocular es todo lo que necesita. El Viper HD 10&#215;50 tiene vidrio de dispersi\u00f3n extra baja HD (alta densidad). Agregue lentes XR con recubrimiento m\u00faltiple y tendr\u00e1 binoculares que brindan detalles claros y n\u00edtidos con una resoluci\u00f3n y fidelidad de color asombrosas.  <\/p>\n<p><iframe loading=\"lazy\" style=\"width: 880px; height: 500px;\" title=\"Prism\u00e1ticos Vortex Viper HD\" src=\"https:\/\/www.youtube.com\/embed\/cPByuQgGkM0\" width=\"880\" height=\"500\" frameborder=\"0\" allowfullscreen=\"allowfullscreen\"><\/iframe><\/p>\n<p><strong>\u00d3ptica premium<\/strong><\/p>\n<p>Robusto, compacto y liviano hacen del Viper HD 10&#215;50 uno de los binoculares de tama\u00f1o completo m\u00e1s livianos del mercado. No es de extra\u00f1ar que el Viper HD 10&#215;50 sea un galardonado. El paquete de prism\u00e1ticos Viper HD tiene todas las caracter\u00edsticas que necesita para una caza exitosa. \u00a1Vea lo que la \u00f3ptica premium puede hacer por usted!   <\/p>\n<p><strong>Funciones<\/strong><\/p>\n<ul>\n<li>HD Vidrio de dispersi\u00f3n extra baja<\/li>\n<li>Corregido en fase y con recubrimiento diel\u00e9ctrico<\/li>\n<li>\u00d3ptica XR totalmente multicapa<\/li>\n<li>Revestimiento de lente ArmorTek resistente a los ara\u00f1azos<\/li>\n<li>\u00c1ngulo de visi\u00f3n amplio de 66 grados<\/li>\n<li>Cuerpo ligero de policarbonato<\/li>\n<li>Lleno de gas, resistente al agua y a la condensaci\u00f3n<\/li>\n<li>Gran rueda de enfoque central<\/li>\n<li>Con soporte para tr\u00edpode<\/li>\n<li>Oculares giratorios<\/li>\n<li>Dioptr\u00edas bloqueables<\/li>\n<\/ul>\n<p><strong>En la caja<\/strong><\/p>\n<ul>\n<li>1 x Prism\u00e1ticos nuevos Vortex Viper HD 10&#215;50<\/li>\n<li>1 x Arn\u00e9s de caja Glasspak<\/li>\n<li>1 x Tapa de ocular Rainguard<\/li>\n<li>1 x Correa c\u00f3moda para el cuello<\/li>\n<li>1 x Pa\u00f1o para lentes<\/li>\n<li>1 x Juego de dos tapas de lentes de objetivo atadas<\/li>\n<\/ul>\n","protected":false},"excerpt":{"rendered":"<p>Prism\u00e1ticos Vortex Viper HD 10&#215;50 Un vistazo al Vortex Viper HD 10&#215;50 y comprender\u00e1 que este galardonado binocular es todo<\/p>\n","protected":false},"featured_media":44307,"comment_status":"closed","ping_status":"open","template":"","meta":{"_acf_changed":false},"product_brand":[2673],"product_cat":[1066],"product_tag":[],"class_list":{"0":"post-74292","1":"product","2":"type-product","3":"status-publish","4":"has-post-thumbnail","6":"product_brand-vortex-es","7":"product_cat-prismaticos","9":"first","10":"onbackorder","11":"taxable","12":"shipping-taxable","13":"purchasable","14":"product-type-simple"},"bundled_by":[],"bundle_stock_status":"onbackorder","bundle_stock_quantity":0,"bundle_virtual":false,"bundle_layout":"","bundle_add_to_cart_form_location":"","bundle_editable_in_cart":false,"bundle_sold_individually_context":"","bundle_item_grouping":"","bundle_min_size":"","bundle_max_size":"","bundle_price":[],"bundled_items":[],"bundle_sell_ids":[],"acf":[],"_links":{"self":[{"href":"https:\/\/hi-techwonder.com\/es\/wp-json\/wp\/v2\/product\/74292","targetHints":{"allow":["GET"]}}],"collection":[{"href":"https:\/\/hi-techwonder.com\/es\/wp-json\/wp\/v2\/product"}],"about":[{"href":"https:\/\/hi-techwonder.com\/es\/wp-json\/wp\/v2\/types\/product"}],"replies":[{"embeddable":true,"href":"https:\/\/hi-techwonder.com\/es\/wp-json\/wp\/v2\/comments?post=74292"}],"wp:featuredmedia":[{"embeddable":true,"href":"https:\/\/hi-techwonder.com\/es\/wp-json\/wp\/v2\/media\/44307"}],"wp:attachment":[{"href":"https:\/\/hi-techwonder.com\/es\/wp-json\/wp\/v2\/media?parent=74292"}],"wp:term":[{"taxonomy":"product_brand","embeddable":true,"href":"https:\/\/hi-techwonder.com\/es\/wp-json\/wp\/v2\/product_brand?post=74292"},{"taxonomy":"product_cat","embeddable":true,"href":"https:\/\/hi-techwonder.com\/es\/wp-json\/wp\/v2\/product_cat?post=74292"},{"taxonomy":"product_tag","embeddable":true,"href":"https:\/\/hi-techwonder.com\/es\/wp-json\/wp\/v2\/product_tag?post=74292"}],"curies":[{"name":"wp","href":"https:\/\/api.w.org\/{rel}","templated":true}]}}