{"id":74293,"date":"2025-07-29T09:01:57","date_gmt":"2025-07-29T09:01:57","guid":{"rendered":"https:\/\/fv6qoy3ls0.wpdns.site\/product\/prismaticos-vortex-triumph-hd-10x42\/"},"modified":"2026-01-31T02:46:50","modified_gmt":"2026-01-31T02:46:50","slug":"vortex-prismaticos-vortex-triumph-hd-10x42","status":"publish","type":"product","link":"https:\/\/hi-techwonder.com\/es\/producto\/vortex-prismaticos-vortex-triumph-hd-10x42\/","title":{"rendered":"Prism\u00e1ticos VORTEX Triumph HD 10&#215;42"},"content":{"rendered":"<h3><strong>Prism\u00e1ticos VORTEX Triumph HD 10&#215;42<\/strong><\/h3>\n<ul>\n<li>\u00d3ptica totalmente multicapa<\/li>\n<li>Relleno de nitr\u00f3geno, a prueba de niebla e impermeable<\/li>\n<li>Gran perilla de enfoque central<\/li>\n<li>Dioptr\u00edas del lado derecho para un enfoque personalizado<\/li>\n<li>Arn\u00e9s para binoculares GlassPak<\/li>\n<li>Carcasa de policarbonato con revestimiento de goma<\/li>\n<li>Oculares de goma retorcida<\/li>\n<li>Montaje en tr\u00edpode con adaptador opcional<\/li>\n<\/ul>\n<p><iframe loading=\"lazy\" src=\"https:\/\/www.youtube.com\/embed\/gmlDECY4oos\" width=\"400\" height=\"224\" allowfullscreen=\"allowfullscreen\"><\/iframe><\/p>\n<p>Con una configuraci\u00f3n cl\u00e1sica con un potente aumento y generosas lentes de objetivo, los prism\u00e1ticos Triumph 10&#215;42 HD Vortex ofrecen versatilidad, durabilidad y comodidad de uso. Las lentes totalmente multicapa garantizan una transmisi\u00f3n de luz \u00f3ptima para una imagen n\u00edtida y v\u00edvida, y los prismas de techo en los tubos le dan al binocular un perfil compacto. Los oculares de goma giran hacia arriba o hacia abajo para la comodidad de los usuarios y no usuarios de gafas. Puede ajustar la dioptr\u00eda en el lado derecho para obtener el mejor enfoque para su visi\u00f3n \u00fanica. Esta \u00f3ptica vers\u00e1til viene con una correa para el cuello y el arn\u00e9s binocular Vortex GlassPak, para un transporte c\u00f3modo durante todo el d\u00eda en el campo.    <\/p>\n<ul>\n<li>Los elementos de vidrio optimizados brindan una resoluci\u00f3n excepcional, eliminan las aberraciones crom\u00e1ticas y brindan una excelente fidelidad de color, nitidez de borde a borde y una transmisi\u00f3n de luz \u00f3ptima<\/li>\n<li>Los recubrimientos antirreflectantes en todas las superficies de aire a vidrio proporcionan una mayor transmisi\u00f3n de luz para mayor claridad y rendimiento con poca luz<\/li>\n<li>Prismas de techo para una mayor durabilidad y un tama\u00f1o m\u00e1s compacto<\/li>\n<li>El blindaje de goma proporciona un agarre seguro y antideslizante y una protecci\u00f3n externa duradera<\/li>\n<li>Gas nitr\u00f3geno purgado y anillo de sellado sellado para un rendimiento a prueba de niebla e impermeable en todas las condiciones<\/li>\n<li>Compatible con el adaptador de tr\u00edpode opcional, lo que permite su uso en un tr\u00edpode o en un soporte para ventanas de coche<\/li>\n<li>Oculares ajustables ?? Gira hacia arriba y hacia abajo para una visualizaci\u00f3n c\u00f3moda con o sin gafas<\/li>\n<li>La rueda de enfoque central ajusta el enfoque de ambos barriles binoculares al mismo tiempo<\/li>\n<li>La dioptr\u00eda del ocular derecho se ajusta a las diferencias en los ojos del usuario<\/li>\n<li>Las juntas t\u00f3ricas evitan que la humedad, el polvo y los desechos penetren en los binoculares para un rendimiento confiable en todos los entornos<\/li>\n<\/ul>\n<p><strong>En la caja:<\/strong><\/p>\n<ul>\n<li>Prism\u00e1ticos Triumph HD 10&#215;42 Vortex<\/li>\n<li>Arn\u00e9s y estuche para binoculares GlassPak<\/li>\n<li>C\u00f3moda correa para el cuello<\/li>\n<li>Parasoles de objetivo atados<\/li>\n<li>Tapas de lentes de oculares<\/li>\n<li>Pa\u00f1o para lentes<\/li>\n<\/ul>\n<p><strong>Caracter\u00edsticas t\u00e9cnicas:<\/strong><\/p>\n<ul>\n<li>Tipo de prisma: Techo (Dach)<\/li>\n<\/ul>\n<p><em>Rendimiento<\/em><\/p>\n<ul>\n<li>Aumento: 10x<\/li>\n<li>Di\u00e1metro de la lente del objetivo: 42 mm<\/li>\n<li>\u00c1ngulo de visi\u00f3n: 6,4\u00b0 (real)<\/li>\n<li>Campo de visi\u00f3n: 110.9 m @ 1000 m<\/li>\n<li>Distancia m\u00ednima de enfoque: 4,7 m<\/li>\n<li>Di\u00e1metro de la pupila de salida: 4,2 mm<\/li>\n<li>Alivio ocular: 17 mm<\/li>\n<li>Ajuste interpupilar: 55 a 75 mm&nbsp;<\/li>\n<li>Ajuste de dioptr\u00edas: S\u00ed<\/li>\n<li>Tipo de enfoque: Centro<\/li>\n<\/ul>\n<p><em>Funciones<\/em><\/p>\n<ul>\n<li>A prueba de niebla: S\u00ed, lleno de nitr\u00f3geno<\/li>\n<li>Protecci\u00f3n del medio ambiente: resistente al agua<\/li>\n<\/ul>\n<p>* Metodolog\u00eda de prueba no proporcionada<\/p>\n<p><em>Generalmente<\/em><\/p>\n<ul>\n<li>Dimensiones: 15,5 x 12,7 cm<\/li>\n<li>Peso: 649 g<\/li>\n<\/ul>\n","protected":false},"excerpt":{"rendered":"<p>Prism\u00e1ticos VORTEX Triumph HD 10&#215;42 \u00d3ptica totalmente multicapa Relleno de nitr\u00f3geno, a prueba de niebla e impermeable Gran perilla de<\/p>\n","protected":false},"featured_media":44335,"comment_status":"closed","ping_status":"open","template":"","meta":{"_acf_changed":false},"product_brand":[2673],"product_cat":[1066],"product_tag":[],"class_list":{"0":"post-74293","1":"product","2":"type-product","3":"status-publish","4":"has-post-thumbnail","6":"product_brand-vortex-es","7":"product_cat-prismaticos","9":"first","10":"onbackorder","11":"taxable","12":"shipping-taxable","13":"purchasable","14":"product-type-simple"},"bundled_by":[],"bundle_stock_status":"onbackorder","bundle_stock_quantity":0,"bundle_virtual":false,"bundle_layout":"","bundle_add_to_cart_form_location":"","bundle_editable_in_cart":false,"bundle_sold_individually_context":"","bundle_item_grouping":"","bundle_min_size":"","bundle_max_size":"","bundle_price":[],"bundled_items":[],"bundle_sell_ids":[],"acf":[],"_links":{"self":[{"href":"https:\/\/hi-techwonder.com\/es\/wp-json\/wp\/v2\/product\/74293","targetHints":{"allow":["GET"]}}],"collection":[{"href":"https:\/\/hi-techwonder.com\/es\/wp-json\/wp\/v2\/product"}],"about":[{"href":"https:\/\/hi-techwonder.com\/es\/wp-json\/wp\/v2\/types\/product"}],"replies":[{"embeddable":true,"href":"https:\/\/hi-techwonder.com\/es\/wp-json\/wp\/v2\/comments?post=74293"}],"wp:featuredmedia":[{"embeddable":true,"href":"https:\/\/hi-techwonder.com\/es\/wp-json\/wp\/v2\/media\/44335"}],"wp:attachment":[{"href":"https:\/\/hi-techwonder.com\/es\/wp-json\/wp\/v2\/media?parent=74293"}],"wp:term":[{"taxonomy":"product_brand","embeddable":true,"href":"https:\/\/hi-techwonder.com\/es\/wp-json\/wp\/v2\/product_brand?post=74293"},{"taxonomy":"product_cat","embeddable":true,"href":"https:\/\/hi-techwonder.com\/es\/wp-json\/wp\/v2\/product_cat?post=74293"},{"taxonomy":"product_tag","embeddable":true,"href":"https:\/\/hi-techwonder.com\/es\/wp-json\/wp\/v2\/product_tag?post=74293"}],"curies":[{"name":"wp","href":"https:\/\/api.w.org\/{rel}","templated":true}]}}