{"id":74294,"date":"2025-07-29T09:01:38","date_gmt":"2025-07-29T09:01:38","guid":{"rendered":"https:\/\/fv6qoy3ls0.wpdns.site\/product\/vortex-diamondback-hd-prismaticos-12x50\/"},"modified":"2026-04-23T23:00:43","modified_gmt":"2026-04-23T22:00:43","slug":"vortex-diamondback-hd-prismaticos-12x50","status":"publish","type":"product","link":"https:\/\/hi-techwonder.com\/es\/producto\/vortex-diamondback-hd-prismaticos-12x50\/","title":{"rendered":"VORTEX Diamondback HD Prism\u00e1ticos 12&#215;50"},"content":{"rendered":"<p>Con un potente aumento y un objetivo generoso para una visi\u00f3n brillante incluso en condiciones de poca luz, los prism\u00e1ticos Diamondback HD de 12&#215;50 de Vortex son una soluci\u00f3n vers\u00e1til adecuada para una amplia gama de usos. Se pueden montar en un tr\u00edpode con un adaptador que se vende por separado y vienen con un arn\u00e9s Vortex GlassPak para un uso c\u00f3modo durante las horas de observaci\u00f3n. <\/p>\n<p>Diamondback HD reproduce im\u00e1genes con una aberraci\u00f3n crom\u00e1tica m\u00ednima, una fidelidad de color excepcional, una nitidez de borde a borde y una transmisi\u00f3n de luz \u00f3ptima mediante el uso de vidrio de ultra alta definici\u00f3n, una configuraci\u00f3n de lente con coincidencia de \u00edndices, recubrimientos de lentes XR Plus y recubrimiento diel\u00e9ctrico, prismas de techo con correcci\u00f3n de fase. Las lentes est\u00e1n protegidas contra ara\u00f1azos, aceite y polvo por el revestimiento exterior de las lentes ArmorTek. <\/p>\n<p>La carcasa est\u00e1 llena de arg\u00f3n y sellada con anillos de sellado para garantizar una protecci\u00f3n confiable y duradera contra el polvo, los escombros, la niebla y el agua. Los prism\u00e1ticos est\u00e1n protegidos con goma para una protecci\u00f3n antideslizante y duradera, y est\u00e1n equipados con una gran rueda de enfoque que es f\u00e1cil de usar, incluso con guantes. Las viseras giratorias se adaptan a los usuarios con gafas. Con contornos naturales que se ajustan perfectamente a tus manos, promoviendo la comodidad y eliminando la fatiga, el Diamondback HD incluye una combinaci\u00f3n ganadora de caracter\u00edsticas.   <\/p>\n<p><iframe loading=\"lazy\" title=\"Reproductor de video de YouTube\" src=\"https:\/\/www.youtube.com\/embed\/UL-LPS3XVf0\" width=\"560\" height=\"315\" frameborder=\"0\" allowfullscreen=\"allowfullscreen\"><\/iframe><\/p>\n<p><iframe loading=\"lazy\" title=\"Reproductor de video de YouTube\" src=\"https:\/\/www.youtube.com\/embed\/f1ijiMgGK78\" width=\"560\" height=\"315\" frameborder=\"0\" allowfullscreen=\"allowfullscreen\"><\/iframe><\/p>\n<h2 class=\"western\" style=\"font-style: normal; font-weight: normal;\"><strong><span style=\"font-family: OpenSans, Segoe UI, Helvetica, Roboto, Arial, sans-serif;\"><span style=\"font-size: medium;\">Vortex Diamondback HD Ficha Tecnica<\/span><\/span><\/strong><\/h2>\n<table border=\"0\" width=\"121\" cellspacing=\"0\" cellpadding=\"2\">\n<colgroup>\n<col width=\"76\">\n<col width=\"37\"> <\/colgroup>\n<tbody>\n<tr>\n<td width=\"76\">\n<p style=\"border: none; padding: 0cm; font-weight: normal;\" align=\"LEFT\">Tipo de prisma<\/p>\n<\/td>\n<td width=\"37\">\n<p style=\"border: none; padding: 0cm; font-weight: normal;\">Techo<\/p>\n<\/td>\n<\/tr>\n<\/tbody>\n<\/table>\n<p style=\"margin-bottom: 0cm; border-top: none; border-bottom: 1.00pt solid #cdcdcd; border-left: none; border-right: none; font-style: normal; font-weight: normal; line-height: 200%; widows: 2; orphans: 2; padding: 0cm 0cm 0.05cm 0cm;\"><strong> <span style=\"font-family: OpenSans, Segoe UI, Helvetica, Roboto, Arial, sans-serif;\"><span style=\"font-size: medium;\">Rendimiento<\/span><\/span><\/strong><\/p>\n<table border=\"0\" width=\"417\" cellspacing=\"0\" cellpadding=\"2\">\n<colgroup>\n<col width=\"168\">\n<col width=\"240\"> <\/colgroup>\n<tbody>\n<tr>\n<td width=\"168\">\n<p style=\"border: none; padding: 0cm; font-weight: normal;\" align=\"LEFT\">Magnificaci\u00f3n<\/p>\n<\/td>\n<td width=\"240\">\n<p style=\"border: none; padding: 0cm; font-weight: normal;\">12 veces<\/p>\n<\/td>\n<\/tr>\n<tr>\n<td width=\"168\">\n<p style=\"border: none; padding: 0cm; font-weight: normal;\" align=\"LEFT\">Di\u00e1metro de la lente del objetivo<\/p>\n<\/td>\n<td width=\"240\">\n<p style=\"border: none; padding: 0cm; font-weight: normal;\">50 mil\u00edmetros<\/p>\n<\/td>\n<\/tr>\n<tr>\n<td width=\"168\">\n<p style=\"border: none; padding: 0cm; font-weight: normal;\" align=\"LEFT\">\u00c1ngulo de visi\u00f3n<\/p>\n<\/td>\n<td width=\"240\">\n<p style=\"border: none; padding: 0cm; font-weight: normal;\">5.2\u00b0 (Corriente)<\/p>\n<\/td>\n<\/tr>\n<tr>\n<td width=\"168\">\n<p style=\"border: none; padding: 0cm; font-weight: normal;\" align=\"LEFT\">Campo de visi\u00f3n<\/p>\n<\/td>\n<td width=\"240\">\n<p style=\"border: none; padding: 0cm; font-weight: normal;\">271&#8242; @ 1000 yardas \/ 89.97 m @ 1000 m<\/p>\n<\/td>\n<\/tr>\n<tr>\n<td width=\"168\">\n<p style=\"border: none; padding: 0cm; font-weight: normal;\" align=\"LEFT\">Distancia m\u00ednima de enfoque<\/p>\n<\/td>\n<td width=\"240\">\n<p style=\"border: none; padding: 0cm; font-weight: normal;\">6&#8242; \/ 1,83 m<\/p>\n<\/td>\n<\/tr>\n<tr>\n<td width=\"168\">\n<p style=\"border: none; padding: 0cm; font-weight: normal;\" align=\"LEFT\">Di\u00e1metro de la pupila de salida<\/p>\n<\/td>\n<td width=\"240\">\n<p style=\"border: none; padding: 0cm; font-weight: normal;\">4,2 mil\u00edmetros<\/p>\n<\/td>\n<\/tr>\n<tr>\n<td width=\"168\">\n<p style=\"border: none; padding: 0cm; font-weight: normal;\" align=\"LEFT\">Alivio ocular<\/p>\n<\/td>\n<td width=\"240\">\n<p style=\"border: none; padding: 0cm; font-weight: normal;\">14 mil\u00edmetros<\/p>\n<\/td>\n<\/tr>\n<tr>\n<td width=\"168\">\n<p style=\"border: none; padding: 0cm; font-weight: normal;\" align=\"LEFT\">Ajuste interpupilar<\/p>\n<\/td>\n<td width=\"240\">\n<p style=\"border: none; padding: 0cm; font-weight: normal;\">De 60 a 75 mm \/ de 2,4 a 3&#8243;<\/p>\n<\/td>\n<\/tr>\n<tr>\n<td width=\"168\">\n<p style=\"border: none; padding: 0cm; font-weight: normal;\" align=\"LEFT\">Ajuste de dioptr\u00edas<\/p>\n<\/td>\n<td width=\"240\">\n<p style=\"border: none; padding: 0cm; font-weight: normal;\">S\u00ed<\/p>\n<\/td>\n<\/tr>\n<tr>\n<td width=\"168\">\n<p style=\"border: none; padding: 0cm; font-weight: normal;\" align=\"LEFT\">Tipo de enfoque<\/p>\n<\/td>\n<td width=\"240\">\n<p style=\"border: none; padding: 0cm; font-weight: normal;\">Centro<\/p>\n<\/td>\n<\/tr>\n<\/tbody>\n<\/table>\n<p style=\"margin-bottom: 0cm; border-top: none; border-bottom: 1.00pt solid #cdcdcd; border-left: none; border-right: none; font-style: normal; font-weight: normal; line-height: 200%; widows: 2; orphans: 2; padding: 0cm 0cm 0.05cm 0cm;\"><strong> <span style=\"font-family: OpenSans, Segoe UI, Helvetica, Roboto, Arial, sans-serif;\"><span style=\"font-size: medium;\">Funciones<\/span><\/span><\/strong><\/p>\n<table border=\"0\" width=\"239\" cellspacing=\"0\" cellpadding=\"2\">\n<colgroup>\n<col width=\"114\">\n<col width=\"117\"> <\/colgroup>\n<tbody>\n<tr>\n<td width=\"114\">\n<p style=\"border: none; padding: 0cm; font-weight: normal;\" align=\"LEFT\">Fogproof<\/p>\n<\/td>\n<td width=\"117\">\n<p style=\"border: none; padding: 0cm; font-weight: normal;\">S\u00ed, relleno de arg\u00f3n<\/p>\n<\/td>\n<\/tr>\n<tr>\n<td width=\"114\">\n<p style=\"border: none; padding: 0cm; font-weight: normal;\" align=\"LEFT\">Resistencia al agua<\/p>\n<\/td>\n<td width=\"117\">\n<p style=\"border: none; padding: 0cm; font-weight: normal;\">Impermeable<\/p>\n<\/td>\n<\/tr>\n<\/tbody>\n<\/table>\n<p style=\"margin-bottom: 0cm; border-top: none; border-bottom: 1.00pt solid #cdcdcd; border-left: none; border-right: none; font-style: normal; font-weight: normal; line-height: 200%; widows: 2; orphans: 2; padding: 0cm 0cm 0.05cm 0cm;\"><strong> <span style=\"font-family: OpenSans, Segoe UI, Helvetica, Roboto, Arial, sans-serif;\"><span style=\"font-size: medium;\">General<\/span><\/span><\/strong><\/p>\n<table border=\"0\" width=\"276\" cellspacing=\"0\" cellpadding=\"2\">\n<colgroup>\n<col width=\"80\">\n<col width=\"188\"> <\/colgroup>\n<tbody>\n<tr>\n<td width=\"80\">\n<p style=\"border: none; padding: 0cm; font-weight: normal;\" align=\"LEFT\">Dimensiones<\/p>\n<\/td>\n<td width=\"188\">\n<p style=\"border: none; padding: 0cm; font-weight: normal;\">6,4 x 5,3&#8243; \/ 16,26 x 13,46 cm<\/p>\n<\/td>\n<\/tr>\n<tr>\n<td width=\"80\">\n<p style=\"border: none; padding: 0cm; font-weight: normal;\" align=\"LEFT\">Peso<\/p>\n<\/td>\n<td width=\"188\">\n<p style=\"border: none; padding: 0cm; font-weight: normal;\">28.9 onzas \/ 819 g<\/p>\n<\/td>\n<\/tr>\n<\/tbody>\n<\/table>\n","protected":false},"excerpt":{"rendered":"<p>Con un potente aumento y un objetivo generoso para una visi\u00f3n brillante incluso en condiciones de poca luz, los prism\u00e1ticos<\/p>\n","protected":false},"featured_media":44240,"comment_status":"closed","ping_status":"open","template":"","meta":{"_acf_changed":false},"product_brand":[2673],"product_cat":[1066],"product_tag":[],"class_list":{"0":"post-74294","1":"product","2":"type-product","3":"status-publish","4":"has-post-thumbnail","6":"product_brand-vortex-es","7":"product_cat-prismaticos","9":"first","10":"onbackorder","11":"taxable","12":"shipping-taxable","13":"purchasable","14":"product-type-simple"},"bundled_by":[],"bundle_stock_status":"onbackorder","bundle_stock_quantity":null,"bundle_virtual":false,"bundle_layout":"","bundle_add_to_cart_form_location":"","bundle_editable_in_cart":false,"bundle_sold_individually_context":"","bundle_item_grouping":"","bundle_min_size":"","bundle_max_size":"","bundle_price":[],"bundled_items":[],"bundle_sell_ids":[],"acf":[],"_links":{"self":[{"href":"https:\/\/hi-techwonder.com\/es\/wp-json\/wp\/v2\/product\/74294","targetHints":{"allow":["GET"]}}],"collection":[{"href":"https:\/\/hi-techwonder.com\/es\/wp-json\/wp\/v2\/product"}],"about":[{"href":"https:\/\/hi-techwonder.com\/es\/wp-json\/wp\/v2\/types\/product"}],"replies":[{"embeddable":true,"href":"https:\/\/hi-techwonder.com\/es\/wp-json\/wp\/v2\/comments?post=74294"}],"wp:featuredmedia":[{"embeddable":true,"href":"https:\/\/hi-techwonder.com\/es\/wp-json\/wp\/v2\/media\/44240"}],"wp:attachment":[{"href":"https:\/\/hi-techwonder.com\/es\/wp-json\/wp\/v2\/media?parent=74294"}],"wp:term":[{"taxonomy":"product_brand","embeddable":true,"href":"https:\/\/hi-techwonder.com\/es\/wp-json\/wp\/v2\/product_brand?post=74294"},{"taxonomy":"product_cat","embeddable":true,"href":"https:\/\/hi-techwonder.com\/es\/wp-json\/wp\/v2\/product_cat?post=74294"},{"taxonomy":"product_tag","embeddable":true,"href":"https:\/\/hi-techwonder.com\/es\/wp-json\/wp\/v2\/product_tag?post=74294"}],"curies":[{"name":"wp","href":"https:\/\/api.w.org\/{rel}","templated":true}]}}