{"id":74297,"date":"2025-07-29T09:00:55","date_gmt":"2025-07-29T09:00:55","guid":{"rendered":"https:\/\/fv6qoy3ls0.wpdns.site\/product\/telescopio-de-vision-angular-vortex-razor-hd-27-60x85\/"},"modified":"2026-01-31T02:48:52","modified_gmt":"2026-01-31T02:48:52","slug":"vortex-telescopio-de-vision-angular-vortex-razor-hd-27-60x85","status":"publish","type":"product","link":"https:\/\/hi-techwonder.com\/es\/producto\/vortex-telescopio-de-vision-angular-vortex-razor-hd-27-60x85\/","title":{"rendered":"Telescopio de visi\u00f3n angular VORTEX Razor HD 27-60&#215;85"},"content":{"rendered":"<p><strong>Telescopio de \u00e1ngulo Vortex Razor HD 27-60&#215;85<\/strong><\/p>\n<p>El telescopio de v\u00f3rtice de visi\u00f3n angular de 45\u00b0 Razor HD 27-60&#215;85 est\u00e1 dise\u00f1ado con un objetivo de gran tama\u00f1o, vidrio superior y recubrimientos \u00f3pticos especializados, para proporcionar im\u00e1genes claras y brillantes en todos los aumentos y condiciones de iluminaci\u00f3n.&nbsp;<\/p>\n<p>La lente apocrom\u00e1tica triple est\u00e1 hecha de vidrio de alta densidad (HD) de dispersi\u00f3n extra baja (ED) para aumentar la transmisi\u00f3n de luz, minimizar la distorsi\u00f3n y eliminar virtualmente la aberraci\u00f3n crom\u00e1tica. Todas las superficies aire-vidrio cuentan con recubrimientos antirreflectantes XRPlus de Vortex para minimizar la p\u00e9rdida de luz y maximizar el brillo de la imagen, mientras que los prismas Porro cuentan con recubrimientos diel\u00e9ctricos altamente reflectantes que mejoran el brillo, la claridad y la precisi\u00f3n del color. Esta combinaci\u00f3n de recubrimientos y \u00f3ptica crea un telescopio que produce im\u00e1genes brillantes, n\u00edtidas y de alto contraste con una reproducci\u00f3n precisa del color.  <\/p>\n<p><iframe loading=\"lazy\" src=\"https:\/\/www.youtube.com\/embed\/Mr3SJSxozfo?t=32s\" width=\"560\" height=\"314\" allowfullscreen=\"allowfullscreen\"><\/iframe><\/p>\n<p><strong>Alta calidad de imagen<\/strong><\/p>\n<p>Todas las superficies de lentes que entran en contacto con el exterior cuentan con el revestimiento antirreflectante XRPlus de Vortex para minimizar la p\u00e9rdida de luz y maximizar la claridad de la imagen.<\/p>\n<p>Los prismas Porro cuentan con recubrimientos diel\u00e9ctricos altamente reflectantes para mejorar el brillo, la claridad y la precisi\u00f3n del color. Gracias a esta combinaci\u00f3n de recubrimientos y \u00f3ptica, la maquinilla de afeitar Vortex HD 27-60&#215;85 en \u00e1ngulo produce im\u00e1genes claras, n\u00edtidas y de alto contraste con una reproducci\u00f3n de color muy precisa. <\/p>\n<p><strong>Observaci\u00f3n c\u00f3moda<\/strong><\/p>\n<p>El chasis de magnesio blindado y liviano est\u00e1 sellado con juntas t\u00f3ricas y relleno de arg\u00f3n para ser resistente al agua y la niebla. Un sistema de enfoque helicoidal, con un amplio collar de ajuste, permite un enfoque r\u00e1pido pero preciso, incluso con guantes. El osciloscopio cuenta con una zapata de montaje de tr\u00edpode de 1\/4&#8243;-20 y un collar de tr\u00edpode que gira para permitir que el ocular se coloque en la mejor posici\u00f3n de visualizaci\u00f3n. Un parasol retr\u00e1ctil ayuda a reducir el deslumbramiento mientras mantiene la nieve o la lluvia alejadas de la lente del objetivo.   <\/p>\n<p><strong>Caracter\u00edsticas y rendimiento<\/strong><\/p>\n<ul>\n<li>Aumento de zoom de 27-60x<\/li>\n<li>Lente de objetivo de 85 mm<\/li>\n<li>Trayectoria \u00f3ptica tradicional del prisma de Porro<\/li>\n<li>El vidrio de alta densidad (HD) de dispersi\u00f3n extra baja (ED) mejora la resoluci\u00f3n y la fidelidad del color<\/li>\n<li>La lente triple apocrom\u00e1tica (Apo) aumenta el color, la nitidez y el contraste<\/li>\n<li>La \u00f3ptica XRPlus totalmente multicapa aumenta la transmisi\u00f3n de luz y el brillo de la imagen<\/li>\n<li>Los recubrimientos de prisma diel\u00e9ctrico producen im\u00e1genes brillantes, claras y con colores precisos<\/li>\n<li>&#8211; ArmorTek: el revestimiento r\u00edgido y resistente a los ara\u00f1azos protege las lentes exteriores de ara\u00f1azos, aceite y suciedad<\/li>\n<li>Campo de visi\u00f3n de 117-68&#8242; a 1,000 yardas<\/li>\n<\/ul>\n<p><strong>Detalles constructivos<\/strong><\/p>\n<ul>\n<li>Chasis de aleaci\u00f3n de magnesio fundido ligero y resistente a la corrosi\u00f3n.<\/li>\n<li>La armadura de goma protege y, al mismo tiempo, proporciona un manejo antideslizante.<\/li>\n<li>El tubo \u00f3ptico relleno de arg\u00f3n evita el empa\u00f1amiento interno en un amplio rango de temperaturas.<\/li>\n<li>Los sellos de junta t\u00f3rica evitan que la humedad, el polvo y los desechos penetren en el tubo \u00f3ptico.<\/li>\n<li>El parasol retr\u00e1ctil integrado reduce el deslumbramiento y protege la lente del objetivo de las gotas de lluvia y la nieve.<\/li>\n<\/ul>\n<div class=\"group_fDXOr6EpR9 keySpec_fDXOr6EpR9\" style=\"margin-bottom: 2.1875rem;box-shadow: #cccccc 0px 0px 4px 1px;font-family: OpenSans, 'Segoe UI', Helvetica, Roboto, Arial, sans-serif;font-size: 16px;background-color: #ffffff\">\n<div class=\"name_fDXOr6EpR9 firstGroupInItem_fDXOr6EpR9\" style=\"border-bottom: 2px solid #3f9a59;color: #3f9a59;font-size: 2rem;line-height: 2rem;padding-top: 0.9375rem;padding-right: 1.75rem;padding-bottom: 0.9375rem;align-items: center;background: #f0f8ee;display: flex\" data-selenium=\"specsItemGroupName\"><span style=\"vertical-align: inherit\">&nbsp;Especificaciones principales<\/span><\/div>\n<table class=\"table_fDXOr6EpR9\" style=\"width: 936.66px\" data-selenium=\"specsItemGroupTable\">\n<tbody>\n<tr class=\"pair_KqJ3Q3GPKv keySpec_KqJ3Q3GPKv\" style=\"border-bottom: 0.0625rem solid #e5e5e5\" data-selenium=\"specsItemGroupTableRow\">\n<td class=\"label_KqJ3Q3GPKv \" style=\"border-top: none;padding: 1.25rem 0.625rem 1.25rem 1.8125rem;width: 355.918px;font-size: 1.125rem;font-weight: 600;line-height: 1.375rem;vertical-align: baseline\" data-selenium=\"specsItemGroupTableColumnLabel\">\u00c1ngulo<\/td>\n<td class=\"value_KqJ3Q3GPKv \" style=\"font-size: 1.125rem;line-height: 1.375rem;vertical-align: baseline;padding: 1.25rem 0px 1.25rem 2.5rem\" data-selenium=\"specsItemGroupTableColumnValue\">\n<div class=\"expandableValue_KqJ3Q3GPKv\" style=\"height: auto\">Angular<\/div>\n<\/td>\n<\/tr>\n<tr class=\"pair_KqJ3Q3GPKv keySpec_KqJ3Q3GPKv\" style=\"border-bottom: 0.0625rem solid #e5e5e5\" data-selenium=\"specsItemGroupTableRow\">\n<td class=\"label_KqJ3Q3GPKv\" style=\"border-top: none;padding: 1.25rem 0.625rem 1.25rem 1.8125rem;width: 355.918px;font-size: 1.125rem;font-weight: 600;line-height: 1.375rem;vertical-align: baseline\" data-selenium=\"specsItemGroupTableColumnLabel\">Ampliaci\u00f3n<\/td>\n<td class=\"value_KqJ3Q3GPKv\" style=\"font-size: 1.125rem;line-height: 1.375rem;vertical-align: baseline;padding: 1.25rem 0px 1.25rem 2.5rem\" data-selenium=\"specsItemGroupTableColumnValue\">\n<div class=\"expandableValue_KqJ3Q3GPKv\" style=\"height: auto\">De 27 a 60 veces<\/div>\n<\/td>\n<\/tr>\n<tr class=\"pair_KqJ3Q3GPKv keySpec_KqJ3Q3GPKv\" style=\"border-bottom: 0.0625rem solid #e5e5e5\" data-selenium=\"specsItemGroupTableRow\">\n<td class=\"label_KqJ3Q3GPKv\" style=\"border-top: none;padding: 1.25rem 0.625rem 1.25rem 1.8125rem;width: 355.918px;font-size: 1.125rem;font-weight: 600;line-height: 1.375rem;vertical-align: baseline\" data-selenium=\"specsItemGroupTableColumnLabel\">Di\u00e1metro de la lente del objetivo<\/td>\n<td class=\"value_KqJ3Q3GPKv\" style=\"font-size: 1.125rem;line-height: 1.375rem;vertical-align: baseline;padding: 1.25rem 0px 1.25rem 2.5rem\" data-selenium=\"specsItemGroupTableColumnValue\">\n<div class=\"expandableValue_KqJ3Q3GPKv\" style=\"height: auto\">85 mm<\/div>\n<\/td>\n<\/tr>\n<tr class=\"pair_KqJ3Q3GPKv keySpec_KqJ3Q3GPKv\" style=\"border-bottom: 0.0625rem solid #e5e5e5\" data-selenium=\"specsItemGroupTableRow\">\n<td class=\"label_KqJ3Q3GPKv\" style=\"border-top: none;padding: 1.25rem 0.625rem 1.25rem 1.8125rem;width: 355.918px;font-size: 1.125rem;font-weight: 600;line-height: 1.375rem;vertical-align: baseline\" data-selenium=\"specsItemGroupTableColumnLabel\">Campo de visi\u00f3n<\/td>\n<td class=\"value_KqJ3Q3GPKv\" style=\"font-size: 1.125rem;line-height: 1.375rem;vertical-align: baseline;padding: 1.25rem 0px 1.25rem 2.5rem\" data-selenium=\"specsItemGroupTableColumnValue\">\n<div class=\"expandableValue_KqJ3Q3GPKv\" style=\"height: auto\"><span style=\"font-weight: bolder\"><span style=\"vertical-align: inherit\"><span style=\"vertical-align: inherit\">27x:<\/span><\/span><span style=\"vertical-align: inherit\"> 117,0&#8242; a 1.000 yardas \/ 39,0 m a 1.000 m<\/span><br \/><span style=\"vertical-align: inherit\"><span style=\"vertical-align: inherit\">60x:<\/span><\/span><span style=\"vertical-align: inherit\"> 68,0&#8242; a 1.000 yardas \/ 23,0 m a 1.000 m<\/span><\/span><\/div>\n<\/td>\n<\/tr>\n<tr class=\"pair_KqJ3Q3GPKv keySpec_KqJ3Q3GPKv\" style=\"border-bottom: 0.0625rem solid #e5e5e5\" data-selenium=\"specsItemGroupTableRow\">\n<td class=\"label_KqJ3Q3GPKv\" style=\"border-top: none;padding: 1.25rem 0.625rem 1.25rem 1.8125rem;width: 355.918px;font-size: 1.125rem;font-weight: 600;line-height: 1.375rem;vertical-align: baseline\" data-selenium=\"specsItemGroupTableColumnLabel\">Distancia m\u00ednima de enfoque<\/td>\n<td class=\"value_KqJ3Q3GPKv\" style=\"font-size: 1.125rem;line-height: 1.375rem;vertical-align: baseline;padding: 1.25rem 0px 1.25rem 2.5rem\" data-selenium=\"specsItemGroupTableColumnValue\">\n<div class=\"expandableValue_KqJ3Q3GPKv\" style=\"height: auto\">16,4&#8217;\/5,0 m<\/div>\n<\/td>\n<\/tr>\n<tr class=\"pair_KqJ3Q3GPKv keySpec_KqJ3Q3GPKv\" style=\"border-bottom: 0.0625rem solid #e5e5e5\" data-selenium=\"specsItemGroupTableRow\">\n<td class=\"label_KqJ3Q3GPKv\" style=\"border-top: none;padding: 1.25rem 0.625rem 1.25rem 1.8125rem;width: 355.918px;font-size: 1.125rem;font-weight: 600;line-height: 1.375rem;vertical-align: baseline\" data-selenium=\"specsItemGroupTableColumnLabel\">Di\u00e1metro de la pupila de salida<\/td>\n<td class=\"value_KqJ3Q3GPKv\" style=\"font-size: 1.125rem;line-height: 1.375rem;vertical-align: baseline;padding: 1.25rem 0px 1.25rem 2.5rem\" data-selenium=\"specsItemGroupTableColumnValue\">\n<div class=\"expandableValue_KqJ3Q3GPKv\" style=\"height: auto\"><span style=\"font-weight: bolder\"><span style=\"vertical-align: inherit\"><span style=\"vertical-align: inherit\">27x:<\/span><\/span><span style=\"vertical-align: inherit\"> 3,1 mm<\/span><br \/><span style=\"vertical-align: inherit\"><span style=\"vertical-align: inherit\">60x:<\/span><\/span><span style=\"vertical-align: inherit\"> 1,4 mm<\/span><\/span><\/div>\n<\/td>\n<\/tr>\n<tr class=\"pair_KqJ3Q3GPKv keySpec_KqJ3Q3GPKv\" style=\"border-bottom: 0.0625rem solid #e5e5e5\" data-selenium=\"specsItemGroupTableRow\">\n<td class=\"label_KqJ3Q3GPKv\" style=\"border-top: none;padding: 1.25rem 0.625rem 1.25rem 1.8125rem;width: 355.918px;font-size: 1.125rem;font-weight: 600;line-height: 1.375rem;vertical-align: baseline\" data-selenium=\"specsItemGroupTableColumnLabel\">Alivio ocular<\/td>\n<td class=\"value_KqJ3Q3GPKv\" style=\"font-size: 1.125rem;line-height: 1.375rem;vertical-align: baseline;padding: 1.25rem 0px 1.25rem 2.5rem\" data-selenium=\"specsItemGroupTableColumnValue\">\n<div class=\"expandableValue_KqJ3Q3GPKv\" style=\"height: auto\">De 17,0 a 16,7 mm<\/div>\n<\/td>\n<\/tr>\n<\/tbody>\n<\/table>\n<\/div>\n<div class=\"group_fDXOr6EpR9\" style=\"margin-bottom: 2.1875rem;font-family: OpenSans, 'Segoe UI', Helvetica, Roboto, Arial, sans-serif;font-size: 16px;background-color: #ffffff\">\n<div class=\"name_fDXOr6EpR9\" style=\"border-bottom: 0.125rem solid #cccccc;color: #3f9a59;font-size: 2rem;line-height: 2rem;padding: 1rem 0px 0.875rem\" data-selenium=\"specsItemGroupName\">Proyecto<\/div>\n<table class=\"table_fDXOr6EpR9\" style=\"width: 936.66px\" data-selenium=\"specsItemGroupTable\">\n<tbody>\n<tr class=\"pair_KqJ3Q3GPKv\" style=\"border-bottom: 0.0625rem solid #e5e5e5\" data-selenium=\"specsItemGroupTableRow\">\n<td class=\"label_KqJ3Q3GPKv \" style=\"border-top: none;padding: 1.25rem 0px;width: 355.918px;color: #666666;font-size: 1.125rem;line-height: 1.375rem;vertical-align: baseline\" data-selenium=\"specsItemGroupTableColumnLabel\">\u00c1ngulo<\/td>\n<td class=\"value_KqJ3Q3GPKv \" style=\"color: #666666;font-size: 1.125rem;line-height: 1.375rem;vertical-align: baseline;padding: 1.25rem 0px 1.25rem 2.5rem\" data-selenium=\"specsItemGroupTableColumnValue\">\n<div class=\"expandableValue_KqJ3Q3GPKv\">Angular<\/div>\n<\/td>\n<\/tr>\n<\/tbody>\n<\/table>\n<\/div>\n<div class=\"group_fDXOr6EpR9\" style=\"margin-bottom: 2.1875rem;font-family: OpenSans, 'Segoe UI', Helvetica, Roboto, Arial, sans-serif;font-size: 16px;background-color: #ffffff\">\n<div class=\"name_fDXOr6EpR9\" style=\"border-bottom: 0.125rem solid #cccccc;color: #3f9a59;font-size: 2rem;line-height: 2rem;padding: 1rem 0px 0.875rem\" data-selenium=\"specsItemGroupName\">Rendimiento<\/div>\n<table class=\"table_fDXOr6EpR9\" style=\"width: 936.66px\" data-selenium=\"specsItemGroupTable\">\n<tbody>\n<tr class=\"pair_KqJ3Q3GPKv\" style=\"border-bottom: 0.0625rem solid #e5e5e5\" data-selenium=\"specsItemGroupTableRow\">\n<td class=\"label_KqJ3Q3GPKv \" style=\"border-top: none;padding: 1.25rem 0px;width: 355.918px;color: #666666;font-size: 1.125rem;line-height: 1.375rem;vertical-align: baseline\" data-selenium=\"specsItemGroupTableColumnLabel\">Ampliaci\u00f3n<\/td>\n<td class=\"value_KqJ3Q3GPKv \" style=\"color: #666666;font-size: 1.125rem;line-height: 1.375rem;vertical-align: baseline;padding: 1.25rem 0px 1.25rem 2.5rem\" data-selenium=\"specsItemGroupTableColumnValue\">\n<div class=\"expandableValue_KqJ3Q3GPKv\">De 27 a 60 veces<\/div>\n<\/td>\n<\/tr>\n<tr class=\"pair_KqJ3Q3GPKv\" style=\"border-bottom: 0.0625rem solid #e5e5e5\" data-selenium=\"specsItemGroupTableRow\">\n<td class=\"label_KqJ3Q3GPKv\" style=\"border-top: none;padding: 1.25rem 0px;width: 355.918px;color: #666666;font-size: 1.125rem;line-height: 1.375rem;vertical-align: baseline\" data-selenium=\"specsItemGroupTableColumnLabel\">Di\u00e1metro de la lente del objetivo<\/td>\n<td class=\"value_KqJ3Q3GPKv\" style=\"color: #666666;font-size: 1.125rem;line-height: 1.375rem;vertical-align: baseline;padding: 1.25rem 0px 1.25rem 2.5rem\" data-selenium=\"specsItemGroupTableColumnValue\">\n<div class=\"expandableValue_KqJ3Q3GPKv\">85 mil\u00edmetros<\/div>\n<\/td>\n<\/tr>\n<tr class=\"pair_KqJ3Q3GPKv\" style=\"border-bottom: 0.0625rem solid #e5e5e5\" data-selenium=\"specsItemGroupTableRow\">\n<td class=\"label_KqJ3Q3GPKv\" style=\"border-top: none;padding: 1.25rem 0px;width: 355.918px;color: #666666;font-size: 1.125rem;line-height: 1.375rem;vertical-align: baseline\" data-selenium=\"specsItemGroupTableColumnLabel\">Campo de visi\u00f3n<\/td>\n<td class=\"value_KqJ3Q3GPKv\" style=\"color: #666666;font-size: 1.125rem;line-height: 1.375rem;vertical-align: baseline;padding: 1.25rem 0px 1.25rem 2.5rem\" data-selenium=\"specsItemGroupTableColumnValue\">\n<div class=\"expandableValue_KqJ3Q3GPKv\"><span style=\"font-weight: bolder\"><span style=\"vertical-align: inherit\"><span style=\"vertical-align: inherit\">27x:<\/span><\/span><span style=\"vertical-align: inherit\"> 117,0&#8242; a 1.000 yardas \/ 39,0 m a 1.000 m<\/span><br \/><span style=\"vertical-align: inherit\"><span style=\"vertical-align: inherit\">60x:<\/span><\/span><span style=\"vertical-align: inherit\"> 68,0&#8242; a 1.000 yardas \/ 23,0 m a 1.000 m<\/span><\/span><\/div>\n<\/td>\n<\/tr>\n<tr class=\"pair_KqJ3Q3GPKv\" style=\"border-bottom: 0.0625rem solid #e5e5e5\" data-selenium=\"specsItemGroupTableRow\">\n<td class=\"label_KqJ3Q3GPKv\" style=\"border-top: none;padding: 1.25rem 0px;width: 355.918px;color: #666666;font-size: 1.125rem;line-height: 1.375rem;vertical-align: baseline\" data-selenium=\"specsItemGroupTableColumnLabel\">Distancia m\u00ednima de enfoque<\/td>\n<td class=\"value_KqJ3Q3GPKv\" style=\"color: #666666;font-size: 1.125rem;line-height: 1.375rem;vertical-align: baseline;padding: 1.25rem 0px 1.25rem 2.5rem\" data-selenium=\"specsItemGroupTableColumnValue\">\n<div class=\"expandableValue_KqJ3Q3GPKv\">16,4&#8217;\/5,0 m<\/div>\n<\/td>\n<\/tr>\n<tr class=\"pair_KqJ3Q3GPKv\" style=\"border-bottom: 0.0625rem solid #e5e5e5\" data-selenium=\"specsItemGroupTableRow\">\n<td class=\"label_KqJ3Q3GPKv\" style=\"border-top: none;padding: 1.25rem 0px;width: 355.918px;color: #666666;font-size: 1.125rem;line-height: 1.375rem;vertical-align: baseline\" data-selenium=\"specsItemGroupTableColumnLabel\">Di\u00e1metro de la pupila de salida<\/td>\n<td class=\"value_KqJ3Q3GPKv\" style=\"color: #666666;font-size: 1.125rem;line-height: 1.375rem;vertical-align: baseline;padding: 1.25rem 0px 1.25rem 2.5rem\" data-selenium=\"specsItemGroupTableColumnValue\">\n<div class=\"expandableValue_KqJ3Q3GPKv\"><span style=\"font-weight: bolder\"><span style=\"vertical-align: inherit\"><span style=\"vertical-align: inherit\">27x:<\/span><\/span><span style=\"vertical-align: inherit\"> 3,1 mm<\/span><br \/><span style=\"vertical-align: inherit\"><span style=\"vertical-align: inherit\">60x:<\/span><\/span><span style=\"vertical-align: inherit\"> 1,4 mm<\/span><\/span><\/div>\n<\/td>\n<\/tr>\n<tr class=\"pair_KqJ3Q3GPKv\" style=\"border-bottom: 0.0625rem solid #e5e5e5\" data-selenium=\"specsItemGroupTableRow\">\n<td class=\"label_KqJ3Q3GPKv\" style=\"border-top: none;padding: 1.25rem 0px;width: 355.918px;color: #666666;font-size: 1.125rem;line-height: 1.375rem;vertical-align: baseline\" data-selenium=\"specsItemGroupTableColumnLabel\">Alivio ocular<\/td>\n<td class=\"value_KqJ3Q3GPKv\" style=\"color: #666666;font-size: 1.125rem;line-height: 1.375rem;vertical-align: baseline;padding: 1.25rem 0px 1.25rem 2.5rem\" data-selenium=\"specsItemGroupTableColumnValue\">\n<div class=\"expandableValue_KqJ3Q3GPKv\">De 17,0 a 16,7 mm<\/div>\n<\/td>\n<\/tr>\n<\/tbody>\n<\/table>\n<\/div>\n<div class=\"group_fDXOr6EpR9\" style=\"margin-bottom: 2.1875rem;font-family: OpenSans, 'Segoe UI', Helvetica, Roboto, Arial, sans-serif;font-size: 16px;background-color: #ffffff\">\n<div class=\"name_fDXOr6EpR9\" style=\"border-bottom: 0.125rem solid #cccccc;color: #3f9a59;font-size: 2rem;line-height: 2rem;padding: 1rem 0px 0.875rem\" data-selenium=\"specsItemGroupName\">Funciones<\/div>\n<table class=\"table_fDXOr6EpR9\" style=\"width: 936.66px\" data-selenium=\"specsItemGroupTable\">\n<tbody>\n<tr class=\"pair_KqJ3Q3GPKv\" style=\"border-bottom: 0.0625rem solid #e5e5e5\" data-selenium=\"specsItemGroupTableRow\">\n<td class=\"label_KqJ3Q3GPKv \" style=\"border-top: none;padding: 1.25rem 0px;width: 355.918px;color: #666666;font-size: 1.125rem;line-height: 1.375rem;vertical-align: baseline\" data-selenium=\"specsItemGroupTableColumnLabel\">A prueba de niebla<\/td>\n<td class=\"value_KqJ3Q3GPKv \" style=\"color: #666666;font-size: 1.125rem;line-height: 1.375rem;vertical-align: baseline;padding: 1.25rem 0px 1.25rem 2.5rem\" data-selenium=\"specsItemGroupTableColumnValue\">\n<div class=\"expandableValue_KqJ3Q3GPKv\">S\u00ed, relleno de arg\u00f3n<\/div>\n<\/td>\n<\/tr>\n<tr class=\"pair_KqJ3Q3GPKv\" style=\"border-bottom: 0.0625rem solid #e5e5e5\" data-selenium=\"specsItemGroupTableRow\">\n<td class=\"label_KqJ3Q3GPKv\" style=\"border-top: none;padding: 1.25rem 0px;width: 355.918px;color: #666666;font-size: 1.125rem;line-height: 1.375rem;vertical-align: baseline\" data-selenium=\"specsItemGroupTableColumnLabel\">Protecci\u00f3n del medio ambiente<\/td>\n<td class=\"value_KqJ3Q3GPKv\" style=\"color: #666666;font-size: 1.125rem;line-height: 1.375rem;vertical-align: baseline;padding: 1.25rem 0px 1.25rem 2.5rem\" data-selenium=\"specsItemGroupTableColumnValue\">\n<div class=\"expandableValue_KqJ3Q3GPKv\">Resistente al agua (sin clasificar)&nbsp;<\/div>\n<\/td>\n<\/tr>\n<\/tbody>\n<\/table>\n<\/div>\n<div class=\"group_fDXOr6EpR9\" style=\"margin-bottom: 2.1875rem;font-family: OpenSans, 'Segoe UI', Helvetica, Roboto, Arial, sans-serif;font-size: 16px;background-color: #ffffff\">\n<div class=\"name_fDXOr6EpR9\" style=\"border-bottom: 0.125rem solid #cccccc;color: #3f9a59;font-size: 2rem;line-height: 2rem;padding: 1rem 0px 0.875rem\" data-selenium=\"specsItemGroupName\">Generalmente<\/div>\n<table class=\"table_fDXOr6EpR9\" style=\"width: 936.66px\" data-selenium=\"specsItemGroupTable\">\n<tbody>\n<tr class=\"pair_KqJ3Q3GPKv\" style=\"border-bottom: 0.0625rem solid #e5e5e5\" data-selenium=\"specsItemGroupTableRow\">\n<td class=\"label_KqJ3Q3GPKv \" style=\"border-top: none;padding: 1.25rem 0px;width: 355.918px;color: #666666;font-size: 1.125rem;line-height: 1.375rem;vertical-align: baseline\" data-selenium=\"specsItemGroupTableColumnLabel\">Rosca de montaje del tr\u00edpode<\/td>\n<td class=\"value_KqJ3Q3GPKv \" style=\"color: #666666;font-size: 1.125rem;line-height: 1.375rem;vertical-align: baseline;padding: 1.25rem 0px 1.25rem 2.5rem\" data-selenium=\"specsItemGroupTableColumnValue\">\n<div class=\"expandableValue_KqJ3Q3GPKv\">1\/4&#8243;-20 Hembra<\/div>\n<\/td>\n<\/tr>\n<tr class=\"pair_KqJ3Q3GPKv\" style=\"border-bottom: 0.0625rem solid #e5e5e5\" data-selenium=\"specsItemGroupTableRow\">\n<td class=\"label_KqJ3Q3GPKv\" style=\"border-top: none;padding: 1.25rem 0px;width: 355.918px;color: #666666;font-size: 1.125rem;line-height: 1.375rem;vertical-align: baseline\" data-selenium=\"specsItemGroupTableColumnLabel\">Dimensiones<\/td>\n<td class=\"value_KqJ3Q3GPKv\" style=\"color: #666666;font-size: 1.125rem;line-height: 1.375rem;vertical-align: baseline;padding: 1.25rem 0px 1.25rem 2.5rem\" data-selenium=\"specsItemGroupTableColumnValue\">\n<div class=\"expandableValue_KqJ3Q3GPKv\">L: 15,5&#8243; \/ L: 39,4 cm<\/div>\n<\/td>\n<\/tr>\n<tr class=\"pair_KqJ3Q3GPKv\" style=\"border-bottom: 0.0625rem solid #e5e5e5\" data-selenium=\"specsItemGroupTableRow\">\n<td class=\"label_KqJ3Q3GPKv\" style=\"border-top: none;padding: 1.25rem 0px;width: 355.918px;color: #666666;font-size: 1.125rem;line-height: 1.375rem;vertical-align: baseline\" data-selenium=\"specsItemGroupTableColumnLabel\">\n<p>Peso<\/p>\n<p>Peso del paquete<\/p>\n<\/td>\n<td class=\"value_KqJ3Q3GPKv\" style=\"color: #666666;font-size: 1.125rem;line-height: 1.375rem;vertical-align: baseline;padding: 1.25rem 0px 1.25rem 2.5rem\" data-selenium=\"specsItemGroupTableColumnValue\">\n<div class=\"expandableValue_KqJ3Q3GPKv\">1,9 kg<\/div>\n<div class=\"expandableValue_KqJ3Q3GPKv\">&nbsp;<\/div>\n<div class=\"expandableValue_KqJ3Q3GPKv\">2,89 kg<\/div>\n<\/td>\n<\/tr>\n<\/tbody>\n<\/table>\n<\/div>\n<p><strong>Contenido del paquete:<\/strong><\/p>\n<ul>\n<li>Telescopio Razor HD 27-60&#215;85<\/li>\n<li>Cubierta de gafas<\/li>\n<li>Tapa de lente<\/li>\n<li>Estuche de transporte<\/li>\n<\/ul>\n","protected":false},"excerpt":{"rendered":"<p>Telescopio de \u00e1ngulo Vortex Razor HD 27-60&#215;85 El telescopio de v\u00f3rtice de visi\u00f3n angular de 45\u00b0 Razor HD 27-60&#215;85 est\u00e1<\/p>\n","protected":false},"featured_media":44007,"comment_status":"closed","ping_status":"open","template":"","meta":{"_acf_changed":false},"product_brand":[2673],"product_cat":[1068],"product_tag":[],"class_list":{"0":"post-74297","1":"product","2":"type-product","3":"status-publish","4":"has-post-thumbnail","6":"product_brand-vortex-es","7":"product_cat-telescopios-es","9":"first","10":"onbackorder","11":"taxable","12":"shipping-taxable","13":"purchasable","14":"product-type-simple"},"bundled_by":[],"bundle_stock_status":"onbackorder","bundle_stock_quantity":0,"bundle_virtual":false,"bundle_layout":"","bundle_add_to_cart_form_location":"","bundle_editable_in_cart":false,"bundle_sold_individually_context":"","bundle_item_grouping":"","bundle_min_size":"","bundle_max_size":"","bundle_price":[],"bundled_items":[],"bundle_sell_ids":[],"acf":[],"_links":{"self":[{"href":"https:\/\/hi-techwonder.com\/es\/wp-json\/wp\/v2\/product\/74297","targetHints":{"allow":["GET"]}}],"collection":[{"href":"https:\/\/hi-techwonder.com\/es\/wp-json\/wp\/v2\/product"}],"about":[{"href":"https:\/\/hi-techwonder.com\/es\/wp-json\/wp\/v2\/types\/product"}],"replies":[{"embeddable":true,"href":"https:\/\/hi-techwonder.com\/es\/wp-json\/wp\/v2\/comments?post=74297"}],"wp:featuredmedia":[{"embeddable":true,"href":"https:\/\/hi-techwonder.com\/es\/wp-json\/wp\/v2\/media\/44007"}],"wp:attachment":[{"href":"https:\/\/hi-techwonder.com\/es\/wp-json\/wp\/v2\/media?parent=74297"}],"wp:term":[{"taxonomy":"product_brand","embeddable":true,"href":"https:\/\/hi-techwonder.com\/es\/wp-json\/wp\/v2\/product_brand?post=74297"},{"taxonomy":"product_cat","embeddable":true,"href":"https:\/\/hi-techwonder.com\/es\/wp-json\/wp\/v2\/product_cat?post=74297"},{"taxonomy":"product_tag","embeddable":true,"href":"https:\/\/hi-techwonder.com\/es\/wp-json\/wp\/v2\/product_tag?post=74297"}],"curies":[{"name":"wp","href":"https:\/\/api.w.org\/{rel}","templated":true}]}}