{"id":74322,"date":"2025-07-28T23:54:46","date_gmt":"2025-07-28T23:54:46","guid":{"rendered":"https:\/\/fv6qoy3ls0.wpdns.site\/product\/zoom-f3-grabadora-de-audio-compacta-de-2-pistas\/"},"modified":"2026-02-19T17:11:17","modified_gmt":"2026-02-19T17:11:17","slug":"zoom-f3-grabadora-de-audio-compacta-de-2-pistas","status":"publish","type":"product","link":"https:\/\/hi-techwonder.com\/es\/producto\/zoom-f3-grabadora-de-audio-compacta-de-2-pistas\/","title":{"rendered":"ZOOM F3 Grabadora de audio compacta de 2 pistas"},"content":{"rendered":"<p>Olv\u00eddate del recorte, olvida la ganancia y olvida la incomodidad; Simplemente conecte la grabadora de campo port\u00e1til de 2 pistas Zoom F3 y presione grabar para capturar un sonido claro y sin distorsiones de sus micr\u00f3fonos XLR externos en un instante para su pr\u00f3xima grabaci\u00f3n de video, entrevista o excursi\u00f3n de dise\u00f1o de sonido. Con dos preamplificadores de micr\u00f3fono premium y tecnolog\u00eda de flotaci\u00f3n de 32 bits, el F3 maneja los sonidos m\u00e1s suaves y fuertes que puedas encontrar, evitando la distorsi\u00f3n, manteniendo un rendimiento de bajo ruido y liber\u00e1ndote de la responsabilidad de ajustar la ganancia. Las grabaciones arruinadas por convertidores recortados y preamplificadores mal afinados son cosa del pasado.  <\/p>\n<p><iframe loading=\"lazy\" style=\"width: 100%;\" src=\"https:\/\/www.youtube.com\/embed\/MsDIGWj4tYo\" width=\"560\" height=\"314\" allowfullscreen=\"allowfullscreen\"><\/iframe><\/p>\n<p>Caracter\u00edsticas principales:<\/p>\n<p>Para vide\u00f3grafos y grabadores de sonido<\/p>\n<p>2 preamplificadores de micr\u00f3fono de ruido ultrabajo a trav\u00e9s de conectores XLR<\/p>\n<p>No se requiere ajuste de ganancia<\/p>\n<p>La grabaci\u00f3n flotante de 32 bits evita el recorte<\/p>\n<p>Salidas de auriculares y l\u00ednea<\/p>\n<p>El interruptor de retenci\u00f3n evita el funcionamiento involuntario<\/p>\n<p>Alimentaci\u00f3n USB \/ 8 horas a trav\u00e9s de pilas AA (no incluidas)<\/p>\n<p>Grabaci\u00f3n en tarjeta microSD \/ E\/S DE AUDIO USB<\/p>\n<p>Pantalla de forma de onda, controles sencillos de 1 toque<\/p>\n<p>M\u00e1stil y dise\u00f1o de bolsillo<\/p>\n<p>Olv\u00eddate del recorte, olvida la ganancia y olvida la incomodidad; simplemente encienda la grabadora de campo port\u00e1til de 2 pistas Zoom F3 y presione grabar para capturar un sonido claro y sin distorsiones de sus micr\u00f3fonos XLR externos en un instante para su pr\u00f3xima grabaci\u00f3n de video, entrevista o excursi\u00f3n de dise\u00f1o de sonido. Con dos preamplificadores de micr\u00f3fono premium y tecnolog\u00eda de flotaci\u00f3n de 32 bits, el F3 maneja los sonidos m\u00e1s suaves y fuertes que puede emitir mientras evita la distorsi\u00f3n, mantiene un rendimiento de bajo ruido y lo libera de la responsabilidad de ajustar la ganancia. Las grabaciones arruinadas por convertidores recortados y preamplificadores mal afinados son cosa del pasado.  <\/p>\n<p>Desde la pantalla de forma de onda en tiempo real y los controles de un solo toque hasta las opciones de energ\u00eda flexibles y la funcionalidad de c\u00f3digo de tiempo de precisi\u00f3n, el F3 est\u00e1 bien equipado para complacer tanto a los veteranos novatos como a los exigentes. Ya sea que necesite una grabaci\u00f3n est\u00e9reo de larga duraci\u00f3n para una entrevista, captura redundante de configuraciones de micr\u00f3fono dual para una grabaci\u00f3n de video o grabaci\u00f3n in situ a prueba de fallas, el F3 tiene los modos, resoluciones y soporte multimedia para manejar sus tareas cr\u00edticas de audio. Adem\u00e1s, su versatilidad operativa garantiza que el F3 siempre mejore su flujo de trabajo, ya sea simple, complejo o en constante cambio. Puede sentirse seguro al usarlo como su grabadora principal, una interfaz de audio USB para su equipo inform\u00e1tico dedicado o una unidad de respaldo para mayor seguridad.   <\/p>\n<p>Audio sin distorsi\u00f3n autom\u00e1tica<\/p>\n<p>El F3 utiliza convertidores duales A \/ D y tecnolog\u00eda de grabaci\u00f3n flotante de 32 bits para capturar se\u00f1ales intensamente altas sin recortar los convertidores y producir sonidos extremadamente silenciosos sin ruido abrumador, todo sin requerir ning\u00fan ajuste de ganancia. Graba con confianza, sabiendo que simplemente puedes conectar tus micr\u00f3fonos y comenzar a grabar para obtener un audio n\u00edtido y claro. <\/p>\n<p>Dos entradas XLR de micr\u00f3fono\/l\u00ednea<\/p>\n<p>Dos entradas de micr\u00f3fono\/l\u00ednea balanceadas con conectores XLR de bloqueo y alimentaci\u00f3n fantasma conmutable de +48 V hacen del F3 una combinaci\u00f3n ideal para micr\u00f3fonos profesionales como din\u00e1micas de mano y condensadores de ca\u00f1\u00f3n, as\u00ed como para alimentaciones de nivel de l\u00ednea desde un mezclador de campo dedicado.<\/p>\n<p>Ajustes de grabaci\u00f3n de alta calidad<\/p>\n<p>El F3 admite frecuencias de muestreo de alta calidad entre 44,1 y 192 kHz, en formato BWF (Broadcast Wave File) mono o est\u00e9reo sin comprimir. Sin compresi\u00f3n de datos significa que no se pierde calidad en la creaci\u00f3n de los archivos de audio. <\/p>\n<p>Grabaci\u00f3n directa en tarjetas microSD<\/p>\n<p>Maximice la portabilidad grabando directamente en una tarjeta microSDHC\/microSDXC (disponible por separado) para obtener hasta 1 TB de espacio de almacenamiento.<\/p>\n<p>Salidas de auriculares y l\u00ednea<\/p>\n<p>Mientras que la salida de l\u00ednea permite el enrutamiento directo a su c\u00e1mara, DSLR o grabadora secundaria, un conector para auriculares est\u00e9reo de 3,5 mm con control de volumen dedicado ofrece un monitoreo de audio conveniente.<\/p>\n<p>Energ\u00eda por horas<\/p>\n<p>Para seguir el ritmo de la producci\u00f3n in situ, el F3 puede funcionar con dos pilas recargables alcalinas, de litio o NiMH AA (no incluidas), un adaptador de corriente Zoom AD-17 (disponible por separado) o una bater\u00eda USB tipo C (disponible por separado). Con hasta ocho horas de duraci\u00f3n de la bater\u00eda con pilas AA (no incluidas), disparar todo el d\u00eda no es un problema para la F3. <\/p>\n<p>Transferencias de archivos y audio USB<\/p>\n<p>Dado que el F3 tiene un puerto USB tipo C, simplemente con\u00e9ctelo a su computadora a trav\u00e9s de un cable USB (disponible por separado) para transferir archivos a su computadora, o use el F3 como una interfaz de audio USB 2&#215;2 con resoluci\u00f3n de 24 bits \/ 96 kHz. La funcionalidad de la interfaz de audio USB ser\u00e1 compatible con una actualizaci\u00f3n de firmware programada para marzo de 2022. <\/p>\n<p>C\u00f3digo de tiempo y sincronizaci\u00f3n de precisi\u00f3n<\/p>\n<p>Agregue el adaptador Bluetooth Zoom BTA-1 disponible por separado y UltraSync Blue (de Timecode Systems o Atomos) para aprovechar el c\u00f3digo de tiempo de alta precisi\u00f3n que realiza una sincronizaci\u00f3n precisa con el video.<\/p>\n<p>Control remoto basado en aplicaciones<\/p>\n<p>Para un c\u00f3modo control remoto inal\u00e1mbrico desde un dispositivo m\u00f3vil iOS\/Android, conecte un adaptador Bluetooth Zoom BTA-1 (disponible por separado) y utilice la aplicaci\u00f3n gratuita F3 Control (prevista para marzo de 2022) a trav\u00e9s de Bluetooth.<\/p>\n<p>Controles intuitivos y pantalla integrada<\/p>\n<p>Los botones intuitivos de un solo toque (grabar, reproducir, detener y subir\/bajar volumen) proporcionan operaciones r\u00e1pidas y sin complicaciones sin men\u00fas por los que desplazarse. La pantalla incorporada muestra formas de onda en tiempo real e indicaciones claras del estado de la bater\u00eda, el tiempo de grabaci\u00f3n y m\u00e1s. Los botones por canal le permiten acercar o alejar r\u00e1pidamente para una mejor vista.  <\/p>\n<p>La funci\u00f3n de retenci\u00f3n inhibe las interrupciones accidentales<\/p>\n<p>Gire la perilla de grabaci\u00f3n hacia abajo a la posici\u00f3n de retenci\u00f3n para activar la funci\u00f3n de espera, que evita interrupciones en la grabaci\u00f3n causadas por pulsaciones accidentales de botones.<\/p>\n<p>Perfil bajo y ligero<\/p>\n<p>Con su perfil minimalista, el F3 ligero se fija a los postes de la pluma mediante un cierre de velcro (disponibilidad<\/p>\n","protected":false},"excerpt":{"rendered":"<p>Olv\u00eddate del recorte, olvida la ganancia y olvida la incomodidad; Simplemente conecte la grabadora de campo port\u00e1til de 2 pistas<\/p>\n","protected":false},"featured_media":30033,"comment_status":"closed","ping_status":"open","template":"","meta":{"_acf_changed":false},"product_brand":[2625],"product_cat":[893],"product_tag":[],"class_list":{"0":"post-74322","1":"product","2":"type-product","3":"status-publish","4":"has-post-thumbnail","6":"product_brand-zoom-es","7":"product_cat-grabadoras","9":"first","10":"instock","11":"taxable","12":"shipping-taxable","13":"purchasable","14":"product-type-simple"},"bundled_by":[],"bundle_stock_status":"instock","bundle_stock_quantity":1,"bundle_virtual":false,"bundle_layout":"","bundle_add_to_cart_form_location":"","bundle_editable_in_cart":false,"bundle_sold_individually_context":"","bundle_item_grouping":"","bundle_min_size":"","bundle_max_size":"","bundle_price":[],"bundled_items":[],"bundle_sell_ids":[],"acf":[],"_links":{"self":[{"href":"https:\/\/hi-techwonder.com\/es\/wp-json\/wp\/v2\/product\/74322","targetHints":{"allow":["GET"]}}],"collection":[{"href":"https:\/\/hi-techwonder.com\/es\/wp-json\/wp\/v2\/product"}],"about":[{"href":"https:\/\/hi-techwonder.com\/es\/wp-json\/wp\/v2\/types\/product"}],"replies":[{"embeddable":true,"href":"https:\/\/hi-techwonder.com\/es\/wp-json\/wp\/v2\/comments?post=74322"}],"wp:featuredmedia":[{"embeddable":true,"href":"https:\/\/hi-techwonder.com\/es\/wp-json\/wp\/v2\/media\/30033"}],"wp:attachment":[{"href":"https:\/\/hi-techwonder.com\/es\/wp-json\/wp\/v2\/media?parent=74322"}],"wp:term":[{"taxonomy":"product_brand","embeddable":true,"href":"https:\/\/hi-techwonder.com\/es\/wp-json\/wp\/v2\/product_brand?post=74322"},{"taxonomy":"product_cat","embeddable":true,"href":"https:\/\/hi-techwonder.com\/es\/wp-json\/wp\/v2\/product_cat?post=74322"},{"taxonomy":"product_tag","embeddable":true,"href":"https:\/\/hi-techwonder.com\/es\/wp-json\/wp\/v2\/product_tag?post=74322"}],"curies":[{"name":"wp","href":"https:\/\/api.w.org\/{rel}","templated":true}]}}