{"id":74323,"date":"2025-07-29T10:57:57","date_gmt":"2025-07-29T10:57:57","guid":{"rendered":"https:\/\/fv6qoy3ls0.wpdns.site\/product\/zhiyun-tech-cable-de-control-zhiyun-tech-panasonic\/"},"modified":"2026-03-06T17:00:12","modified_gmt":"2026-03-06T17:00:12","slug":"zhiyun-tech-cable-de-control-zhiyun-tech-panasonic","status":"publish","type":"product","link":"https:\/\/hi-techwonder.com\/es\/producto\/zhiyun-tech-cable-de-control-zhiyun-tech-panasonic\/","title":{"rendered":"ZHIYUN-TECH Cable de control Zhiyun Tech (Panasonic)"},"content":{"rendered":"<p>Este cable permite la conexi\u00f3n entre su c\u00e1mara Panasonic y su card\u00e1n Zhiyun-Tech<br \/>Permite funciones de obturador, video, enfoque.<\/p>\n<p><strong>Compatible con los modelos:<\/strong><br \/>Estabilizadores: Gr\u00faa Zhiyun-Tech \/ Gr\u00faa-M<br \/>C\u00e1maras: Panasonic GH4, GH5.<\/p>\n","protected":false},"excerpt":{"rendered":"<p>Este cable permite la conexi\u00f3n entre su c\u00e1mara Panasonic y su card\u00e1n Zhiyun-TechPermite funciones de obturador, video, enfoque. Compatible con<\/p>\n","protected":false},"featured_media":70121,"comment_status":"closed","ping_status":"open","template":"","meta":{"_acf_changed":false},"product_brand":[2697],"product_cat":[1113],"product_tag":[],"class_list":{"0":"post-74323","1":"product","2":"type-product","3":"status-publish","4":"has-post-thumbnail","6":"product_brand-zhiyun-tech-es","7":"product_cat-accesorios-gimbals-video","9":"first","10":"instock","11":"taxable","12":"shipping-taxable","13":"purchasable","14":"product-type-simple"},"bundled_by":[],"bundle_stock_status":"instock","bundle_stock_quantity":1,"bundle_virtual":false,"bundle_layout":"","bundle_add_to_cart_form_location":"","bundle_editable_in_cart":false,"bundle_sold_individually_context":"","bundle_item_grouping":"","bundle_min_size":"","bundle_max_size":"","bundle_price":[],"bundled_items":[],"bundle_sell_ids":[],"acf":[],"_links":{"self":[{"href":"https:\/\/hi-techwonder.com\/es\/wp-json\/wp\/v2\/product\/74323","targetHints":{"allow":["GET"]}}],"collection":[{"href":"https:\/\/hi-techwonder.com\/es\/wp-json\/wp\/v2\/product"}],"about":[{"href":"https:\/\/hi-techwonder.com\/es\/wp-json\/wp\/v2\/types\/product"}],"replies":[{"embeddable":true,"href":"https:\/\/hi-techwonder.com\/es\/wp-json\/wp\/v2\/comments?post=74323"}],"wp:featuredmedia":[{"embeddable":true,"href":"https:\/\/hi-techwonder.com\/es\/wp-json\/wp\/v2\/media\/70121"}],"wp:attachment":[{"href":"https:\/\/hi-techwonder.com\/es\/wp-json\/wp\/v2\/media?parent=74323"}],"wp:term":[{"taxonomy":"product_brand","embeddable":true,"href":"https:\/\/hi-techwonder.com\/es\/wp-json\/wp\/v2\/product_brand?post=74323"},{"taxonomy":"product_cat","embeddable":true,"href":"https:\/\/hi-techwonder.com\/es\/wp-json\/wp\/v2\/product_cat?post=74323"},{"taxonomy":"product_tag","embeddable":true,"href":"https:\/\/hi-techwonder.com\/es\/wp-json\/wp\/v2\/product_tag?post=74323"}],"curies":[{"name":"wp","href":"https:\/\/api.w.org\/{rel}","templated":true}]}}