{"id":74327,"date":"2025-07-29T10:29:51","date_gmt":"2025-07-29T10:29:51","guid":{"rendered":"https:\/\/fv6qoy3ls0.wpdns.site\/product\/kit-ztylus-gomount-para-iphone-6-plus-6s-plus\/"},"modified":"2026-01-31T01:32:59","modified_gmt":"2026-01-31T01:32:59","slug":"ztylus-kit-ztylus-gomount-para-iphone-6-plus-6s-plus","status":"publish","type":"product","link":"https:\/\/hi-techwonder.com\/es\/producto\/ztylus-kit-ztylus-gomount-para-iphone-6-plus-6s-plus\/","title":{"rendered":"Kit ZTYLUS GoMount para iPhone 6 Plus\/6s Plus"},"content":{"rendered":"<p>El Ztylus GoMount es el soporte perfecto para sujetar tu c\u00e1mara GoPro a tu funda Ztylus.<br \/>El uso de su c\u00e1mara GoPro junto con la aplicaci\u00f3n GoPro le permite cambiar r\u00e1pidamente la configuraci\u00f3n de la c\u00e1mara mientras graba los videos.<br \/>Vea lo que graba su GoPro usando la vista en vivo en su tel\u00e9fono.<\/p>\n<p>El kit incluye:<\/p>\n<ul>\n<li>1x brazo flexible<\/li>\n<li>1x Ztylus GoMount<\/li>\n<li>1x Cubierta de policarbonato Ztylus<\/li>\n<\/ul>\n","protected":false},"excerpt":{"rendered":"<p>El Ztylus GoMount es el soporte perfecto para sujetar tu c\u00e1mara GoPro a tu funda Ztylus.El uso de su c\u00e1mara<\/p>\n","protected":false},"featured_media":64110,"comment_status":"closed","ping_status":"open","template":"","meta":{"_acf_changed":false},"product_brand":[2706],"product_cat":[1085],"product_tag":[],"class_list":{"0":"post-74327","1":"product","2":"type-product","3":"status-publish","4":"has-post-thumbnail","6":"product_brand-ztylus-es","7":"product_cat-para-smartphones-es","9":"first","10":"instock","11":"taxable","12":"shipping-taxable","13":"purchasable","14":"product-type-simple"},"bundled_by":[],"bundle_stock_status":"instock","bundle_stock_quantity":1,"bundle_virtual":false,"bundle_layout":"","bundle_add_to_cart_form_location":"","bundle_editable_in_cart":false,"bundle_sold_individually_context":"","bundle_item_grouping":"","bundle_min_size":"","bundle_max_size":"","bundle_price":[],"bundled_items":[],"bundle_sell_ids":[],"acf":[],"_links":{"self":[{"href":"https:\/\/hi-techwonder.com\/es\/wp-json\/wp\/v2\/product\/74327","targetHints":{"allow":["GET"]}}],"collection":[{"href":"https:\/\/hi-techwonder.com\/es\/wp-json\/wp\/v2\/product"}],"about":[{"href":"https:\/\/hi-techwonder.com\/es\/wp-json\/wp\/v2\/types\/product"}],"replies":[{"embeddable":true,"href":"https:\/\/hi-techwonder.com\/es\/wp-json\/wp\/v2\/comments?post=74327"}],"wp:featuredmedia":[{"embeddable":true,"href":"https:\/\/hi-techwonder.com\/es\/wp-json\/wp\/v2\/media\/64110"}],"wp:attachment":[{"href":"https:\/\/hi-techwonder.com\/es\/wp-json\/wp\/v2\/media?parent=74327"}],"wp:term":[{"taxonomy":"product_brand","embeddable":true,"href":"https:\/\/hi-techwonder.com\/es\/wp-json\/wp\/v2\/product_brand?post=74327"},{"taxonomy":"product_cat","embeddable":true,"href":"https:\/\/hi-techwonder.com\/es\/wp-json\/wp\/v2\/product_cat?post=74327"},{"taxonomy":"product_tag","embeddable":true,"href":"https:\/\/hi-techwonder.com\/es\/wp-json\/wp\/v2\/product_tag?post=74327"}],"curies":[{"name":"wp","href":"https:\/\/api.w.org\/{rel}","templated":true}]}}