{"id":74328,"date":"2025-07-28T23:54:46","date_gmt":"2025-07-28T23:54:46","guid":{"rendered":"https:\/\/fv6qoy3ls0.wpdns.site\/product\/grabadora-de-audio-zoom-h8-handyrecorder\/"},"modified":"2026-01-31T03:22:07","modified_gmt":"2026-01-31T03:22:07","slug":"zoom-grabadora-de-audio-zoom-h8-handyrecorder","status":"publish","type":"product","link":"https:\/\/hi-techwonder.com\/es\/producto\/zoom-grabadora-de-audio-zoom-h8-handyrecorder\/","title":{"rendered":"Grabadora de audio ZOOM H8 HandyRecorder"},"content":{"rendered":"<p><strong>Grabadora de audio ZOOM H8 HandyRecorder<\/strong><\/p>\n<p><strong>Caracter\u00edsticas principales<\/strong><\/p>\n<ul>\n<li>Modos de grabaci\u00f3n de podcast \/ m\u00fasica \/ campo<\/li>\n<li>C\u00e1psula de micr\u00f3fono est\u00e9reo X\/Y intercambiable<\/li>\n<li>4 entradas de micr\u00f3fono XLR con pads y +48V<\/li>\n<li>2 x XLR-1\/4&#8243; Entradas de micr\u00f3fono\/l\u00ednea\/Hi-Z<\/li>\n<\/ul>\n<p><strong>En la caja<\/strong><\/p>\n<ul>\n<li>1 x Zoom H8 Grabador port\u00e1til Handy de 8 entradas \/ 12 pistas<\/li>\n<li>1 x Zoom XYH-6 &#8211; C\u00e1psula de micr\u00f3fono X\/Y para grabadores de campo Zoom H5 y H6<\/li>\n<\/ul>\n<p><iframe loading=\"lazy\" src=\"https:\/\/www.youtube.com\/embed\/tmDvVlA-pKw\" width=\"560\" height=\"314\" allowfullscreen=\"allowfullscreen\"><\/iframe><\/p>\n<p>Con tres modos basados en aplicaciones que configuran instant\u00e1neamente la pantalla t\u00e1ctil a color para podcasting, producci\u00f3n musical o grabaci\u00f3n local, la grabadora port\u00e1til Zoom H8 le permite grabar r\u00e1pidamente hasta ocho se\u00f1ales de entrada simult\u00e1neas a trav\u00e9s de un flujo de trabajo altamente optimizado para su tarea. Adem\u00e1s, es compatible con una variedad de c\u00e1psulas (disponibles por separado) para una f\u00e1cil expansi\u00f3n para grabaci\u00f3n de 10 entradas, audio Ambisonics de 360 grados y m\u00e1s. <\/p>\n<p>Al igual que otras grabadoras Handy de la serie H, como la H5 y la H6, puede sostener la H8 en la mano, conectarla a un soporte de micr\u00f3fono o tr\u00edpode, o montarla en una c\u00e1mara (el soporte de zapata est\u00e1 disponible por separado); El H8 incluye una impresionante variedad de caracter\u00edsticas en un cuerpo liviano que est\u00e1 m\u00e1s que listo para satisfacer las diversas demandas de podcasters, m\u00fasicos, dise\u00f1adores de sonido y creadores de contenido. Los programas de software integrados Cubase LE y WaveLab Cast le brindan las herramientas que necesita para editar, refinar, exportar y cargar sus proyectos. <\/p>\n<p>Desde los controles t\u00e1ctiles e intuitivos hasta la abundante duraci\u00f3n de la bater\u00eda y las potentes funciones de procesamiento de audio, el H8 est\u00e1 bien equipado para producir audio puro para arreglos musicales completos, pel\u00edculas independientes y podcasts de panel. Puede proporcionar alimentaci\u00f3n fantasma o enchufable para micr\u00f3fonos de condensador, o aceptar conexiones directas de guitarras, teclados o cajas de ritmos. Independientemente de la fuente, la grabaci\u00f3n autom\u00e1tica y la pregrabaci\u00f3n seleccionables garantizan que nunca se pierda el comienzo de una toma, y la grabaci\u00f3n de pistas de seguridad est\u00e9reo proporciona pistas duplicadas a un nivel m\u00e1s bajo para evitar la distorsi\u00f3n.  <\/p>\n<p><strong>Pantalla t\u00e1ctil basada en aplicaciones<\/strong><\/p>\n<p>El H8 es extremadamente intuitivo y f\u00e1cil de usar, gracias a la pantalla t\u00e1ctil LCD a color de 2,4&#8243; y a los tres modos basados en aplicaciones optimizados para flujos de trabajo de podcasting, m\u00fasica y grabaci\u00f3n de campo con solo tocar la pantalla.<\/p>\n<p><strong>Aplicaci\u00f3n de podcast:<\/strong> Con cuatro canales de micr\u00f3fono y dos canales de almohadilla de sonido disponibles, la aplicaci\u00f3n Podcast facilita la producci\u00f3n de podcasts de alta calidad. Usa los 13 sonidos precargados o carga los tuyos propios desde una tarjeta SD para activar efectos de sonido, camas de m\u00fasica y m\u00e1s desde los Sound Pads dedicados. <\/p>\n<p><strong>Aplicaci\u00f3n de m\u00fasica:<\/strong> grabe hasta 10 pistas de entrada, sobregrabe, mezcle y mejore sus grabaciones con ecualizaci\u00f3n y compresi\u00f3n, mientras que la aplicaci\u00f3n de m\u00fasica pone al alcance de su mano controles importantes como niveles de audio, faders y medici\u00f3n. Adem\u00e1s, puedes conectarte al Guitar Lab de Zoom a trav\u00e9s de USB para acceder a una amplia gama de amplificadores y efectos. <\/p>\n<p><strong>Aplicaci\u00f3n de campo:<\/strong> Dise\u00f1ada para sonido local, dise\u00f1o de sonido, conferencias y m\u00e1s, la aplicaci\u00f3n Field le brinda acceso instant\u00e1neo a indicadores grandes para cada pista, para que pueda asegurarse de que sus grabaciones nunca se recorten. Tambi\u00e9n le permite ajustar r\u00e1pidamente el tipo de entrada, el filtrado de corte bajo, la compresi\u00f3n, la limitaci\u00f3n, la puerta de ruido y otras configuraciones importantes. <\/p>\n<p><strong>C\u00e1psula de micr\u00f3fono est\u00e9reo X\/Y<\/strong><\/p>\n<p>Deje sus micr\u00f3fonos externos en casa y viaje ligero; El H8 incluye una c\u00e1psula de micr\u00f3fono est\u00e9reo equipada con dos micr\u00f3fonos unidireccionales. Con nada m\u00e1s que el H8, est\u00e1s listo para grabar discursos, ensayos, conciertos o sonidos ambientales y ambientales, \u00a1incluso sonidos de hasta 136 dB! <\/p>\n<p><strong>Sistema de c\u00e1psulas Zoom 2.0<\/strong><\/p>\n<p>El sistema de c\u00e1psulas 2.0 de Zoom permite agregar hasta cuatro canales de audio a la conexi\u00f3n de la c\u00e1psula del H8, creando nuevas formas de expandir sus capacidades de grabaci\u00f3n mediante la adici\u00f3n de nuevas c\u00e1psulas disponibles por separado.<\/p>\n<p><strong>XAH-8:<\/strong> La c\u00e1psula XAH-8 ofrece grabaciones est\u00e9reo perfectas a trav\u00e9s de sus dos micr\u00f3fonos de condensador. Gire f\u00e1cilmente las c\u00e1psulas de un patr\u00f3n X\/Y ajustado a un patr\u00f3n AB ancho para mejorar la imagen est\u00e9reo de sus grabaciones. <\/p>\n<p><strong>VRH-8:<\/strong> El VRH-8 es una c\u00e1psula de micr\u00f3fono ambis\u00f3nico que utiliza cuatro micr\u00f3fonos de condensador para proporcionar grabaciones de audio inmersivas de 360\u00b0. Un aceler\u00f3metro incorporado ayuda a garantizar que la c\u00e1psula est\u00e9 siempre perfectamente alineada, mientras que el decodificador Ambisonic incorporado maneja autom\u00e1ticamente las conversiones necesarias, ahorrando tiempo en la postproducci\u00f3n. <\/p>\n<p><strong>ANEXO 8:<\/strong> La c\u00e1psula EXH-8 ofrece cuatro entradas XLR adicionales, para un total de 10. Cada entrada adicional cuenta con una perilla de ganancia dedicada y un interruptor de pad. Incluso puede usar sus micr\u00f3fonos de condensador favoritos: simplemente conecte una fuente de alimentaci\u00f3n a la c\u00e1psula EXH-8 para proporcionar alimentaci\u00f3n fantasma.  <\/p>\n<p><strong>Admite las bases de micr\u00f3fono con zoom existentes<\/strong><\/p>\n<p>La entrada de la c\u00e1psula de micr\u00f3fono Zoom en el H8 se adapta a la l\u00ednea existente de c\u00e1psulas intercambiables disponibles por separado de Zoom, que se pueden cambiar tan f\u00e1cilmente como una lente de c\u00e1mara. Con las c\u00e1psulas de micr\u00f3fono de ca\u00f1\u00f3n mono o est\u00e9reo X\/Y, Mid-Side y montadas en golpes para elegir, puede estar listo para grabar m\u00fasica, di\u00e1logos o efectos de sonido sin llevar una configuraci\u00f3n de micr\u00f3fono externo. Opte por la c\u00e1psula de entrada combinada EXH-6 para aceptar dos se\u00f1ales de micr\u00f3fono\/l\u00ednea adicionales a trav\u00e9s de conectores XLR-1\/4&#8243;.  <\/p>\n<p><strong>Operatividad r\u00e1pida y f\u00e1cil de usar<\/strong><\/p>\n<p>El panel frontal del H8 est\u00e1 dispuesto ergon\u00f3micamente con sus controles m\u00e1s esenciales y de uso com\u00fan: botones de transporte para grabaci\u00f3n, reproducci\u00f3n\/pausa y parada, botones individuales del brazo de grabaci\u00f3n que funcionan como interruptores de silencio durante la reproducci\u00f3n, grandes perillas de ganancia e interruptores de pad. Para mayor seguridad, un interruptor de espera desactiva todos los botones del panel frontal para evitar la operaci\u00f3n accidental durante la grabaci\u00f3n. <\/p>\n<p><strong>Acceso instant\u00e1neo a los ajustes de ganancia<\/strong><\/p>\n<p>Cada entrada H8 tiene su propia perilla de control de ganancia dedicada. No es necesario seleccionar pistas ni presionar botones para optimizar sus niveles de grabaci\u00f3n; Simplemente gire los diales (claramente etiquetados de 0 a 10) cada vez que necesite ajustar la ganancia. Si sus fuentes de entrada XLR son tan ruidosas que necesita incluso menos ganancia que la que proporcionan los preamplificadores en la configuraci\u00f3n &#8220;0&#8221;, use cuatro interruptores de pad en el panel frontal para atenuar las entradas XLR en 20 dB.  <\/p>\n<p><strong>Ocho canales de entradas de micr\u00f3fono\/l\u00ednea<\/strong><\/p>\n<p>Equipado con cuatro entradas XLR, dos entradas combo XLR-1\/4&#8243; y una entrada mini-jack est\u00e9reo de 3,5 mm (en la c\u00e1psula XYH-6), el H8 puede acomodar micr\u00f3fonos de condensador (a trav\u00e9s de alimentaci\u00f3n fantasma de 12, 24 o 48 VCC), fuentes de nivel de l\u00ednea balanceadas de +4 dB o se\u00f1ales de instrumentos no balanceadas con electr\u00f3nica activa. Ya sea que planee grabar micr\u00f3fonos de condensador de estudio, transmisiones de receptores inal\u00e1mbricos o un combo de micr\u00f3fono de solapa y escopeta para una entrevista, los preamplificadores del H8 est\u00e1n listos para ofrecer un rendimiento de bajo ruido. <\/p>\n<p><strong>Graba todos los canales en vivo o capas de sobregrabaci\u00f3n<\/strong><\/p>\n<p>El H8 tiene grabaci\u00f3n multicanal con una resoluci\u00f3n de hasta 24 bits\/96 kHz; hay disponibles hasta 12 pistas (c\u00e1psula de micr\u00f3fono, grabaci\u00f3n de respaldo, XLR 1-4, XLR-1\/4&#8243; combo A y B y mezcla est\u00e9reo LR).<\/p>\n<p>Grabe todos los canales simult\u00e1neamente o use la funci\u00f3n de sobregrabaci\u00f3n para agregar capas de instrumentos despu\u00e9s de una grabaci\u00f3n inicial. Ajusta los niveles y panor\u00e1micas de tus pistas, luego usa la funci\u00f3n de mezcla incorporada del H8 para mezclar tus pistas en un archivo est\u00e9reo. <\/p>\n<p><strong>Grabaci\u00f3n en tarjeta SD y funcionalidad de interfaz de audio<\/strong><\/p>\n<p>Maximice la portabilidad grabando directamente en una tarjeta SD (hasta 2 GB de capacidad), tarjeta SDHC (hasta 32 GB de capacidad) o tarjeta SDXC (hasta 512 GB de capacidad). Una tarjeta de 2 GB producir\u00e1 m\u00e1s de tres horas de tiempo de grabaci\u00f3n est\u00e9reo de 16 bits \/ 44,1 kHz utilizando el formato WAV compatible con BWF para una calidad de audio sin comprimir y compatibilidad de archivos est\u00e1ndar de la industria. Tenga en cuenta que las tarjetas de medios est\u00e1n disponibles por separado y las tarjetas de mayor capacidad aumentar\u00e1n los tiempos de arranque.  <\/p>\n<p>Alternativamente, use el H8 como una interfaz de audio USB 2.0 de 12 entradas \/ 2 salidas (hasta 24 bits \/ 96 kHz) con su computadora Mac o Windows. Para el funcionamiento de la interfaz de audio con un iPad, se requiere un kit de conexi\u00f3n de c\u00e1mara de Apple que est\u00e1 disponible por separado. <\/p>\n<p><strong>Salidas de 3,5 mm para la conexi\u00f3n simult\u00e1nea a una c\u00e1mara y auriculares<\/strong><\/p>\n<p>El H8 cuenta con salidas de mini-jack de l\u00ednea y jack de auriculares de 3,5 mm para alimentar simult\u00e1neamente su c\u00e1mara\/DSLR y un par de auriculares. Para una referencia de reproducci\u00f3n r\u00e1pida, tambi\u00e9n se proporciona un altavoz monof\u00f3nico incorporado. <\/p>\n<p><strong>Alimentado por pilas AA o adaptador de CA<\/strong><\/p>\n<p>Alimente el H8 a trav\u00e9s de cuatro pilas AA (no incluidas) o con\u00e9ctelo a un tomacorriente de pared con un adaptador de CA AD-17 (disponible por separado). Las pilas alcalinas pueden mantener el H8 funcionando durante m\u00e1s de 20 horas de grabaci\u00f3n continua. Cuando se utiliza el H8 en modo de interfaz de audio USB est\u00e9reo, es posible la alimentaci\u00f3n del bus USB.  <\/p>\n<p><strong>Resistente y port\u00e1til, port\u00e1til o montado<\/strong><\/p>\n<p>El cuerpo duradero y ergon\u00f3mico se presta naturalmente para el uso port\u00e1til. Si necesita montarlo en un soporte de micr\u00f3fono o tr\u00edpode, un orificio roscado en la parte posterior del H8 elimina la necesidad de adaptadores de soporte. Consigue un adaptador de zapata (disponible por separado) para conectar el H8 directamente a una DSLR.  <\/p>\n<p><strong>El procesamiento de se\u00f1ales agrega pulido s\u00f3nico<\/strong><\/p>\n<p>Los efectos incorporados del H8 le permiten agregar pulido a sus grabaciones. La compresi\u00f3n y la limitaci\u00f3n compensan las fluctuaciones en el nivel de entrada, mientras que un filtro de corte de graves ayuda a eliminar el ruido del viento, el soplo y otros tipos de ruido de baja frecuencia. <\/p>\n<p><strong>Funciones especiales de grabaci\u00f3n<\/strong><\/p>\n<p>El H8 ofrece funciones de grabaci\u00f3n seleccionables dise\u00f1adas para evitar que se pierda accidentalmente el inicio de una presentaci\u00f3n. Al mantener los momentos de audio antes de presionar el bot\u00f3n de grabaci\u00f3n, la opci\u00f3n de pregrabaci\u00f3n garantiza que nunca interrumpir\u00e1 el inicio de una gran toma. La grabaci\u00f3n autom\u00e1tica puede comenzar a grabar autom\u00e1ticamente cuando se detecta un nivel de sonido definido por el usuario, lo que la hace ideal para la grabaci\u00f3n activada por voz.  <\/p>\n<p>La grabaci\u00f3n de respaldo permite que el H8 grabe autom\u00e1ticamente un duplicado de la entrada L\/R con menos ganancia de entrada. Incluso si tu pista original est\u00e1 distorsionada, \u00a1lo m\u00e1s probable es que la versi\u00f3n de respaldo est\u00e9 bien! <\/p>\n<p><strong>Admite control remoto externo<\/strong><\/p>\n<p>Puede usar su iPhone o iPad para monitorear medidores de nivel y presionar grabar, reproducir y detener en cada modo de la aplicaci\u00f3n H8. Simplemente inserte el m\u00f3dulo Bluetooth BTA-1 (disponible por separado) en su H8 y con\u00e9ctelo a su dispositivo iOS. <\/p>\n<p><strong>Incluye software de audio<\/strong><\/p>\n<ul>\n<li>El H8 viene con licencias de descarga gratuitas para el software de producci\u00f3n musical Cubase LE de Steinberg y el software de edici\u00f3n de audio WaveLab Cast, lo que representa un completo conjunto de herramientas de producci\u00f3n de audio.<\/li>\n<li><strong>Podcasting:<\/strong> WaveLab Cast se conecta directamente con directorios de podcasts como Spreaker o Podbean. Puede cargar episodios r\u00e1pidamente, as\u00ed como crear y publicar fuentes RSS directamente. <\/li>\n<li><strong>Audio a video:<\/strong> Importe su archivo de video y WaveLab Cast extraer\u00e1 autom\u00e1ticamente el audio. Puede utilizar las herramientas de edici\u00f3n para reducir el ruido no deseado, cambiar los niveles y eliminar las sibilantes fuertes. Las opciones de medici\u00f3n te permiten crear nuevas pistas, hacer un fundido de entrada de tu m\u00fasica y usar el ecualizador y la compresi\u00f3n. Vuelva a conectar el audio al archivo de video usando las funciones de exportaci\u00f3n de WaveLab Cast.   <\/li>\n<li><strong>Grabaci\u00f3n de campo:<\/strong> WaveLab Cast admite una calidad de audio de hasta 96 kHz e incluye un remuestreador de \u00faltima generaci\u00f3n. RestoreRig elimina el ruido y los sonidos no deseados. Puede montar nuevos archivos usando las funciones de ajuste y las opciones de fundido cruzado. Cuando hayas terminado, exporta tus archivos de sonido en cualquier formato de audio popular.   <\/li>\n<\/ul>\n","protected":false},"excerpt":{"rendered":"<p>Grabadora de audio ZOOM H8 HandyRecorder Caracter\u00edsticas principales Modos de grabaci\u00f3n de podcast \/ m\u00fasica \/ campo C\u00e1psula de micr\u00f3fono<\/p>\n","protected":false},"featured_media":29952,"comment_status":"closed","ping_status":"open","template":"","meta":{"_acf_changed":false},"product_brand":[2625],"product_cat":[893],"product_tag":[],"class_list":{"0":"post-74328","1":"product","2":"type-product","3":"status-publish","4":"has-post-thumbnail","6":"product_brand-zoom-es","7":"product_cat-grabadoras","9":"first","10":"onbackorder","11":"taxable","12":"shipping-taxable","13":"purchasable","14":"product-type-simple"},"bundled_by":[],"bundle_stock_status":"onbackorder","bundle_stock_quantity":null,"bundle_virtual":false,"bundle_layout":"","bundle_add_to_cart_form_location":"","bundle_editable_in_cart":false,"bundle_sold_individually_context":"","bundle_item_grouping":"","bundle_min_size":"","bundle_max_size":"","bundle_price":[],"bundled_items":[],"bundle_sell_ids":[],"acf":[],"_links":{"self":[{"href":"https:\/\/hi-techwonder.com\/es\/wp-json\/wp\/v2\/product\/74328","targetHints":{"allow":["GET"]}}],"collection":[{"href":"https:\/\/hi-techwonder.com\/es\/wp-json\/wp\/v2\/product"}],"about":[{"href":"https:\/\/hi-techwonder.com\/es\/wp-json\/wp\/v2\/types\/product"}],"replies":[{"embeddable":true,"href":"https:\/\/hi-techwonder.com\/es\/wp-json\/wp\/v2\/comments?post=74328"}],"wp:featuredmedia":[{"embeddable":true,"href":"https:\/\/hi-techwonder.com\/es\/wp-json\/wp\/v2\/media\/29952"}],"wp:attachment":[{"href":"https:\/\/hi-techwonder.com\/es\/wp-json\/wp\/v2\/media?parent=74328"}],"wp:term":[{"taxonomy":"product_brand","embeddable":true,"href":"https:\/\/hi-techwonder.com\/es\/wp-json\/wp\/v2\/product_brand?post=74328"},{"taxonomy":"product_cat","embeddable":true,"href":"https:\/\/hi-techwonder.com\/es\/wp-json\/wp\/v2\/product_cat?post=74328"},{"taxonomy":"product_tag","embeddable":true,"href":"https:\/\/hi-techwonder.com\/es\/wp-json\/wp\/v2\/product_tag?post=74328"}],"curies":[{"name":"wp","href":"https:\/\/api.w.org\/{rel}","templated":true}]}}