{"id":74329,"date":"2025-07-28T23:52:25","date_gmt":"2025-07-28T23:52:25","guid":{"rendered":"https:\/\/fv6qoy3ls0.wpdns.site\/product\/zoom-sgh-6\/"},"modified":"2026-01-24T22:48:41","modified_gmt":"2026-01-24T22:48:41","slug":"zoom-sgh-6","status":"publish","type":"product","link":"https:\/\/hi-techwonder.com\/es\/producto\/zoom-sgh-6\/","title":{"rendered":"ZOOM SGH-6"},"content":{"rendered":"<div id=\"Overview\">El Zoom SGH-6 es la soluci\u00f3n de micr\u00f3fono de ca\u00f1\u00f3n para el Zoom H6n. Consta de tres micr\u00f3fonos internos y un preamplificador de 5V. Protecci\u00f3n contra el viento incluida.  <\/div>\n","protected":false},"excerpt":{"rendered":"<p>El Zoom SGH-6 es la soluci\u00f3n de micr\u00f3fono de ca\u00f1\u00f3n para el Zoom H6n. Consta de tres micr\u00f3fonos internos y<\/p>\n","protected":false},"featured_media":29267,"comment_status":"closed","ping_status":"open","template":"","meta":{"_acf_changed":false},"product_brand":[2625],"product_cat":[901],"product_tag":[],"class_list":{"0":"post-74329","1":"product","2":"type-product","3":"status-publish","4":"has-post-thumbnail","6":"product_brand-zoom-es","7":"product_cat-canon-microfonos","9":"first","10":"instock","11":"taxable","12":"shipping-taxable","13":"purchasable","14":"product-type-simple"},"bundled_by":[],"bundle_stock_status":"instock","bundle_stock_quantity":1,"bundle_virtual":false,"bundle_layout":"","bundle_add_to_cart_form_location":"","bundle_editable_in_cart":false,"bundle_sold_individually_context":"","bundle_item_grouping":"","bundle_min_size":"","bundle_max_size":"","bundle_price":[],"bundled_items":[],"bundle_sell_ids":[],"acf":[],"_links":{"self":[{"href":"https:\/\/hi-techwonder.com\/es\/wp-json\/wp\/v2\/product\/74329","targetHints":{"allow":["GET"]}}],"collection":[{"href":"https:\/\/hi-techwonder.com\/es\/wp-json\/wp\/v2\/product"}],"about":[{"href":"https:\/\/hi-techwonder.com\/es\/wp-json\/wp\/v2\/types\/product"}],"replies":[{"embeddable":true,"href":"https:\/\/hi-techwonder.com\/es\/wp-json\/wp\/v2\/comments?post=74329"}],"wp:featuredmedia":[{"embeddable":true,"href":"https:\/\/hi-techwonder.com\/es\/wp-json\/wp\/v2\/media\/29267"}],"wp:attachment":[{"href":"https:\/\/hi-techwonder.com\/es\/wp-json\/wp\/v2\/media?parent=74329"}],"wp:term":[{"taxonomy":"product_brand","embeddable":true,"href":"https:\/\/hi-techwonder.com\/es\/wp-json\/wp\/v2\/product_brand?post=74329"},{"taxonomy":"product_cat","embeddable":true,"href":"https:\/\/hi-techwonder.com\/es\/wp-json\/wp\/v2\/product_cat?post=74329"},{"taxonomy":"product_tag","embeddable":true,"href":"https:\/\/hi-techwonder.com\/es\/wp-json\/wp\/v2\/product_tag?post=74329"}],"curies":[{"name":"wp","href":"https:\/\/api.w.org\/{rel}","templated":true}]}}