{"id":74332,"date":"2025-07-28T23:54:46","date_gmt":"2025-07-28T23:54:46","guid":{"rendered":"https:\/\/fv6qoy3ls0.wpdns.site\/product\/zoom-podtrak-p4\/"},"modified":"2025-09-04T07:52:09","modified_gmt":"2025-09-04T07:52:09","slug":"zoom-podtrak-p4","status":"publish","type":"product","link":"https:\/\/hi-techwonder.com\/es\/producto\/zoom-podtrak-p4\/","title":{"rendered":"ZOOM PodTrak P4"},"content":{"rendered":"<p>ZOOM PodTrak P4<\/p>\n<p>Caracter\u00edsticas principales<\/p>\n<p>4 entradas de micr\u00f3fono XLR de alta ganancia con +48 V<\/p>\n<p>4 salidas de auriculares independientes<\/p>\n<p>4 x Almohadillas de sonido para m\u00fasica y muestras<\/p>\n<p>Llamadas simult\u00e1neas TRRS y USB<\/p>\n<p>En la caja<\/p>\n<p>1 x Grabador de podcast multipista port\u00e1til Zoom PodTrak P4<\/p>\n<p>Dise\u00f1ado espec\u00edficamente para producir podcasts pulidos para varias personas en movimiento, el Zoom PodTrak P4 es una grabadora de podcasts multipista port\u00e1til rentable que le permite grabar r\u00e1pidamente hasta cuatro micr\u00f3fonos, manejar 2 llamadas remotas sin eco simult\u00e1neamente, disparar muestras de sonido y proporcionar transmisiones de auriculares separadas a todos sus invitados, todo al mismo tiempo y con una simplicidad refrescante.<\/p>\n<p>Desde los controles intuitivos y t\u00e1ctiles hasta la abundante duraci\u00f3n de la bater\u00eda y las potentes funciones de procesamiento de audio, el PodTrak P4 est\u00e1 bien equipado para ayudarlo a grabar o transmitir audio puro para podcasts de panel. Micr\u00f3fonos din\u00e1micos y de condensador, almohadillas de sonido personalizables, llamadas a tel\u00e9fonos inteligentes o computadoras y salidas de auriculares independientes; El PodTrak P4 puede administrar todo lo que necesita para una estaci\u00f3n de producci\u00f3n de podcasts. <\/p>\n<p>Los toques adicionales que incluyen limitadores incorporados y filtros de corte bajo para mejorar sus pistas, una funci\u00f3n de mezcla negativa incorporada para evitar el eco y la retroalimentaci\u00f3n a los invitados remotos, y m\u00faltiples m\u00e9todos de alimentaci\u00f3n hacen de PodTrak una soluci\u00f3n todo en uno verdaderamente poderosa para podcasting.<\/p>\n<p>Cuatro entradas de micr\u00f3fono de alta ganancia<\/p>\n<p>Ya sea que conf\u00ede en micr\u00f3fonos din\u00e1micos estilo locutor como el Zoom ZDM-1 (disponible por separado) o prefiera el brillo de los micr\u00f3fonos de condensador n\u00edtidos, los cuatro preamplificadores de micr\u00f3fono del PodTrak P4 est\u00e1n a la altura de la tarea. Cada uno cuenta con un conector de entrada XLR balanceado, alimentaci\u00f3n fantasma seleccionable de +48V y hasta 70 dB de ganancia, mucho impulso para garantizar niveles de grabaci\u00f3n \u00f3ptimos con todo tipo de micr\u00f3fonos, como el venerable Shure SM7B. <\/p>\n<p>Mezclas de auriculares para ti y tus invitados<\/p>\n<p>Equipado con cuatro salidas de auriculares est\u00e9reo de 3,5 mm, el PodTrak P4 puede proporcionar a sus invitados mezclas de auriculares independientes, cada una con su propio control de nivel por encima del conector de auriculares correspondiente. No importa el escenario, una entrevista exclusiva o un podcast de panel estridente, todos podr\u00e1n escuchar claramente lo que est\u00e1 sucediendo. <\/p>\n<p>Llamadas remotas sin eco<\/p>\n<p>Sabiendo la frecuencia con la que los podcasters colaboran con invitados remotos, Zoom ha integrado dos formas de acomodar las llamadas: conecte su tel\u00e9fono inteligente directamente al puerto telef\u00f3nico TRRS de 3,5 mm, conecte una computadora a trav\u00e9s de USB para canalizar el audio del software de conferencia de su elecci\u00f3n o haga ambas cosas al mismo tiempo para presentar a dos invitados remotos.<\/p>\n<p>Ya sea que use TRRS, USB o ambos, el PodTrak P4 evita autom\u00e1ticamente el eco y la retroalimentaci\u00f3n con su funci\u00f3n de mezcla menos incorporada; Sus invitados remotos nunca se distraer\u00e1n al escuchar su propia voz resonando en ellos.<\/p>\n<p>Admite BTA-2 para invitados remotos inal\u00e1mbricos<\/p>\n<p>Si prefiere ir inal\u00e1mbrico para las llamadas, conecte el receptor Bluetooth Zoom BTA-2 (disponible por separado) al PodTrak P4 y use su tel\u00e9fono inteligente para canalizar de forma inal\u00e1mbrica el audio de su llamada a trav\u00e9s de Bluetooth.<\/p>\n<p>Pads de sonido asignables con sonidos preestablecidos<\/p>\n<p>El PodTrack P4 est\u00e1 equipado con cuatro almohadillas de sonido junto a la pantalla LCD, perfectas para elevar la calidad de la producci\u00f3n de su podcast con m\u00fasica, jingles, anuncios, efectos de sonido o entrevistas pregrabadas que se activan con solo presionar un bot\u00f3n. Utiliza los 11 sonidos preestablecidos o sube tus propias muestras para una mayor versatilidad. Adem\u00e1s, una perilla dedicada permite ajustar f\u00e1cilmente el volumen de salida del pad de sonido.  <\/p>\n<p>Acceso instant\u00e1neo para ganar y silenciar para cada entrada<\/p>\n<p>Cada entrada de micr\u00f3fono en el PodTrak P4 tiene su propia perilla de control de ganancia dedicada. No es necesario seleccionar pistas ni presionar botones para optimizar sus niveles de grabaci\u00f3n; Simplemente gire los diales (claramente etiquetados de 0 a 10) cada vez que necesite ajustar la ganancia. Adem\u00e1s, se proporciona un bot\u00f3n de silencio para cada entrada, por lo que puede silenciar\/activar r\u00e1pidamente el sonido de los invitados sin tener que navegar por los men\u00fas.  <\/p>\n<p>Graba hasta 10 pistas simult\u00e1neamente<\/p>\n<p>Con el PodTrak P4, puede grabar simult\u00e1neamente hasta 10 pistas en una tarjeta SD: cuatro pistas de los canales de entrada, cuatro pistas de los pads de sonido y dos pistas de la mezcla est\u00e9reo general.<\/p>\n<p>Grabaci\u00f3n en tarjeta SD y funcionalidad de interfaz de audio<\/p>\n<p>Dise\u00f1ado para una portabilidad realmente conveniente, el PodTrack P4 puede grabar directamente en una tarjeta SDHC (hasta 32 GB de capacidad) o una tarjeta SDXC (hasta 512 GB de capacidad). Una tarjeta de 4 GB producir\u00e1 m\u00e1s de tres horas de tiempo de grabaci\u00f3n de 4 canales de 16 bits \/ 44,1 kHz utilizando el formato WAV compatible con BWF para una calidad de audio sin comprimir y compatibilidad de archivos est\u00e1ndar de la industria. Tenga en cuenta que las tarjetas de medios est\u00e1n disponibles por separado y las tarjetas de mayor capacidad pueden aumentar los tiempos de arranque.  <\/p>\n<p>Alternativamente, use el PodTrak P4 como una interfaz de audio USB 2.0 de 2 entradas \/ 2 salidas (a 16 bits \/ 44.1 kHz) con su computadora Mac\/Windows o dispositivo m\u00f3vil iOS\/Android (se requiere el kit de conexi\u00f3n de c\u00e1mara Apple disponible por separado para usar con dispositivos iOS).<\/p>\n<div class=\"group_K7YrQottgVsRZ4B6zAaGG\" style=\"box-sizing: inherit; margin-bottom: 2.1875rem; font-family: OpenSans, 'Segoe UI', Helvetica, Roboto, Arial, sans-serif; font-size: 16px; background-color: #ffffff;\">\n<table class=\"table_o418fscimQZEg1oshu4aX\" style=\"box-sizing: inherit; width: 881.28px;\" data-selenium=\"specsItemGroupTable\">\n<tbody style=\"box-sizing: inherit;\">\n<tr class=\"pair_3u9fnESIQrtuEu6ye_zM4k\" style=\"box-sizing: inherit; border-bottom: 0.0625rem solid #e7e7e7;\" data-selenium=\"specsItemGroupTableRow\">\n<td class=\"label_3bLwbW8ibvYc5tUwpKVQsL \" style=\"box-sizing: inherit; width: 334.72px; padding: 1.25rem 0px; border-top: none; vertical-align: baseline; font-size: 1.125rem; color: #666666; line-height: 1.375rem;\" data-selenium=\"specsItemGroupTableColumnLabel\">&nbsp;<\/td>\n<td class=\"value_11Av1yGkVYn9TX48mQeu9v \" style=\"box-sizing: inherit; vertical-align: baseline; font-size: 1.125rem; color: #666666; line-height: 1.375rem; padding: 1.25rem 0px 1.25rem 2.5rem;\" data-selenium=\"specsItemGroupTableColumnValue\">&nbsp;<\/td>\n<\/tr>\n<tr class=\"pair_3u9fnESIQrtuEu6ye_zM4k\" style=\"box-sizing: inherit; border-bottom: 0.0625rem solid #e7e7e7;\" data-selenium=\"specsItemGroupTableRow\">\n<td class=\"label_3bLwbW8ibvYc5tUwpKVQsL\" style=\"box-sizing: inherit; width: 334.72px; padding: 1.25rem 0px; border-top: none; vertical-align: baseline; font-size: 1.125rem; color: #666666; line-height: 1.375rem;\" data-selenium=\"specsItemGroupTableColumnLabel\">&nbsp;<\/td>\n<td class=\"value_11Av1yGkVYn9TX48mQeu9v\" style=\"box-sizing: inherit; vertical-align: baseline; font-size: 1.125rem; color: #666666; line-height: 1.375rem; padding: 1.25rem 0px 1.25rem 2.5rem;\" data-selenium=\"specsItemGroupTableColumnValue\">&nbsp;<\/td>\n<\/tr>\n<tr class=\"pair_3u9fnESIQrtuEu6ye_zM4k\" style=\"box-sizing: inherit; border-bottom: 0.0625rem solid #e7e7e7;\" data-selenium=\"specsItemGroupTableRow\">\n<td class=\"label_3bLwbW8ibvYc5tUwpKVQsL\" style=\"box-sizing: inherit; width: 334.72px; padding: 1.25rem 0px; border-top: none; vertical-align: baseline; font-size: 1.125rem; color: #666666; line-height: 1.375rem;\" data-selenium=\"specsItemGroupTableColumnLabel\">&nbsp;<\/td>\n<td class=\"value_11Av1yGkVYn9TX48mQeu9v\" style=\"box-sizing: inherit; vertical-align: baseline; font-size: 1.125rem; color: #666666; line-height: 1.375rem; padding: 1.25rem 0px 1.25rem 2.5rem;\" data-selenium=\"specsItemGroupTableColumnValue\">&nbsp;<\/td>\n<\/tr>\n<\/tbody>\n<\/table>\n<\/div>\n","protected":false},"excerpt":{"rendered":"<p>ZOOM PodTrak P4 Caracter\u00edsticas principales 4 entradas de micr\u00f3fono XLR de alta ganancia con +48 V 4 salidas de auriculares<\/p>\n","protected":false},"featured_media":30002,"comment_status":"closed","ping_status":"open","template":"","meta":{"_acf_changed":false},"product_brand":[2625],"product_cat":[893],"product_tag":[],"class_list":{"0":"post-74332","1":"product","2":"type-product","3":"status-publish","4":"has-post-thumbnail","6":"product_brand-zoom-es","7":"product_cat-grabadoras","9":"first","10":"onbackorder","11":"taxable","12":"shipping-taxable","13":"purchasable","14":"product-type-simple"},"bundled_by":[],"bundle_stock_status":"onbackorder","bundle_stock_quantity":null,"bundle_virtual":false,"bundle_layout":"","bundle_add_to_cart_form_location":"","bundle_editable_in_cart":false,"bundle_sold_individually_context":"","bundle_item_grouping":"","bundle_min_size":"","bundle_max_size":"","bundle_price":[],"bundled_items":[],"bundle_sell_ids":[],"acf":[],"_links":{"self":[{"href":"https:\/\/hi-techwonder.com\/es\/wp-json\/wp\/v2\/product\/74332","targetHints":{"allow":["GET"]}}],"collection":[{"href":"https:\/\/hi-techwonder.com\/es\/wp-json\/wp\/v2\/product"}],"about":[{"href":"https:\/\/hi-techwonder.com\/es\/wp-json\/wp\/v2\/types\/product"}],"replies":[{"embeddable":true,"href":"https:\/\/hi-techwonder.com\/es\/wp-json\/wp\/v2\/comments?post=74332"}],"wp:featuredmedia":[{"embeddable":true,"href":"https:\/\/hi-techwonder.com\/es\/wp-json\/wp\/v2\/media\/30002"}],"wp:attachment":[{"href":"https:\/\/hi-techwonder.com\/es\/wp-json\/wp\/v2\/media?parent=74332"}],"wp:term":[{"taxonomy":"product_brand","embeddable":true,"href":"https:\/\/hi-techwonder.com\/es\/wp-json\/wp\/v2\/product_brand?post=74332"},{"taxonomy":"product_cat","embeddable":true,"href":"https:\/\/hi-techwonder.com\/es\/wp-json\/wp\/v2\/product_cat?post=74332"},{"taxonomy":"product_tag","embeddable":true,"href":"https:\/\/hi-techwonder.com\/es\/wp-json\/wp\/v2\/product_tag?post=74332"}],"curies":[{"name":"wp","href":"https:\/\/api.w.org\/{rel}","templated":true}]}}