{"id":74337,"date":"2025-07-29T10:26:32","date_gmt":"2025-07-29T10:26:32","guid":{"rendered":"https:\/\/fv6qoy3ls0.wpdns.site\/product\/caruba-pu100-zapatillas-universales-de-liberacion-rapida-arca-swiss\/"},"modified":"2025-10-09T16:43:59","modified_gmt":"2025-10-09T16:43:59","slug":"caruba-pu100-zapatillas-universales-de-liberacion-rapida-arca-swiss","status":"publish","type":"product","link":"https:\/\/hi-techwonder.com\/es\/producto\/caruba-pu100-zapatillas-universales-de-liberacion-rapida-arca-swiss\/","title":{"rendered":"CARUBA PU100 Zapatillas Universales de Liberaci\u00f3n R\u00e1pida Arca-Swiss"},"content":{"rendered":"<p>Zapata de liberaci\u00f3n r\u00e1pida universal Caruba<\/p>\n<ul>\n<li>Placa de liberaci\u00f3n r\u00e1pida universal<\/li>\n<li>Equipado con rosca de 1\/4&#8243; y material antideslizante en la parte superior<\/li>\n<li>Tornillo con un pr\u00e1ctico anillo en D<\/li>\n<li>100x38x10mm<\/li>\n<\/ul>\n<p>La placa del tr\u00edpode Caruba se monta en la parte inferior del cuerpo de la c\u00e1mara mediante uno o m\u00e1s tornillos (suministrados). La placa permite un montaje o intercambio r\u00e1pido de la c\u00e1mara en un tr\u00edpode. <\/p>\n","protected":false},"excerpt":{"rendered":"<p>Zapata de liberaci\u00f3n r\u00e1pida universal Caruba Placa de liberaci\u00f3n r\u00e1pida universal Equipado con rosca de 1\/4&#8243; y material antideslizante en<\/p>\n","protected":false},"featured_media":63363,"comment_status":"closed","ping_status":"open","template":"","meta":{"_acf_changed":false},"product_brand":[2546],"product_cat":[1087],"product_tag":[],"class_list":{"0":"post-74337","1":"product","2":"type-product","3":"status-publish","4":"has-post-thumbnail","6":"product_brand-caruba-es","7":"product_cat-zapatas-y-tornillos","9":"first","10":"instock","11":"taxable","12":"shipping-taxable","13":"purchasable","14":"product-type-simple"},"bundled_by":[],"bundle_stock_status":"instock","bundle_stock_quantity":2,"bundle_virtual":false,"bundle_layout":"","bundle_add_to_cart_form_location":"","bundle_editable_in_cart":false,"bundle_sold_individually_context":"","bundle_item_grouping":"","bundle_min_size":"","bundle_max_size":"","bundle_price":[],"bundled_items":[],"bundle_sell_ids":[],"acf":[],"_links":{"self":[{"href":"https:\/\/hi-techwonder.com\/es\/wp-json\/wp\/v2\/product\/74337","targetHints":{"allow":["GET"]}}],"collection":[{"href":"https:\/\/hi-techwonder.com\/es\/wp-json\/wp\/v2\/product"}],"about":[{"href":"https:\/\/hi-techwonder.com\/es\/wp-json\/wp\/v2\/types\/product"}],"replies":[{"embeddable":true,"href":"https:\/\/hi-techwonder.com\/es\/wp-json\/wp\/v2\/comments?post=74337"}],"wp:featuredmedia":[{"embeddable":true,"href":"https:\/\/hi-techwonder.com\/es\/wp-json\/wp\/v2\/media\/63363"}],"wp:attachment":[{"href":"https:\/\/hi-techwonder.com\/es\/wp-json\/wp\/v2\/media?parent=74337"}],"wp:term":[{"taxonomy":"product_brand","embeddable":true,"href":"https:\/\/hi-techwonder.com\/es\/wp-json\/wp\/v2\/product_brand?post=74337"},{"taxonomy":"product_cat","embeddable":true,"href":"https:\/\/hi-techwonder.com\/es\/wp-json\/wp\/v2\/product_cat?post=74337"},{"taxonomy":"product_tag","embeddable":true,"href":"https:\/\/hi-techwonder.com\/es\/wp-json\/wp\/v2\/product_tag?post=74337"}],"curies":[{"name":"wp","href":"https:\/\/api.w.org\/{rel}","templated":true}]}}