{"id":74338,"date":"2025-07-29T10:26:50","date_gmt":"2025-07-29T10:26:50","guid":{"rendered":"https:\/\/fv6qoy3ls0.wpdns.site\/product\/caruba-pu50-zapatillas-rapidas-universales-arca-swiss\/"},"modified":"2026-01-28T17:17:41","modified_gmt":"2026-01-28T17:17:41","slug":"caruba-pu50-zapatillas-rapidas-universales-arca-swiss","status":"publish","type":"product","link":"https:\/\/hi-techwonder.com\/es\/producto\/caruba-pu50-zapatillas-rapidas-universales-arca-swiss\/","title":{"rendered":"CARUBA PU50 Zapatillas R\u00e1pidas Universales Arca-Swiss"},"content":{"rendered":"<p><strong>CARUBA PU50 Zapatillas R\u00e1pidas Universales Arca-Swiss<\/strong><\/p>\n<p><strong>Funciones:<\/strong><\/p>\n<ul>\n<li>Placa universal de liberaci\u00f3n r\u00e1pida Sistema Quick-Release Arca-Swiss<\/li>\n<li>Equipado con un tornillo de rosca de 1\/4&#8243;<\/li>\n<li>Material antideslizante en la parte superior<\/li>\n<li>Dimensiones 50x40x10mm<\/li>\n<\/ul>\n<p>La zapata del tr\u00edpode Caruba se monta en la parte inferior del cuerpo de la c\u00e1mara mediante uno o m\u00e1s tornillos (suministrados). La placa permite un montaje o cambio r\u00e1pido de la c\u00e1mara en un tr\u00edpode. <\/p>\n","protected":false},"excerpt":{"rendered":"<p>CARUBA PU50 Zapatillas R\u00e1pidas Universales Arca-Swiss Funciones: Placa universal de liberaci\u00f3n r\u00e1pida Sistema Quick-Release Arca-Swiss Equipado con un tornillo de<\/p>\n","protected":false},"featured_media":63426,"comment_status":"closed","ping_status":"open","template":"","meta":{"_acf_changed":false},"product_brand":[2546],"product_cat":[1087],"product_tag":[],"class_list":{"0":"post-74338","1":"product","2":"type-product","3":"status-publish","4":"has-post-thumbnail","6":"product_brand-caruba-es","7":"product_cat-zapatas-y-tornillos","9":"first","10":"instock","11":"taxable","12":"shipping-taxable","13":"purchasable","14":"product-type-simple"},"bundled_by":[],"bundle_stock_status":"instock","bundle_stock_quantity":1,"bundle_virtual":false,"bundle_layout":"","bundle_add_to_cart_form_location":"","bundle_editable_in_cart":false,"bundle_sold_individually_context":"","bundle_item_grouping":"","bundle_min_size":"","bundle_max_size":"","bundle_price":[],"bundled_items":[],"bundle_sell_ids":[],"acf":[],"_links":{"self":[{"href":"https:\/\/hi-techwonder.com\/es\/wp-json\/wp\/v2\/product\/74338","targetHints":{"allow":["GET"]}}],"collection":[{"href":"https:\/\/hi-techwonder.com\/es\/wp-json\/wp\/v2\/product"}],"about":[{"href":"https:\/\/hi-techwonder.com\/es\/wp-json\/wp\/v2\/types\/product"}],"replies":[{"embeddable":true,"href":"https:\/\/hi-techwonder.com\/es\/wp-json\/wp\/v2\/comments?post=74338"}],"wp:featuredmedia":[{"embeddable":true,"href":"https:\/\/hi-techwonder.com\/es\/wp-json\/wp\/v2\/media\/63426"}],"wp:attachment":[{"href":"https:\/\/hi-techwonder.com\/es\/wp-json\/wp\/v2\/media?parent=74338"}],"wp:term":[{"taxonomy":"product_brand","embeddable":true,"href":"https:\/\/hi-techwonder.com\/es\/wp-json\/wp\/v2\/product_brand?post=74338"},{"taxonomy":"product_cat","embeddable":true,"href":"https:\/\/hi-techwonder.com\/es\/wp-json\/wp\/v2\/product_cat?post=74338"},{"taxonomy":"product_tag","embeddable":true,"href":"https:\/\/hi-techwonder.com\/es\/wp-json\/wp\/v2\/product_tag?post=74338"}],"curies":[{"name":"wp","href":"https:\/\/api.w.org\/{rel}","templated":true}]}}