{"id":74344,"date":"2025-07-29T10:28:46","date_gmt":"2025-07-29T10:28:46","guid":{"rendered":"https:\/\/fv6qoy3ls0.wpdns.site\/product\/adaptador-de-digiscope-para-smartphone-carson-is-100\/"},"modified":"2026-01-31T01:33:18","modified_gmt":"2026-01-31T01:33:18","slug":"carson-adaptador-de-digiscope-para-smartphone-carson-is-100","status":"publish","type":"product","link":"https:\/\/hi-techwonder.com\/es\/producto\/carson-adaptador-de-digiscope-para-smartphone-carson-is-100\/","title":{"rendered":"Adaptador de Digiscope para Smartphone CARSON IS-100"},"content":{"rendered":"<p><strong>Adaptador \u00f3ptico universal para tel\u00e9fonos inteligentes para:<\/strong><\/p>\n<ul>\n<li>Prism\u00e1ticos<\/li>\n<li>Monocular<\/li>\n<li>Telescopio<\/li>\n<li>Microscopio<\/li>\n<\/ul>\n<p>\n<object><\/object><\/p>\n","protected":false},"excerpt":{"rendered":"<p>Adaptador \u00f3ptico universal para tel\u00e9fonos inteligentes para: Prism\u00e1ticos Monocular Telescopio Microscopio<\/p>\n","protected":false},"featured_media":63916,"comment_status":"closed","ping_status":"open","template":"","meta":{"_acf_changed":false},"product_brand":[2705],"product_cat":[1085],"product_tag":[],"class_list":{"0":"post-74344","1":"product","2":"type-product","3":"status-publish","4":"has-post-thumbnail","6":"product_brand-carson-es","7":"product_cat-para-smartphones-es","9":"first","10":"instock","11":"taxable","12":"shipping-taxable","13":"purchasable","14":"product-type-simple"},"bundled_by":[],"bundle_stock_status":"instock","bundle_stock_quantity":1,"bundle_virtual":false,"bundle_layout":"","bundle_add_to_cart_form_location":"","bundle_editable_in_cart":false,"bundle_sold_individually_context":"","bundle_item_grouping":"","bundle_min_size":"","bundle_max_size":"","bundle_price":[],"bundled_items":[],"bundle_sell_ids":[],"acf":[],"_links":{"self":[{"href":"https:\/\/hi-techwonder.com\/es\/wp-json\/wp\/v2\/product\/74344","targetHints":{"allow":["GET"]}}],"collection":[{"href":"https:\/\/hi-techwonder.com\/es\/wp-json\/wp\/v2\/product"}],"about":[{"href":"https:\/\/hi-techwonder.com\/es\/wp-json\/wp\/v2\/types\/product"}],"replies":[{"embeddable":true,"href":"https:\/\/hi-techwonder.com\/es\/wp-json\/wp\/v2\/comments?post=74344"}],"wp:featuredmedia":[{"embeddable":true,"href":"https:\/\/hi-techwonder.com\/es\/wp-json\/wp\/v2\/media\/63916"}],"wp:attachment":[{"href":"https:\/\/hi-techwonder.com\/es\/wp-json\/wp\/v2\/media?parent=74344"}],"wp:term":[{"taxonomy":"product_brand","embeddable":true,"href":"https:\/\/hi-techwonder.com\/es\/wp-json\/wp\/v2\/product_brand?post=74344"},{"taxonomy":"product_cat","embeddable":true,"href":"https:\/\/hi-techwonder.com\/es\/wp-json\/wp\/v2\/product_cat?post=74344"},{"taxonomy":"product_tag","embeddable":true,"href":"https:\/\/hi-techwonder.com\/es\/wp-json\/wp\/v2\/product_tag?post=74344"}],"curies":[{"name":"wp","href":"https:\/\/api.w.org\/{rel}","templated":true}]}}