{"id":74365,"date":"2025-07-29T08:54:35","date_gmt":"2025-07-29T08:54:35","guid":{"rendered":"https:\/\/fv6qoy3ls0.wpdns.site\/product\/soplador-caruba-con-filtro-antipolvo\/"},"modified":"2026-02-15T11:15:10","modified_gmt":"2026-02-15T11:15:10","slug":"caruba-soplador-caruba-con-filtro-antipolvo","status":"publish","type":"product","link":"https:\/\/hi-techwonder.com\/es\/producto\/caruba-soplador-caruba-con-filtro-antipolvo\/","title":{"rendered":"Soplador CARUBA con filtro antipolvo"},"content":{"rendered":"<p><span style=\"font-size: small\">Este soplador con filtro de polvo es ideal para eliminar la suciedad y el polvo de las lentes, la c\u00e1mara, la pantalla LCD y el sensor, se caracteriza por un fuerte soplado y un gran volumen de salida de aire.<br \/>Hecho de silicona suave, es c\u00f3modo de sostener y f\u00e1cil de usar.<br \/>La boquilla de soplado largo puede limpiar el polvo en partes profundas, y la tapa de la boquilla de silicona suave puede evitar eficazmente rayar accidentalmente las superficies.<br \/>Se configuran dos v\u00e1lvulas de aire unidireccionales tanto en la entrada como en la salida de aire para garantizar que el flujo de aire en un lado y evitar que el flujo de aire fluya hacia atr\u00e1s, asegurando solo una salida de aire limpio.<br \/>El filtro en la entrada de aire est\u00e1 equipado con una tela filtrante de calidad, que puede filtrar part\u00edculas de polvo con un di\u00e1metro de m\u00e1s de 21 \u03bcm.<br \/>El filtro tambi\u00e9n se puede utilizar como base para la colocaci\u00f3n de sopladores verticales.<br \/>Adem\u00e1s, el paquete incluye tres filtros adicionales y una herramienta para instalarlos.<\/p>\n<p><strong>Contenido de la caja:<\/strong><br \/><\/span><\/p>\n<ul>\n<li><span style=\"font-size: small\">1x Soplador con filtro antipolvo<\/span><\/li>\n<li><span style=\"font-size: small\">3x Filtros<\/span><\/li>\n<\/ul>\n<p><span style=\"font-size: small\">&nbsp;<\/span><\/p>\n<p><span style=\"font-size: small\">&nbsp;<\/span><\/p>\n","protected":false},"excerpt":{"rendered":"<p>Este soplador con filtro de polvo es ideal para eliminar la suciedad y el polvo de las lentes, la c\u00e1mara,<\/p>\n","protected":false},"featured_media":42611,"comment_status":"closed","ping_status":"open","template":"","meta":{"_acf_changed":false},"product_brand":[2546],"product_cat":[920],"product_tag":[],"class_list":{"0":"post-74365","1":"product","2":"type-product","3":"status-publish","4":"has-post-thumbnail","6":"product_brand-caruba-es","7":"product_cat-limpieza","9":"first","10":"instock","11":"taxable","12":"shipping-taxable","13":"purchasable","14":"product-type-simple"},"bundled_by":[],"bundle_stock_status":"instock","bundle_stock_quantity":3,"bundle_virtual":false,"bundle_layout":"","bundle_add_to_cart_form_location":"","bundle_editable_in_cart":false,"bundle_sold_individually_context":"","bundle_item_grouping":"","bundle_min_size":"","bundle_max_size":"","bundle_price":[],"bundled_items":[],"bundle_sell_ids":[],"acf":[],"_links":{"self":[{"href":"https:\/\/hi-techwonder.com\/es\/wp-json\/wp\/v2\/product\/74365","targetHints":{"allow":["GET"]}}],"collection":[{"href":"https:\/\/hi-techwonder.com\/es\/wp-json\/wp\/v2\/product"}],"about":[{"href":"https:\/\/hi-techwonder.com\/es\/wp-json\/wp\/v2\/types\/product"}],"replies":[{"embeddable":true,"href":"https:\/\/hi-techwonder.com\/es\/wp-json\/wp\/v2\/comments?post=74365"}],"wp:featuredmedia":[{"embeddable":true,"href":"https:\/\/hi-techwonder.com\/es\/wp-json\/wp\/v2\/media\/42611"}],"wp:attachment":[{"href":"https:\/\/hi-techwonder.com\/es\/wp-json\/wp\/v2\/media?parent=74365"}],"wp:term":[{"taxonomy":"product_brand","embeddable":true,"href":"https:\/\/hi-techwonder.com\/es\/wp-json\/wp\/v2\/product_brand?post=74365"},{"taxonomy":"product_cat","embeddable":true,"href":"https:\/\/hi-techwonder.com\/es\/wp-json\/wp\/v2\/product_cat?post=74365"},{"taxonomy":"product_tag","embeddable":true,"href":"https:\/\/hi-techwonder.com\/es\/wp-json\/wp\/v2\/product_tag?post=74365"}],"curies":[{"name":"wp","href":"https:\/\/api.w.org\/{rel}","templated":true}]}}