{"id":74367,"date":"2025-07-29T10:29:03","date_gmt":"2025-07-29T10:29:03","guid":{"rendered":"https:\/\/fv6qoy3ls0.wpdns.site\/product\/caruba-shp-1-selfie-stick-plug-play\/"},"modified":"2025-07-29T10:29:03","modified_gmt":"2025-07-29T10:29:03","slug":"caruba-shp-1-selfie-stick-plug-play","status":"publish","type":"product","link":"https:\/\/hi-techwonder.com\/es\/producto\/caruba-shp-1-selfie-stick-plug-play\/","title":{"rendered":"CARUBA SHP-1 Selfie Stick Plug &amp; Play"},"content":{"rendered":"<p>El muy pr\u00e1ctico Caruba Plug &amp; Play Selfie Stick es un tr\u00edpode de mano adecuado para tel\u00e9fonos inteligentes con un ancho de 55 a 80 mil\u00edmetros. La longitud del palo selfie es ajustable de 18,5 a 80 cent\u00edmetros, y el soporte del tel\u00e9fono inteligente se puede inclinar 270 grados hacia arriba y hacia abajo. Cuando se retrae, el tr\u00edpode de mano mide solo 18,5 cent\u00edmetros de largo, lo que facilita su transporte a cualquier lugar. Conecta el cable a la toma de auriculares de tu smartphone y estar\u00e1s listo para tomar autorretratos hermosos y creativos, fotos grupales y m\u00e1s.   <\/p>\n<p>Funciones<\/p>\n<ul>\n<li>Ideal para tomar autorretratos, fotos grupales, etc.<\/li>\n<li>Longitud ajustable de 18,5 a 80 cent\u00edmetros<\/li>\n<\/ul>\n<p>Plug-and-play, sin necesidad de pilas<\/p>\n<ul>\n<li>Adecuado para tel\u00e9fonos inteligentes con un ancho de 55 a 80 mil\u00edmetros<\/li>\n<li>Se puede inclinar 270 grados hacia arriba y hacia abajo<\/li>\n<li>Se conecta a la toma de auriculares de 3,5 mm de un smartphone<\/li>\n<li>Compatible con tel\u00e9fonos inteligentes con sistema operativo Android 4.3 o superior<\/li>\n<li>Compatible con iPhones con iOS 5.1 o superior<\/li>\n<li>Correa antideslizante y correa pr\u00e1ctica<\/li>\n<\/ul>\n","protected":false},"excerpt":{"rendered":"<p>El muy pr\u00e1ctico Caruba Plug &amp; Play Selfie Stick es un tr\u00edpode de mano adecuado para tel\u00e9fonos inteligentes con un<\/p>\n","protected":false},"featured_media":63942,"comment_status":"closed","ping_status":"open","template":"","meta":{"_acf_changed":false},"product_brand":[2546],"product_cat":[1085],"product_tag":[],"class_list":{"0":"post-74367","1":"product","2":"type-product","3":"status-publish","4":"has-post-thumbnail","6":"product_brand-caruba-es","7":"product_cat-para-smartphones-es","9":"first","10":"instock","11":"taxable","12":"shipping-taxable","13":"purchasable","14":"product-type-simple"},"bundled_by":[],"bundle_stock_status":"instock","bundle_stock_quantity":2,"bundle_virtual":false,"bundle_layout":"","bundle_add_to_cart_form_location":"","bundle_editable_in_cart":false,"bundle_sold_individually_context":"","bundle_item_grouping":"","bundle_min_size":"","bundle_max_size":"","bundle_price":[],"bundled_items":[],"bundle_sell_ids":[],"acf":[],"_links":{"self":[{"href":"https:\/\/hi-techwonder.com\/es\/wp-json\/wp\/v2\/product\/74367","targetHints":{"allow":["GET"]}}],"collection":[{"href":"https:\/\/hi-techwonder.com\/es\/wp-json\/wp\/v2\/product"}],"about":[{"href":"https:\/\/hi-techwonder.com\/es\/wp-json\/wp\/v2\/types\/product"}],"replies":[{"embeddable":true,"href":"https:\/\/hi-techwonder.com\/es\/wp-json\/wp\/v2\/comments?post=74367"}],"wp:featuredmedia":[{"embeddable":true,"href":"https:\/\/hi-techwonder.com\/es\/wp-json\/wp\/v2\/media\/63942"}],"wp:attachment":[{"href":"https:\/\/hi-techwonder.com\/es\/wp-json\/wp\/v2\/media?parent=74367"}],"wp:term":[{"taxonomy":"product_brand","embeddable":true,"href":"https:\/\/hi-techwonder.com\/es\/wp-json\/wp\/v2\/product_brand?post=74367"},{"taxonomy":"product_cat","embeddable":true,"href":"https:\/\/hi-techwonder.com\/es\/wp-json\/wp\/v2\/product_cat?post=74367"},{"taxonomy":"product_tag","embeddable":true,"href":"https:\/\/hi-techwonder.com\/es\/wp-json\/wp\/v2\/product_tag?post=74367"}],"curies":[{"name":"wp","href":"https:\/\/api.w.org\/{rel}","templated":true}]}}