{"id":74368,"date":"2025-07-29T10:18:17","date_gmt":"2025-07-29T10:18:17","guid":{"rendered":"https:\/\/fv6qoy3ls0.wpdns.site\/product\/caruba-caja-de-luz-plegable-para-flash-compacto-80cm\/"},"modified":"2025-11-12T18:53:58","modified_gmt":"2025-11-12T18:53:58","slug":"caruba-caja-de-luz-plegable-para-flash-compacto-80cm","status":"publish","type":"product","link":"https:\/\/hi-techwonder.com\/es\/producto\/caruba-caja-de-luz-plegable-para-flash-compacto-80cm\/","title":{"rendered":"CARUBA Caja de luz plegable para flash compacto 80cm"},"content":{"rendered":"<p><span style=\"font-size: small;\">La caja de luz en general es ideal para hacer que la luz sea suave y difusa. Sus sombras son igualmente suaves, lo que permite una gran riqueza de detalles en el sujeto.<br \/>Debido a su forma octogonal puede lograr un reflejo circular en los ojos, mejor que con una caja de luz rectangular. Es f\u00e1cil de montar y usar y tambi\u00e9n El difusor exterior es f\u00e1cil de quitar, a trav\u00e9s de un cierre de Velcro.<br \/>Para usarlo, necesita un soporte de flash compacto con un orificio para un paraguas, que se vende por separado.  <br \/><\/span><\/p>\n<p><span style=\"font-size: small;\"><strong>Qu\u00e9 hay en la caja:<\/strong><br \/><\/span><\/p>\n<ul>\n<li><span style=\"font-size: small;\">1x CARUBA Softbox plegable 80cm para flash compacto<\/span><\/li>\n<li><span style=\"font-size: small;\">1x Difusor<\/span><\/li>\n<li><span style=\"font-size: small;\">1x bolsa de transporte<\/span><\/li>\n<\/ul>\n","protected":false},"excerpt":{"rendered":"<p>La caja de luz en general es ideal para hacer que la luz sea suave y difusa. Sus sombras son<\/p>\n","protected":false},"featured_media":61437,"comment_status":"closed","ping_status":"open","template":"","meta":{"_acf_changed":false},"product_brand":[2546],"product_cat":[1015],"product_tag":[],"class_list":{"0":"post-74368","1":"product","2":"type-product","3":"status-publish","4":"has-post-thumbnail","6":"product_brand-caruba-es","7":"product_cat-paraguas-softbox","9":"first","10":"instock","11":"taxable","12":"shipping-taxable","13":"purchasable","14":"product-type-simple"},"bundled_by":[],"bundle_stock_status":"instock","bundle_stock_quantity":1,"bundle_virtual":false,"bundle_layout":"","bundle_add_to_cart_form_location":"","bundle_editable_in_cart":false,"bundle_sold_individually_context":"","bundle_item_grouping":"","bundle_min_size":"","bundle_max_size":"","bundle_price":[],"bundled_items":[],"bundle_sell_ids":[],"acf":[],"_links":{"self":[{"href":"https:\/\/hi-techwonder.com\/es\/wp-json\/wp\/v2\/product\/74368","targetHints":{"allow":["GET"]}}],"collection":[{"href":"https:\/\/hi-techwonder.com\/es\/wp-json\/wp\/v2\/product"}],"about":[{"href":"https:\/\/hi-techwonder.com\/es\/wp-json\/wp\/v2\/types\/product"}],"replies":[{"embeddable":true,"href":"https:\/\/hi-techwonder.com\/es\/wp-json\/wp\/v2\/comments?post=74368"}],"wp:featuredmedia":[{"embeddable":true,"href":"https:\/\/hi-techwonder.com\/es\/wp-json\/wp\/v2\/media\/61437"}],"wp:attachment":[{"href":"https:\/\/hi-techwonder.com\/es\/wp-json\/wp\/v2\/media?parent=74368"}],"wp:term":[{"taxonomy":"product_brand","embeddable":true,"href":"https:\/\/hi-techwonder.com\/es\/wp-json\/wp\/v2\/product_brand?post=74368"},{"taxonomy":"product_cat","embeddable":true,"href":"https:\/\/hi-techwonder.com\/es\/wp-json\/wp\/v2\/product_cat?post=74368"},{"taxonomy":"product_tag","embeddable":true,"href":"https:\/\/hi-techwonder.com\/es\/wp-json\/wp\/v2\/product_tag?post=74368"}],"curies":[{"name":"wp","href":"https:\/\/api.w.org\/{rel}","templated":true}]}}