{"id":74376,"date":"2025-07-29T10:26:50","date_gmt":"2025-07-29T10:26:50","guid":{"rendered":"https:\/\/fv6qoy3ls0.wpdns.site\/product\/zapata-caruba-similar-a-manfrotto-501pl\/"},"modified":"2026-04-15T17:54:36","modified_gmt":"2026-04-15T16:54:36","slug":"caruba-zapata-caruba-similar-a-manfrotto-501pl","status":"publish","type":"product","link":"https:\/\/hi-techwonder.com\/es\/producto\/caruba-zapata-caruba-similar-a-manfrotto-501pl\/","title":{"rendered":"Zapata CARUBA similar a Manfrotto 501PL"},"content":{"rendered":"<p style=\"margin-top: 0px;margin-bottom: 1rem;background-color: #ffffff\"><span><span style=\"vertical-align: inherit\"><span style=\"vertical-align: inherit\"><span style=\"color: #818181;font-family: Roboto, sans-serif\"><span style=\"font-size: 15px\"><strong>Zapata Caruba similar a Manfrotto 501PL<\/strong><\/span><\/span><\/span><\/span><\/span><\/p>\n<p style=\"margin-top: 0px;margin-bottom: 1rem;background-color: #ffffff\"><span style=\"vertical-align: inherit\"><span style=\"vertical-align: inherit\"><span style=\"color: #818181;font-family: Roboto, sans-serif\"><span style=\"font-size: 15px\">La zapata de tr\u00edpode Caruba Manfrotto 501PL es una versi\u00f3n asequible de la Manfrotto 501PL. \u00datil para reemplazar su placa de liberaci\u00f3n r\u00e1pida \u00abvieja\u00bb o si desea montar r\u00e1pidamente otra c\u00e1mara en su tr\u00edpode. La placa tiene dos tiras de goma en la parte superior para una sujeci\u00f3n firme y antideslizante. Las correas tambi\u00e9n brindan protecci\u00f3n instant\u00e1nea contra ara\u00f1azos en la parte inferior de la c\u00e1mara. La placa de liberaci\u00f3n r\u00e1pida viene con un tornillo de montaje de 3\/8&#8243; y 1\/4&#8243;.    <\/span><\/span><\/span><\/span><\/p>\n<h3 style=\"margin-top: 0px;margin-bottom: 0.5rem;font-family: Roboto, sans-serif;font-weight: 500;line-height: 1.2;color: #777777;font-size: 1.25rem;background-color: #ffffff\"><span style=\"vertical-align: inherit\">Funciones<\/span><\/h3>\n<ul style=\"margin-bottom: 1rem;margin-top: 0px;color: #777777;font-family: Roboto, sans-serif;font-size: 15px;background-color: #ffffff\">\n<li>Tornillos de montaje de 3\/8&#8243; y 1\/4&#8243; incluidos<\/li>\n<li>Dimensiones 90 x 50,5 x 11 mm<\/li>\n<li>Hecho de aluminio resistente y liviano<\/li>\n<\/ul>\n<h3 style=\"margin-top: 0px;margin-bottom: 0.5rem;font-family: Roboto, sans-serif;font-weight: 500;line-height: 1.2;color: #777777;font-size: 1.25rem;background-color: #ffffff\"><span style=\"vertical-align: inherit\">En la caja<\/span><\/h3>\n<ul style=\"margin-bottom: 1rem;margin-top: 0px;color: #777777;font-family: Roboto, sans-serif;font-size: 15px;background-color: #ffffff\">\n<li>1 x Placa de tr\u00edpode Caruba Manfrotto 501PL<\/li>\n<li>1 x Tornillo de montaje de 3\/8&#8243;<\/li>\n<li>1 x tornillo de montaje de 1\/4&#8243;<\/li>\n<\/ul>\n","protected":false},"excerpt":{"rendered":"<p>Zapata Caruba similar a Manfrotto 501PL La zapata de tr\u00edpode Caruba Manfrotto 501PL es una versi\u00f3n asequible de la Manfrotto<\/p>\n","protected":false},"featured_media":63440,"comment_status":"closed","ping_status":"open","template":"","meta":{"_acf_changed":false},"product_brand":[2546],"product_cat":[1087],"product_tag":[],"class_list":{"0":"post-74376","1":"product","2":"type-product","3":"status-publish","4":"has-post-thumbnail","6":"product_brand-caruba-es","7":"product_cat-zapatas-y-tornillos","9":"first","10":"instock","11":"taxable","12":"shipping-taxable","13":"purchasable","14":"product-type-simple"},"bundled_by":[],"bundle_stock_status":"instock","bundle_stock_quantity":1,"bundle_virtual":false,"bundle_layout":"","bundle_add_to_cart_form_location":"","bundle_editable_in_cart":false,"bundle_sold_individually_context":"","bundle_item_grouping":"","bundle_min_size":"","bundle_max_size":"","bundle_price":[],"bundled_items":[],"bundle_sell_ids":[],"acf":[],"_links":{"self":[{"href":"https:\/\/hi-techwonder.com\/es\/wp-json\/wp\/v2\/product\/74376","targetHints":{"allow":["GET"]}}],"collection":[{"href":"https:\/\/hi-techwonder.com\/es\/wp-json\/wp\/v2\/product"}],"about":[{"href":"https:\/\/hi-techwonder.com\/es\/wp-json\/wp\/v2\/types\/product"}],"replies":[{"embeddable":true,"href":"https:\/\/hi-techwonder.com\/es\/wp-json\/wp\/v2\/comments?post=74376"}],"wp:featuredmedia":[{"embeddable":true,"href":"https:\/\/hi-techwonder.com\/es\/wp-json\/wp\/v2\/media\/63440"}],"wp:attachment":[{"href":"https:\/\/hi-techwonder.com\/es\/wp-json\/wp\/v2\/media?parent=74376"}],"wp:term":[{"taxonomy":"product_brand","embeddable":true,"href":"https:\/\/hi-techwonder.com\/es\/wp-json\/wp\/v2\/product_brand?post=74376"},{"taxonomy":"product_cat","embeddable":true,"href":"https:\/\/hi-techwonder.com\/es\/wp-json\/wp\/v2\/product_cat?post=74376"},{"taxonomy":"product_tag","embeddable":true,"href":"https:\/\/hi-techwonder.com\/es\/wp-json\/wp\/v2\/product_tag?post=74376"}],"curies":[{"name":"wp","href":"https:\/\/api.w.org\/{rel}","templated":true}]}}