{"id":74379,"date":"2025-07-29T00:04:40","date_gmt":"2025-07-29T00:04:40","guid":{"rendered":"https:\/\/fv6qoy3ls0.wpdns.site\/product\/caruba-bolsa-para-4-tripodes-pro-s-80cm\/"},"modified":"2026-05-06T11:18:11","modified_gmt":"2026-05-06T10:18:11","slug":"caruba-bolsa-para-4-tripodes-pro-s-80cm","status":"publish","type":"product","link":"https:\/\/hi-techwonder.com\/es\/producto\/caruba-bolsa-para-4-tripodes-pro-s-80cm\/","title":{"rendered":"CARUBA Bolsa para 4 tr\u00edpodes PRO S 80cm"},"content":{"rendered":"<p><span style=\"font-size: small;\">La robusta bolsa para tr\u00edpode de Caruba es ligera y adecuada para tr\u00edpodes con una longitud m\u00e1xima de 80 cent\u00edmetros.<\/p>\n<p>Cuenta con cremalleras de alta calidad y cuenta con un divisor en la parte trasera para guardar accesorios.<\/p>\n<p>La bolsa est\u00e1 hecha de nailon y protege su tr\u00edpode de ara\u00f1azos, polvo, suciedad y da\u00f1os.<\/p>\n<p>La bolsa tiene dos correas que se pueden unir entre s\u00ed con Velcro. Adem\u00e1s, el bolso tiene una correa para el hombro que tambi\u00e9n puedes quitar. <\/p>\n<p><strong>Contenido de la caja:<\/strong><br \/><\/span><\/p>\n<ul>\n<li><span style=\"font-size: small;\">1x Bolsa para 4 tr\u00edpodes PRO S 80cm<\/span><\/li>\n<\/ul>\n<div><span style=\"font-size: small;\">&nbsp;<\/span><\/div>\n<div>\n<table style=\"border-collapse: collapse; border-spacing: 0px; color: #434343; font-size: 14px; font-style: normal; font-variant-ligatures: normal; font-variant-caps: normal; font-weight: 400; letter-spacing: normal; text-align: start; text-indent: 0px; text-transform: none; white-space: normal; word-spacing: 0px; -webkit-text-stroke-width: 0px; background-color: #ffffff; text-decoration-style: initial; text-decoration-color: initial; width: 700px;\" border=\"0\">\n<tbody>\n<tr style=\"border: 1px solid #b8b8b8;\">\n<td style=\"border: 1px solid #b8b8b8; padding: 5px;\" width=\"336\"><span style=\"font-size: small;\">Dimensiones:<\/span><\/td>\n<td style=\"border: 1px solid #b8b8b8; padding: 5px;\">\n<p style=\"font-style: normal; font-weight: normal; margin: 0px; padding: 6px 0px;\"><span style=\"font-size: small;\"><span lang=\"pt\">Interiores: 80x24x24cm<\/span><\/span><\/p>\n<p style=\"font-style: normal; font-weight: normal; margin: 0px; padding: 6px 0px;\"><span style=\"font-size: small;\"><span lang=\"pt\">Exterior: 86x26x26cm<\/span><\/span><\/p>\n<\/td>\n<\/tr>\n<tr style=\"border: 1px solid #b8b8b8;\">\n<td style=\"border: 1px solid #b8b8b8; padding: 5px;\" width=\"336\"><span style=\"font-size: small;\">Tipo de cierre:<\/span><\/td>\n<td style=\"border: 1px solid #b8b8b8; padding: 5px;\"><span style=\"font-size: small;\"><span id=\"result_box3\" lang=\"pt\">Cremallera<\/span><\/span><\/td>\n<\/tr>\n<tr style=\"border: 1px solid #b8b8b8;\">\n<td style=\"border: 1px solid #b8b8b8; padding: 5px;\" width=\"336\"><span style=\"font-size: small;\">Color:<\/span><\/td>\n<td style=\"border: 1px solid #b8b8b8; padding: 5px;\"><span style=\"font-size: small;\">Negro<\/span><\/td>\n<\/tr>\n<tr style=\"border: 1px solid #b8b8b8;\">\n<td style=\"border: 1px solid #b8b8b8; padding: 5px;\" width=\"336\"><span style=\"font-size: small;\">Material:<br \/><\/span><\/td>\n<td style=\"border: 1px solid #b8b8b8; padding: 5px;\"><span style=\"font-size: small;\"><span id=\"result_box\" lang=\"pt\">Nailon <\/span><\/span><\/td>\n<\/tr>\n<\/tbody>\n<\/table>\n<\/div>\n","protected":false},"excerpt":{"rendered":"<p>La robusta bolsa para tr\u00edpode de Caruba es ligera y adecuada para tr\u00edpodes con una longitud m\u00e1xima de 80 cent\u00edmetros.<\/p>\n","protected":false},"featured_media":33071,"comment_status":"closed","ping_status":"open","template":"","meta":{"_acf_changed":false},"product_brand":[2546],"product_cat":[916],"product_tag":[],"class_list":{"0":"post-74379","1":"product","2":"type-product","3":"status-publish","4":"has-post-thumbnail","6":"product_brand-caruba-es","7":"product_cat-para-tripodes","9":"first","10":"instock","11":"taxable","12":"shipping-taxable","13":"purchasable","14":"product-type-simple"},"bundled_by":[],"bundle_stock_status":"instock","bundle_stock_quantity":1,"bundle_virtual":false,"bundle_layout":"","bundle_add_to_cart_form_location":"","bundle_editable_in_cart":false,"bundle_sold_individually_context":"","bundle_item_grouping":"","bundle_min_size":"","bundle_max_size":"","bundle_price":[],"bundled_items":[],"bundle_sell_ids":[],"acf":[],"_links":{"self":[{"href":"https:\/\/hi-techwonder.com\/es\/wp-json\/wp\/v2\/product\/74379","targetHints":{"allow":["GET"]}}],"collection":[{"href":"https:\/\/hi-techwonder.com\/es\/wp-json\/wp\/v2\/product"}],"about":[{"href":"https:\/\/hi-techwonder.com\/es\/wp-json\/wp\/v2\/types\/product"}],"replies":[{"embeddable":true,"href":"https:\/\/hi-techwonder.com\/es\/wp-json\/wp\/v2\/comments?post=74379"}],"wp:featuredmedia":[{"embeddable":true,"href":"https:\/\/hi-techwonder.com\/es\/wp-json\/wp\/v2\/media\/33071"}],"wp:attachment":[{"href":"https:\/\/hi-techwonder.com\/es\/wp-json\/wp\/v2\/media?parent=74379"}],"wp:term":[{"taxonomy":"product_brand","embeddable":true,"href":"https:\/\/hi-techwonder.com\/es\/wp-json\/wp\/v2\/product_brand?post=74379"},{"taxonomy":"product_cat","embeddable":true,"href":"https:\/\/hi-techwonder.com\/es\/wp-json\/wp\/v2\/product_cat?post=74379"},{"taxonomy":"product_tag","embeddable":true,"href":"https:\/\/hi-techwonder.com\/es\/wp-json\/wp\/v2\/product_tag?post=74379"}],"curies":[{"name":"wp","href":"https:\/\/api.w.org\/{rel}","templated":true}]}}