{"id":74381,"date":"2025-07-28T23:39:08","date_gmt":"2025-07-28T23:39:08","guid":{"rendered":"https:\/\/fv6qoy3ls0.wpdns.site\/product\/caruba-rha-1-soporte-para-reflector-70-180cm\/"},"modified":"2026-01-14T17:57:03","modified_gmt":"2026-01-14T17:57:03","slug":"caruba-rha-1-soporte-para-reflector-70-180cm","status":"publish","type":"product","link":"https:\/\/hi-techwonder.com\/es\/producto\/caruba-rha-1-soporte-para-reflector-70-180cm\/","title":{"rendered":"CARUBA RHA-1 Soporte para reflector 70-180cm"},"content":{"rendered":"<p><strong>CARUBA <\/strong><strong>RHA-1 <\/strong><strong>Soporte para reflector 70-180cm<\/strong><\/p>\n<p><strong>Funciones:<\/strong><\/p>\n<ul>\n<li>Sistema de reflector ligero<\/li>\n<li>Di\u00e1metro m\u00ednimo de 70 y di\u00e1metro m\u00e1ximo de 180 cm<\/li>\n<li>Completo con una abrazadera doble flexible<\/li>\n<\/ul>\n<p>Mant\u00e9n las manos libres para que puedas colocar un reflector, es adecuado unas dimensiones de tama\u00f1o m\u00ednimo 70 y m\u00e1ximo 180 cent\u00edmetros. Sistema f\u00e1cil de usar y ligero. <\/p>\n<p><strong>Caracter\u00edsticas t\u00e9cnicas:<\/strong><\/p>\n<ul>\n<li>Longitud m\u00e1xima: 180cm<\/li>\n<li>Longitud m\u00ednima: 70cm<\/li>\n<\/ul>\n","protected":false},"excerpt":{"rendered":"<p>CARUBA RHA-1 Soporte para reflector 70-180cm Funciones: Sistema de reflector ligero Di\u00e1metro m\u00ednimo de 70 y di\u00e1metro m\u00e1ximo de 180<\/p>\n","protected":false},"featured_media":25525,"comment_status":"closed","ping_status":"open","template":"","meta":{"_acf_changed":false},"product_brand":[2546],"product_cat":[958],"product_tag":[],"class_list":{"0":"post-74381","1":"product","2":"type-product","3":"status-publish","4":"has-post-thumbnail","6":"product_brand-caruba-es","7":"product_cat-soportes","9":"first","10":"instock","11":"taxable","12":"shipping-taxable","13":"purchasable","14":"product-type-simple"},"bundled_by":[],"bundle_stock_status":"instock","bundle_stock_quantity":1,"bundle_virtual":false,"bundle_layout":"","bundle_add_to_cart_form_location":"","bundle_editable_in_cart":false,"bundle_sold_individually_context":"","bundle_item_grouping":"","bundle_min_size":"","bundle_max_size":"","bundle_price":[],"bundled_items":[],"bundle_sell_ids":[],"acf":[],"_links":{"self":[{"href":"https:\/\/hi-techwonder.com\/es\/wp-json\/wp\/v2\/product\/74381","targetHints":{"allow":["GET"]}}],"collection":[{"href":"https:\/\/hi-techwonder.com\/es\/wp-json\/wp\/v2\/product"}],"about":[{"href":"https:\/\/hi-techwonder.com\/es\/wp-json\/wp\/v2\/types\/product"}],"replies":[{"embeddable":true,"href":"https:\/\/hi-techwonder.com\/es\/wp-json\/wp\/v2\/comments?post=74381"}],"wp:featuredmedia":[{"embeddable":true,"href":"https:\/\/hi-techwonder.com\/es\/wp-json\/wp\/v2\/media\/25525"}],"wp:attachment":[{"href":"https:\/\/hi-techwonder.com\/es\/wp-json\/wp\/v2\/media?parent=74381"}],"wp:term":[{"taxonomy":"product_brand","embeddable":true,"href":"https:\/\/hi-techwonder.com\/es\/wp-json\/wp\/v2\/product_brand?post=74381"},{"taxonomy":"product_cat","embeddable":true,"href":"https:\/\/hi-techwonder.com\/es\/wp-json\/wp\/v2\/product_cat?post=74381"},{"taxonomy":"product_tag","embeddable":true,"href":"https:\/\/hi-techwonder.com\/es\/wp-json\/wp\/v2\/product_tag?post=74381"}],"curies":[{"name":"wp","href":"https:\/\/api.w.org\/{rel}","templated":true}]}}