{"id":74382,"date":"2025-07-29T00:04:46","date_gmt":"2025-07-29T00:04:46","guid":{"rendered":"https:\/\/fv6qoy3ls0.wpdns.site\/product\/caruba-bolsa-para-4-tripodes-pro-l-120cm\/"},"modified":"2026-03-12T17:39:55","modified_gmt":"2026-03-12T17:39:55","slug":"caruba-bolsa-para-4-tripodes-pro-l-120cm","status":"publish","type":"product","link":"https:\/\/hi-techwonder.com\/es\/producto\/caruba-bolsa-para-4-tripodes-pro-l-120cm\/","title":{"rendered":"CARUBA Bolsa para 4 tr\u00edpodes PRO L 120cm"},"content":{"rendered":"<p><strong>CARUBA Bolsa para 4 tr\u00edpodes PRO L 120cm<\/strong><br \/>La robusta bolsa para tr\u00edpode de Caruba es ligera y adecuada para tr\u00edpodes con una longitud m\u00e1xima de 120 cent\u00edmetros.<br \/>Cuenta con cremalleras de alta calidad y cuenta con un divisor en la parte trasera para guardar accesorios.<br \/>La bolsa est\u00e1 hecha de nailon y protege su tr\u00edpode de ara\u00f1azos, polvo, suciedad y da\u00f1os.<br \/>La bolsa tiene dos correas que se pueden unir entre s\u00ed con Velcro. Adem\u00e1s, el bolso tiene una correa para el hombro que tambi\u00e9n puedes quitar. <\/p>\n<p><strong>Caracter\u00edsticas t\u00e9cnicas:<\/strong><\/p>\n<ul>\n<li>Dimensiones interiores: 120x24x24cm<\/li>\n<li>Dimensiones exteriores: 126x26x26cm<\/li>\n<li>Tipo de cierre: Cremallera<\/li>\n<li>Color: Negro<\/li>\n<li>Material: Nylon  <\/li>\n<\/ul>\n<p><strong>Contenido de la caja:<\/strong><\/p>\n<ul>\n<li>1 x Bolsa para 4 tr\u00edpodes PRO L 120cm<\/li>\n<\/ul>\n","protected":false},"excerpt":{"rendered":"<p>CARUBA Bolsa para 4 tr\u00edpodes PRO L 120cmLa robusta bolsa para tr\u00edpode de Caruba es ligera y adecuada para tr\u00edpodes<\/p>\n","protected":false},"featured_media":33083,"comment_status":"closed","ping_status":"open","template":"","meta":{"_acf_changed":false},"product_brand":[2546],"product_cat":[916],"product_tag":[],"class_list":{"0":"post-74382","1":"product","2":"type-product","3":"status-publish","4":"has-post-thumbnail","6":"product_brand-caruba-es","7":"product_cat-para-tripodes","9":"first","10":"instock","11":"taxable","12":"shipping-taxable","13":"purchasable","14":"product-type-simple"},"bundled_by":[],"bundle_stock_status":"instock","bundle_stock_quantity":1,"bundle_virtual":false,"bundle_layout":"","bundle_add_to_cart_form_location":"","bundle_editable_in_cart":false,"bundle_sold_individually_context":"","bundle_item_grouping":"","bundle_min_size":"","bundle_max_size":"","bundle_price":[],"bundled_items":[],"bundle_sell_ids":[],"acf":[],"_links":{"self":[{"href":"https:\/\/hi-techwonder.com\/es\/wp-json\/wp\/v2\/product\/74382","targetHints":{"allow":["GET"]}}],"collection":[{"href":"https:\/\/hi-techwonder.com\/es\/wp-json\/wp\/v2\/product"}],"about":[{"href":"https:\/\/hi-techwonder.com\/es\/wp-json\/wp\/v2\/types\/product"}],"replies":[{"embeddable":true,"href":"https:\/\/hi-techwonder.com\/es\/wp-json\/wp\/v2\/comments?post=74382"}],"wp:featuredmedia":[{"embeddable":true,"href":"https:\/\/hi-techwonder.com\/es\/wp-json\/wp\/v2\/media\/33083"}],"wp:attachment":[{"href":"https:\/\/hi-techwonder.com\/es\/wp-json\/wp\/v2\/media?parent=74382"}],"wp:term":[{"taxonomy":"product_brand","embeddable":true,"href":"https:\/\/hi-techwonder.com\/es\/wp-json\/wp\/v2\/product_brand?post=74382"},{"taxonomy":"product_cat","embeddable":true,"href":"https:\/\/hi-techwonder.com\/es\/wp-json\/wp\/v2\/product_cat?post=74382"},{"taxonomy":"product_tag","embeddable":true,"href":"https:\/\/hi-techwonder.com\/es\/wp-json\/wp\/v2\/product_tag?post=74382"}],"curies":[{"name":"wp","href":"https:\/\/api.w.org\/{rel}","templated":true}]}}