{"id":74386,"date":"2025-07-29T09:02:10","date_gmt":"2025-07-29T09:02:10","guid":{"rendered":"https:\/\/fv6qoy3ls0.wpdns.site\/product\/red-caruba-camuflaje-4x15m-bosque\/"},"modified":"2026-04-06T10:30:55","modified_gmt":"2026-04-06T09:30:55","slug":"caruba-red-caruba-camuflaje-4x15m-bosque","status":"publish","type":"product","link":"https:\/\/hi-techwonder.com\/es\/producto\/caruba-red-caruba-camuflaje-4x15m-bosque\/","title":{"rendered":"Red CARUBA Camuflaje 4&#215;1,5m &#8211; Bosque"},"content":{"rendered":"<h4><b>Red CARUBA Camuflaje 4&#215;1,5m &#8211; Bosque<\/b><\/h4>\n<p>\u00bfA menudo te encuentras al aire libre para observar aves? Entonces le ofrecemos la soluci\u00f3n ideal. Con la red de camuflaje de Caruba, puedes observar las aves sin que nadie se d\u00e9 cuenta.  <\/p>\n<p>La red de camuflaje asegura que no est\u00e9 a la vista de los animales, pero que a\u00fan tenga una buena vista de ellos.<\/p>\n<p><img decoding=\"async\" src=\"https:\/\/disnet.ams3.cdn.digitaloceanspaces.com\/uploads\/1664366357_082.jpg\" style=\"width: 25%\" alt=\"\"><\/p>\n<p>La red de camuflaje tiene una construcci\u00f3n robusta y est\u00e1 hecha de un material ligero y duradero que durar\u00e1 mucho tiempo. Es tranquilo, por lo que puedes moverte sin asustar a los p\u00e1jaros. <\/p>\n<p>La red de camuflaje consiste en una red de bosque con malla y mide unos 4,00 x 150 cm. Est\u00e1 equipado con varios bucles para que se pueda sujetar f\u00e1cilmente. <\/p>\n<p><img decoding=\"async\" src=\"https:\/\/disnet.ams3.cdn.digitaloceanspaces.com\/uploads\/1664366358_836.jpg\" style=\"width: 25%\" alt=\"\"><\/p>\n<h4>Funciones<\/h4>\n<p>Color: Maderas<\/p>\n<p>2 capas: Red de madera y malla<\/p>\n<p>Dimensiones: 400x150cm<\/p>\n","protected":false},"excerpt":{"rendered":"<p>Red CARUBA Camuflaje 4&#215;1,5m &#8211; Bosque \u00bfA menudo te encuentras al aire libre para observar aves? Entonces le ofrecemos la<\/p>\n","protected":false},"featured_media":44398,"comment_status":"closed","ping_status":"open","template":"","meta":{"_acf_changed":false},"product_brand":[2546],"product_cat":[1067],"product_tag":[],"class_list":{"0":"post-74386","1":"product","2":"type-product","3":"status-publish","4":"has-post-thumbnail","6":"product_brand-caruba-es","7":"product_cat-camuflaje","9":"first","10":"onbackorder","11":"taxable","12":"shipping-taxable","13":"purchasable","14":"product-type-simple"},"bundled_by":[],"bundle_stock_status":"onbackorder","bundle_stock_quantity":null,"bundle_virtual":false,"bundle_layout":"","bundle_add_to_cart_form_location":"","bundle_editable_in_cart":false,"bundle_sold_individually_context":"","bundle_item_grouping":"","bundle_min_size":"","bundle_max_size":"","bundle_price":[],"bundled_items":[],"bundle_sell_ids":[],"acf":[],"_links":{"self":[{"href":"https:\/\/hi-techwonder.com\/es\/wp-json\/wp\/v2\/product\/74386","targetHints":{"allow":["GET"]}}],"collection":[{"href":"https:\/\/hi-techwonder.com\/es\/wp-json\/wp\/v2\/product"}],"about":[{"href":"https:\/\/hi-techwonder.com\/es\/wp-json\/wp\/v2\/types\/product"}],"replies":[{"embeddable":true,"href":"https:\/\/hi-techwonder.com\/es\/wp-json\/wp\/v2\/comments?post=74386"}],"wp:featuredmedia":[{"embeddable":true,"href":"https:\/\/hi-techwonder.com\/es\/wp-json\/wp\/v2\/media\/44398"}],"wp:attachment":[{"href":"https:\/\/hi-techwonder.com\/es\/wp-json\/wp\/v2\/media?parent=74386"}],"wp:term":[{"taxonomy":"product_brand","embeddable":true,"href":"https:\/\/hi-techwonder.com\/es\/wp-json\/wp\/v2\/product_brand?post=74386"},{"taxonomy":"product_cat","embeddable":true,"href":"https:\/\/hi-techwonder.com\/es\/wp-json\/wp\/v2\/product_cat?post=74386"},{"taxonomy":"product_tag","embeddable":true,"href":"https:\/\/hi-techwonder.com\/es\/wp-json\/wp\/v2\/product_tag?post=74386"}],"curies":[{"name":"wp","href":"https:\/\/api.w.org\/{rel}","templated":true}]}}